{"id":23064,"date":"2018-03-07T22:51:38","date_gmt":"2018-03-07T21:51:38","guid":{"rendered":"http:\/\/rezerwa126p.pl\/web\/?page_id=23064"},"modified":"2021-10-25T22:09:40","modified_gmt":"2021-10-25T20:09:40","slug":"fiat-126p-st-grafika-wektorowa","status":"publish","type":"page","link":"http:\/\/rezerwa126p.pl\/?page_id=23064","title":{"rendered":"Fiat 126p ST &#8211; grafika wektorowa"},"content":{"rendered":"[vc_row row_type=&#8221;row&#8221; use_row_as_full_screen_section=&#8221;no&#8221; type=&#8221;full_width&#8221; text_align=&#8221;left&#8221; css_animation=&#8221;&#8221;][vc_column][vc_single_image image=&#8221;23065&#8243; img_size=&#8221;medium&#8221; alignment=&#8221;center&#8221; onclick=&#8221;link_image&#8221; qode_css_animation=&#8221;&#8221;][vc_empty_space][vc_column_text]<a href=\"http:\/\/rezerwa126p.pl\/web\/wp-content\/uploads\/2018\/03\/wektory_st.rar\">Paczka z plikami .cdr<\/a><\/p>\n<p>Pliki udost\u0119pniamy dzi\u0119ki uprzejmo\u015bci autora, Mieszka Sobolskiego &#8211; dzi\u0119ki wielkie![\/vc_column_text][\/vc_column][\/vc_row]\n","protected":false},"excerpt":{"rendered":"<p>[vc_row row_type=&#8221;row&#8221; use_row_as_full_screen_section=&#8221;no&#8221; type=&#8221;full_width&#8221; text_align=&#8221;left&#8221; css_animation=&#8221;&#8221;][vc_column][vc_single_image image=&#8221;23065&#8243; img_size=&#8221;medium&#8221; alignment=&#8221;center&#8221; onclick=&#8221;link_image&#8221; qode_css_animation=&#8221;&#8221;][vc_empty_space][vc_column_text]Paczka z plikami .cdr Pliki udost\u0119pniamy dzi\u0119ki uprzejmo\u015bci autora, Mieszka Sobolskiego &#8211; dzi\u0119ki wielkie![\/vc_column_text][\/vc_column][\/vc_row]<\/p>\n","protected":false},"author":2,"featured_media":0,"parent":23060,"menu_order":0,"comment_status":"closed","ping_status":"closed","template":"","meta":{"advanced_seo_description":"","spay_email":""},"jetpack_sharing_enabled":true,"jetpack_shortlink":"https:\/\/wp.me\/P9KryZ-600","jetpack_likes_enabled":true,"jetpack-related-posts":[{"id":22487,"url":"http:\/\/rezerwa126p.pl\/?page_id=22487","url_meta":{"origin":23064,"position":0},"title":"Turbinka Kowalskiego","date":"4 listopada 2017","format":false,"excerpt":"[vc_row row_type=\"row\" use_row_as_full_screen_section=\"no\" type=\"full_width\" text_align=\"left\" css_animation=\"\"][vc_column][vc_column_text]Turbinka Kowalskiego, to jedno z najbardziej znanych urz\u0105dze\u0144, kt\u00f3re mia\u0142y usprawni\u0107 prac\u0119 maluchowskiego silnika. Obros\u0142a ona wieloma legendami: jedni uwa\u017caj\u0105 j\u0105 za totalny niewypa\u0142, kt\u00f3ry nie ma prawa dzia\u0142a\u0107, inni za\u015b przypisuj\u0105 jej wr\u0119cz magiczne w\u0142a\u015bciwo\u015bci. Czym w og\u00f3le jest ta owiana tajemnic\u0105 turbinka? \u00a0\u2026","rel":"","context":"Similar post","img":{"alt_text":"","src":"","width":0,"height":0},"classes":[]},{"id":22828,"url":"http:\/\/rezerwa126p.pl\/?page_id=22828","url_meta":{"origin":23064,"position":1},"title":"Fiat 126p LPT","date":"6 listopada 2017","format":false,"excerpt":"[vc_row row_type=\"row\" use_row_as_full_screen_section=\"no\" type=\"full_width\" text_align=\"left\" css_animation=\"\"][vc_column][vc_column_text]Na potrzeby wojska zbudowano Fiata 126p LPT \u2013 Lekki Pojazd Terenowy. Ten ciekawy pojazd mia\u0142 trzy osie, i by\u0142 przystosowany do p\u0142ywania dzi\u0119ki zamontowanej \u015brubie, pod\u0142\u0105czanej przez \u015brodkow\u0105 o\u015b. \u00a0 Nadwozie wykonano z w\u0142\u00f3kna szklanego, na przedniej szybie zamontowano trzy wycieraczki. Dzi\u0119ki temu, \u017ce \u015brodkowa\u2026","rel":"","context":"Similar post","img":{"alt_text":"","src":"https:\/\/i0.wp.com\/img.youtube.com\/vi\/kvj2e1kvsuQ\/0.jpg?resize=350%2C200","width":350,"height":200},"classes":[]},{"id":22814,"url":"http:\/\/rezerwa126p.pl\/?page_id=22814","url_meta":{"origin":23064,"position":2},"title":"Fiat 126p BOMBEL","date":"6 listopada 2017","format":false,"excerpt":"[vc_row row_type=\"row\" use_row_as_full_screen_section=\"no\" type=\"full_width\" text_align=\"left\" css_animation=\"\"][vc_column][vc_column_text]Kiedy ruszy\u0142a seryjna produkcja Fiata 126p w Polsce, in\u017cynierowie zacz\u0119li my\u015ble\u0107 nad r\u00f3\u017cnymi wersjami popularnego Malucha. Jednym z pomys\u0142\u00f3w by\u0142a idea stworzenia ma\u0142ego auta dostawczego. Przy wsp\u00f3\u0142pracy z Akademi\u0105 Sztuk Pi\u0119knych w 1974 roku zaprojektowano jego bry\u0142\u0119. Jak wida\u0107, zmianie uleg\u0142 ty\u0142 auta, w tylnej\u2026","rel":"","context":"Similar post","img":{"alt_text":"","src":"","width":0,"height":0},"classes":[]},{"id":22826,"url":"http:\/\/rezerwa126p.pl\/?page_id=22826","url_meta":{"origin":23064,"position":3},"title":"Fiat 126p LONG","date":"6 listopada 2017","format":false,"excerpt":"[vc_row row_type=\"row\" use_row_as_full_screen_section=\"no\" type=\"full_width\" text_align=\"left\" css_animation=\"\"][vc_column][vc_column_text]W OBR SM \u2013 O\u015brodku Badania Rozwoju Samochod\u00f3w Ma\u0142olitra\u017cowych przy bielskiej fabryce nie pr\u00f3\u017cnowano, i w 1975 roku zbudowano tam Fiata 126p LONG \u2013 wyd\u0142u\u017conego Malucha. \u00a0 Orygina\u0142 poddano wielu zmianom technicznym: zwi\u0119kszono rozstaw osi, d\u0142ugo\u015b\u0107 pojazdu wzros\u0142a o 100 mm, dzi\u0119ki czemu wygospodarowano wi\u0119cej\u2026","rel":"","context":"Similar post","img":{"alt_text":"","src":"","width":0,"height":0},"classes":[]},{"id":22800,"url":"http:\/\/rezerwa126p.pl\/?page_id=22800","url_meta":{"origin":23064,"position":4},"title":"Fiat 126p NP","date":"6 listopada 2017","format":false,"excerpt":"[vc_row row_type=\"row\" use_row_as_full_screen_section=\"no\" type=\"full_width\" text_align=\"left\" css_animation=\"\"][vc_column][vc_column_text]Po tym jak Fiat 126p zdominowa\u0142 polski rynek, FSM chcia\u0142 stworzy\u0107 wi\u0119cej pojazd\u00f3w opartych na tym modelu. Najwi\u0119ksz\u0105 przeszkod\u0105 w dalszym rozwijaniu samochodu by\u0142 umieszczony z ty\u0142u silnik, w zwi\u0105zku z czym zbudowano prototyp z silnikiem umieszczonym z przodu \u2013 Fiat 126p NP (Nap\u0119d Przedni).\u2026","rel":"","context":"Similar post","img":{"alt_text":"","src":"","width":0,"height":0},"classes":[]},{"id":22962,"url":"http:\/\/rezerwa126p.pl\/?page_id=22962","url_meta":{"origin":23064,"position":5},"title":"Literatura","date":"22 listopada 2017","format":false,"excerpt":"[vc_row row_type=\"row\" use_row_as_full_screen_section=\"no\" type=\"full_width\" text_align=\"left\" css_animation=\"\"][vc_column][vc_column_text]W obliczu wielu ksi\u0105\u017cek, jakie wydano na przestrzeni lat, a s\u0105 w r\u00f3\u017cny spos\u00f3b po\u015bwi\u0119cone Fiatowi 126p, pozwolili\u015bmy sobie na sporz\u0105dzenie ma\u0142ego wykazu. W wiele z ni\u017cej wymienionych pozycji z powodzeniem mo\u017cemy zaopatrzy\u0107 si\u0119 na rynku wt\u00f3rnym. Znalezienie na p\u00f3\u0142kach nowych egzemplarzy jest niestety nierealne.\u2026","rel":"","context":"Similar post","img":{"alt_text":"","src":"","width":0,"height":0},"classes":[]}],"_links":{"self":[{"href":"http:\/\/rezerwa126p.pl\/index.php?rest_route=\/wp\/v2\/pages\/23064"}],"collection":[{"href":"http:\/\/rezerwa126p.pl\/index.php?rest_route=\/wp\/v2\/pages"}],"about":[{"href":"http:\/\/rezerwa126p.pl\/index.php?rest_route=\/wp\/v2\/types\/page"}],"author":[{"embeddable":true,"href":"http:\/\/rezerwa126p.pl\/index.php?rest_route=\/wp\/v2\/users\/2"}],"replies":[{"embeddable":true,"href":"http:\/\/rezerwa126p.pl\/index.php?rest_route=%2Fwp%2Fv2%2Fcomments&post=23064"}],"version-history":[{"count":1,"href":"http:\/\/rezerwa126p.pl\/index.php?rest_route=\/wp\/v2\/pages\/23064\/revisions"}],"predecessor-version":[{"id":23066,"href":"http:\/\/rezerwa126p.pl\/index.php?rest_route=\/wp\/v2\/pages\/23064\/revisions\/23066"}],"up":[{"embeddable":true,"href":"http:\/\/rezerwa126p.pl\/index.php?rest_route=\/wp\/v2\/pages\/23060"}],"wp:attachment":[{"href":"http:\/\/rezerwa126p.pl\/index.php?rest_route=%2Fwp%2Fv2%2Fmedia&parent=23064"}],"curies":[{"name":"wp","href":"https:\/\/api.w.org\/{rel}","templated":true}]}}