{"id":23057,"date":"2018-03-05T19:30:16","date_gmt":"2018-03-05T18:30:16","guid":{"rendered":"http:\/\/rezerwa126p.pl\/web\/?page_id=23057"},"modified":"2021-10-25T22:09:39","modified_gmt":"2021-10-25T20:09:39","slug":"pasjonaci-legendarnego-fiata-126p-wywiad-z-portalu-natemat-pl","status":"publish","type":"page","link":"http:\/\/rezerwa126p.pl\/?page_id=23057","title":{"rendered":"&#8222;Pasjonaci legendarnego Fiata 126p&#8221; &#8211; wywiad z portalu NaTemat.pl"},"content":{"rendered":"[vc_row row_type=&#8221;row&#8221; use_row_as_full_screen_section=&#8221;no&#8221; type=&#8221;full_width&#8221; text_align=&#8221;left&#8221; css_animation=&#8221;&#8221;][vc_column][vc_column_text]Zamieszczamy\u00a0<a href=\"http:\/\/natemat.pl\/62765,pasjonaci-legendarnego-fiata-126p-malego-fiata-albo-sie-kocha-albo-nienawidzi\">link<\/a> do opublikowanej w serwisie NaTemat.pl rozmowy o pasji do maluch\u00f3w. Znacz\u0105 cz\u0119\u015b\u0107 rozmowy po\u015bwi\u0119cono Rezerwie126p.<\/p>\n<p>&nbsp;<\/p>\n<p>28 maja 2013[\/vc_column_text][\/vc_column][\/vc_row]\n","protected":false},"excerpt":{"rendered":"<p>[vc_row row_type=&#8221;row&#8221; use_row_as_full_screen_section=&#8221;no&#8221; type=&#8221;full_width&#8221; text_align=&#8221;left&#8221; css_animation=&#8221;&#8221;][vc_column][vc_column_text]Zamieszczamy\u00a0link do opublikowanej w serwisie NaTemat.pl rozmowy o pasji do maluch\u00f3w. Znacz\u0105 cz\u0119\u015b\u0107 rozmowy po\u015bwi\u0119cono Rezerwie126p. &nbsp; 28 maja 2013[\/vc_column_text][\/vc_column][\/vc_row]<\/p>\n","protected":false},"author":2,"featured_media":0,"parent":22604,"menu_order":0,"comment_status":"closed","ping_status":"closed","template":"","meta":{"advanced_seo_description":"","spay_email":""},"jetpack_sharing_enabled":true,"jetpack_shortlink":"https:\/\/wp.me\/P9KryZ-5ZT","jetpack_likes_enabled":true,"jetpack-related-posts":[{"id":22501,"url":"http:\/\/rezerwa126p.pl\/?page_id=22501","url_meta":{"origin":23057,"position":0},"title":"Historia","date":"4 listopada 2017","format":false,"excerpt":"[vc_row row_type=\"row\" use_row_as_full_screen_section=\"no\" type=\"full_width\" text_align=\"left\" css_animation=\"\"][vc_column][vc_column_text]Wszystko zacz\u0119\u0142o si\u0119 prawie sto lat temu, bo w latach dwudziestych zesz\u0142ego wieku. Wtedy to w fabryce Fiata w Turynie zrodzi\u0142 si\u0119 pomys\u0142 zbudowania taniego, ma\u0142olitra\u017cowego samochodu dla ludu. Powsta\u0142 wtedy Fiat 500 Topolino, dziadek naszego Malucha. Wyposa\u017cony by\u0142 w czterocylindrowy silnik o pojemno\u015bci 500\u2026","rel":"","context":"Similar post","img":{"alt_text":"","src":"","width":0,"height":0},"classes":[]},{"id":22927,"url":"http:\/\/rezerwa126p.pl\/?page_id=22927","url_meta":{"origin":23057,"position":1},"title":"Rejestracja pojazdu na &#8222;\u017c\u00f3\u0142te tablice&#8221;","date":"15 listopada 2017","format":false,"excerpt":"[vc_row row_type=\"row\" use_row_as_full_screen_section=\"no\" type=\"full_width\" text_align=\"left\" css_animation=\"\"][vc_column][vc_column_text]Przychodzi taki moment, \u017ce postanawiamy, aby nasz Polski FIAT 126p pozyska\u0142 \u201e\u017b\u00f3\u0142te\u201d tablice rejestracyjne. Temat nie jest skomplikowany, ale mo\u017ce komu\u015b przyda si\u0119 kilka praktycznych informacji, jak przechodzimy t\u0119 \u015bcie\u017ck\u0119. Na pocz\u0105tek definicja: Pojazd zabytkowy\u00a0\u2013 wedle ustawy \u201ePrawo o ruchu drogowym\u201d jest to pojazd, kt\u00f3ry\u2026","rel":"","context":"Similar post","img":{"alt_text":"","src":"","width":0,"height":0},"classes":[]},{"id":21923,"url":"http:\/\/rezerwa126p.pl\/?page_id=21923","url_meta":{"origin":23057,"position":2},"title":"Wyci\u0105ganie silnika i skrzyni","date":"1 listopada 2017","format":false,"excerpt":"[vc_row row_type=\"row\" use_row_as_full_screen_section=\"no\" type=\"full_width\" text_align=\"left\" css_animation=\"\"][vc_column][vc_column_text]Wyci\u0105ganie silnika \u2013 o zgrozo, jak to brzmi, a ze skrzyni\u0105 - to ju\u017c kosmos. Ot\u00f3\u017c wcale nie. W praktyce wyci\u0105ganie silnika z malucha jest tak naprawd\u0119 \u0142atwe (mo\u017ce i przyjemne) i nie potrzeba do tego \u0142a\u0144cuch\u00f3w, 5 os\u00f3b itp. W sumie silnik najwygodniej jest\u2026","rel":"","context":"Similar post","img":{"alt_text":"","src":"","width":0,"height":0},"classes":[]},{"id":23060,"url":"http:\/\/rezerwa126p.pl\/?page_id=23060","url_meta":{"origin":23057,"position":3},"title":"Pliki do pobrania","date":"7 marca 2018","format":false,"excerpt":"[vc_row row_type=\"row\" use_row_as_full_screen_section=\"no\" type=\"full_width\" text_align=\"left\" css_animation=\"\"][vc_column][vc_column_text][\/vc_column_text][\/vc_column][\/vc_row]","rel":"","context":"Similar post","img":{"alt_text":"","src":"","width":0,"height":0},"classes":[]},{"id":22087,"url":"http:\/\/rezerwa126p.pl\/?page_id=22087","url_meta":{"origin":23057,"position":4},"title":"Wymiana \u0142o\u017cysk k\u00f3\u0142 tylnych","date":"2 listopada 2017","format":false,"excerpt":"[vc_row row_type=\"row\" use_row_as_full_screen_section=\"no\" type=\"full_width\" text_align=\"left\" css_animation=\"\"][vc_column][vc_column_text]Stan \u0142o\u017cysk k\u00f3\u0142 w ka\u017cdym poje\u017adzie ma niebagatelny wp\u0142yw na bezpiecze\u0144stwo oraz ekonomi\u0119 jazdy. Du\u017cy luz b\u0119dzie powodowa\u0142 problemy z geometri\u0105, niepewne prowadzenie oraz przyczyni si\u0119 do b\u0142yskawicznego zu\u017cycia element\u00f3w zawieszenia. \u00a0 Wymiana \u0142o\u017cysk k\u00f3\u0142 tylnych w Ma\u0142ym Fiacie nie nale\u017cy do czynno\u015bci skomplikowanych i\u2026","rel":"","context":"Similar post","img":{"alt_text":"","src":"","width":0,"height":0},"classes":[]},{"id":22167,"url":"http:\/\/rezerwa126p.pl\/?page_id=22167","url_meta":{"origin":23057,"position":5},"title":"Diodowe pod\u015bwietlenie licznika","date":"3 listopada 2017","format":false,"excerpt":"[vc_row row_type=\"row\" use_row_as_full_screen_section=\"no\" type=\"full_width\" text_align=\"left\" css_animation=\"\"][vc_column][vc_column_text]Jako\u015b\u0107 pod\u015bwietlenia licznika w Ma\u0142ym Fiacie powszechnie uwa\u017cana jest za niewystarczaj\u0105c\u0105. \u017bar\u00f3wki pod\u015bwietlenia rozmieszczone s\u0105 w spos\u00f3b ma\u0142o efektywny, co powoduje nier\u00f3wnomierne pod\u015bwietlanie wska\u017anik\u00f3w. Na przyk\u0142adzie licznika pochodz\u0105cego z Cinquecento Sporting zamontowanego w moim Maluchu poka\u017c\u0119 jak w prosty i szybki spos\u00f3b w znacz\u0105cy spos\u00f3b\u2026","rel":"","context":"Similar post","img":{"alt_text":"","src":"","width":0,"height":0},"classes":[]}],"_links":{"self":[{"href":"http:\/\/rezerwa126p.pl\/index.php?rest_route=\/wp\/v2\/pages\/23057"}],"collection":[{"href":"http:\/\/rezerwa126p.pl\/index.php?rest_route=\/wp\/v2\/pages"}],"about":[{"href":"http:\/\/rezerwa126p.pl\/index.php?rest_route=\/wp\/v2\/types\/page"}],"author":[{"embeddable":true,"href":"http:\/\/rezerwa126p.pl\/index.php?rest_route=\/wp\/v2\/users\/2"}],"replies":[{"embeddable":true,"href":"http:\/\/rezerwa126p.pl\/index.php?rest_route=%2Fwp%2Fv2%2Fcomments&post=23057"}],"version-history":[{"count":1,"href":"http:\/\/rezerwa126p.pl\/index.php?rest_route=\/wp\/v2\/pages\/23057\/revisions"}],"predecessor-version":[{"id":23058,"href":"http:\/\/rezerwa126p.pl\/index.php?rest_route=\/wp\/v2\/pages\/23057\/revisions\/23058"}],"up":[{"embeddable":true,"href":"http:\/\/rezerwa126p.pl\/index.php?rest_route=\/wp\/v2\/pages\/22604"}],"wp:attachment":[{"href":"http:\/\/rezerwa126p.pl\/index.php?rest_route=%2Fwp%2Fv2%2Fmedia&parent=23057"}],"curies":[{"name":"wp","href":"https:\/\/api.w.org\/{rel}","templated":true}]}}