{"id":23054,"date":"2018-03-05T19:28:46","date_gmt":"2018-03-05T18:28:46","guid":{"rendered":"http:\/\/rezerwa126p.pl\/web\/?page_id=23054"},"modified":"2021-10-25T22:09:39","modified_gmt":"2021-10-25T20:09:39","slug":"artykul-o-rezerwie-w-dzienniku-lodzkim","status":"publish","type":"page","link":"http:\/\/rezerwa126p.pl\/?page_id=23054","title":{"rendered":"Artyku\u0142 o Rezerwie w &#8222;Dzienniku \u0141\u00f3dzkim&#8221;"},"content":{"rendered":"[vc_row row_type=&#8221;row&#8221; use_row_as_full_screen_section=&#8221;no&#8221; type=&#8221;full_width&#8221; text_align=&#8221;left&#8221; css_animation=&#8221;&#8221;][vc_column][vc_column_text]W dzisiejszym wydaniu &#8222;Dziennika \u0141\u00f3dzkiego&#8221; pojawi\u0142 si\u0119 artyku\u0142 w kt\u00f3rym wypowiadali si\u0119 mi\u0119dzy innymi przedstawiciele Rezerwy &#8211; zapraszamy do przeczytania ;)[\/vc_column_text][vc_single_image image=&#8221;23055&#8243; qode_css_animation=&#8221;&#8221;][vc_empty_space][vc_column_text]Wersja elektroniczna artyku\u0142u znajduje si\u0119 na\u00a0<a href=\"http:\/\/www.dzienniklodzki.pl\/artykul\/666421,maluch-to-najlepszy-samochod-poznajcie-milosnikow-fiata-126p-zdjecia,id,t.html\">stronie Dziennika \u0141\u00f3dzkiego<\/a><\/p>\n<p>&nbsp;<\/p>\n<p>28 wrze\u015bnia 2012[\/vc_column_text][\/vc_column][\/vc_row]\n","protected":false},"excerpt":{"rendered":"<p>[vc_row row_type=&#8221;row&#8221; use_row_as_full_screen_section=&#8221;no&#8221; type=&#8221;full_width&#8221; text_align=&#8221;left&#8221; css_animation=&#8221;&#8221;][vc_column][vc_column_text]W dzisiejszym wydaniu &#8222;Dziennika \u0141\u00f3dzkiego&#8221; pojawi\u0142 si\u0119 artyku\u0142 w kt\u00f3rym wypowiadali si\u0119 mi\u0119dzy innymi przedstawiciele Rezerwy &#8211; zapraszamy do przeczytania ;)[\/vc_column_text][vc_single_image image=&#8221;23055&#8243; qode_css_animation=&#8221;&#8221;][vc_empty_space][vc_column_text]Wersja elektroniczna artyku\u0142u znajduje si\u0119 na\u00a0stronie Dziennika \u0141\u00f3dzkiego &nbsp; 28 wrze\u015bnia 2012[\/vc_column_text][\/vc_column][\/vc_row]<\/p>\n","protected":false},"author":2,"featured_media":0,"parent":22604,"menu_order":0,"comment_status":"closed","ping_status":"closed","template":"","meta":{"advanced_seo_description":"","spay_email":""},"jetpack_sharing_enabled":true,"jetpack_shortlink":"https:\/\/wp.me\/P9KryZ-5ZQ","jetpack_likes_enabled":true,"jetpack-related-posts":[{"id":22418,"url":"http:\/\/rezerwa126p.pl\/?page_id=22418","url_meta":{"origin":23054,"position":0},"title":"Skracanie popychaczy","date":"4 listopada 2017","format":false,"excerpt":"[vc_row row_type=\"row\" use_row_as_full_screen_section=\"no\" type=\"full_width\" text_align=\"left\" css_animation=\"\"][vc_column][vc_column_text]Ci\u0105g dalszy domowego sposobu na skracanie. Tym razem do obr\u00f3bki posz\u0142y popychacze. Je\u015bli splanowali\u015bmy g\u0142owic\u0119, zaopatrzyli\u015bmy si\u0119 w skracane os\u0142ony popychaczy warto jeszcze pomy\u015ble\u0107 nad skr\u00f3ceniem samych popychaczy. Pozwoli nam to na mi\u0119dzy innymi na zwi\u0119kszenie mo\u017cliwo\u015bci regulacji luzu zaworowego. Oczywi\u015bcie nie bez znaczenia jest\u2026","rel":"","context":"Similar post","img":{"alt_text":"","src":"","width":0,"height":0},"classes":[]},{"id":22800,"url":"http:\/\/rezerwa126p.pl\/?page_id=22800","url_meta":{"origin":23054,"position":1},"title":"Fiat 126p NP","date":"6 listopada 2017","format":false,"excerpt":"[vc_row row_type=\"row\" use_row_as_full_screen_section=\"no\" type=\"full_width\" text_align=\"left\" css_animation=\"\"][vc_column][vc_column_text]Po tym jak Fiat 126p zdominowa\u0142 polski rynek, FSM chcia\u0142 stworzy\u0107 wi\u0119cej pojazd\u00f3w opartych na tym modelu. Najwi\u0119ksz\u0105 przeszkod\u0105 w dalszym rozwijaniu samochodu by\u0142 umieszczony z ty\u0142u silnik, w zwi\u0105zku z czym zbudowano prototyp z silnikiem umieszczonym z przodu \u2013 Fiat 126p NP (Nap\u0119d Przedni).\u2026","rel":"","context":"Similar post","img":{"alt_text":"","src":"","width":0,"height":0},"classes":[]},{"id":22442,"url":"http:\/\/rezerwa126p.pl\/?page_id=22442","url_meta":{"origin":23054,"position":2},"title":"Skracanie os\u0142on popychaczy","date":"4 listopada 2017","format":false,"excerpt":"[vc_row row_type=\"row\" use_row_as_full_screen_section=\"no\" type=\"full_width\" text_align=\"left\" css_animation=\"\"][vc_column][vc_column_text]Przy planowaniu g\u0142owicy powy\u017cej 3 mm niezb\u0119dne staje si\u0119 skr\u00f3cenie os\u0142on popychaczy. Zastosowanie standardowych mo\u017ce skutkowa\u0107 szybszym p\u0119kaniem uszczelek, a co za tym idzie wyciekami oleju. Dodatkowo mo\u017ce by\u0107 problem z w\u0142a\u015bciwym i szczelnym dokr\u0119ceniem g\u0142owicy. \u00a0 Mo\u017cna oczywi\u015bcie skr\u00f3cone os\u0142ony zakupi\u0107.\u00a0 Mo\u017cna wykona\u0107 samemu.\u2026","rel":"","context":"Similar post","img":{"alt_text":"","src":"","width":0,"height":0},"classes":[]},{"id":21844,"url":"http:\/\/rezerwa126p.pl\/?page_id=21844","url_meta":{"origin":23054,"position":3},"title":"Przer\u00f3bka p\u0142ywaka w baku","date":"1 listopada 2017","format":false,"excerpt":"[vc_row row_type=\"row\" use_row_as_full_screen_section=\"no\" type=\"full_width\" text_align=\"left\" css_animation=\"\"][vc_column][vc_column_text]Cz\u0119sto w seryjnym maluchu zdarza si\u0119 taka sytuacja, \u017ce mamy sobie paliwko, p\u00f3\u0142 baku dajmy na to, je\u017adzimy, je\u017adzimy, a wskaz\u00f3wka nic nie opada. Odstawiamy malczana pod dom z 1\/4 zbiornika, rano przychodzimy, a tu z 1\/4 zrobi\u0142a si\u0119 gruba rezerwa. Cz\u0119st\u0105 sytuacj\u0105 jest r\u00f3wnie\u017c\u2026","rel":"","context":"Similar post","img":{"alt_text":"","src":"","width":0,"height":0},"classes":[]},{"id":22582,"url":"http:\/\/rezerwa126p.pl\/?page_id=22582","url_meta":{"origin":23054,"position":4},"title":"EL","date":"4 listopada 2017","format":false,"excerpt":"[vc_row][vc_column][vc_column_text]Popularny \"elegant\" produkowany by\u0142 w dw\u00f3ch generacjach : EL oraz ELX\/Town\/Happy End 126el Fiat 126el pojawi\u0142 si\u0119 5 wrze\u015bnia 1994 i by\u0142 odpowiedzi\u0105 na nies\u0142abn\u0105ce zapotrzebowanie na Ma\u0142ego fiata. Nowa odmiana diametralnie r\u00f3\u017cni\u0142a si\u0119 od wycofanego FLa. Pierwsza rzucaj\u0105ca si\u0119 w oczy zmiana, to zaokr\u0105glona sylwetka ca\u0142ego nadwozia pozbawiona wi\u0119kszo\u015bci\u2026","rel":"","context":"Similar post","img":{"alt_text":"","src":"","width":0,"height":0},"classes":[]},{"id":22068,"url":"http:\/\/rezerwa126p.pl\/?page_id=22068","url_meta":{"origin":23054,"position":5},"title":"Wymiana \u0142o\u017cysk k\u00f3\u0142 przednich","date":"2 listopada 2017","format":false,"excerpt":"[vc_row row_type=\"row\" use_row_as_full_screen_section=\"no\" type=\"full_width\" text_align=\"left\" css_animation=\"\"][vc_column][vc_column_text]W \u017cyciu ka\u017cdego Polskiego Fiata 126p czasami przychodzi taki moment, kiedy r\u00f3\u017cne r\u00f3\u017cniste elementy ruchome samochodu wyrobi\u0105 sw\u00f3j okre\u015blony przebieg i owe elementy przestaj\u0105 odpowiednio spe\u0142nia\u0107 swoj\u0105 funkcj\u0119, przestaj\u0105 si\u0119 nadawa\u0107 do dalszego u\u017cycia i zaczynaj\u0105 si\u0119 przypomina\u0107 w\u0142a\u015bcicielowi pojazdu poprzez wydawanie r\u00f3\u017cnych nietypowych i\u2026","rel":"","context":"Similar post","img":{"alt_text":"","src":"","width":0,"height":0},"classes":[]}],"_links":{"self":[{"href":"http:\/\/rezerwa126p.pl\/index.php?rest_route=\/wp\/v2\/pages\/23054"}],"collection":[{"href":"http:\/\/rezerwa126p.pl\/index.php?rest_route=\/wp\/v2\/pages"}],"about":[{"href":"http:\/\/rezerwa126p.pl\/index.php?rest_route=\/wp\/v2\/types\/page"}],"author":[{"embeddable":true,"href":"http:\/\/rezerwa126p.pl\/index.php?rest_route=\/wp\/v2\/users\/2"}],"replies":[{"embeddable":true,"href":"http:\/\/rezerwa126p.pl\/index.php?rest_route=%2Fwp%2Fv2%2Fcomments&post=23054"}],"version-history":[{"count":1,"href":"http:\/\/rezerwa126p.pl\/index.php?rest_route=\/wp\/v2\/pages\/23054\/revisions"}],"predecessor-version":[{"id":23056,"href":"http:\/\/rezerwa126p.pl\/index.php?rest_route=\/wp\/v2\/pages\/23054\/revisions\/23056"}],"up":[{"embeddable":true,"href":"http:\/\/rezerwa126p.pl\/index.php?rest_route=\/wp\/v2\/pages\/22604"}],"wp:attachment":[{"href":"http:\/\/rezerwa126p.pl\/index.php?rest_route=%2Fwp%2Fv2%2Fmedia&parent=23054"}],"curies":[{"name":"wp","href":"https:\/\/api.w.org\/{rel}","templated":true}]}}