{"id":22962,"date":"2017-11-22T20:21:23","date_gmt":"2017-11-22T19:21:23","guid":{"rendered":"http:\/\/rezerwa126p.pl\/web\/?page_id=22962"},"modified":"2021-10-25T22:09:39","modified_gmt":"2021-10-25T20:09:39","slug":"literatura","status":"publish","type":"page","link":"http:\/\/rezerwa126p.pl\/?page_id=22962","title":{"rendered":"Literatura"},"content":{"rendered":"[vc_row row_type=&#8221;row&#8221; use_row_as_full_screen_section=&#8221;no&#8221; type=&#8221;full_width&#8221; text_align=&#8221;left&#8221; css_animation=&#8221;&#8221;][vc_column][vc_column_text]W obliczu wielu ksi\u0105\u017cek, jakie wydano na przestrzeni lat, a s\u0105 w r\u00f3\u017cny spos\u00f3b po\u015bwi\u0119cone Fiatowi 126p, pozwolili\u015bmy sobie na sporz\u0105dzenie ma\u0142ego wykazu. W wiele z ni\u017cej wymienionych pozycji z powodzeniem mo\u017cemy zaopatrzy\u0107 si\u0119 na rynku wt\u00f3rnym. Znalezienie na p\u00f3\u0142kach nowych egzemplarzy jest niestety nierealne.<\/p>\n<p>&nbsp;<\/p>\n<p>Poni\u017cej zamieszczamy list\u0119, dzi\u0119ki kt\u00f3rej, ka\u017cdy z Was b\u0119dzie m\u00f3g\u0142 wybra\u0107 co\u015b dla siebie, b\u0105d\u017a by\u0107 mo\u017ce uzupe\u0142ni\u0107 braki w aktualnie ju\u017c zgromadzonej bibliotece:<\/p>\n<p>&nbsp;<\/p>\n<p>Pozycj\u0105 bez w\u0105tpienia obowi\u0105zkow\u0105 dla ka\u017cdego posiadacza Fiata 126p jest seria ksi\u0105\u017cek zatytu\u0142owanych:<\/p>\n<p>&nbsp;<\/p>\n<p>&#8211; <strong>&#8222;Je\u017cd\u017c\u0119 Samochodem Polski Fiat 126p&#8221;<\/strong> &#8211; Autorzy: Z. Klimecki R. Podolak, wydawnictwo WKi\u0141<\/p>\n<p>&nbsp;<\/p>\n<p>Z uwagi na zmiany konstrukcyjne w poje\u017adzie jak i drobne poprawki w tek\u015bcie &#8211; mo\u017cemy znale\u017a\u0107 wiele wyda\u0144.<br \/>\nPoszczeg\u00f3lne wydania r\u00f3\u017cni\u0105 si\u0119 od siebie ok\u0142adk\u0105. W ostatniej wersji uwzgl\u0119dniono r\u00f3wnie\u017c model BIS.<br \/>\nW ksi\u0105\u017cce tej znajdziemy opis podstawowych czynno\u015bci obs\u0142ugowych zwi\u0105zanych z u\u017cytkowaniem pojazdu oraz schematyczne<br \/>\nrysunki przedstawiaj\u0105ce poszczeg\u00f3lne zespo\u0142y cz\u0119\u015bci.<\/p>\n[\/vc_column_text][vc_empty_space][vc_row_inner row_type=&#8221;row&#8221; type=&#8221;full_width&#8221; use_row_as_full_screen_section_slide=&#8221;no&#8221; text_align=&#8221;left&#8221; css_animation=&#8221;&#8221;][vc_column_inner width=&#8221;1\/2&#8243;][vc_single_image image=&#8221;22963&#8243; img_size=&#8221;medium&#8221; add_caption=&#8221;yes&#8221; alignment=&#8221;center&#8221; onclick=&#8221;link_image&#8221; qode_css_animation=&#8221;&#8221;][vc_empty_space][vc_single_image image=&#8221;22966&#8243; img_size=&#8221;medium&#8221; add_caption=&#8221;yes&#8221; alignment=&#8221;center&#8221; onclick=&#8221;link_image&#8221; qode_css_animation=&#8221;&#8221;][vc_empty_space][vc_single_image image=&#8221;22964&#8243; img_size=&#8221;medium&#8221; add_caption=&#8221;yes&#8221; alignment=&#8221;center&#8221; onclick=&#8221;link_image&#8221; qode_css_animation=&#8221;&#8221;][vc_empty_space][\/vc_column_inner][vc_column_inner width=&#8221;1\/2&#8243;][vc_single_image image=&#8221;22965&#8243; img_size=&#8221;medium&#8221; add_caption=&#8221;yes&#8221; alignment=&#8221;center&#8221; onclick=&#8221;link_image&#8221; qode_css_animation=&#8221;&#8221;][vc_empty_space][vc_single_image image=&#8221;22968&#8243; img_size=&#8221;medium&#8221; add_caption=&#8221;yes&#8221; alignment=&#8221;center&#8221; onclick=&#8221;link_image&#8221; qode_css_animation=&#8221;&#8221;][vc_empty_space][vc_single_image image=&#8221;22967&#8243; img_size=&#8221;medium&#8221; add_caption=&#8221;yes&#8221; alignment=&#8221;center&#8221; onclick=&#8221;link_image&#8221; qode_css_animation=&#8221;&#8221;][vc_empty_space][\/vc_column_inner][\/vc_row_inner][\/vc_column][\/vc_row][vc_row row_type=&#8221;row&#8221; use_row_as_full_screen_section=&#8221;no&#8221; type=&#8221;full_width&#8221; text_align=&#8221;left&#8221; css_animation=&#8221;&#8221;][vc_column][vc_column_text]Kolejn\u0105 bardzo ciekaw\u0105, lecz mo\u017ce nie do ko\u0144ca znan\u0105 wszystkim jest ksi\u0105\u017cka<\/p>\n<p><strong>&#8222;ELEKTROTECHNIKA w Maluchu&#8221;<\/strong> &#8211; Autor: T. D\u0105browski, wydawnictwo WKi\u0141<\/p>\n<p>&nbsp;<\/p>\n<p>Ksi\u0105\u017cka ta w bardzo prosty spos\u00f3b obrazuje schemat elektryczny, oraz budow\u0119 i zasad\u0119 dzia\u0142ania urz\u0105dze\u0144 elektrycznych. Ilustracje okraszone niewielk\u0105 ilo\u015bci\u0105 tekstu doskonale obrazuj\u0105 spos\u00f3b w jaki we w\u0142asnym zakresie, dysponuj\u0105c podstawowymi narz\u0119dziami jeste\u015bmy w stanie sprawdzi\u0107 stan, oraz prawid\u0142owe funkcjonowanie takich element\u00f3w jak pr\u0105dnica czy alternator (oraz wiele innych).[\/vc_column_text][vc_empty_space][vc_row_inner row_type=&#8221;row&#8221; type=&#8221;full_width&#8221; use_row_as_full_screen_section_slide=&#8221;no&#8221; text_align=&#8221;left&#8221; css_animation=&#8221;&#8221;][vc_column_inner width=&#8221;1\/2&#8243;][vc_single_image image=&#8221;22969&#8243; img_size=&#8221;medium&#8221; add_caption=&#8221;yes&#8221; alignment=&#8221;center&#8221; onclick=&#8221;link_image&#8221; qode_css_animation=&#8221;&#8221;][vc_empty_space][vc_single_image image=&#8221;22971&#8243; img_size=&#8221;medium&#8221; add_caption=&#8221;yes&#8221; alignment=&#8221;center&#8221; onclick=&#8221;link_image&#8221; qode_css_animation=&#8221;&#8221;][vc_empty_space][\/vc_column_inner][vc_column_inner width=&#8221;1\/2&#8243;][vc_single_image image=&#8221;22970&#8243; img_size=&#8221;medium&#8221; add_caption=&#8221;yes&#8221; alignment=&#8221;center&#8221; onclick=&#8221;link_image&#8221; qode_css_animation=&#8221;&#8221;][vc_empty_space][\/vc_column_inner][\/vc_row_inner][\/vc_column][\/vc_row][vc_row row_type=&#8221;row&#8221; use_row_as_full_screen_section=&#8221;no&#8221; type=&#8221;full_width&#8221; text_align=&#8221;left&#8221; css_animation=&#8221;&#8221;][vc_column][vc_column_text]W p\u00f3\u017aniejszym okresie czasu pojawi\u0142o si\u0119 nowe wydanie o nieco zmienionej szacie graficznej, lecz zawieraj\u0105ce praktycznie te same informacje.[\/vc_column_text][vc_empty_space][vc_row_inner row_type=&#8221;row&#8221; type=&#8221;full_width&#8221; use_row_as_full_screen_section_slide=&#8221;no&#8221; text_align=&#8221;left&#8221; css_animation=&#8221;&#8221;][vc_column_inner][vc_single_image image=&#8221;22978&#8243; img_size=&#8221;medium&#8221; add_caption=&#8221;yes&#8221; alignment=&#8221;center&#8221; onclick=&#8221;link_image&#8221; qode_css_animation=&#8221;&#8221;][vc_empty_space][\/vc_column_inner][\/vc_row_inner][\/vc_column][\/vc_row][vc_row row_type=&#8221;row&#8221; use_row_as_full_screen_section=&#8221;no&#8221; type=&#8221;full_width&#8221; text_align=&#8221;left&#8221; css_animation=&#8221;&#8221;][vc_column][vc_column_text]- <strong>&#8222;DALEJ i TANIEJ &#8211; jak dba\u0107 o samoch\u00f3d, by silnik nie by\u0142 zbyt \u017car\u0142oczny&#8221;<\/strong> &#8211; Autor: W. Je\u017cewski, wydawnictwo WKi\u0141<\/p>\n<p>&nbsp;<\/p>\n<p>Jak sama nazwa wskazuje, autor w do\u015b\u0107 prosty spos\u00f3b przekazuje nam informacje na temat tego co i w jaki spos\u00f3b ma wp\u0142yw na zu\u017cycie paliwa, w jaki spos\u00f3b prowadzi\u0107 pojazd itp.[\/vc_column_text][vc_empty_space][vc_row_inner row_type=&#8221;row&#8221; type=&#8221;full_width&#8221; use_row_as_full_screen_section_slide=&#8221;no&#8221; text_align=&#8221;left&#8221; css_animation=&#8221;&#8221;][vc_column_inner width=&#8221;1\/2&#8243;][vc_single_image image=&#8221;22972&#8243; img_size=&#8221;medium&#8221; add_caption=&#8221;yes&#8221; alignment=&#8221;center&#8221; onclick=&#8221;link_image&#8221; qode_css_animation=&#8221;&#8221;][vc_empty_space][\/vc_column_inner][vc_column_inner width=&#8221;1\/2&#8243;][vc_single_image image=&#8221;22973&#8243; img_size=&#8221;medium&#8221; add_caption=&#8221;yes&#8221; alignment=&#8221;center&#8221; onclick=&#8221;link_image&#8221; qode_css_animation=&#8221;&#8221;][vc_empty_space][\/vc_column_inner][\/vc_row_inner][\/vc_column][\/vc_row][vc_row row_type=&#8221;row&#8221; use_row_as_full_screen_section=&#8221;no&#8221; type=&#8221;full_width&#8221; text_align=&#8221;left&#8221; css_animation=&#8221;&#8221;][vc_column][vc_column_text]- &#8222;<strong>FIAT 126p na codzie\u0144<\/strong>&#8221; &#8211; autor: A. Dzier\u017canowski, wydawnictwo KAW<\/p>\n<p>&nbsp;<\/p>\n<p>Autor przekazuje podstawowe informacje na temat obs\u0142ugi oraz u\u017cytkowania pojazdu. W ksi\u0105\u017cce tej nie znajdziemy jednak rysunk\u00f3w technicznych czy schemat\u00f3w.[\/vc_column_text][vc_empty_space][vc_row_inner row_type=&#8221;row&#8221; type=&#8221;full_width&#8221; use_row_as_full_screen_section_slide=&#8221;no&#8221; text_align=&#8221;left&#8221; css_animation=&#8221;&#8221;][vc_column_inner width=&#8221;1\/2&#8243;][vc_single_image image=&#8221;22974&#8243; img_size=&#8221;medium&#8221; add_caption=&#8221;yes&#8221; alignment=&#8221;center&#8221; onclick=&#8221;link_image&#8221; qode_css_animation=&#8221;&#8221;][vc_empty_space][\/vc_column_inner][vc_column_inner width=&#8221;1\/2&#8243;][vc_single_image image=&#8221;22975&#8243; img_size=&#8221;medium&#8221; add_caption=&#8221;yes&#8221; alignment=&#8221;center&#8221; onclick=&#8221;link_image&#8221; qode_css_animation=&#8221;&#8221;][vc_empty_space][\/vc_column_inner][\/vc_row_inner][\/vc_column][\/vc_row][vc_row row_type=&#8221;row&#8221; use_row_as_full_screen_section=&#8221;no&#8221; type=&#8221;full_width&#8221; text_align=&#8221;left&#8221; css_animation=&#8221;&#8221;][vc_column][vc_column_text]<strong>&#8211; &#8222;126 x 126p&#8221;<\/strong> &#8211; wydawnictwo Interpress<\/p>\n<p>&nbsp;<\/p>\n<p>Pozycja, kt\u00f3ra najmniej przyda nam si\u0119 podczas dokonywania napraw. W ksi\u0105\u017cce tej znajdziemy jednak szereg \u017cart\u00f3w o maluchu. Poza kawa\u0142ami, znajdziemy tutaj r\u00f3wnie\u017c zabawne ilustracje. Niewskazana dla os\u00f3b nie potrafi\u0105cych podej\u015b\u0107 z dystansem do Ma\u0142ego Fiata :-)[\/vc_column_text][vc_empty_space][vc_row_inner row_type=&#8221;row&#8221; type=&#8221;full_width&#8221; use_row_as_full_screen_section_slide=&#8221;no&#8221; text_align=&#8221;left&#8221; css_animation=&#8221;&#8221;][vc_column_inner width=&#8221;1\/2&#8243;][vc_single_image image=&#8221;22976&#8243; img_size=&#8221;medium&#8221; add_caption=&#8221;yes&#8221; alignment=&#8221;center&#8221; onclick=&#8221;link_image&#8221; qode_css_animation=&#8221;&#8221;][vc_empty_space][\/vc_column_inner][vc_column_inner width=&#8221;1\/2&#8243;][vc_single_image image=&#8221;22977&#8243; img_size=&#8221;medium&#8221; add_caption=&#8221;yes&#8221; alignment=&#8221;center&#8221; onclick=&#8221;link_image&#8221; qode_css_animation=&#8221;&#8221;][vc_empty_space][\/vc_column_inner][\/vc_row_inner][\/vc_column][\/vc_row][vc_row row_type=&#8221;row&#8221; use_row_as_full_screen_section=&#8221;no&#8221; type=&#8221;full_width&#8221; text_align=&#8221;left&#8221; css_animation=&#8221;&#8221;][vc_column][vc_column_text]- <strong>&#8222;Autoryzowana Instrukcja Napraw &#8211; Polski Fiat 126p&#8221;<\/strong><\/p>\n<p>&nbsp;<\/p>\n<p>Najobszerniejsza oraz oficjalnie wydana dzi\u0119ki FSM. Ksi\u0105\u017cka ta, zawiera bardzo szczeg\u00f3\u0142owe dane oraz schematy i rysunki. Niezast\u0105piona podczas wielu napraw i usprawnie\u0144.[\/vc_column_text][vc_empty_space][vc_row_inner row_type=&#8221;row&#8221; type=&#8221;full_width&#8221; use_row_as_full_screen_section_slide=&#8221;no&#8221; text_align=&#8221;left&#8221; css_animation=&#8221;&#8221;][vc_column_inner width=&#8221;1\/2&#8243;][vc_single_image image=&#8221;22979&#8243; img_size=&#8221;medium&#8221; add_caption=&#8221;yes&#8221; alignment=&#8221;center&#8221; onclick=&#8221;link_image&#8221; qode_css_animation=&#8221;&#8221;][vc_empty_space][\/vc_column_inner][vc_column_inner width=&#8221;1\/2&#8243;][vc_single_image image=&#8221;22980&#8243; img_size=&#8221;medium&#8221; add_caption=&#8221;yes&#8221; alignment=&#8221;center&#8221; onclick=&#8221;link_image&#8221; qode_css_animation=&#8221;&#8221;][vc_empty_space][\/vc_column_inner][\/vc_row_inner][\/vc_column][\/vc_row][vc_row row_type=&#8221;row&#8221; use_row_as_full_screen_section=&#8221;no&#8221; type=&#8221;full_width&#8221; text_align=&#8221;left&#8221; css_animation=&#8221;&#8221;][vc_column][vc_column_text]<strong>&#8211; &#8222;126 Napraw 126p&#8221;<\/strong> &#8211; autor: B.Suchecki A.Walbiner, wydawnictwo WK\u0141<\/p>\n<p>&nbsp;<\/p>\n<p>Zestaw pi\u0119ciu szczeg\u00f3\u0142owo ilustrowanych poradnik\u00f3w potocznie nazywanych zeszytami napraw. W ka\u017cdym kolejnym zeszycie znajdziemy przepisy krok po kroku jak upora\u0107 si\u0119 z wieloma czynno\u015bciami odno\u015bnie bardziej lub mniej skomplikowanych napraw. W zeszytach uwzgl\u0119dniono najcz\u0119stsze usterki.[\/vc_column_text][vc_empty_space][vc_row_inner row_type=&#8221;row&#8221; type=&#8221;full_width&#8221; use_row_as_full_screen_section_slide=&#8221;no&#8221; text_align=&#8221;left&#8221; css_animation=&#8221;&#8221;][vc_column_inner width=&#8221;1\/2&#8243;][vc_single_image image=&#8221;22981&#8243; img_size=&#8221;medium&#8221; add_caption=&#8221;yes&#8221; alignment=&#8221;center&#8221; onclick=&#8221;link_image&#8221; qode_css_animation=&#8221;&#8221;][vc_empty_space][vc_single_image image=&#8221;22983&#8243; img_size=&#8221;medium&#8221; add_caption=&#8221;yes&#8221; alignment=&#8221;center&#8221; onclick=&#8221;link_image&#8221; qode_css_animation=&#8221;&#8221;][vc_empty_space][vc_single_image image=&#8221;22985&#8243; img_size=&#8221;medium&#8221; add_caption=&#8221;yes&#8221; alignment=&#8221;center&#8221; onclick=&#8221;link_image&#8221; qode_css_animation=&#8221;&#8221;][vc_empty_space][vc_single_image image=&#8221;22987&#8243; img_size=&#8221;medium&#8221; add_caption=&#8221;yes&#8221; alignment=&#8221;center&#8221; onclick=&#8221;link_image&#8221; qode_css_animation=&#8221;&#8221;][vc_empty_space][vc_single_image image=&#8221;22989&#8243; img_size=&#8221;medium&#8221; add_caption=&#8221;yes&#8221; alignment=&#8221;center&#8221; onclick=&#8221;link_image&#8221; qode_css_animation=&#8221;&#8221;][vc_empty_space][\/vc_column_inner][vc_column_inner width=&#8221;1\/2&#8243;][vc_single_image image=&#8221;22982&#8243; img_size=&#8221;medium&#8221; add_caption=&#8221;yes&#8221; alignment=&#8221;center&#8221; onclick=&#8221;link_image&#8221; qode_css_animation=&#8221;&#8221;][vc_empty_space][vc_single_image image=&#8221;22986&#8243; img_size=&#8221;medium&#8221; add_caption=&#8221;yes&#8221; alignment=&#8221;center&#8221; onclick=&#8221;link_image&#8221; qode_css_animation=&#8221;&#8221;][vc_empty_space][vc_single_image image=&#8221;22986&#8243; img_size=&#8221;medium&#8221; add_caption=&#8221;yes&#8221; alignment=&#8221;center&#8221; onclick=&#8221;link_image&#8221; qode_css_animation=&#8221;&#8221;][vc_empty_space][vc_single_image image=&#8221;22990&#8243; img_size=&#8221;medium&#8221; add_caption=&#8221;yes&#8221; alignment=&#8221;center&#8221; onclick=&#8221;link_image&#8221; qode_css_animation=&#8221;&#8221;][vc_single_image image=&#8221;22988&#8243; img_size=&#8221;medium&#8221; add_caption=&#8221;yes&#8221; alignment=&#8221;center&#8221; onclick=&#8221;link_image&#8221; qode_css_animation=&#8221;&#8221;][vc_empty_space][vc_empty_space][\/vc_column_inner][\/vc_row_inner][\/vc_column][\/vc_row][vc_row row_type=&#8221;row&#8221; use_row_as_full_screen_section=&#8221;no&#8221; type=&#8221;full_width&#8221; text_align=&#8221;left&#8221; css_animation=&#8221;&#8221;][vc_column][vc_column_text]<strong>&#8211; &#8222;Polski Fiat 126p &#8211; Budowa, naprawa, eksploatacja&#8221;<\/strong> autor: B.Jakubowski T.Tomiczek, wydawnictwo WK\u0141<\/p>\n<p>&nbsp;<\/p>\n<p>Podobnie jak powy\u017csza ksi\u0105\u017cka, ta r\u00f3wnie\u017c zawiera bardzo wiele ciekawych informacji, danych, sposob\u00f3w napraw. Wyposa\u017cona w bogate, szczeg\u00f3\u0142owe zdj\u0119cia i ilustracje zdecydowanie przyda si\u0119 bardziej zaawansowanym u\u017cytkownikom. Ksi\u0105\u017cka ta wyst\u0119powa\u0142a w oprawie zar\u00f3wno mi\u0119kkiej jak i twardej.[\/vc_column_text][vc_empty_space][vc_row_inner row_type=&#8221;row&#8221; type=&#8221;full_width&#8221; use_row_as_full_screen_section_slide=&#8221;no&#8221; text_align=&#8221;left&#8221; css_animation=&#8221;&#8221;][vc_column_inner width=&#8221;1\/2&#8243;][vc_single_image image=&#8221;22993&#8243; img_size=&#8221;medium&#8221; add_caption=&#8221;yes&#8221; alignment=&#8221;center&#8221; onclick=&#8221;link_image&#8221; qode_css_animation=&#8221;&#8221;][vc_empty_space][\/vc_column_inner][vc_column_inner width=&#8221;1\/2&#8243;][vc_single_image image=&#8221;22994&#8243; img_size=&#8221;medium&#8221; add_caption=&#8221;yes&#8221; alignment=&#8221;center&#8221; onclick=&#8221;link_image&#8221; qode_css_animation=&#8221;&#8221;][vc_empty_space][\/vc_column_inner][\/vc_row_inner][vc_column_text]<a href=\"http:\/\/forum.rezerwa126p.pl\/profile.php?mode=viewprofile&amp;u=1822\">Ignac<\/a>[\/vc_column_text][\/vc_column][\/vc_row][vc_row row_type=&#8221;row&#8221; use_row_as_full_screen_section=&#8221;no&#8221; type=&#8221;full_width&#8221; text_align=&#8221;left&#8221; css_animation=&#8221;&#8221;][vc_column][vc_column_text]<strong>&#8211; &#8222;Naprawa Samochod\u00f3w Polski Fiat 126p&#8221;<\/strong> &#8211; autor: Z.Klimecki J.Zembowicz, wydawnictwo WKi\u0141<\/p>\n<p>&nbsp;<\/p>\n<p>Do\u015b\u0107 obszerna, a zarazem bardzo szczeg\u00f3\u0142owa ksi\u0105\u017cka dotycz\u0105ca budowy i napraw. Zawiera szczeg\u00f3\u0142owe ilustracje oraz schematy. Dost\u0119pna w mi\u0119kkiej i twardej oprawie.[\/vc_column_text][vc_empty_space][vc_row_inner row_type=&#8221;row&#8221; type=&#8221;full_width&#8221; use_row_as_full_screen_section_slide=&#8221;no&#8221; text_align=&#8221;left&#8221; css_animation=&#8221;&#8221;][vc_column_inner width=&#8221;1\/2&#8243;][vc_single_image image=&#8221;22991&#8243; img_size=&#8221;medium&#8221; add_caption=&#8221;yes&#8221; alignment=&#8221;center&#8221; onclick=&#8221;link_image&#8221; qode_css_animation=&#8221;&#8221;][vc_empty_space][\/vc_column_inner][vc_column_inner width=&#8221;1\/2&#8243;][vc_single_image image=&#8221;22992&#8243; img_size=&#8221;medium&#8221; add_caption=&#8221;yes&#8221; alignment=&#8221;center&#8221; onclick=&#8221;link_image&#8221; qode_css_animation=&#8221;&#8221;][vc_empty_space][\/vc_column_inner][\/vc_row_inner][\/vc_column][\/vc_row]\n","protected":false},"excerpt":{"rendered":"<p>[vc_row row_type=&#8221;row&#8221; use_row_as_full_screen_section=&#8221;no&#8221; type=&#8221;full_width&#8221; text_align=&#8221;left&#8221; css_animation=&#8221;&#8221;][vc_column][vc_column_text]W obliczu wielu ksi\u0105\u017cek, jakie wydano na przestrzeni lat, a s\u0105 w r\u00f3\u017cny spos\u00f3b po\u015bwi\u0119cone Fiatowi 126p, pozwolili\u015bmy sobie na sporz\u0105dzenie ma\u0142ego wykazu. W wiele z ni\u017cej wymienionych pozycji z powodzeniem mo\u017cemy zaopatrzy\u0107 si\u0119 na rynku wt\u00f3rnym. Znalezienie na p\u00f3\u0142kach&#8230;<\/p>\n","protected":false},"author":2,"featured_media":0,"parent":0,"menu_order":0,"comment_status":"closed","ping_status":"closed","template":"","meta":{"advanced_seo_description":"","spay_email":""},"jetpack_sharing_enabled":true,"jetpack_shortlink":"https:\/\/wp.me\/P9KryZ-5Ym","jetpack_likes_enabled":true,"jetpack-related-posts":[{"id":22624,"url":"http:\/\/rezerwa126p.pl\/?page_id=22624","url_meta":{"origin":22962,"position":0},"title":"Fiat 126p ST &#8211; opis modelu","date":"5 listopada 2017","format":false,"excerpt":"[vc_row row_type=\"row\" use_row_as_full_screen_section=\"no\" type=\"full_width\" text_align=\"left\" css_animation=\"\"][vc_column][vc_column_text]Fiat nowy model 126 oficjalnie zaprezentowa\u0142 9 listopada 1972 roku na salonie samochodowym w Turynie. Kilka dni, po tym wydarzeniu nowego Fiata 126 pokazano w Warszawie na Placu Defilad. 6 czerwca 1973 zmontowano w fabryce FSM w Bielsku Bia\u0142ej pierwszego Polskiego Fiata 126p z w\u0142oskich\u2026","rel":"","context":"Similar post","img":{"alt_text":"","src":"","width":0,"height":0},"classes":[]},{"id":22587,"url":"http:\/\/rezerwa126p.pl\/?page_id=22587","url_meta":{"origin":22962,"position":1},"title":"Fiat 126p model przej\u015bciowy","date":"4 listopada 2017","format":false,"excerpt":"[vc_row row_type=\"row\" use_row_as_full_screen_section=\"no\" type=\"full_width\" text_align=\"left\"][vc_column][vc_column_text]Po wprowadzeniu nowego modelu FL w grudniu 1984, r\u00f3wnolegle powstawa\u0142y wersje mieszane, wy\u0142\u0105cznie na rynek krajowy. Wi\u0119kszo\u015b\u0107 nowych FLi wyje\u017cd\u017ca\u0142o na eksport do sieci dealerskiej Fiata, a Polscy odbiorcy czekali na samochody, niekoniecznie w najnowszej wersji. W czasach gospodarki centralnie planowanej, produkcja nadwozi pod wyposa\u017cenie ST\u2026","rel":"","context":"Similar post","img":{"alt_text":"","src":"","width":0,"height":0},"classes":[]},{"id":22817,"url":"http:\/\/rezerwa126p.pl\/?page_id=22817","url_meta":{"origin":22962,"position":2},"title":"Fiat 126p COMBI","date":"6 listopada 2017","format":false,"excerpt":"[vc_row row_type=\"row\" use_row_as_full_screen_section=\"no\" type=\"full_width\" text_align=\"left\" css_animation=\"\"][vc_column][vc_column_text]Ju\u017c w trzy lata po rozpocz\u0119ciu produkcji Fiata 126p, w 1976 roku podj\u0119to prace nad budow\u0105 Polskiego Fiata 126p Combi. Wybudowane prototypy znacz\u0105co r\u00f3\u017cni\u0142y si\u0119 od pierwotnej wersji Malucha.[\/vc_column_text][vc_empty_space][vc_row_inner row_type=\"row\" type=\"full_width\" use_row_as_full_screen_section_slide=\"no\" text_align=\"left\" css_animation=\"\"][vc_column_inner][vc_single_image image=\"22821\" img_size=\"medium\" add_caption=\"yes\" alignment=\"center\" onclick=\"link_image\" qode_css_animation=\"\"][\/vc_column_inner][\/vc_row_inner][vc_empty_space][\/vc_column][\/vc_row][vc_row row_type=\"row\" use_row_as_full_screen_section=\"no\" type=\"full_width\" text_align=\"left\" css_animation=\"\"][vc_column][vc_column_text]Do\u2026","rel":"","context":"Similar post","img":{"alt_text":"","src":"","width":0,"height":0},"classes":[]},{"id":22503,"url":"http:\/\/rezerwa126p.pl\/?page_id=22503","url_meta":{"origin":22962,"position":3},"title":"Kalendarium","date":"4 listopada 2017","format":false,"excerpt":"[vc_row row_type=\"row\" use_row_as_full_screen_section=\"no\" type=\"full_width\" text_align=\"left\" css_animation=\"\"][vc_column][vc_column_text]We\u00a0wrze\u015bniu 1972 roku\u00a0wyprodukowano we w\u0142oskim Cassino pierwsz\u0105 seri\u0119 pr\u00f3bn\u0105 w ilo\u015bci 100 egzemplarzy. \u00a0 Oficjalna premiera Fiata 126 odby\u0142a si\u0119\u00a09 wrze\u015bnia roku 1972,\u00a0jednocze\u015bnie we W\u0142oszech \u2013 w salonie samochodowym w Turynie i w Polsce - na Placu Defilad. Historia Polskiego Fiata 126p rozpocz\u0119\u0142a si\u0119 od\u2026","rel":"","context":"Similar post","img":{"alt_text":"","src":"","width":0,"height":0},"classes":[]},{"id":22828,"url":"http:\/\/rezerwa126p.pl\/?page_id=22828","url_meta":{"origin":22962,"position":4},"title":"Fiat 126p LPT","date":"6 listopada 2017","format":false,"excerpt":"[vc_row row_type=\"row\" use_row_as_full_screen_section=\"no\" type=\"full_width\" text_align=\"left\" css_animation=\"\"][vc_column][vc_column_text]Na potrzeby wojska zbudowano Fiata 126p LPT \u2013 Lekki Pojazd Terenowy. Ten ciekawy pojazd mia\u0142 trzy osie, i by\u0142 przystosowany do p\u0142ywania dzi\u0119ki zamontowanej \u015brubie, pod\u0142\u0105czanej przez \u015brodkow\u0105 o\u015b. \u00a0 Nadwozie wykonano z w\u0142\u00f3kna szklanego, na przedniej szybie zamontowano trzy wycieraczki. Dzi\u0119ki temu, \u017ce \u015brodkowa\u2026","rel":"","context":"Similar post","img":{"alt_text":"","src":"https:\/\/i0.wp.com\/img.youtube.com\/vi\/kvj2e1kvsuQ\/0.jpg?resize=350%2C200","width":350,"height":200},"classes":[]},{"id":22800,"url":"http:\/\/rezerwa126p.pl\/?page_id=22800","url_meta":{"origin":22962,"position":5},"title":"Fiat 126p NP","date":"6 listopada 2017","format":false,"excerpt":"[vc_row row_type=\"row\" use_row_as_full_screen_section=\"no\" type=\"full_width\" text_align=\"left\" css_animation=\"\"][vc_column][vc_column_text]Po tym jak Fiat 126p zdominowa\u0142 polski rynek, FSM chcia\u0142 stworzy\u0107 wi\u0119cej pojazd\u00f3w opartych na tym modelu. Najwi\u0119ksz\u0105 przeszkod\u0105 w dalszym rozwijaniu samochodu by\u0142 umieszczony z ty\u0142u silnik, w zwi\u0105zku z czym zbudowano prototyp z silnikiem umieszczonym z przodu \u2013 Fiat 126p NP (Nap\u0119d Przedni).\u2026","rel":"","context":"Similar post","img":{"alt_text":"","src":"","width":0,"height":0},"classes":[]}],"_links":{"self":[{"href":"http:\/\/rezerwa126p.pl\/index.php?rest_route=\/wp\/v2\/pages\/22962"}],"collection":[{"href":"http:\/\/rezerwa126p.pl\/index.php?rest_route=\/wp\/v2\/pages"}],"about":[{"href":"http:\/\/rezerwa126p.pl\/index.php?rest_route=\/wp\/v2\/types\/page"}],"author":[{"embeddable":true,"href":"http:\/\/rezerwa126p.pl\/index.php?rest_route=\/wp\/v2\/users\/2"}],"replies":[{"embeddable":true,"href":"http:\/\/rezerwa126p.pl\/index.php?rest_route=%2Fwp%2Fv2%2Fcomments&post=22962"}],"version-history":[{"count":1,"href":"http:\/\/rezerwa126p.pl\/index.php?rest_route=\/wp\/v2\/pages\/22962\/revisions"}],"predecessor-version":[{"id":22995,"href":"http:\/\/rezerwa126p.pl\/index.php?rest_route=\/wp\/v2\/pages\/22962\/revisions\/22995"}],"wp:attachment":[{"href":"http:\/\/rezerwa126p.pl\/index.php?rest_route=%2Fwp%2Fv2%2Fmedia&parent=22962"}],"curies":[{"name":"wp","href":"https:\/\/api.w.org\/{rel}","templated":true}]}}