{"id":22960,"date":"2017-11-20T22:16:13","date_gmt":"2017-11-20T21:16:13","guid":{"rendered":"http:\/\/rezerwa126p.pl\/web\/?page_id=22960"},"modified":"2021-10-25T22:09:40","modified_gmt":"2021-10-25T20:09:40","slug":"zolte-zarowki-przednich-swiatel","status":"publish","type":"page","link":"http:\/\/rezerwa126p.pl\/?page_id=22960","title":{"rendered":"\u017b\u00f3\u0142te \u017car\u00f3wki przednich \u015bwiate\u0142"},"content":{"rendered":"[vc_row row_type=&#8221;row&#8221; use_row_as_full_screen_section=&#8221;no&#8221; type=&#8221;full_width&#8221; text_align=&#8221;left&#8221; css_animation=&#8221;&#8221;][vc_column][vc_column_text]Z dniem pierwszego stycznia 2010 roku wszed\u0142 w \u017cycie zakaz u\u017cywania \u017c\u00f3\u0142tych \u015bwiate\u0142 pozycyjnych, mijania i drogowych. Przepis ten szczeg\u00f3lnie da\u0142 si\u0119 we znaki w\u0142a\u015bcicielom klasycznych aut, kt\u00f3rzy ch\u0119tnie montowali w swoich pojazdach klasyczne \u017c\u00f3\u0142te \u017car\u00f3wki czy klosze. Zgodnie z obowi\u0105zuj\u0105c\u0105 ustaw\u0105 zakazem nie musz\u0105 przejmowa\u0107 si\u0119 posiadacze pojazd\u00f3w zabytkowych, kt\u00f3rych ona nie dotyczy.<\/p>\n<p>&nbsp;<\/p>\n<p>W wypadku kontroli kierowcy kt\u00f3ry kieruje pojazdem wyposa\u017conym w \u017c\u00f3\u0142te \u015bwiat\u0142a grozi mandat 200 z\u0142 i zatrzymanie dowodu rejestracyjnego. Warto doda\u0107, \u017ce policjant nie mo\u017ce zatrzyma\u0107 dowodu rejestracyjnego, je\u015bli kierowca dokona naprawy na miejscu.[\/vc_column_text][\/vc_column][\/vc_row]\n","protected":false},"excerpt":{"rendered":"<p>[vc_row row_type=&#8221;row&#8221; use_row_as_full_screen_section=&#8221;no&#8221; type=&#8221;full_width&#8221; text_align=&#8221;left&#8221; css_animation=&#8221;&#8221;][vc_column][vc_column_text]Z dniem pierwszego stycznia 2010 roku wszed\u0142 w \u017cycie zakaz u\u017cywania \u017c\u00f3\u0142tych \u015bwiate\u0142 pozycyjnych, mijania i drogowych. Przepis ten szczeg\u00f3lnie da\u0142 si\u0119 we znaki w\u0142a\u015bcicielom klasycznych aut, kt\u00f3rzy ch\u0119tnie montowali w swoich pojazdach klasyczne \u017c\u00f3\u0142te \u017car\u00f3wki czy klosze. Zgodnie z&#8230;<\/p>\n","protected":false},"author":2,"featured_media":0,"parent":22925,"menu_order":0,"comment_status":"closed","ping_status":"closed","template":"","meta":{"advanced_seo_description":"","spay_email":""},"jetpack_sharing_enabled":true,"jetpack_shortlink":"https:\/\/wp.me\/P9KryZ-5Yk","jetpack_likes_enabled":true,"jetpack-related-posts":[{"id":22927,"url":"http:\/\/rezerwa126p.pl\/?page_id=22927","url_meta":{"origin":22960,"position":0},"title":"Rejestracja pojazdu na &#8222;\u017c\u00f3\u0142te tablice&#8221;","date":"15 listopada 2017","format":false,"excerpt":"[vc_row row_type=\"row\" use_row_as_full_screen_section=\"no\" type=\"full_width\" text_align=\"left\" css_animation=\"\"][vc_column][vc_column_text]Przychodzi taki moment, \u017ce postanawiamy, aby nasz Polski FIAT 126p pozyska\u0142 \u201e\u017b\u00f3\u0142te\u201d tablice rejestracyjne. Temat nie jest skomplikowany, ale mo\u017ce komu\u015b przyda si\u0119 kilka praktycznych informacji, jak przechodzimy t\u0119 \u015bcie\u017ck\u0119. Na pocz\u0105tek definicja: Pojazd zabytkowy\u00a0\u2013 wedle ustawy \u201ePrawo o ruchu drogowym\u201d jest to pojazd, kt\u00f3ry\u2026","rel":"","context":"Similar post","img":{"alt_text":"","src":"","width":0,"height":0},"classes":[]},{"id":22429,"url":"http:\/\/rezerwa126p.pl\/?page_id=22429","url_meta":{"origin":22960,"position":1},"title":"\u017b\u00f3\u0142te reflektory &#8211; malowanie odb\u0142y\u015bnika lampy","date":"4 listopada 2017","format":false,"excerpt":"[vc_row row_type=\"row\" use_row_as_full_screen_section=\"no\" type=\"full_width\" text_align=\"left\" css_animation=\"\"][vc_column][vc_column_text]Lampy malowa\u0142em farb\u0105 do szk\u0142a Vitrail 199 Yellow za pomoc\u0105 aerografu, daje cienk\u0105 i r\u00f3wn\u0105 warstw\u0119 farby. \u00a0 Czas: oko\u0142o p\u00f3\u0142torej godziny na klosz. \u00a0 Potrzebne materia\u0142y i narz\u0119dzia: N\u00f3\u017c z \u0142amanym ostrzem, Cienki \u015brubokr\u0119t p\u0142aski, b\u0105d\u017a ma\u0142e d\u0142utko, Farba transparentna do szk\u0142a np. Vitrail,\u2026","rel":"","context":"Similar post","img":{"alt_text":"","src":"","width":0,"height":0},"classes":[]},{"id":22147,"url":"http:\/\/rezerwa126p.pl\/?page_id=22147","url_meta":{"origin":22960,"position":2},"title":"Instalacja przeka\u017anik\u00f3w \u015bwiate\u0142","date":"3 listopada 2017","format":false,"excerpt":"[vc_row row_type=\"row\" use_row_as_full_screen_section=\"no\" type=\"full_width\" text_align=\"left\" css_animation=\"\"][vc_column][vc_column_text]Je\u017celi chcemy, aby nasz maluszek mia\u0142 du\u017co lepsze \u015bwiat\u0142a, a przy okazji nie chcemy mie\u0107 problem\u00f3w z paj\u0105kiem pod kierownic\u0105, musimy zainstalowa\u0107 przeka\u017aniki \u015bwiate\u0142. Przy \u017car\u00f3wkach H4 nale\u017cy zamontowa\u0107 przeka\u017aniki, gdy\u017c maj\u0105 one wi\u0119ksz\u0105 moc i bardzo szybko wypalaj\u0105 si\u0119 styki prze\u0142\u0105cznik\u00f3w. Mo\u017cemy to zrobi\u0107\u2026","rel":"","context":"Similar post","img":{"alt_text":"","src":"","width":0,"height":0},"classes":[]},{"id":21870,"url":"http:\/\/rezerwa126p.pl\/?page_id=21870","url_meta":{"origin":22960,"position":3},"title":"Regulacja zap\u0142onu","date":"1 listopada 2017","format":false,"excerpt":"[vc_row row_type=\"row\" use_row_as_full_screen_section=\"no\" type=\"full_width\" text_align=\"left\" css_animation=\"\"][vc_column][vc_column_text]Bierzemy \u017car\u00f3wk\u0119 12V z dolutowanymi przewodami, tutaj zosta\u0142a u\u017cyta \u017car\u00f3wka H4 o mocy 50W (zalecam jednak s\u0142absz\u0105 \u017car\u00f3wk\u0119 - b\u0119dzie lepiej wida\u0107 kiedy \u017car\u00f3wka zaczyna si\u0119 \u017carzy\u0107).[\/vc_column_text][vc_empty_space][vc_row_inner row_type=\"row\" type=\"full_width\" use_row_as_full_screen_section_slide=\"no\" text_align=\"left\" css_animation=\"\"][vc_column_inner][vc_single_image image=\"21875\" img_size=\"400x300\" add_caption=\"yes\" alignment=\"center\" onclick=\"link_image\" qode_css_animation=\"\"][vc_empty_space][\/vc_column_inner][\/vc_row_inner][\/vc_column][\/vc_row][vc_row row_type=\"row\" use_row_as_full_screen_section=\"no\" type=\"full_width\" text_align=\"left\" css_animation=\"\"][vc_column][vc_column_text]Warto za\u0142o\u017cy\u0107 r\u00f3wnie\u017c\u2026","rel":"","context":"Similar post","img":{"alt_text":"","src":"","width":0,"height":0},"classes":[]},{"id":22167,"url":"http:\/\/rezerwa126p.pl\/?page_id=22167","url_meta":{"origin":22960,"position":4},"title":"Diodowe pod\u015bwietlenie licznika","date":"3 listopada 2017","format":false,"excerpt":"[vc_row row_type=\"row\" use_row_as_full_screen_section=\"no\" type=\"full_width\" text_align=\"left\" css_animation=\"\"][vc_column][vc_column_text]Jako\u015b\u0107 pod\u015bwietlenia licznika w Ma\u0142ym Fiacie powszechnie uwa\u017cana jest za niewystarczaj\u0105c\u0105. \u017bar\u00f3wki pod\u015bwietlenia rozmieszczone s\u0105 w spos\u00f3b ma\u0142o efektywny, co powoduje nier\u00f3wnomierne pod\u015bwietlanie wska\u017anik\u00f3w. Na przyk\u0142adzie licznika pochodz\u0105cego z Cinquecento Sporting zamontowanego w moim Maluchu poka\u017c\u0119 jak w prosty i szybki spos\u00f3b w znacz\u0105cy spos\u00f3b\u2026","rel":"","context":"Similar post","img":{"alt_text":"","src":"","width":0,"height":0},"classes":[]},{"id":22624,"url":"http:\/\/rezerwa126p.pl\/?page_id=22624","url_meta":{"origin":22960,"position":5},"title":"Fiat 126p ST &#8211; opis modelu","date":"5 listopada 2017","format":false,"excerpt":"[vc_row row_type=\"row\" use_row_as_full_screen_section=\"no\" type=\"full_width\" text_align=\"left\" css_animation=\"\"][vc_column][vc_column_text]Fiat nowy model 126 oficjalnie zaprezentowa\u0142 9 listopada 1972 roku na salonie samochodowym w Turynie. Kilka dni, po tym wydarzeniu nowego Fiata 126 pokazano w Warszawie na Placu Defilad. 6 czerwca 1973 zmontowano w fabryce FSM w Bielsku Bia\u0142ej pierwszego Polskiego Fiata 126p z w\u0142oskich\u2026","rel":"","context":"Similar post","img":{"alt_text":"","src":"","width":0,"height":0},"classes":[]}],"_links":{"self":[{"href":"http:\/\/rezerwa126p.pl\/index.php?rest_route=\/wp\/v2\/pages\/22960"}],"collection":[{"href":"http:\/\/rezerwa126p.pl\/index.php?rest_route=\/wp\/v2\/pages"}],"about":[{"href":"http:\/\/rezerwa126p.pl\/index.php?rest_route=\/wp\/v2\/types\/page"}],"author":[{"embeddable":true,"href":"http:\/\/rezerwa126p.pl\/index.php?rest_route=\/wp\/v2\/users\/2"}],"replies":[{"embeddable":true,"href":"http:\/\/rezerwa126p.pl\/index.php?rest_route=%2Fwp%2Fv2%2Fcomments&post=22960"}],"version-history":[{"count":1,"href":"http:\/\/rezerwa126p.pl\/index.php?rest_route=\/wp\/v2\/pages\/22960\/revisions"}],"predecessor-version":[{"id":22961,"href":"http:\/\/rezerwa126p.pl\/index.php?rest_route=\/wp\/v2\/pages\/22960\/revisions\/22961"}],"up":[{"embeddable":true,"href":"http:\/\/rezerwa126p.pl\/index.php?rest_route=\/wp\/v2\/pages\/22925"}],"wp:attachment":[{"href":"http:\/\/rezerwa126p.pl\/index.php?rest_route=%2Fwp%2Fv2%2Fmedia&parent=22960"}],"curies":[{"name":"wp","href":"https:\/\/api.w.org\/{rel}","templated":true}]}}