{"id":22925,"date":"2017-11-15T22:42:05","date_gmt":"2017-11-15T21:42:05","guid":{"rendered":"http:\/\/rezerwa126p.pl\/web\/?page_id=22925"},"modified":"2021-10-25T22:09:40","modified_gmt":"2021-10-25T20:09:40","slug":"przepisy-prawne","status":"publish","type":"page","link":"http:\/\/rezerwa126p.pl\/?page_id=22925","title":{"rendered":"Przepisy prawne"},"content":{"rendered":"[vc_row row_type=&#8221;row&#8221; use_row_as_full_screen_section=&#8221;no&#8221; type=&#8221;full_width&#8221; text_align=&#8221;left&#8221; css_animation=&#8221;&#8221;][vc_column][vc_column_text]<ul class=\"su-subpages\"><li class=\"page_item page-item-22927\"><a href=\"http:\/\/rezerwa126p.pl\/?page_id=22927\">Rejestracja pojazdu na &#8222;\u017c\u00f3\u0142te tablice&#8221;<\/a><\/li>\n<li class=\"page_item page-item-22960\"><a href=\"http:\/\/rezerwa126p.pl\/?page_id=22960\">\u017b\u00f3\u0142te \u017car\u00f3wki przednich \u015bwiate\u0142<\/a><\/li>\n<\/ul>[\/vc_column_text][\/vc_column][\/vc_row]\n","protected":false},"excerpt":{"rendered":"<p>[vc_row row_type=&#8221;row&#8221; use_row_as_full_screen_section=&#8221;no&#8221; type=&#8221;full_width&#8221; text_align=&#8221;left&#8221; css_animation=&#8221;&#8221;][vc_column][vc_column_text][\/vc_column_text][\/vc_column][\/vc_row]<\/p>\n","protected":false},"author":2,"featured_media":0,"parent":0,"menu_order":0,"comment_status":"closed","ping_status":"closed","template":"","meta":{"advanced_seo_description":"","spay_email":""},"jetpack_sharing_enabled":true,"jetpack_shortlink":"https:\/\/wp.me\/P9KryZ-5XL","jetpack_likes_enabled":true,"jetpack-related-posts":[],"_links":{"self":[{"href":"http:\/\/rezerwa126p.pl\/index.php?rest_route=\/wp\/v2\/pages\/22925"}],"collection":[{"href":"http:\/\/rezerwa126p.pl\/index.php?rest_route=\/wp\/v2\/pages"}],"about":[{"href":"http:\/\/rezerwa126p.pl\/index.php?rest_route=\/wp\/v2\/types\/page"}],"author":[{"embeddable":true,"href":"http:\/\/rezerwa126p.pl\/index.php?rest_route=\/wp\/v2\/users\/2"}],"replies":[{"embeddable":true,"href":"http:\/\/rezerwa126p.pl\/index.php?rest_route=%2Fwp%2Fv2%2Fcomments&post=22925"}],"version-history":[{"count":2,"href":"http:\/\/rezerwa126p.pl\/index.php?rest_route=\/wp\/v2\/pages\/22925\/revisions"}],"predecessor-version":[{"id":23080,"href":"http:\/\/rezerwa126p.pl\/index.php?rest_route=\/wp\/v2\/pages\/22925\/revisions\/23080"}],"wp:attachment":[{"href":"http:\/\/rezerwa126p.pl\/index.php?rest_route=%2Fwp%2Fv2%2Fmedia&parent=22925"}],"curies":[{"name":"wp","href":"https:\/\/api.w.org\/{rel}","templated":true}]}}