{"id":22860,"date":"2017-11-10T00:33:06","date_gmt":"2017-11-09T23:33:06","guid":{"rendered":"http:\/\/rezerwa126p.pl\/web\/?page_id=22860"},"modified":"2022-01-28T19:53:36","modified_gmt":"2022-01-28T18:53:36","slug":"fl","status":"publish","type":"page","link":"http:\/\/rezerwa126p.pl\/?page_id=22860","title":{"rendered":"FL"},"content":{"rendered":"[vc_row][vc_column][vc_column_text]<strong>Kolory lakier\u00f3w stosowane w wersji FL<\/strong>[\/vc_column_text][\/vc_column][\/vc_row][vc_row][vc_column][vc_column_text]03 &#8211; Bia\u0142y Per\u0142a (1985-1991) <em>Polski odpowiednik lakieru 224 Bianco Corfu.<\/em>[\/vc_column_text][vc_single_image image=&#8221;23911&#8243; img_size=&#8221;medium&#8221; alignment=&#8221;center&#8221; onclick=&#8221;link_image&#8221;][\/vc_column][\/vc_row][vc_row][vc_column][vc_column_text]05 &#8211; Be\u017cowy (1988-1991)[\/vc_column_text][vc_single_image image=&#8221;23913&#8243; img_size=&#8221;medium&#8221; alignment=&#8221;center&#8221; onclick=&#8221;link_image&#8221;][\/vc_column][\/vc_row][vc_row][vc_column][vc_column_text]09 &#8211; \u017b\u00f3\u0142ty Piaskowy (1985-1991)[\/vc_column_text][vc_single_image image=&#8221;23914&#8243; img_size=&#8221;medium&#8221; alignment=&#8221;center&#8221; onclick=&#8221;link_image&#8221;][\/vc_column][\/vc_row][vc_row][vc_column][vc_column_text]17 &#8211; Czerwony FSM (1990-1991)[\/vc_column_text][vc_single_image image=&#8221;23915&#8243; img_size=&#8221;medium&#8221; alignment=&#8221;center&#8221; onclick=&#8221;link_image&#8221;][\/vc_column][\/vc_row][vc_row][vc_column][vc_column_text]18 &#8211; Zielony Wiosenny (1988-1990)[\/vc_column_text][vc_single_image image=&#8221;23916&#8243; img_size=&#8221;medium&#8221; alignment=&#8221;center&#8221; onclick=&#8221;link_image&#8221;][\/vc_column][\/vc_row][vc_row][vc_column][vc_column_text]20 &#8211; Groszkowy Jasny (1985-1989)[\/vc_column_text][vc_single_image image=&#8221;23917&#8243; img_size=&#8221;medium&#8221; alignment=&#8221;center&#8221; onclick=&#8221;link_image&#8221;][\/vc_column][\/vc_row][vc_row][vc_column][vc_column_text]27 &#8211; Turkusowy Ciemny (1988-1990)[\/vc_column_text][vc_single_image image=&#8221;23918&#8243; img_size=&#8221;medium&#8221; alignment=&#8221;center&#8221; onclick=&#8221;link_image&#8221;][\/vc_column][\/vc_row][vc_row][vc_column][vc_column_text]28 &#8211; Br\u0105zowo pomara\u0144czowy (1985-1986)[\/vc_column_text][vc_single_image image=&#8221;23919&#8243; img_size=&#8221;medium&#8221; alignment=&#8221;center&#8221; onclick=&#8221;link_image&#8221;][\/vc_column][\/vc_row][vc_row row_type=&#8221;row&#8221; use_row_as_full_screen_section=&#8221;no&#8221; type=&#8221;full_width&#8221; text_align=&#8221;left&#8221;][vc_column][vc_row_inner row_type=&#8221;row&#8221; type=&#8221;full_width&#8221; use_row_as_full_screen_section_slide=&#8221;no&#8221; text_align=&#8221;left&#8221; css_animation=&#8221;&#8221;][vc_column_inner][vc_column_text]113 &#8211; Rosso Racing (1991-1992)[\/vc_column_text][vc_single_image image=&#8221;22861&#8243; img_size=&#8221;medium&#8221; add_caption=&#8221;yes&#8221; alignment=&#8221;center&#8221; onclick=&#8221;link_image&#8221; qode_css_animation=&#8221;&#8221;][vc_empty_space][vc_single_image image=&#8221;22862&#8243; img_size=&#8221;medium&#8221; add_caption=&#8221;yes&#8221; alignment=&#8221;center&#8221; onclick=&#8221;link_image&#8221; qode_css_animation=&#8221;&#8221;][vc_empty_space][vc_single_image image=&#8221;22863&#8243; img_size=&#8221;medium&#8221; add_caption=&#8221;yes&#8221; alignment=&#8221;center&#8221; onclick=&#8221;link_image&#8221; qode_css_animation=&#8221;&#8221;][vc_empty_space][\/vc_column_inner][\/vc_row_inner][\/vc_column][\/vc_row][vc_row][vc_column][vc_column_text]200 &#8211; Orzech \u015aredni (1985-1987)[\/vc_column_text][vc_single_image image=&#8221;23907&#8243; img_size=&#8221;medium&#8221; alignment=&#8221;center&#8221; onclick=&#8221;link_image&#8221;][\/vc_column][\/vc_row][vc_row row_type=&#8221;row&#8221; use_row_as_full_screen_section=&#8221;no&#8221; type=&#8221;full_width&#8221; text_align=&#8221;left&#8221;][vc_column][vc_column_text]<span style=\"text-decoration: underline;\">202 \u017b\u00f3\u0142to-Kremowy (1993-1994)<br \/>\n<\/span>[\/vc_column_text][vc_empty_space][vc_row_inner row_type=&#8221;row&#8221; type=&#8221;full_width&#8221; use_row_as_full_screen_section_slide=&#8221;no&#8221; text_align=&#8221;left&#8221; css_animation=&#8221;&#8221;][vc_column_inner][vc_single_image image=&#8221;22864&#8243; img_size=&#8221;medium&#8221; add_caption=&#8221;yes&#8221; alignment=&#8221;center&#8221; onclick=&#8221;link_image&#8221; qode_css_animation=&#8221;&#8221;][vc_empty_space][vc_single_image image=&#8221;22865&#8243; img_size=&#8221;medium&#8221; add_caption=&#8221;yes&#8221; alignment=&#8221;center&#8221; onclick=&#8221;link_image&#8221; qode_css_animation=&#8221;&#8221;][vc_empty_space][\/vc_column_inner][\/vc_row_inner][\/vc_column][\/vc_row][vc_row row_type=&#8221;row&#8221; use_row_as_full_screen_section=&#8221;no&#8221; type=&#8221;full_width&#8221; text_align=&#8221;left&#8221;][vc_column][vc_column_text]<span style=\"text-decoration: underline;\">205 Avorio Meteor (1987-1991)<br \/>\n<\/span>[\/vc_column_text][vc_empty_space][vc_row_inner row_type=&#8221;row&#8221; type=&#8221;full_width&#8221; use_row_as_full_screen_section_slide=&#8221;no&#8221; text_align=&#8221;left&#8221; css_animation=&#8221;&#8221;][vc_column_inner][vc_single_image image=&#8221;22866&#8243; img_size=&#8221;medium&#8221; add_caption=&#8221;yes&#8221; alignment=&#8221;center&#8221; onclick=&#8221;link_image&#8221; qode_css_animation=&#8221;&#8221;][vc_empty_space][vc_single_image image=&#8221;22867&#8243; img_size=&#8221;medium&#8221; add_caption=&#8221;yes&#8221; alignment=&#8221;center&#8221; onclick=&#8221;link_image&#8221; qode_css_animation=&#8221;&#8221;][vc_empty_space][\/vc_column_inner][\/vc_row_inner][\/vc_column][\/vc_row][vc_row row_type=&#8221;row&#8221; use_row_as_full_screen_section=&#8221;no&#8221; type=&#8221;full_width&#8221; text_align=&#8221;left&#8221;][vc_column][vc_column_text]<span style=\"text-decoration: underline;\">224 Bianco Corfu (1985-1994)<br \/>\n<\/span>[\/vc_column_text][vc_empty_space][vc_row_inner row_type=&#8221;row&#8221; type=&#8221;full_width&#8221; use_row_as_full_screen_section_slide=&#8221;no&#8221; text_align=&#8221;left&#8221; css_animation=&#8221;&#8221;][vc_column_inner][vc_single_image image=&#8221;22868&#8243; img_size=&#8221;medium&#8221; add_caption=&#8221;yes&#8221; alignment=&#8221;center&#8221; onclick=&#8221;link_image&#8221; qode_css_animation=&#8221;&#8221;][vc_empty_space][\/vc_column_inner][\/vc_row_inner][\/vc_column][\/vc_row][vc_row row_type=&#8221;row&#8221; use_row_as_full_screen_section=&#8221;no&#8221; type=&#8221;full_width&#8221; text_align=&#8221;left&#8221;][vc_column][vc_column_text]<span style=\"text-decoration: underline;\">333 Verde Tivoli (1993-1994)<br \/>\n<\/span>[\/vc_column_text][vc_empty_space][vc_row_inner row_type=&#8221;row&#8221; type=&#8221;full_width&#8221; use_row_as_full_screen_section_slide=&#8221;no&#8221; text_align=&#8221;left&#8221; css_animation=&#8221;&#8221;][vc_column_inner][vc_single_image image=&#8221;22869&#8243; img_size=&#8221;medium&#8221; add_caption=&#8221;yes&#8221; alignment=&#8221;center&#8221; onclick=&#8221;link_image&#8221; qode_css_animation=&#8221;&#8221;][vc_empty_space][\/vc_column_inner][\/vc_row_inner][\/vc_column][\/vc_row][vc_row][vc_column][vc_column_text]360 &#8211; Zielony FSM (1991-1992)[\/vc_column_text][vc_single_image image=&#8221;23888&#8243; img_size=&#8221;medium&#8221; alignment=&#8221;center&#8221; onclick=&#8221;link_image&#8221;][\/vc_column][\/vc_row][vc_row row_type=&#8221;row&#8221; use_row_as_full_screen_section=&#8221;no&#8221; type=&#8221;full_width&#8221; text_align=&#8221;left&#8221;][vc_column][vc_column_text]<span style=\"text-decoration: underline;\">402 Azurro Nautico (1991)<br \/>\n<\/span>[\/vc_column_text][vc_empty_space][vc_row_inner row_type=&#8221;row&#8221; type=&#8221;full_width&#8221; use_row_as_full_screen_section_slide=&#8221;no&#8221; text_align=&#8221;left&#8221; css_animation=&#8221;&#8221;][vc_column_inner][vc_single_image image=&#8221;22870&#8243; img_size=&#8221;medium&#8221; add_caption=&#8221;yes&#8221; alignment=&#8221;center&#8221; onclick=&#8221;link_image&#8221; qode_css_animation=&#8221;&#8221;][vc_empty_space][\/vc_column_inner][\/vc_row_inner][\/vc_column][\/vc_row][vc_row][vc_column][vc_column_text]403 &#8211; Niebieski Blue (1993-1994)[\/vc_column_text][vc_single_image image=&#8221;23908&#8243; img_size=&#8221;medium&#8221; alignment=&#8221;center&#8221; onclick=&#8221;link_image&#8221;][\/vc_column][\/vc_row][vc_row row_type=&#8221;row&#8221; use_row_as_full_screen_section=&#8221;no&#8221; type=&#8221;full_width&#8221; text_align=&#8221;left&#8221;][vc_column][vc_column_text]<span style=\"text-decoration: underline;\">447 Blu Biarritz (1991)<br \/>\n<\/span>[\/vc_column_text][vc_empty_space][vc_row_inner row_type=&#8221;row&#8221; type=&#8221;full_width&#8221; use_row_as_full_screen_section_slide=&#8221;no&#8221; text_align=&#8221;left&#8221; css_animation=&#8221;&#8221;][vc_column_inner][vc_single_image image=&#8221;22871&#8243; img_size=&#8221;medium&#8221; add_caption=&#8221;yes&#8221; alignment=&#8221;center&#8221; onclick=&#8221;link_image&#8221; qode_css_animation=&#8221;&#8221;][vc_empty_space][vc_single_image image=&#8221;22872&#8243; img_size=&#8221;medium&#8221; add_caption=&#8221;yes&#8221; alignment=&#8221;center&#8221; onclick=&#8221;link_image&#8221; qode_css_animation=&#8221;&#8221;][vc_empty_space][vc_single_image image=&#8221;22873&#8243; img_size=&#8221;medium&#8221; add_caption=&#8221;yes&#8221; alignment=&#8221;center&#8221; onclick=&#8221;link_image&#8221; qode_css_animation=&#8221;&#8221;][vc_empty_space][\/vc_column_inner][\/vc_row_inner][\/vc_column][\/vc_row][vc_row row_type=&#8221;row&#8221; use_row_as_full_screen_section=&#8221;no&#8221; type=&#8221;full_width&#8221; text_align=&#8221;left&#8221;][vc_column][vc_column_text]<span style=\"text-decoration: underline;\">454 &#8211; Zielony Szmaragdowy (1990-1994)<br \/>\n<\/span>[\/vc_column_text][vc_empty_space][vc_row_inner row_type=&#8221;row&#8221; type=&#8221;full_width&#8221; use_row_as_full_screen_section_slide=&#8221;no&#8221; text_align=&#8221;left&#8221; css_animation=&#8221;&#8221;][vc_column_inner][vc_single_image image=&#8221;22874&#8243; img_size=&#8221;medium&#8221; add_caption=&#8221;yes&#8221; alignment=&#8221;center&#8221; onclick=&#8221;link_image&#8221; qode_css_animation=&#8221;&#8221;][vc_empty_space][vc_single_image image=&#8221;22875&#8243; img_size=&#8221;medium&#8221; add_caption=&#8221;yes&#8221; alignment=&#8221;center&#8221; onclick=&#8221;link_image&#8221; qode_css_animation=&#8221;&#8221;][vc_empty_space][\/vc_column_inner][\/vc_row_inner][\/vc_column][\/vc_row][vc_row][vc_column][vc_column_text]481 &#8211; Azzurro (1985-1987)[\/vc_column_text][vc_single_image image=&#8221;23909&#8243; img_size=&#8221;medium&#8221; alignment=&#8221;center&#8221; onclick=&#8221;link_image&#8221;][\/vc_column][\/vc_row][vc_row row_type=&#8221;row&#8221; use_row_as_full_screen_section=&#8221;no&#8221; type=&#8221;full_width&#8221; text_align=&#8221;left&#8221;][vc_column][vc_column_text]<span style=\"text-decoration: underline;\">626 Grigio Oslo (1987-1991)<br \/>\n<\/span>[\/vc_column_text][vc_empty_space][vc_row_inner row_type=&#8221;row&#8221; type=&#8221;full_width&#8221; use_row_as_full_screen_section_slide=&#8221;no&#8221; text_align=&#8221;left&#8221; css_animation=&#8221;&#8221;][vc_column_inner][vc_single_image image=&#8221;22876&#8243; img_size=&#8221;medium&#8221; add_caption=&#8221;yes&#8221; alignment=&#8221;center&#8221; onclick=&#8221;link_image&#8221; qode_css_animation=&#8221;&#8221;][vc_empty_space][vc_single_image image=&#8221;22877&#8243; img_size=&#8221;medium&#8221; add_caption=&#8221;yes&#8221; alignment=&#8221;center&#8221; onclick=&#8221;link_image&#8221; qode_css_animation=&#8221;&#8221;][vc_empty_space][\/vc_column_inner][\/vc_row_inner][\/vc_column][\/vc_row][vc_row][vc_column][vc_column_text]701 &#8211; Marrone Land (1985)[\/vc_column_text][vc_single_image image=&#8221;23887&#8243; img_size=&#8221;medium&#8221; alignment=&#8221;center&#8221; onclick=&#8221;link_image&#8221;][\/vc_column][\/vc_row][vc_row row_type=&#8221;row&#8221; use_row_as_full_screen_section=&#8221;no&#8221; type=&#8221;full_width&#8221; text_align=&#8221;left&#8221;][vc_column][vc_column_text]<span style=\"text-decoration: underline;\">854\/f Rosso Fiam (1987-1994)<br \/>\n<\/span>[\/vc_column_text][vc_empty_space][vc_row_inner row_type=&#8221;row&#8221; type=&#8221;full_width&#8221; use_row_as_full_screen_section_slide=&#8221;no&#8221; text_align=&#8221;left&#8221; css_animation=&#8221;&#8221;][vc_column_inner][vc_single_image image=&#8221;22878&#8243; img_size=&#8221;medium&#8221; add_caption=&#8221;yes&#8221; alignment=&#8221;center&#8221; onclick=&#8221;link_image&#8221; qode_css_animation=&#8221;&#8221;][vc_empty_space][vc_single_image image=&#8221;22879&#8243; img_size=&#8221;medium&#8221; add_caption=&#8221;yes&#8221; alignment=&#8221;center&#8221; onclick=&#8221;link_image&#8221; qode_css_animation=&#8221;&#8221;][vc_empty_space][\/vc_column_inner][\/vc_row_inner][\/vc_column][\/vc_row]\n","protected":false},"excerpt":{"rendered":"<p>[vc_row][vc_column][vc_column_text]Kolory lakier\u00f3w stosowane w wersji FL[\/vc_column_text][\/vc_column][\/vc_row][vc_row][vc_column][vc_column_text]03 &#8211; Bia\u0142y Per\u0142a (1985-1991) Polski odpowiednik lakieru 224 Bianco Corfu.[\/vc_column_text][vc_single_image image=&#8221;23911&#8243; img_size=&#8221;medium&#8221; alignment=&#8221;center&#8221; onclick=&#8221;link_image&#8221;][\/vc_column][\/vc_row][vc_row][vc_column][vc_column_text]05 &#8211; Be\u017cowy (1988-1991)[\/vc_column_text][vc_single_image image=&#8221;23913&#8243; img_size=&#8221;medium&#8221; alignment=&#8221;center&#8221; onclick=&#8221;link_image&#8221;][\/vc_column][\/vc_row][vc_row][vc_column][vc_column_text]09 &#8211; \u017b\u00f3\u0142ty Piaskowy (1985-1991)[\/vc_column_text][vc_single_image image=&#8221;23914&#8243; img_size=&#8221;medium&#8221; alignment=&#8221;center&#8221; onclick=&#8221;link_image&#8221;][\/vc_column][\/vc_row][vc_row][vc_column][vc_column_text]17 &#8211; Czerwony FSM (1990-1991)[\/vc_column_text][vc_single_image image=&#8221;23915&#8243; img_size=&#8221;medium&#8221; alignment=&#8221;center&#8221; onclick=&#8221;link_image&#8221;][\/vc_column][\/vc_row][vc_row][vc_column][vc_column_text]18 &#8211; Zielony&#8230;<\/p>\n","protected":false},"author":2,"featured_media":0,"parent":22840,"menu_order":0,"comment_status":"closed","ping_status":"closed","template":"","meta":{"advanced_seo_description":"","spay_email":""},"jetpack_sharing_enabled":true,"jetpack_shortlink":"https:\/\/wp.me\/P9KryZ-5WI","jetpack_likes_enabled":true,"jetpack-related-posts":[{"id":22587,"url":"http:\/\/rezerwa126p.pl\/?page_id=22587","url_meta":{"origin":22860,"position":0},"title":"Fiat 126p model przej\u015bciowy","date":"4 listopada 2017","format":false,"excerpt":"[vc_row row_type=\"row\" use_row_as_full_screen_section=\"no\" type=\"full_width\" text_align=\"left\"][vc_column][vc_column_text]Po wprowadzeniu nowego modelu FL w grudniu 1984, r\u00f3wnolegle powstawa\u0142y wersje mieszane, wy\u0142\u0105cznie na rynek krajowy. Wi\u0119kszo\u015b\u0107 nowych FLi wyje\u017cd\u017ca\u0142o na eksport do sieci dealerskiej Fiata, a Polscy odbiorcy czekali na samochody, niekoniecznie w najnowszej wersji. W czasach gospodarki centralnie planowanej, produkcja nadwozi pod wyposa\u017cenie ST\u2026","rel":"","context":"Similar post","img":{"alt_text":"","src":"","width":0,"height":0},"classes":[]},{"id":22723,"url":"http:\/\/rezerwa126p.pl\/?page_id=22723","url_meta":{"origin":22860,"position":1},"title":"Opis modelu","date":"5 listopada 2017","format":false,"excerpt":"[vc_row row_type=\"row\" use_row_as_full_screen_section=\"no\" type=\"full_width\" text_align=\"left\" css_animation=\"\"][vc_column][vc_row_inner row_type=\"row\" type=\"full_width\" use_row_as_full_screen_section_slide=\"no\" text_align=\"left\" css_animation=\"\"][vc_column_inner][vc_column_text]Przy bielskiej fabryce dzia\u0142a\u0142 O\u015brodek Badawczo-Rozwojowy Samochod\u00f3w Ma\u0142olitra\u017cowych BOSMAL, w kt\u00f3rym prowadzone by\u0142y badania nad usprawnieniami produkowanych w FSM samochod\u00f3w, oraz prototypami nowych. Wszystkie nowe konstrukcje pozosta\u0142y w fazie prototyp\u00f3w. Wyj\u0105tkiem\u00a0by\u0142 Bosmal 126 Cabrio \u2013 Maluch w wersji kabriolet, kt\u00f3ry\u2026","rel":"","context":"Similar post","img":{"alt_text":"","src":"","width":0,"height":0},"classes":[]},{"id":22315,"url":"http:\/\/rezerwa126p.pl\/?page_id=22315","url_meta":{"origin":22860,"position":2},"title":"Schemat instalacji Fiat 126p FL","date":"4 listopada 2017","format":false,"excerpt":"[vc_row row_type=\"row\" use_row_as_full_screen_section=\"no\" type=\"full_width\" text_align=\"left\" css_animation=\"\"][vc_column][vc_column_text]Pobierz schemat - Fiat 126p FL[\/vc_column_text][\/vc_column][\/vc_row]","rel":"","context":"Similar post","img":{"alt_text":"","src":"","width":0,"height":0},"classes":[]},{"id":22317,"url":"http:\/\/rezerwa126p.pl\/?page_id=22317","url_meta":{"origin":22860,"position":3},"title":"Schemat bezpiecznik\u00f3w Fiat 126p FL","date":"4 listopada 2017","format":false,"excerpt":"[vc_row row_type=\"row\" use_row_as_full_screen_section=\"no\" type=\"full_width\" text_align=\"left\" css_animation=\"\"][vc_column][vc_single_image image=\"22318\" img_size=\"1000x900\" alignment=\"center\" onclick=\"img_link_large\" qode_css_animation=\"\"][\/vc_column][\/vc_row]","rel":"","context":"Similar post","img":{"alt_text":"","src":"","width":0,"height":0},"classes":[]},{"id":22664,"url":"http:\/\/rezerwa126p.pl\/?page_id=22664","url_meta":{"origin":22860,"position":4},"title":"Ksi\u0105\u017cka gwarancyjna","date":"5 listopada 2017","format":false,"excerpt":"[vc_row row_type=\"row\" use_row_as_full_screen_section=\"no\" type=\"full_width\" text_align=\"left\" css_animation=\"\"][vc_column][vc_column_text]Poni\u017cej zamieszczamy skany ksi\u0105\u017cki gwarancyjnej, do\u0142\u0105czanej do ka\u017cdego nowego Fiata 126p FL[\/vc_column_text][vc_empty_space][vc_row_inner row_type=\"row\" type=\"full_width\" use_row_as_full_screen_section_slide=\"no\" text_align=\"left\" css_animation=\"\"][vc_column_inner][vc_single_image image=\"22667\" img_size=\"medium\" add_caption=\"yes\" alignment=\"center\" onclick=\"img_link_large\" qode_css_animation=\"\"][vc_empty_space][vc_single_image image=\"22668\" img_size=\"medium\" add_caption=\"yes\" alignment=\"center\" onclick=\"img_link_large\" qode_css_animation=\"\"][vc_empty_space][vc_single_image image=\"22669\" img_size=\"medium\" add_caption=\"yes\" alignment=\"center\" onclick=\"img_link_large\" qode_css_animation=\"\"][\/vc_column_inner][\/vc_row_inner][\/vc_column][\/vc_row]","rel":"","context":"Similar post","img":{"alt_text":"","src":"","width":0,"height":0},"classes":[]},{"id":22675,"url":"http:\/\/rezerwa126p.pl\/?page_id=22675","url_meta":{"origin":22860,"position":5},"title":"Polski prospekt reklamowy","date":"5 listopada 2017","format":false,"excerpt":"[vc_row row_type=\"row\" use_row_as_full_screen_section=\"no\" type=\"full_width\" text_align=\"left\" css_animation=\"\"][vc_column][vc_column_text]Fragment polskiego folderu reklamowego, na kt\u00f3rym wida\u0107 najbogatsz\u0105 wersj\u0119 FL - mi\u0119dzy innymi pe\u0142ne ko\u0142paki, uchylne tyle szyby, fotele z zag\u0142\u00f3wkami, prawe lusterko.[\/vc_column_text][vc_empty_space][vc_row_inner row_type=\"row\" type=\"full_width\" use_row_as_full_screen_section_slide=\"no\" text_align=\"left\" css_animation=\"\"][vc_column_inner][vc_single_image image=\"22665\" img_size=\"medium\" add_caption=\"yes\" alignment=\"center\" onclick=\"link_image\" qode_css_animation=\"\"][vc_empty_space][vc_single_image image=\"22671\" img_size=\"medium\" add_caption=\"yes\" alignment=\"center\" onclick=\"link_image\" qode_css_animation=\"\"][\/vc_column_inner][\/vc_row_inner][\/vc_column][\/vc_row]","rel":"","context":"Similar post","img":{"alt_text":"","src":"","width":0,"height":0},"classes":[]}],"_links":{"self":[{"href":"http:\/\/rezerwa126p.pl\/index.php?rest_route=\/wp\/v2\/pages\/22860"}],"collection":[{"href":"http:\/\/rezerwa126p.pl\/index.php?rest_route=\/wp\/v2\/pages"}],"about":[{"href":"http:\/\/rezerwa126p.pl\/index.php?rest_route=\/wp\/v2\/types\/page"}],"author":[{"embeddable":true,"href":"http:\/\/rezerwa126p.pl\/index.php?rest_route=\/wp\/v2\/users\/2"}],"replies":[{"embeddable":true,"href":"http:\/\/rezerwa126p.pl\/index.php?rest_route=%2Fwp%2Fv2%2Fcomments&post=22860"}],"version-history":[{"count":9,"href":"http:\/\/rezerwa126p.pl\/index.php?rest_route=\/wp\/v2\/pages\/22860\/revisions"}],"predecessor-version":[{"id":23921,"href":"http:\/\/rezerwa126p.pl\/index.php?rest_route=\/wp\/v2\/pages\/22860\/revisions\/23921"}],"up":[{"embeddable":true,"href":"http:\/\/rezerwa126p.pl\/index.php?rest_route=\/wp\/v2\/pages\/22840"}],"wp:attachment":[{"href":"http:\/\/rezerwa126p.pl\/index.php?rest_route=%2Fwp%2Fv2%2Fmedia&parent=22860"}],"curies":[{"name":"wp","href":"https:\/\/api.w.org\/{rel}","templated":true}]}}