{"id":22842,"date":"2017-11-08T23:07:31","date_gmt":"2017-11-08T22:07:31","guid":{"rendered":"http:\/\/rezerwa126p.pl\/web\/?page_id=22842"},"modified":"2022-01-18T18:14:11","modified_gmt":"2022-01-18T17:14:11","slug":"st","status":"publish","type":"page","link":"http:\/\/rezerwa126p.pl\/?page_id=22842","title":{"rendered":"ST"},"content":{"rendered":"[vc_row row_type=&#8221;row&#8221; use_row_as_full_screen_section=&#8221;no&#8221; type=&#8221;full_width&#8221; text_align=&#8221;left&#8221;][vc_column][vc_column_text]<strong>Kolory lakier\u00f3w stosowane w wersji ST<\/strong><\/p>\n<p>Przedstawione poni\u017cej kody lakier\u00f3w by\u0142y stosowane w zak\u0142adach FSM w latach 1973-1984. Spis zosta\u0142 podzielony na dwie sekcje: Lakiery stosowane dla I serii Polskiego Fiata 126p (73-77) oraz dla II serii (77-84). Nie wszystkie lakiery mo\u017cna by\u0142o spotka\u0107 w Polmozbycie, bowiem pewna cz\u0119\u015b\u0107 barw by\u0142a przeznaczona tylko na eksport. Lakiery do produkcji by\u0142y wytwarzane przez Cieszy\u0144sk\u0105 Fabryk\u0119 Farb i Lakier\u00f3w &#8222;Polifarb&#8221;, oraz przez IVI Italia.<\/p>\n<p>&nbsp;<\/p>\n<p>Za wszystkie zdj\u0119cia dzi\u0119kujemy wszelkim portalom aukcyjnym, oraz pozosta\u0142ym stronom internetowym. Wasze zasoby w du\u017cym stopniu przyczyniaj\u0105 si\u0119 do rozwoju owej bazy wiedzy o Maluchach \ud83d\ude09<\/p>\n<p>&nbsp;<\/p>\n<p style=\"text-align: center;\"><span style=\"text-decoration: underline;\"><em><strong>ST I seria (1973-1977)<\/strong><\/em><br \/>\n<\/span><\/p>\n[\/vc_column_text][vc_empty_space][\/vc_column][\/vc_row][vc_row][vc_column][vc_column_text]171 &#8211; Rosso Arancio (1973-1977)[\/vc_column_text][vc_single_image image=&#8221;23864&#8243; img_size=&#8221;medium&#8221; alignment=&#8221;center&#8221; onclick=&#8221;link_image&#8221;][vc_column_text]233 &#8211; Bianco [010 &#8211; Bia\u0142y] (1973-1977)[\/vc_column_text][vc_single_image image=&#8221;23859&#8243; img_size=&#8221;medium&#8221; alignment=&#8221;center&#8221; onclick=&#8221;link_image&#8221;][vc_column_text]234 &#8211; Avorio Antico [020 &#8211; Ko\u015b\u0107 S\u0142oniowa]\n<p>(1973-1977)[\/vc_column_text][vc_single_image image=&#8221;23860&#8243; img_size=&#8221;medium&#8221; alignment=&#8221;center&#8221; onclick=&#8221;link_image&#8221;][vc_column_text]246 &#8211; Giallo Tufo (1973-1977)[\/vc_column_text][vc_single_image image=&#8221;23862&#8243; img_size=&#8221;medium&#8221; alignment=&#8221;center&#8221; onclick=&#8221;link_image&#8221;][\/vc_column][\/vc_row][vc_row][vc_column][vc_column_text]251 &#8211; Giallo Chiaro (prawdopodobnie stosowany tylko w 1977)[\/vc_column_text][vc_single_image image=&#8221;23815&#8243; img_size=&#8221;medium&#8221; alignment=&#8221;center&#8221; onclick=&#8221;link_image&#8221;][vc_column_text]463 &#8211; Turhese Farfalla (1973-1977)[\/vc_column_text][vc_single_image image=&#8221;23865&#8243; img_size=&#8221;medium&#8221; alignment=&#8221;center&#8221; onclick=&#8221;link_image&#8221;][vc_column_text]532 &#8211; Beige Chiaro [040 &#8211; Be\u017cowy]\n<p>(1973-1977)[\/vc_column_text][vc_single_image image=&#8221;23861&#8243; img_size=&#8221;medium&#8221; alignment=&#8221;center&#8221; onclick=&#8221;link_image&#8221;][\/vc_column][\/vc_row][vc_row][vc_column][vc_empty_space][vc_column_text]\n<p style=\"text-align: center;\"><em><strong>ST II seria (1977-1984)<\/strong><\/em><\/p>\n[\/vc_column_text][vc_empty_space][vc_column_text]165 &#8211; Rosso Corallo Scuro\/Czerwie\u0144 koralowa (1977-1980)[\/vc_column_text][vc_single_image image=&#8221;23899&#8243; img_size=&#8221;medium&#8221; alignment=&#8221;center&#8221; onclick=&#8221;link_image&#8221;][\/vc_column][\/vc_row][vc_row][vc_column][vc_column_text]185 &#8211; Bordeaux (1980-1982)<\/p>\n<p>Kolor ten oficjalnie wyst\u0119powa\u0142 w limitowanej edycji RED, ale zdarza\u0142y si\u0119 cywilne egzemplarze w tej barwie, jako odrzuty.[\/vc_column_text][vc_single_image image=&#8221;23817&#8243; img_size=&#8221;medium&#8221; alignment=&#8221;center&#8221; onclick=&#8221;link_image&#8221;][\/vc_column][\/vc_row][vc_row row_type=&#8221;row&#8221; use_row_as_full_screen_section=&#8221;no&#8221; type=&#8221;full_width&#8221; text_align=&#8221;left&#8221;][vc_column][vc_column_text]200 &#8211; Arancio Scuro\/Orzech \u015aredni (1980-1984)[\/vc_column_text][vc_empty_space][vc_row_inner row_type=&#8221;row&#8221; type=&#8221;full_width&#8221; use_row_as_full_screen_section_slide=&#8221;no&#8221; text_align=&#8221;left&#8221; css_animation=&#8221;&#8221;][vc_column_inner][vc_single_image image=&#8221;23806&#8243; img_size=&#8221;medium&#8221; add_caption=&#8221;yes&#8221; alignment=&#8221;center&#8221; onclick=&#8221;link_image&#8221; qode_css_animation=&#8221;&#8221;][vc_empty_space][\/vc_column_inner][\/vc_row_inner][\/vc_column][\/vc_row][vc_row row_type=&#8221;row&#8221; use_row_as_full_screen_section=&#8221;no&#8221; type=&#8221;full_width&#8221; text_align=&#8221;left&#8221;][vc_column][vc_column_text]<span style=\"text-decoration: underline;\">204 &#8211; Avorio Senegal (1980-1984)<\/span>[\/vc_column_text][vc_empty_space][vc_row_inner row_type=&#8221;row&#8221; type=&#8221;full_width&#8221; use_row_as_full_screen_section_slide=&#8221;no&#8221; text_align=&#8221;left&#8221; css_animation=&#8221;&#8221;][vc_column_inner][vc_single_image image=&#8221;23807&#8243; img_size=&#8221;medium&#8221; add_caption=&#8221;yes&#8221; alignment=&#8221;center&#8221; onclick=&#8221;link_image&#8221; qode_css_animation=&#8221;&#8221;][vc_empty_space][vc_empty_space][\/vc_column_inner][\/vc_row_inner][\/vc_column][\/vc_row][vc_row][vc_column][vc_column_text]224 &#8211; Bianco Corfu (1977-1984)[\/vc_column_text][vc_single_image image=&#8221;23816&#8243; img_size=&#8221;medium&#8221; alignment=&#8221;center&#8221; onclick=&#8221;link_image&#8221;][\/vc_column][\/vc_row][vc_row row_type=&#8221;row&#8221; use_row_as_full_screen_section=&#8221;no&#8221; type=&#8221;full_width&#8221; text_align=&#8221;left&#8221;][vc_column][vc_column_text]<span style=\"text-decoration: underline;\">246 &#8211; Giallo Tufo (1977-1984)<\/span>[\/vc_column_text][vc_empty_space][vc_row_inner row_type=&#8221;row&#8221; type=&#8221;full_width&#8221; use_row_as_full_screen_section_slide=&#8221;no&#8221; text_align=&#8221;left&#8221; css_animation=&#8221;&#8221;][vc_column_inner][vc_single_image image=&#8221;23808&#8243; img_size=&#8221;medium&#8221; add_caption=&#8221;yes&#8221; alignment=&#8221;center&#8221; onclick=&#8221;link_image&#8221; qode_css_animation=&#8221;&#8221;][vc_empty_space][vc_empty_space][vc_empty_space][\/vc_column_inner][\/vc_row_inner][\/vc_column][\/vc_row][vc_row row_type=&#8221;row&#8221; use_row_as_full_screen_section=&#8221;no&#8221; type=&#8221;full_width&#8221; text_align=&#8221;left&#8221;][vc_column][vc_column_text]<span style=\"text-decoration: underline;\">294 &#8211; Giallo Oriente (1977-1984)<\/span>[\/vc_column_text][vc_empty_space][vc_row_inner row_type=&#8221;row&#8221; type=&#8221;full_width&#8221; use_row_as_full_screen_section_slide=&#8221;no&#8221; text_align=&#8221;left&#8221; css_animation=&#8221;&#8221;][vc_column_inner][vc_single_image image=&#8221;23809&#8243; img_size=&#8221;medium&#8221; add_caption=&#8221;yes&#8221; alignment=&#8221;center&#8221; onclick=&#8221;link_image&#8221; qode_css_animation=&#8221;&#8221;][vc_empty_space][\/vc_column_inner][\/vc_row_inner][\/vc_column][\/vc_row][vc_row][vc_column][vc_column_text]331 &#8211; Verde Salvia (1980-1984)[\/vc_column_text][vc_single_image image=&#8221;23846&#8243; img_size=&#8221;medium&#8221; alignment=&#8221;center&#8221; onclick=&#8221;link_image&#8221;][\/vc_column][\/vc_row][vc_row][vc_column][vc_column_text]358 &#8211; Verde Chiaro (1977-1980)[\/vc_column_text][vc_single_image image=&#8221;23811&#8243; img_size=&#8221;medium&#8221; alignment=&#8221;center&#8221; onclick=&#8221;link_image&#8221;][\/vc_column][\/vc_row][vc_row][vc_column][vc_column_text]374 &#8211; Verde Brillante (1977-1980)[\/vc_column_text][vc_single_image image=&#8221;23845&#8243; img_size=&#8221;medium&#8221; alignment=&#8221;center&#8221; onclick=&#8221;link_image&#8221;][\/vc_column][\/vc_row][vc_row][vc_column][vc_column_text]408 &#8211; Blu Adriatico (1977-1980)[\/vc_column_text][\/vc_column][vc_column][vc_single_image image=&#8221;23812&#8243; img_size=&#8221;medium&#8221; alignment=&#8221;center&#8221; onclick=&#8221;link_image&#8221;][vc_empty_space][\/vc_column][\/vc_row][vc_row row_type=&#8221;row&#8221; use_row_as_full_screen_section=&#8221;no&#8221; type=&#8221;full_width&#8221; text_align=&#8221;left&#8221;][vc_column][vc_column_text]<span style=\"text-decoration: underline;\">438 &#8211; Lord Blue (1980-1984)<\/span>[\/vc_column_text][vc_row_inner row_type=&#8221;row&#8221; type=&#8221;full_width&#8221; use_row_as_full_screen_section_slide=&#8221;no&#8221; text_align=&#8221;left&#8221; css_animation=&#8221;&#8221;][vc_column_inner][vc_single_image image=&#8221;23858&#8243; img_size=&#8221;medium&#8221; alignment=&#8221;center&#8221; onclick=&#8221;link_image&#8221;][vc_empty_space][\/vc_column_inner][\/vc_row_inner][vc_column_text]456 &#8211; Blu Scuro (1977-1979)[\/vc_column_text][vc_single_image image=&#8221;23805&#8243; img_size=&#8221;medium&#8221; add_caption=&#8221;yes&#8221; alignment=&#8221;center&#8221; onclick=&#8221;link_image&#8221; qode_css_animation=&#8221;&#8221;][\/vc_column][\/vc_row][vc_row][vc_column][vc_column_text]463 &#8211; Turhese Farfalla (1977-1980)[\/vc_column_text][vc_single_image image=&#8221;23813&#8243; img_size=&#8221;medium&#8221; alignment=&#8221;center&#8221; onclick=&#8221;link_image&#8221;][\/vc_column][\/vc_row][vc_row][vc_column][vc_column_text]481 &#8211; Azurro (1980-1984)[\/vc_column_text][vc_single_image image=&#8221;23814&#8243; img_size=&#8221;medium&#8221; alignment=&#8221;center&#8221; onclick=&#8221;link_image&#8221;][\/vc_column][\/vc_row][vc_row row_type=&#8221;row&#8221; use_row_as_full_screen_section=&#8221;no&#8221; type=&#8221;full_width&#8221; text_align=&#8221;left&#8221;][vc_column][vc_column_text]<span style=\"text-decoration: underline;\">532 &#8211; Beige Chiaro (1977-1984)<\/span>[\/vc_column_text][vc_empty_space][vc_row_inner row_type=&#8221;row&#8221; type=&#8221;full_width&#8221; use_row_as_full_screen_section_slide=&#8221;no&#8221; text_align=&#8221;left&#8221; css_animation=&#8221;&#8221;][vc_column_inner][vc_single_image image=&#8221;23810&#8243; img_size=&#8221;medium&#8221; add_caption=&#8221;yes&#8221; alignment=&#8221;center&#8221; onclick=&#8221;link_image&#8221; qode_css_animation=&#8221;&#8221;][vc_empty_space][vc_empty_space][vc_empty_space][\/vc_column_inner][\/vc_row_inner][\/vc_column][\/vc_row][vc_row row_type=&#8221;row&#8221; use_row_as_full_screen_section=&#8221;no&#8221; type=&#8221;full_width&#8221; text_align=&#8221;left&#8221;][vc_column][vc_column_text]<span style=\"text-decoration: underline;\">579 &#8211; Camoscio (1977-1980)<\/span>[\/vc_column_text][vc_row_inner row_type=&#8221;row&#8221; type=&#8221;full_width&#8221; use_row_as_full_screen_section_slide=&#8221;no&#8221; text_align=&#8221;left&#8221; css_animation=&#8221;&#8221;][vc_column_inner][vc_empty_space][vc_single_image image=&#8221;23848&#8243; img_size=&#8221;medium&#8221; add_caption=&#8221;yes&#8221; alignment=&#8221;center&#8221; onclick=&#8221;link_image&#8221; qode_css_animation=&#8221;&#8221;][\/vc_column_inner][\/vc_row_inner][\/vc_column][\/vc_row][vc_row][vc_column][vc_column_text]701 &#8211; Marrone Land (1980-1984)[\/vc_column_text][vc_single_image image=&#8221;23819&#8243; img_size=&#8221;medium&#8221; alignment=&#8221;center&#8221; onclick=&#8221;link_image&#8221;][\/vc_column][\/vc_row][vc_row][vc_column][\/vc_column][\/vc_row]\n","protected":false},"excerpt":{"rendered":"<p>[vc_row row_type=&#8221;row&#8221; use_row_as_full_screen_section=&#8221;no&#8221; type=&#8221;full_width&#8221; text_align=&#8221;left&#8221;][vc_column][vc_column_text]Kolory lakier\u00f3w stosowane w wersji ST Przedstawione poni\u017cej kody lakier\u00f3w by\u0142y stosowane w zak\u0142adach FSM w latach 1973-1984. Spis zosta\u0142 podzielony na dwie sekcje: Lakiery stosowane dla I serii Polskiego Fiata 126p (73-77) oraz dla II serii (77-84). Nie wszystkie lakiery&#8230;<\/p>\n","protected":false},"author":2,"featured_media":0,"parent":22840,"menu_order":0,"comment_status":"closed","ping_status":"closed","template":"","meta":{"advanced_seo_description":"","spay_email":""},"jetpack_sharing_enabled":true,"jetpack_shortlink":"https:\/\/wp.me\/P9KryZ-5Wq","jetpack_likes_enabled":true,"jetpack-related-posts":[{"id":22882,"url":"http:\/\/rezerwa126p.pl\/?page_id=22882","url_meta":{"origin":22842,"position":0},"title":"EL, ELX, Town, Happy End","date":"12 listopada 2017","format":false,"excerpt":"[vc_row row_type=\"row\" use_row_as_full_screen_section=\"no\" type=\"full_width\" text_align=\"left\"][vc_column][\/vc_column][\/vc_row][vc_row row_type=\"row\" use_row_as_full_screen_section=\"no\" type=\"full_width\" text_align=\"left\"][vc_column][vc_column_text]Kolory lakier\u00f3w stosowane w wersji EL, ELX, Town i Happy End Fiat 126 EL (09.1994 - 12.1996) \u00a0 076 Verde Redoute[\/vc_column_text][vc_empty_space][vc_row_inner row_type=\"row\" type=\"full_width\" use_row_as_full_screen_section_slide=\"no\" text_align=\"left\" css_animation=\"\"][vc_column_inner][vc_single_image image=\"22883\" img_size=\"medium\" add_caption=\"yes\" alignment=\"center\" onclick=\"link_image\" qode_css_animation=\"\"][vc_empty_space][\/vc_column_inner][\/vc_row_inner][\/vc_column][\/vc_row][vc_row row_type=\"row\" use_row_as_full_screen_section=\"no\" type=\"full_width\" text_align=\"left\"][vc_column][vc_column_text]129 - Rosso Swift[\/vc_column_text][vc_empty_space][vc_row_inner row_type=\"row\" type=\"full_width\" use_row_as_full_screen_section_slide=\"no\"\u2026","rel":"","context":"Similar post","img":{"alt_text":"","src":"","width":0,"height":0},"classes":[]},{"id":22909,"url":"http:\/\/rezerwa126p.pl\/?page_id=22909","url_meta":{"origin":22842,"position":1},"title":"BIS","date":"14 listopada 2017","format":false,"excerpt":"[vc_row row_type=\"row\" use_row_as_full_screen_section=\"no\" type=\"full_width\" text_align=\"left\" css_animation=\"\"][vc_column][vc_column_text]Kolory lakier\u00f3w stosowane w wersji BIS \u00a0 205 Meteor Avorio[\/vc_column_text][vc_empty_space][vc_row_inner row_type=\"row\" type=\"full_width\" use_row_as_full_screen_section_slide=\"no\" text_align=\"left\" css_animation=\"\"][vc_column_inner][vc_single_image image=\"22911\" img_size=\"medium\" add_caption=\"yes\" alignment=\"center\" onclick=\"link_image\" qode_css_animation=\"\"][vc_empty_space][\/vc_column_inner][\/vc_row_inner][\/vc_column][\/vc_row][vc_row row_type=\"row\" use_row_as_full_screen_section=\"no\" type=\"full_width\" text_align=\"left\" css_animation=\"\"][vc_column][vc_column_text]224 Bianco Corfu[\/vc_column_text][vc_empty_space][vc_row_inner row_type=\"row\" type=\"full_width\" use_row_as_full_screen_section_slide=\"no\" text_align=\"left\" css_animation=\"\"][vc_column_inner][vc_single_image image=\"22912\" img_size=\"medium\" add_caption=\"yes\" alignment=\"center\" onclick=\"link_image\" qode_css_animation=\"\"][vc_empty_space][vc_single_image image=\"22913\" img_size=\"medium\" add_caption=\"yes\" alignment=\"center\" onclick=\"link_image\" qode_css_animation=\"\"][vc_empty_space][\/vc_column_inner][\/vc_row_inner][\/vc_column][\/vc_row][vc_row\u2026","rel":"","context":"Similar post","img":{"alt_text":"","src":"","width":0,"height":0},"classes":[]},{"id":22624,"url":"http:\/\/rezerwa126p.pl\/?page_id=22624","url_meta":{"origin":22842,"position":2},"title":"Fiat 126p ST &#8211; opis modelu","date":"5 listopada 2017","format":false,"excerpt":"[vc_row row_type=\"row\" use_row_as_full_screen_section=\"no\" type=\"full_width\" text_align=\"left\" css_animation=\"\"][vc_column][vc_column_text]Fiat nowy model 126 oficjalnie zaprezentowa\u0142 9 listopada 1972 roku na salonie samochodowym w Turynie. Kilka dni, po tym wydarzeniu nowego Fiata 126 pokazano w Warszawie na Placu Defilad. 6 czerwca 1973 zmontowano w fabryce FSM w Bielsku Bia\u0142ej pierwszego Polskiego Fiata 126p z w\u0142oskich\u2026","rel":"","context":"Similar post","img":{"alt_text":"","src":"","width":0,"height":0},"classes":[]},{"id":22860,"url":"http:\/\/rezerwa126p.pl\/?page_id=22860","url_meta":{"origin":22842,"position":3},"title":"FL","date":"10 listopada 2017","format":false,"excerpt":"[vc_row][vc_column][vc_column_text]Kolory lakier\u00f3w stosowane w wersji FL[\/vc_column_text][\/vc_column][\/vc_row][vc_row][vc_column][vc_column_text]03 - Bia\u0142y Per\u0142a (1985-1991) Polski odpowiednik lakieru 224 Bianco Corfu.[\/vc_column_text][vc_single_image image=\"23911\" img_size=\"medium\" alignment=\"center\" onclick=\"link_image\"][\/vc_column][\/vc_row][vc_row][vc_column][vc_column_text]05 - Be\u017cowy (1988-1991)[\/vc_column_text][vc_single_image image=\"23913\" img_size=\"medium\" alignment=\"center\" onclick=\"link_image\"][\/vc_column][\/vc_row][vc_row][vc_column][vc_column_text]09 - \u017b\u00f3\u0142ty Piaskowy (1985-1991)[\/vc_column_text][vc_single_image image=\"23914\" img_size=\"medium\" alignment=\"center\" onclick=\"link_image\"][\/vc_column][\/vc_row][vc_row][vc_column][vc_column_text]17 - Czerwony FSM (1990-1991)[\/vc_column_text][vc_single_image image=\"23915\" img_size=\"medium\" alignment=\"center\" onclick=\"link_image\"][\/vc_column][\/vc_row][vc_row][vc_column][vc_column_text]18 - Zielony Wiosenny (1988-1990)[\/vc_column_text][vc_single_image image=\"23916\" img_size=\"medium\" alignment=\"center\"\u2026","rel":"","context":"Similar post","img":{"alt_text":"","src":"","width":0,"height":0},"classes":[]},{"id":22723,"url":"http:\/\/rezerwa126p.pl\/?page_id=22723","url_meta":{"origin":22842,"position":4},"title":"Opis modelu","date":"5 listopada 2017","format":false,"excerpt":"[vc_row row_type=\"row\" use_row_as_full_screen_section=\"no\" type=\"full_width\" text_align=\"left\" css_animation=\"\"][vc_column][vc_row_inner row_type=\"row\" type=\"full_width\" use_row_as_full_screen_section_slide=\"no\" text_align=\"left\" css_animation=\"\"][vc_column_inner][vc_column_text]Przy bielskiej fabryce dzia\u0142a\u0142 O\u015brodek Badawczo-Rozwojowy Samochod\u00f3w Ma\u0142olitra\u017cowych BOSMAL, w kt\u00f3rym prowadzone by\u0142y badania nad usprawnieniami produkowanych w FSM samochod\u00f3w, oraz prototypami nowych. Wszystkie nowe konstrukcje pozosta\u0142y w fazie prototyp\u00f3w. Wyj\u0105tkiem\u00a0by\u0142 Bosmal 126 Cabrio \u2013 Maluch w wersji kabriolet, kt\u00f3ry\u2026","rel":"","context":"Similar post","img":{"alt_text":"","src":"","width":0,"height":0},"classes":[]},{"id":22590,"url":"http:\/\/rezerwa126p.pl\/?page_id=22590","url_meta":{"origin":22842,"position":5},"title":"ST","date":"4 listopada 2017","format":false,"excerpt":"Pierwowz\u00f3r, najbardziej klasyczna wersja Malucha. Pozbawiony wszelkich ulepsze\u0144 spotykanych w p\u00f3\u017aniejszych modelach. Charakterystyczn\u0105 cech\u0105 typow\u0105 dla odmiany ST, s\u0105 ko\u0142a o szerokim rozstawie \u015brub (4x190), tak zwane Cytrynki. Oraz wiadomo, zderzaki chromowane. ST produkowany by\u0142 w dw\u00f3ch generacjach - I seria (1973 - 07.1977), oraz II seria (07.1977 - 12.1984)\u2026","rel":"","context":"Similar post","img":{"alt_text":"","src":"https:\/\/i0.wp.com\/rezerwa126p.pl\/web\/wp-content\/uploads\/2021\/12\/020-300x209.jpeg?resize=350%2C200","width":350,"height":200},"classes":[]}],"_links":{"self":[{"href":"http:\/\/rezerwa126p.pl\/index.php?rest_route=\/wp\/v2\/pages\/22842"}],"collection":[{"href":"http:\/\/rezerwa126p.pl\/index.php?rest_route=\/wp\/v2\/pages"}],"about":[{"href":"http:\/\/rezerwa126p.pl\/index.php?rest_route=\/wp\/v2\/types\/page"}],"author":[{"embeddable":true,"href":"http:\/\/rezerwa126p.pl\/index.php?rest_route=\/wp\/v2\/users\/2"}],"replies":[{"embeddable":true,"href":"http:\/\/rezerwa126p.pl\/index.php?rest_route=%2Fwp%2Fv2%2Fcomments&post=22842"}],"version-history":[{"count":11,"href":"http:\/\/rezerwa126p.pl\/index.php?rest_route=\/wp\/v2\/pages\/22842\/revisions"}],"predecessor-version":[{"id":23901,"href":"http:\/\/rezerwa126p.pl\/index.php?rest_route=\/wp\/v2\/pages\/22842\/revisions\/23901"}],"up":[{"embeddable":true,"href":"http:\/\/rezerwa126p.pl\/index.php?rest_route=\/wp\/v2\/pages\/22840"}],"wp:attachment":[{"href":"http:\/\/rezerwa126p.pl\/index.php?rest_route=%2Fwp%2Fv2%2Fmedia&parent=22842"}],"curies":[{"name":"wp","href":"https:\/\/api.w.org\/{rel}","templated":true}]}}