{"id":22831,"date":"2017-11-06T21:36:53","date_gmt":"2017-11-06T20:36:53","guid":{"rendered":"http:\/\/rezerwa126p.pl\/web\/?page_id=22831"},"modified":"2021-10-25T22:09:40","modified_gmt":"2021-10-25T20:09:40","slug":"fiat-126p-diesel","status":"publish","type":"page","link":"http:\/\/rezerwa126p.pl\/?page_id=22831","title":{"rendered":"Fiat 126p DIESEL"},"content":{"rendered":"[vc_row row_type=&#8221;row&#8221; use_row_as_full_screen_section=&#8221;no&#8221; type=&#8221;full_width&#8221; text_align=&#8221;left&#8221; css_animation=&#8221;&#8221;][vc_column][vc_column_text]W latach 80-tych, gdy w Polsce nasta\u0142y czasy ci\u0119\u017cko dost\u0119pnej benzyny na kartki rozpocz\u0119to projekt budowy Fiata 126p z silnikiem Diesla. Rozpatrywano u\u017cycie dw\u00f3ch silnik\u00f3w, obu japo\u0144skiej firmy Kubota: jeden trzy-, a drugi czterocylindrowy. Ostatecznie wybrano wi\u0119ksz\u0105, ch\u0142odzon\u0105 ciecz\u0105 jednostk\u0119 o pojemno\u015bci 800 cm3 i mocy 24 KM. Samoch\u00f3d sta\u0142 si\u0119 bardziej ekonomiczny, dynamiczny, i komfortowy (ze wzgl\u0119du na mniejsze drgania silnika).<\/p>\n<p>&nbsp;<\/p>\n<p>Do produkcji nie dosz\u0142o \u2013 oficjalnie z powodu rosn\u0105cego kursu jena.[\/vc_column_text][\/vc_column][\/vc_row]\n","protected":false},"excerpt":{"rendered":"<p>[vc_row row_type=&#8221;row&#8221; use_row_as_full_screen_section=&#8221;no&#8221; type=&#8221;full_width&#8221; text_align=&#8221;left&#8221; css_animation=&#8221;&#8221;][vc_column][vc_column_text]W latach 80-tych, gdy w Polsce nasta\u0142y czasy ci\u0119\u017cko dost\u0119pnej benzyny na kartki rozpocz\u0119to projekt budowy Fiata 126p z silnikiem Diesla. Rozpatrywano u\u017cycie dw\u00f3ch silnik\u00f3w, obu japo\u0144skiej firmy Kubota: jeden trzy-, a drugi czterocylindrowy. Ostatecznie wybrano wi\u0119ksz\u0105, ch\u0142odzon\u0105 ciecz\u0105 jednostk\u0119&#8230;<\/p>\n","protected":false},"author":2,"featured_media":0,"parent":22798,"menu_order":0,"comment_status":"closed","ping_status":"closed","template":"","meta":{"advanced_seo_description":"","spay_email":""},"jetpack_sharing_enabled":true,"jetpack_shortlink":"https:\/\/wp.me\/P9KryZ-5Wf","jetpack_likes_enabled":true,"jetpack-related-posts":[{"id":22828,"url":"http:\/\/rezerwa126p.pl\/?page_id=22828","url_meta":{"origin":22831,"position":0},"title":"Fiat 126p LPT","date":"6 listopada 2017","format":false,"excerpt":"[vc_row row_type=\"row\" use_row_as_full_screen_section=\"no\" type=\"full_width\" text_align=\"left\" css_animation=\"\"][vc_column][vc_column_text]Na potrzeby wojska zbudowano Fiata 126p LPT \u2013 Lekki Pojazd Terenowy. Ten ciekawy pojazd mia\u0142 trzy osie, i by\u0142 przystosowany do p\u0142ywania dzi\u0119ki zamontowanej \u015brubie, pod\u0142\u0105czanej przez \u015brodkow\u0105 o\u015b. \u00a0 Nadwozie wykonano z w\u0142\u00f3kna szklanego, na przedniej szybie zamontowano trzy wycieraczki. Dzi\u0119ki temu, \u017ce \u015brodkowa\u2026","rel":"","context":"Similar post","img":{"alt_text":"","src":"https:\/\/i0.wp.com\/img.youtube.com\/vi\/kvj2e1kvsuQ\/0.jpg?resize=350%2C200","width":350,"height":200},"classes":[]},{"id":22962,"url":"http:\/\/rezerwa126p.pl\/?page_id=22962","url_meta":{"origin":22831,"position":1},"title":"Literatura","date":"22 listopada 2017","format":false,"excerpt":"[vc_row row_type=\"row\" use_row_as_full_screen_section=\"no\" type=\"full_width\" text_align=\"left\" css_animation=\"\"][vc_column][vc_column_text]W obliczu wielu ksi\u0105\u017cek, jakie wydano na przestrzeni lat, a s\u0105 w r\u00f3\u017cny spos\u00f3b po\u015bwi\u0119cone Fiatowi 126p, pozwolili\u015bmy sobie na sporz\u0105dzenie ma\u0142ego wykazu. W wiele z ni\u017cej wymienionych pozycji z powodzeniem mo\u017cemy zaopatrzy\u0107 si\u0119 na rynku wt\u00f3rnym. Znalezienie na p\u00f3\u0142kach nowych egzemplarzy jest niestety nierealne.\u2026","rel":"","context":"Similar post","img":{"alt_text":"","src":"","width":0,"height":0},"classes":[]},{"id":22800,"url":"http:\/\/rezerwa126p.pl\/?page_id=22800","url_meta":{"origin":22831,"position":2},"title":"Fiat 126p NP","date":"6 listopada 2017","format":false,"excerpt":"[vc_row row_type=\"row\" use_row_as_full_screen_section=\"no\" type=\"full_width\" text_align=\"left\" css_animation=\"\"][vc_column][vc_column_text]Po tym jak Fiat 126p zdominowa\u0142 polski rynek, FSM chcia\u0142 stworzy\u0107 wi\u0119cej pojazd\u00f3w opartych na tym modelu. Najwi\u0119ksz\u0105 przeszkod\u0105 w dalszym rozwijaniu samochodu by\u0142 umieszczony z ty\u0142u silnik, w zwi\u0105zku z czym zbudowano prototyp z silnikiem umieszczonym z przodu \u2013 Fiat 126p NP (Nap\u0119d Przedni).\u2026","rel":"","context":"Similar post","img":{"alt_text":"","src":"","width":0,"height":0},"classes":[]},{"id":22817,"url":"http:\/\/rezerwa126p.pl\/?page_id=22817","url_meta":{"origin":22831,"position":3},"title":"Fiat 126p COMBI","date":"6 listopada 2017","format":false,"excerpt":"[vc_row row_type=\"row\" use_row_as_full_screen_section=\"no\" type=\"full_width\" text_align=\"left\" css_animation=\"\"][vc_column][vc_column_text]Ju\u017c w trzy lata po rozpocz\u0119ciu produkcji Fiata 126p, w 1976 roku podj\u0119to prace nad budow\u0105 Polskiego Fiata 126p Combi. Wybudowane prototypy znacz\u0105co r\u00f3\u017cni\u0142y si\u0119 od pierwotnej wersji Malucha.[\/vc_column_text][vc_empty_space][vc_row_inner row_type=\"row\" type=\"full_width\" use_row_as_full_screen_section_slide=\"no\" text_align=\"left\" css_animation=\"\"][vc_column_inner][vc_single_image image=\"22821\" img_size=\"medium\" add_caption=\"yes\" alignment=\"center\" onclick=\"link_image\" qode_css_animation=\"\"][\/vc_column_inner][\/vc_row_inner][vc_empty_space][\/vc_column][\/vc_row][vc_row row_type=\"row\" use_row_as_full_screen_section=\"no\" type=\"full_width\" text_align=\"left\" css_animation=\"\"][vc_column][vc_column_text]Do\u2026","rel":"","context":"Similar post","img":{"alt_text":"","src":"","width":0,"height":0},"classes":[]},{"id":22503,"url":"http:\/\/rezerwa126p.pl\/?page_id=22503","url_meta":{"origin":22831,"position":4},"title":"Kalendarium","date":"4 listopada 2017","format":false,"excerpt":"[vc_row row_type=\"row\" use_row_as_full_screen_section=\"no\" type=\"full_width\" text_align=\"left\" css_animation=\"\"][vc_column][vc_column_text]We\u00a0wrze\u015bniu 1972 roku\u00a0wyprodukowano we w\u0142oskim Cassino pierwsz\u0105 seri\u0119 pr\u00f3bn\u0105 w ilo\u015bci 100 egzemplarzy. \u00a0 Oficjalna premiera Fiata 126 odby\u0142a si\u0119\u00a09 wrze\u015bnia roku 1972,\u00a0jednocze\u015bnie we W\u0142oszech \u2013 w salonie samochodowym w Turynie i w Polsce - na Placu Defilad. Historia Polskiego Fiata 126p rozpocz\u0119\u0142a si\u0119 od\u2026","rel":"","context":"Similar post","img":{"alt_text":"","src":"","width":0,"height":0},"classes":[]},{"id":22624,"url":"http:\/\/rezerwa126p.pl\/?page_id=22624","url_meta":{"origin":22831,"position":5},"title":"Fiat 126p ST &#8211; opis modelu","date":"5 listopada 2017","format":false,"excerpt":"[vc_row row_type=\"row\" use_row_as_full_screen_section=\"no\" type=\"full_width\" text_align=\"left\" css_animation=\"\"][vc_column][vc_column_text]Fiat nowy model 126 oficjalnie zaprezentowa\u0142 9 listopada 1972 roku na salonie samochodowym w Turynie. Kilka dni, po tym wydarzeniu nowego Fiata 126 pokazano w Warszawie na Placu Defilad. 6 czerwca 1973 zmontowano w fabryce FSM w Bielsku Bia\u0142ej pierwszego Polskiego Fiata 126p z w\u0142oskich\u2026","rel":"","context":"Similar post","img":{"alt_text":"","src":"","width":0,"height":0},"classes":[]}],"_links":{"self":[{"href":"http:\/\/rezerwa126p.pl\/index.php?rest_route=\/wp\/v2\/pages\/22831"}],"collection":[{"href":"http:\/\/rezerwa126p.pl\/index.php?rest_route=\/wp\/v2\/pages"}],"about":[{"href":"http:\/\/rezerwa126p.pl\/index.php?rest_route=\/wp\/v2\/types\/page"}],"author":[{"embeddable":true,"href":"http:\/\/rezerwa126p.pl\/index.php?rest_route=\/wp\/v2\/users\/2"}],"replies":[{"embeddable":true,"href":"http:\/\/rezerwa126p.pl\/index.php?rest_route=%2Fwp%2Fv2%2Fcomments&post=22831"}],"version-history":[{"count":1,"href":"http:\/\/rezerwa126p.pl\/index.php?rest_route=\/wp\/v2\/pages\/22831\/revisions"}],"predecessor-version":[{"id":22832,"href":"http:\/\/rezerwa126p.pl\/index.php?rest_route=\/wp\/v2\/pages\/22831\/revisions\/22832"}],"up":[{"embeddable":true,"href":"http:\/\/rezerwa126p.pl\/index.php?rest_route=\/wp\/v2\/pages\/22798"}],"wp:attachment":[{"href":"http:\/\/rezerwa126p.pl\/index.php?rest_route=%2Fwp%2Fv2%2Fmedia&parent=22831"}],"curies":[{"name":"wp","href":"https:\/\/api.w.org\/{rel}","templated":true}]}}