{"id":22828,"date":"2017-11-06T21:36:22","date_gmt":"2017-11-06T20:36:22","guid":{"rendered":"http:\/\/rezerwa126p.pl\/web\/?page_id=22828"},"modified":"2021-10-25T22:09:40","modified_gmt":"2021-10-25T20:09:40","slug":"fiat-126p-lpt","status":"publish","type":"page","link":"http:\/\/rezerwa126p.pl\/?page_id=22828","title":{"rendered":"Fiat 126p LPT"},"content":{"rendered":"[vc_row row_type=&#8221;row&#8221; use_row_as_full_screen_section=&#8221;no&#8221; type=&#8221;full_width&#8221; text_align=&#8221;left&#8221; css_animation=&#8221;&#8221;][vc_column][vc_column_text]Na potrzeby wojska zbudowano Fiata 126p LPT \u2013 Lekki Pojazd Terenowy. Ten ciekawy pojazd mia\u0142 trzy osie, i by\u0142 przystosowany do p\u0142ywania dzi\u0119ki zamontowanej \u015brubie, pod\u0142\u0105czanej przez \u015brodkow\u0105 o\u015b.<\/p>\n<p>&nbsp;<\/p>\n<p>Nadwozie wykonano z w\u0142\u00f3kna szklanego, na przedniej szybie zamontowano trzy wycieraczki. Dzi\u0119ki temu, \u017ce \u015brodkowa o\u015b nie posiada\u0142a zawieszenia pojazd m\u00f3g\u0142 si\u0119 na niej zawiesza\u0107. Nap\u0119d na osie przenoszony by\u0142 przez \u0142a\u0144cuch. LPT wyposa\u017cony by\u0142 w dwie skrzynie bieg\u00f3w \u2013 pierwsz\u0105 zamontowan\u0105 podobnie jak w oryginalne i drug\u0105, odwr\u00f3con\u0105, kt\u00f3ra nap\u0119dza\u0142a dwie osie, dzi\u0119ki czemu pojazd pokonywa\u0142 strome wzniesienia. Poruszanie si\u0119 w ci\u0119\u017cko dost\u0119pnych miejscach u\u0142atwia\u0142a wyci\u0105garka. Cz\u0119\u015b\u0107 zbudowanych egzemplarzy mia\u0142a ko\u0142a po\u0142\u0105czone g\u0105sienic\u0105. Maluch w wersji wojskowej by\u0142 siedmioosobowy \u2013 za kierowc\u0105 umieszczono poprzecznie dwie \u0142awki.[\/vc_column_text][vc_empty_space][vc_row_inner row_type=&#8221;row&#8221; type=&#8221;full_width&#8221; use_row_as_full_screen_section_slide=&#8221;no&#8221; text_align=&#8221;left&#8221; css_animation=&#8221;&#8221;][vc_column_inner][vc_single_image image=&#8221;22829&#8243; img_size=&#8221;full&#8221; add_caption=&#8221;yes&#8221; alignment=&#8221;center&#8221; onclick=&#8221;link_image&#8221; qode_css_animation=&#8221;&#8221;][vc_empty_space][\/vc_column_inner][\/vc_row_inner][vc_column_text]Filmy, przedstawiaj\u0105ce 126p LPT, prezentuj\u0105ce jeden z lepiej zachowanych egzemplarzy, kt\u00f3ry obecnie mo\u017cna obejrze\u0107 na wystawie sta\u0142ej Muzeum Techniki i Komunikacji &#8211; Zajezdnia Sztuki w Szczecinie &#8211;\u00a0<strong><a href=\"http:\/\/www.muzeumtechniki.eu\/\" target=\"_blank\" rel=\"noopener\">www.muzeumtechniki.eu<\/a><\/strong><\/p>\n<p>&nbsp;<\/p>\n<p><span class=\"embed-youtube\" style=\"text-align:center; display: block;\"><iframe loading=\"lazy\" class=\"youtube-player\" width=\"1060\" height=\"597\" src=\"https:\/\/www.youtube.com\/embed\/kvj2e1kvsuQ?version=3&#038;rel=1&#038;showsearch=0&#038;showinfo=1&#038;iv_load_policy=1&#038;fs=1&#038;hl=pl-PL&#038;autohide=2&#038;wmode=transparent\" allowfullscreen=\"true\" style=\"border:0;\" sandbox=\"allow-scripts allow-same-origin allow-popups allow-presentation\"><\/iframe><\/span><\/p>\n<p>&nbsp;<\/p>\n<p><span class=\"embed-youtube\" style=\"text-align:center; display: block;\"><iframe loading=\"lazy\" class=\"youtube-player\" width=\"1060\" height=\"597\" src=\"https:\/\/www.youtube.com\/embed\/tPL8kUGrsag?version=3&#038;rel=1&#038;showsearch=0&#038;showinfo=1&#038;iv_load_policy=1&#038;fs=1&#038;hl=pl-PL&#038;autohide=2&#038;wmode=transparent\" allowfullscreen=\"true\" style=\"border:0;\" sandbox=\"allow-scripts allow-same-origin allow-popups allow-presentation\"><\/iframe><\/span><\/p>\n<p>&nbsp;<\/p>\n<p><span class=\"embed-youtube\" style=\"text-align:center; display: block;\"><iframe loading=\"lazy\" class=\"youtube-player\" width=\"1060\" height=\"597\" src=\"https:\/\/www.youtube.com\/embed\/uYcOmXAHmf8?version=3&#038;rel=1&#038;showsearch=0&#038;showinfo=1&#038;iv_load_policy=1&#038;fs=1&#038;hl=pl-PL&#038;autohide=2&#038;wmode=transparent\" allowfullscreen=\"true\" style=\"border:0;\" sandbox=\"allow-scripts allow-same-origin allow-popups allow-presentation\"><\/iframe><\/span><\/p>\n<p>&nbsp;<\/p>\n<p><em>Dzi\u0119kujemy Panu Dr. Andrzejowi Feli\u0144skiemu z Muzeum Techniki i Komunikacji w Szczecinie za informacje na temat pojazdu<\/em>[\/vc_column_text][\/vc_column][\/vc_row]\n","protected":false},"excerpt":{"rendered":"<p>[vc_row row_type=&#8221;row&#8221; use_row_as_full_screen_section=&#8221;no&#8221; type=&#8221;full_width&#8221; text_align=&#8221;left&#8221; css_animation=&#8221;&#8221;][vc_column][vc_column_text]Na potrzeby wojska zbudowano Fiata 126p LPT \u2013 Lekki Pojazd Terenowy. Ten ciekawy pojazd mia\u0142 trzy osie, i by\u0142 przystosowany do p\u0142ywania dzi\u0119ki zamontowanej \u015brubie, pod\u0142\u0105czanej przez \u015brodkow\u0105 o\u015b. &nbsp; Nadwozie wykonano z w\u0142\u00f3kna szklanego, na przedniej szybie zamontowano trzy&#8230;<\/p>\n","protected":false},"author":2,"featured_media":0,"parent":22798,"menu_order":0,"comment_status":"closed","ping_status":"closed","template":"","meta":{"advanced_seo_description":"","spay_email":""},"jetpack_sharing_enabled":true,"jetpack_shortlink":"https:\/\/wp.me\/P9KryZ-5Wc","jetpack_likes_enabled":true,"jetpack-related-posts":[{"id":22927,"url":"http:\/\/rezerwa126p.pl\/?page_id=22927","url_meta":{"origin":22828,"position":0},"title":"Rejestracja pojazdu na &#8222;\u017c\u00f3\u0142te tablice&#8221;","date":"15 listopada 2017","format":false,"excerpt":"[vc_row row_type=\"row\" use_row_as_full_screen_section=\"no\" type=\"full_width\" text_align=\"left\" css_animation=\"\"][vc_column][vc_column_text]Przychodzi taki moment, \u017ce postanawiamy, aby nasz Polski FIAT 126p pozyska\u0142 \u201e\u017b\u00f3\u0142te\u201d tablice rejestracyjne. Temat nie jest skomplikowany, ale mo\u017ce komu\u015b przyda si\u0119 kilka praktycznych informacji, jak przechodzimy t\u0119 \u015bcie\u017ck\u0119. Na pocz\u0105tek definicja: Pojazd zabytkowy\u00a0\u2013 wedle ustawy \u201ePrawo o ruchu drogowym\u201d jest to pojazd, kt\u00f3ry\u2026","rel":"","context":"Similar post","img":{"alt_text":"","src":"","width":0,"height":0},"classes":[]},{"id":22962,"url":"http:\/\/rezerwa126p.pl\/?page_id=22962","url_meta":{"origin":22828,"position":1},"title":"Literatura","date":"22 listopada 2017","format":false,"excerpt":"[vc_row row_type=\"row\" use_row_as_full_screen_section=\"no\" type=\"full_width\" text_align=\"left\" css_animation=\"\"][vc_column][vc_column_text]W obliczu wielu ksi\u0105\u017cek, jakie wydano na przestrzeni lat, a s\u0105 w r\u00f3\u017cny spos\u00f3b po\u015bwi\u0119cone Fiatowi 126p, pozwolili\u015bmy sobie na sporz\u0105dzenie ma\u0142ego wykazu. W wiele z ni\u017cej wymienionych pozycji z powodzeniem mo\u017cemy zaopatrzy\u0107 si\u0119 na rynku wt\u00f3rnym. Znalezienie na p\u00f3\u0142kach nowych egzemplarzy jest niestety nierealne.\u2026","rel":"","context":"Similar post","img":{"alt_text":"","src":"","width":0,"height":0},"classes":[]},{"id":22501,"url":"http:\/\/rezerwa126p.pl\/?page_id=22501","url_meta":{"origin":22828,"position":2},"title":"Historia","date":"4 listopada 2017","format":false,"excerpt":"[vc_row row_type=\"row\" use_row_as_full_screen_section=\"no\" type=\"full_width\" text_align=\"left\" css_animation=\"\"][vc_column][vc_column_text]Wszystko zacz\u0119\u0142o si\u0119 prawie sto lat temu, bo w latach dwudziestych zesz\u0142ego wieku. Wtedy to w fabryce Fiata w Turynie zrodzi\u0142 si\u0119 pomys\u0142 zbudowania taniego, ma\u0142olitra\u017cowego samochodu dla ludu. Powsta\u0142 wtedy Fiat 500 Topolino, dziadek naszego Malucha. Wyposa\u017cony by\u0142 w czterocylindrowy silnik o pojemno\u015bci 500\u2026","rel":"","context":"Similar post","img":{"alt_text":"","src":"","width":0,"height":0},"classes":[]},{"id":22800,"url":"http:\/\/rezerwa126p.pl\/?page_id=22800","url_meta":{"origin":22828,"position":3},"title":"Fiat 126p NP","date":"6 listopada 2017","format":false,"excerpt":"[vc_row row_type=\"row\" use_row_as_full_screen_section=\"no\" type=\"full_width\" text_align=\"left\" css_animation=\"\"][vc_column][vc_column_text]Po tym jak Fiat 126p zdominowa\u0142 polski rynek, FSM chcia\u0142 stworzy\u0107 wi\u0119cej pojazd\u00f3w opartych na tym modelu. Najwi\u0119ksz\u0105 przeszkod\u0105 w dalszym rozwijaniu samochodu by\u0142 umieszczony z ty\u0142u silnik, w zwi\u0105zku z czym zbudowano prototyp z silnikiem umieszczonym z przodu \u2013 Fiat 126p NP (Nap\u0119d Przedni).\u2026","rel":"","context":"Similar post","img":{"alt_text":"","src":"","width":0,"height":0},"classes":[]},{"id":22503,"url":"http:\/\/rezerwa126p.pl\/?page_id=22503","url_meta":{"origin":22828,"position":4},"title":"Kalendarium","date":"4 listopada 2017","format":false,"excerpt":"[vc_row row_type=\"row\" use_row_as_full_screen_section=\"no\" type=\"full_width\" text_align=\"left\" css_animation=\"\"][vc_column][vc_column_text]We\u00a0wrze\u015bniu 1972 roku\u00a0wyprodukowano we w\u0142oskim Cassino pierwsz\u0105 seri\u0119 pr\u00f3bn\u0105 w ilo\u015bci 100 egzemplarzy. \u00a0 Oficjalna premiera Fiata 126 odby\u0142a si\u0119\u00a09 wrze\u015bnia roku 1972,\u00a0jednocze\u015bnie we W\u0142oszech \u2013 w salonie samochodowym w Turynie i w Polsce - na Placu Defilad. Historia Polskiego Fiata 126p rozpocz\u0119\u0142a si\u0119 od\u2026","rel":"","context":"Similar post","img":{"alt_text":"","src":"","width":0,"height":0},"classes":[]},{"id":22710,"url":"http:\/\/rezerwa126p.pl\/?page_id=22710","url_meta":{"origin":22828,"position":5},"title":"Opis modelu","date":"5 listopada 2017","format":false,"excerpt":"[vc_row row_type=\"row\" use_row_as_full_screen_section=\"no\" type=\"full_width\" text_align=\"left\" css_animation=\"\"][vc_column][vc_column_text]Pod koniec lat 80. popyt na malucha na rynkach zagranicznych spad\u0142, co by\u0142o powodem do rozwa\u017ca\u0144 na temat gruntownej przebudowy 126p. W ten spos\u00f3b powsta\u0142 Fiat 126 BIS, zaprezentowany po raz pierwszy jesieni\u0105 1987 roku na targach we Frankfurcie. \u00a0 Najbardziej widoczna na pierwszy rzut\u2026","rel":"","context":"Similar post","img":{"alt_text":"","src":"","width":0,"height":0},"classes":[]}],"_links":{"self":[{"href":"http:\/\/rezerwa126p.pl\/index.php?rest_route=\/wp\/v2\/pages\/22828"}],"collection":[{"href":"http:\/\/rezerwa126p.pl\/index.php?rest_route=\/wp\/v2\/pages"}],"about":[{"href":"http:\/\/rezerwa126p.pl\/index.php?rest_route=\/wp\/v2\/types\/page"}],"author":[{"embeddable":true,"href":"http:\/\/rezerwa126p.pl\/index.php?rest_route=\/wp\/v2\/users\/2"}],"replies":[{"embeddable":true,"href":"http:\/\/rezerwa126p.pl\/index.php?rest_route=%2Fwp%2Fv2%2Fcomments&post=22828"}],"version-history":[{"count":1,"href":"http:\/\/rezerwa126p.pl\/index.php?rest_route=\/wp\/v2\/pages\/22828\/revisions"}],"predecessor-version":[{"id":22830,"href":"http:\/\/rezerwa126p.pl\/index.php?rest_route=\/wp\/v2\/pages\/22828\/revisions\/22830"}],"up":[{"embeddable":true,"href":"http:\/\/rezerwa126p.pl\/index.php?rest_route=\/wp\/v2\/pages\/22798"}],"wp:attachment":[{"href":"http:\/\/rezerwa126p.pl\/index.php?rest_route=%2Fwp%2Fv2%2Fmedia&parent=22828"}],"curies":[{"name":"wp","href":"https:\/\/api.w.org\/{rel}","templated":true}]}}