{"id":22817,"date":"2017-11-06T21:22:45","date_gmt":"2017-11-06T20:22:45","guid":{"rendered":"http:\/\/rezerwa126p.pl\/web\/?page_id=22817"},"modified":"2021-10-25T22:09:40","modified_gmt":"2021-10-25T20:09:40","slug":"fiat-126p-combi","status":"publish","type":"page","link":"http:\/\/rezerwa126p.pl\/?page_id=22817","title":{"rendered":"Fiat 126p COMBI"},"content":{"rendered":"[vc_row row_type=&#8221;row&#8221; use_row_as_full_screen_section=&#8221;no&#8221; type=&#8221;full_width&#8221; text_align=&#8221;left&#8221; css_animation=&#8221;&#8221;][vc_column][vc_column_text]Ju\u017c w trzy lata po rozpocz\u0119ciu produkcji Fiata 126p, w 1976 roku podj\u0119to prace nad budow\u0105 Polskiego Fiata 126p Combi. Wybudowane prototypy znacz\u0105co r\u00f3\u017cni\u0142y si\u0119 od pierwotnej wersji Malucha.[\/vc_column_text][vc_empty_space][vc_row_inner row_type=&#8221;row&#8221; type=&#8221;full_width&#8221; use_row_as_full_screen_section_slide=&#8221;no&#8221; text_align=&#8221;left&#8221; css_animation=&#8221;&#8221;][vc_column_inner][vc_single_image image=&#8221;22821&#8243; img_size=&#8221;medium&#8221; add_caption=&#8221;yes&#8221; alignment=&#8221;center&#8221; onclick=&#8221;link_image&#8221; qode_css_animation=&#8221;&#8221;][\/vc_column_inner][\/vc_row_inner][vc_empty_space][\/vc_column][\/vc_row][vc_row row_type=&#8221;row&#8221; use_row_as_full_screen_section=&#8221;no&#8221; type=&#8221;full_width&#8221; text_align=&#8221;left&#8221; css_animation=&#8221;&#8221;][vc_column][vc_column_text]Do zmian w budowie nadwozia zaliczy\u0107 trzeba przede wszystkim zwi\u0119kszenie rozstawu osi o 100 mm i zwisu tylnego o 70mm, co pozwoli\u0142o na wygospodarowanie dodatkowego miejsca dla pasa\u017cer\u00f3w z ty\u0142u, oraz spor\u0105 przestrze\u0144 na baga\u017c. W miejscu dotychczasowej pokrywy silnika znalaz\u0142y si\u0119 unoszone do g\u00f3ry trzecie drzwi.<\/p>\n<p>&nbsp;<\/p>\n<p>Po zmianach Combi mog\u0142o poszczyci\u0107 si\u0119 pojemno\u015bci\u0105 przestrzeni baga\u017cowej 500 dm3, za\u015b po z\u0142o\u017ceniu kanapy \u2013 1000 dm3. Jego masa w\u0142asna wynosi\u0142a 630 kg, za\u015b \u0142adowno\u015b\u0107 4 osoby i 80 kg baga\u017cu. Pr\u0119dko\u015b\u0107 maksymalna wynosi\u0142a \u2013 podobnie jak w standardowym maluchu \u2013 105 km\/h.[\/vc_column_text][vc_empty_space][vc_row_inner row_type=&#8221;row&#8221; type=&#8221;full_width&#8221; use_row_as_full_screen_section_slide=&#8221;no&#8221; text_align=&#8221;left&#8221; css_animation=&#8221;&#8221;][vc_column_inner][vc_single_image image=&#8221;22822&#8243; img_size=&#8221;medium&#8221; add_caption=&#8221;yes&#8221; alignment=&#8221;center&#8221; onclick=&#8221;link_image&#8221; qode_css_animation=&#8221;&#8221;][vc_empty_space][vc_single_image image=&#8221;22818&#8243; img_size=&#8221;medium&#8221; add_caption=&#8221;yes&#8221; alignment=&#8221;center&#8221; onclick=&#8221;link_image&#8221; qode_css_animation=&#8221;&#8221;][vc_empty_space][vc_single_image image=&#8221;22819&#8243; img_size=&#8221;medium&#8221; add_caption=&#8221;yes&#8221; alignment=&#8221;center&#8221; onclick=&#8221;link_image&#8221; qode_css_animation=&#8221;&#8221;][vc_empty_space][vc_single_image image=&#8221;22820&#8243; img_size=&#8221;medium&#8221; add_caption=&#8221;yes&#8221; alignment=&#8221;center&#8221; onclick=&#8221;link_image&#8221; qode_css_animation=&#8221;&#8221;][vc_empty_space][vc_single_image image=&#8221;22823&#8243; img_size=&#8221;medium&#8221; add_caption=&#8221;yes&#8221; alignment=&#8221;center&#8221; onclick=&#8221;link_image&#8221; qode_css_animation=&#8221;&#8221;][vc_empty_space][vc_single_image image=&#8221;22824&#8243; img_size=&#8221;medium&#8221; add_caption=&#8221;yes&#8221; alignment=&#8221;center&#8221; onclick=&#8221;link_image&#8221; qode_css_animation=&#8221;&#8221;][vc_empty_space][\/vc_column_inner][\/vc_row_inner][\/vc_column][\/vc_row]\n","protected":false},"excerpt":{"rendered":"<p>[vc_row row_type=&#8221;row&#8221; use_row_as_full_screen_section=&#8221;no&#8221; type=&#8221;full_width&#8221; text_align=&#8221;left&#8221; css_animation=&#8221;&#8221;][vc_column][vc_column_text]Ju\u017c w trzy lata po rozpocz\u0119ciu produkcji Fiata 126p, w 1976 roku podj\u0119to prace nad budow\u0105 Polskiego Fiata 126p Combi. Wybudowane prototypy znacz\u0105co r\u00f3\u017cni\u0142y si\u0119 od pierwotnej wersji Malucha.[\/vc_column_text][vc_empty_space][vc_row_inner row_type=&#8221;row&#8221; type=&#8221;full_width&#8221; use_row_as_full_screen_section_slide=&#8221;no&#8221; text_align=&#8221;left&#8221; css_animation=&#8221;&#8221;][vc_column_inner][vc_single_image image=&#8221;22821&#8243; img_size=&#8221;medium&#8221; add_caption=&#8221;yes&#8221; alignment=&#8221;center&#8221; onclick=&#8221;link_image&#8221; qode_css_animation=&#8221;&#8221;][\/vc_column_inner][\/vc_row_inner][vc_empty_space][\/vc_column][\/vc_row][vc_row&#8230;<\/p>\n","protected":false},"author":2,"featured_media":0,"parent":22798,"menu_order":0,"comment_status":"closed","ping_status":"closed","template":"","meta":{"advanced_seo_description":"","spay_email":""},"jetpack_sharing_enabled":true,"jetpack_shortlink":"https:\/\/wp.me\/P9KryZ-5W1","jetpack_likes_enabled":true,"jetpack-related-posts":[{"id":23057,"url":"http:\/\/rezerwa126p.pl\/?page_id=23057","url_meta":{"origin":22817,"position":0},"title":"&#8222;Pasjonaci legendarnego Fiata 126p&#8221; &#8211; wywiad z portalu NaTemat.pl","date":"5 marca 2018","format":false,"excerpt":"[vc_row row_type=\"row\" use_row_as_full_screen_section=\"no\" type=\"full_width\" text_align=\"left\" css_animation=\"\"][vc_column][vc_column_text]Zamieszczamy\u00a0link do opublikowanej w serwisie NaTemat.pl rozmowy o pasji do maluch\u00f3w. Znacz\u0105 cz\u0119\u015b\u0107 rozmowy po\u015bwi\u0119cono Rezerwie126p. \u00a0 28 maja 2013[\/vc_column_text][\/vc_column][\/vc_row]","rel":"","context":"Similar post","img":{"alt_text":"","src":"","width":0,"height":0},"classes":[]},{"id":22503,"url":"http:\/\/rezerwa126p.pl\/?page_id=22503","url_meta":{"origin":22817,"position":1},"title":"Kalendarium","date":"4 listopada 2017","format":false,"excerpt":"[vc_row row_type=\"row\" use_row_as_full_screen_section=\"no\" type=\"full_width\" text_align=\"left\" css_animation=\"\"][vc_column][vc_column_text]We\u00a0wrze\u015bniu 1972 roku\u00a0wyprodukowano we w\u0142oskim Cassino pierwsz\u0105 seri\u0119 pr\u00f3bn\u0105 w ilo\u015bci 100 egzemplarzy. \u00a0 Oficjalna premiera Fiata 126 odby\u0142a si\u0119\u00a09 wrze\u015bnia roku 1972,\u00a0jednocze\u015bnie we W\u0142oszech \u2013 w salonie samochodowym w Turynie i w Polsce - na Placu Defilad. Historia Polskiego Fiata 126p rozpocz\u0119\u0142a si\u0119 od\u2026","rel":"","context":"Similar post","img":{"alt_text":"","src":"","width":0,"height":0},"classes":[]},{"id":22831,"url":"http:\/\/rezerwa126p.pl\/?page_id=22831","url_meta":{"origin":22817,"position":2},"title":"Fiat 126p DIESEL","date":"6 listopada 2017","format":false,"excerpt":"[vc_row row_type=\"row\" use_row_as_full_screen_section=\"no\" type=\"full_width\" text_align=\"left\" css_animation=\"\"][vc_column][vc_column_text]W latach 80-tych, gdy w Polsce nasta\u0142y czasy ci\u0119\u017cko dost\u0119pnej benzyny na kartki rozpocz\u0119to projekt budowy Fiata 126p z silnikiem Diesla. Rozpatrywano u\u017cycie dw\u00f3ch silnik\u00f3w, obu japo\u0144skiej firmy Kubota: jeden trzy-, a drugi czterocylindrowy. Ostatecznie wybrano wi\u0119ksz\u0105, ch\u0142odzon\u0105 ciecz\u0105 jednostk\u0119 o pojemno\u015bci 800 cm3 i\u2026","rel":"","context":"Similar post","img":{"alt_text":"","src":"","width":0,"height":0},"classes":[]},{"id":22624,"url":"http:\/\/rezerwa126p.pl\/?page_id=22624","url_meta":{"origin":22817,"position":3},"title":"Fiat 126p ST &#8211; opis modelu","date":"5 listopada 2017","format":false,"excerpt":"[vc_row row_type=\"row\" use_row_as_full_screen_section=\"no\" type=\"full_width\" text_align=\"left\" css_animation=\"\"][vc_column][vc_column_text]Fiat nowy model 126 oficjalnie zaprezentowa\u0142 9 listopada 1972 roku na salonie samochodowym w Turynie. Kilka dni, po tym wydarzeniu nowego Fiata 126 pokazano w Warszawie na Placu Defilad. 6 czerwca 1973 zmontowano w fabryce FSM w Bielsku Bia\u0142ej pierwszego Polskiego Fiata 126p z w\u0142oskich\u2026","rel":"","context":"Similar post","img":{"alt_text":"","src":"","width":0,"height":0},"classes":[]},{"id":22814,"url":"http:\/\/rezerwa126p.pl\/?page_id=22814","url_meta":{"origin":22817,"position":4},"title":"Fiat 126p BOMBEL","date":"6 listopada 2017","format":false,"excerpt":"[vc_row row_type=\"row\" use_row_as_full_screen_section=\"no\" type=\"full_width\" text_align=\"left\" css_animation=\"\"][vc_column][vc_column_text]Kiedy ruszy\u0142a seryjna produkcja Fiata 126p w Polsce, in\u017cynierowie zacz\u0119li my\u015ble\u0107 nad r\u00f3\u017cnymi wersjami popularnego Malucha. Jednym z pomys\u0142\u00f3w by\u0142a idea stworzenia ma\u0142ego auta dostawczego. Przy wsp\u00f3\u0142pracy z Akademi\u0105 Sztuk Pi\u0119knych w 1974 roku zaprojektowano jego bry\u0142\u0119. Jak wida\u0107, zmianie uleg\u0142 ty\u0142 auta, w tylnej\u2026","rel":"","context":"Similar post","img":{"alt_text":"","src":"","width":0,"height":0},"classes":[]},{"id":22828,"url":"http:\/\/rezerwa126p.pl\/?page_id=22828","url_meta":{"origin":22817,"position":5},"title":"Fiat 126p LPT","date":"6 listopada 2017","format":false,"excerpt":"[vc_row row_type=\"row\" use_row_as_full_screen_section=\"no\" type=\"full_width\" text_align=\"left\" css_animation=\"\"][vc_column][vc_column_text]Na potrzeby wojska zbudowano Fiata 126p LPT \u2013 Lekki Pojazd Terenowy. Ten ciekawy pojazd mia\u0142 trzy osie, i by\u0142 przystosowany do p\u0142ywania dzi\u0119ki zamontowanej \u015brubie, pod\u0142\u0105czanej przez \u015brodkow\u0105 o\u015b. \u00a0 Nadwozie wykonano z w\u0142\u00f3kna szklanego, na przedniej szybie zamontowano trzy wycieraczki. Dzi\u0119ki temu, \u017ce \u015brodkowa\u2026","rel":"","context":"Similar post","img":{"alt_text":"","src":"https:\/\/i0.wp.com\/img.youtube.com\/vi\/kvj2e1kvsuQ\/0.jpg?resize=350%2C200","width":350,"height":200},"classes":[]}],"_links":{"self":[{"href":"http:\/\/rezerwa126p.pl\/index.php?rest_route=\/wp\/v2\/pages\/22817"}],"collection":[{"href":"http:\/\/rezerwa126p.pl\/index.php?rest_route=\/wp\/v2\/pages"}],"about":[{"href":"http:\/\/rezerwa126p.pl\/index.php?rest_route=\/wp\/v2\/types\/page"}],"author":[{"embeddable":true,"href":"http:\/\/rezerwa126p.pl\/index.php?rest_route=\/wp\/v2\/users\/2"}],"replies":[{"embeddable":true,"href":"http:\/\/rezerwa126p.pl\/index.php?rest_route=%2Fwp%2Fv2%2Fcomments&post=22817"}],"version-history":[{"count":1,"href":"http:\/\/rezerwa126p.pl\/index.php?rest_route=\/wp\/v2\/pages\/22817\/revisions"}],"predecessor-version":[{"id":22825,"href":"http:\/\/rezerwa126p.pl\/index.php?rest_route=\/wp\/v2\/pages\/22817\/revisions\/22825"}],"up":[{"embeddable":true,"href":"http:\/\/rezerwa126p.pl\/index.php?rest_route=\/wp\/v2\/pages\/22798"}],"wp:attachment":[{"href":"http:\/\/rezerwa126p.pl\/index.php?rest_route=%2Fwp%2Fv2%2Fmedia&parent=22817"}],"curies":[{"name":"wp","href":"https:\/\/api.w.org\/{rel}","templated":true}]}}