{"id":22800,"date":"2017-11-06T21:18:29","date_gmt":"2017-11-06T20:18:29","guid":{"rendered":"http:\/\/rezerwa126p.pl\/web\/?page_id=22800"},"modified":"2021-10-25T22:09:40","modified_gmt":"2021-10-25T20:09:40","slug":"fiat-126p-np","status":"publish","type":"page","link":"http:\/\/rezerwa126p.pl\/?page_id=22800","title":{"rendered":"Fiat 126p NP"},"content":{"rendered":"[vc_row row_type=&#8221;row&#8221; use_row_as_full_screen_section=&#8221;no&#8221; type=&#8221;full_width&#8221; text_align=&#8221;left&#8221; css_animation=&#8221;&#8221;][vc_column][vc_column_text]Po tym jak Fiat 126p zdominowa\u0142 polski rynek, FSM chcia\u0142 stworzy\u0107 wi\u0119cej pojazd\u00f3w opartych na tym modelu. Najwi\u0119ksz\u0105 przeszkod\u0105 w dalszym rozwijaniu samochodu by\u0142 umieszczony z ty\u0142u silnik, w zwi\u0105zku z czym zbudowano prototyp z silnikiem umieszczonym z przodu \u2013 Fiat 126p NP (Nap\u0119d Przedni). G\u0142\u00f3wnym za\u0142o\u017ceniem, kt\u00f3re przy\u015bwieca\u0142o konstruktorom tego modelu by\u0142o maksymalne wykorzystanie cz\u0119\u015bci z seryjnego malucha. Prac\u0119 nad tym modelem rozpocz\u0119to w maju 1977 roku.<\/p>\n<p>&nbsp;<\/p>\n<p>Umieszczenie silnika z przodu wymaga\u0142o nie tylko zmian mechanicznych, ale i zmian w budowie samej karoserii. We wsp\u00f3\u0142pracy z krakowsk\u0105 ASP opracowano bry\u0142\u0119 nowego samochodu \u2013 g\u0142\u00f3wnie wyd\u0142u\u017cenie maski, st\u0105d pseudonim \u201eRyjek\u201d. D\u0142ugo\u015b\u0107 pojazdu wzros\u0142a o 19 cm.[\/vc_column_text][vc_empty_space][vc_row_inner row_type=&#8221;row&#8221; type=&#8221;full_width&#8221; use_row_as_full_screen_section_slide=&#8221;no&#8221; text_align=&#8221;left&#8221; css_animation=&#8221;&#8221;][vc_column_inner][vc_single_image image=&#8221;22801&#8243; img_size=&#8221;medium&#8221; add_caption=&#8221;yes&#8221; alignment=&#8221;center&#8221; onclick=&#8221;link_image&#8221; qode_css_animation=&#8221;&#8221;][vc_empty_space][\/vc_column_inner][\/vc_row_inner][\/vc_column][\/vc_row][vc_row row_type=&#8221;row&#8221; use_row_as_full_screen_section=&#8221;no&#8221; type=&#8221;full_width&#8221; text_align=&#8221;left&#8221; css_animation=&#8221;&#8221;][vc_column][vc_column_text]W prototypie zastosowano ten sam co w seryjnym maluchu silnik, umieszczony z przodu, obr\u00f3cony o 180 stopni, kt\u00f3rego moc podwy\u017cszono o 4 KM. Nie wprowadzono ch\u0142odzenia ciecz\u0105, jednak by\u0142o one wspomagane poprzez dmuchaw\u0119 osiow\u0105. Skrzynia bieg\u00f3w r\u00f3wnie\u017c pozosta\u0142a seryjna, jednak dyferencja\u0142 musia\u0142 zosta\u0107 prze\u0142o\u017cony na drug\u0105 stron\u0119 (w innym wypadku samoch\u00f3d mia\u0142by cztery biegi do ty\u0142u i jeden do przodu). Ka\u017cdy z prototyp\u00f3w by\u0142 inny, i w niekt\u00f3rych prawdopodobnie zastosowano skrzyni\u0119 o innych prze\u0142o\u017ceniach.[\/vc_column_text][vc_empty_space][vc_row_inner row_type=&#8221;row&#8221; type=&#8221;full_width&#8221; use_row_as_full_screen_section_slide=&#8221;no&#8221; text_align=&#8221;left&#8221; css_animation=&#8221;&#8221;][vc_column_inner][vc_single_image image=&#8221;22802&#8243; img_size=&#8221;medium&#8221; add_caption=&#8221;yes&#8221; alignment=&#8221;center&#8221; onclick=&#8221;link_image&#8221; qode_css_animation=&#8221;&#8221;][vc_empty_space][vc_single_image image=&#8221;22803&#8243; img_size=&#8221;medium&#8221; add_caption=&#8221;yes&#8221; alignment=&#8221;center&#8221; onclick=&#8221;link_image&#8221; qode_css_animation=&#8221;&#8221;][vc_empty_space][\/vc_column_inner][\/vc_row_inner][\/vc_column][\/vc_row][vc_row row_type=&#8221;row&#8221; use_row_as_full_screen_section=&#8221;no&#8221; type=&#8221;full_width&#8221; text_align=&#8221;left&#8221; css_animation=&#8221;&#8221;][vc_column][vc_column_text]Umieszczenie silnika z przodu wymog\u0142o znaczne zmiany w zawieszeniu. Z przodu rozwi\u0105zano je przy pomocy kolumn McPhersona, w tylnym zmieniono jedynie rodzaj spr\u0119\u017cyn i amortyzator\u00f3w (ze wzgl\u0119du na mniej obci\u0105\u017cony po przeniesieniu silnika ty\u0142). Nowy rodzaj zawieszenia poza oczywistymi plusami mia\u0142 dwie znacz\u0105ce wady: wi\u0119kszy promie\u0144 skr\u0119tu i du\u017ca nadsterowno\u015b\u0107 \u2013 ty\u0142 samochodu \u201eucieka\u0142\u201d.[\/vc_column_text][vc_empty_space][vc_row_inner row_type=&#8221;row&#8221; type=&#8221;full_width&#8221; use_row_as_full_screen_section_slide=&#8221;no&#8221; text_align=&#8221;left&#8221; css_animation=&#8221;&#8221;][vc_column_inner][vc_single_image image=&#8221;22804&#8243; img_size=&#8221;medium&#8221; add_caption=&#8221;yes&#8221; alignment=&#8221;center&#8221; onclick=&#8221;link_image&#8221; qode_css_animation=&#8221;&#8221;][vc_empty_space][\/vc_column_inner][\/vc_row_inner][\/vc_column][\/vc_row][vc_row row_type=&#8221;row&#8221; use_row_as_full_screen_section=&#8221;no&#8221; type=&#8221;full_width&#8221; text_align=&#8221;left&#8221; css_animation=&#8221;&#8221;][vc_column][vc_column_text]Do zmian technicznych nale\u017cy jeszcze zaliczy\u0107 hamulce tarczowe na przedniej osi i przek\u0142adni\u0119 kierownicz\u0105 z Fiata 128. Co ciekawe, zastosowane tarcze mie\u015bci\u0142y si\u0119 w seryjne felgi 12&#8221;.<\/p>\n<p>&nbsp;<\/p>\n<p>Nieznaczne zmiany zasz\u0142y r\u00f3wnie\u017c wewn\u0105trz kabiny \u2013 na desce rozdzielczej znalaz\u0142y si\u0119 dwa wyloty powietrza, dzi\u0119ki zwi\u0119kszeniu odst\u0119pu pomi\u0119dzy ko\u0142ami pomi\u0119dzy peda\u0142em sprz\u0119g\u0142a i hamulca by\u0142 wi\u0119kszy odst\u0119p.[\/vc_column_text][vc_empty_space][vc_row_inner row_type=&#8221;row&#8221; type=&#8221;full_width&#8221; use_row_as_full_screen_section_slide=&#8221;no&#8221; text_align=&#8221;left&#8221; css_animation=&#8221;&#8221;][vc_column_inner][vc_single_image image=&#8221;22805&#8243; img_size=&#8221;medium&#8221; add_caption=&#8221;yes&#8221; alignment=&#8221;center&#8221; onclick=&#8221;link_image&#8221; qode_css_animation=&#8221;&#8221;][vc_empty_space][vc_single_image image=&#8221;22806&#8243; img_size=&#8221;medium&#8221; add_caption=&#8221;yes&#8221; alignment=&#8221;center&#8221; onclick=&#8221;link_image&#8221; qode_css_animation=&#8221;&#8221;][vc_empty_space][\/vc_column_inner][\/vc_row_inner][\/vc_column][\/vc_row][vc_row row_type=&#8221;row&#8221; use_row_as_full_screen_section=&#8221;no&#8221; type=&#8221;full_width&#8221; text_align=&#8221;left&#8221; css_animation=&#8221;&#8221;][vc_column][vc_column_text]Ze wzgl\u0119du na przeniesienie silnika do przodu i wyd\u0142u\u017cenie samochodu zwi\u0119kszono rozstaw osi o 12,5 cm. Komfort jazdy uleg\u0142 poprawie ze wzgl\u0119du na lepsze pokonywanie przeszk\u00f3d, oraz wi\u0119cej miejsce na nogi. W miejscu, gdzie dotychczas znajdowa\u0142 si\u0119 silnik umieszczono bardzo pojemny jak na samoch\u00f3d tej klasy baga\u017cnik \u2013 200 litr\u00f3w. Ka\u017cdy z prototyp\u00f3w by\u0142 inny, i jeden z nich mia\u0142 prawdopodobnie z ty\u0142u trzecie drzwi. Ka\u017cdy z NP mia\u0142 sk\u0142adan\u0105 kanap\u0119, pozwalaj\u0105c\u0105 powi\u0119kszy\u0107 przestrze\u0144 baga\u017cow\u0105.[\/vc_column_text][vc_empty_space][vc_row_inner row_type=&#8221;row&#8221; type=&#8221;full_width&#8221; use_row_as_full_screen_section_slide=&#8221;no&#8221; text_align=&#8221;left&#8221; css_animation=&#8221;&#8221;][vc_column_inner][vc_single_image image=&#8221;22807&#8243; img_size=&#8221;medium&#8221; add_caption=&#8221;yes&#8221; alignment=&#8221;center&#8221; onclick=&#8221;link_image&#8221; qode_css_animation=&#8221;&#8221;][vc_empty_space][vc_single_image image=&#8221;22808&#8243; img_size=&#8221;medium&#8221; add_caption=&#8221;yes&#8221; alignment=&#8221;center&#8221; onclick=&#8221;link_image&#8221; qode_css_animation=&#8221;&#8221;][\/vc_column_inner][\/vc_row_inner][\/vc_column][\/vc_row][vc_row row_type=&#8221;row&#8221; use_row_as_full_screen_section=&#8221;no&#8221; type=&#8221;full_width&#8221; text_align=&#8221;left&#8221; css_animation=&#8221;&#8221;][vc_column][vc_column_text]Ka\u017cdy z kilkunastu zbudowanych prototyp\u00f3w by\u0142 inny \u2013 jak ju\u017c wspomnieli\u015bmy, prawdopodobnie r\u00f3\u017cni\u0142y si\u0119 prze\u0142o\u017cenia w skrzyni bieg\u00f3w, ostatnie modele mia\u0142y trzecie drzwi (podobne do tych zastosowanych w BISie), w p\u00f3\u017aniejszych modelach zastosowano tylne lampy poziome. Ostatni z wyprodukowanych egzemplarzy posiada\u0142 silnik z Fiata Pandy.<\/p>\n<p>&nbsp;<\/p>\n<p>W po\u0142owie lat 80-tych zaniechano prac nad 126 NP ze wzgl\u0119du na rozpocz\u0119cie prac nad ca\u0142kowicie nowym autem \u2013 Beskidem.[\/vc_column_text][vc_empty_space][vc_row_inner row_type=&#8221;row&#8221; type=&#8221;full_width&#8221; use_row_as_full_screen_section_slide=&#8221;no&#8221; text_align=&#8221;left&#8221; css_animation=&#8221;&#8221;][vc_column_inner][vc_single_image image=&#8221;22809&#8243; img_size=&#8221;medium&#8221; add_caption=&#8221;yes&#8221; alignment=&#8221;center&#8221; onclick=&#8221;link_image&#8221; qode_css_animation=&#8221;&#8221;][vc_empty_space][vc_single_image image=&#8221;22810&#8243; img_size=&#8221;medium&#8221; add_caption=&#8221;yes&#8221; alignment=&#8221;center&#8221; onclick=&#8221;link_image&#8221; qode_css_animation=&#8221;&#8221;][vc_empty_space][vc_single_image image=&#8221;22811&#8243; img_size=&#8221;medium&#8221; add_caption=&#8221;yes&#8221; alignment=&#8221;center&#8221; onclick=&#8221;link_image&#8221; qode_css_animation=&#8221;&#8221;][vc_empty_space][vc_single_image image=&#8221;22812&#8243; img_size=&#8221;medium&#8221; add_caption=&#8221;yes&#8221; alignment=&#8221;center&#8221; onclick=&#8221;link_image&#8221; qode_css_animation=&#8221;&#8221;][vc_empty_space][vc_column_text]Zdj\u0119cia w artykule znajduj\u0105 si\u0119 dzi\u0119ki uprzejmo\u015bci portalu\u00a0<a href=\"http:\/\/www.czarprlu.pl\/\">www.czarprlu.pl<\/a>.<\/p>\n<p>&nbsp;<\/p>\n<p>Artyku\u0142 oparty na informacjach ze stron:<\/p>\n<p>http:\/\/www.auto-uzywane.pl\/young\/maluch\/maluch.html<\/p>\n<p>http:\/\/www.126fan.pl\/www\/swap_650NP.htm[\/vc_column_text][\/vc_column_inner][\/vc_row_inner][\/vc_column][\/vc_row]\n","protected":false},"excerpt":{"rendered":"<p>[vc_row row_type=&#8221;row&#8221; use_row_as_full_screen_section=&#8221;no&#8221; type=&#8221;full_width&#8221; text_align=&#8221;left&#8221; css_animation=&#8221;&#8221;][vc_column][vc_column_text]Po tym jak Fiat 126p zdominowa\u0142 polski rynek, FSM chcia\u0142 stworzy\u0107 wi\u0119cej pojazd\u00f3w opartych na tym modelu. Najwi\u0119ksz\u0105 przeszkod\u0105 w dalszym rozwijaniu samochodu by\u0142 umieszczony z ty\u0142u silnik, w zwi\u0105zku z czym zbudowano prototyp z silnikiem umieszczonym z przodu \u2013&#8230;<\/p>\n","protected":false},"author":2,"featured_media":0,"parent":22798,"menu_order":0,"comment_status":"closed","ping_status":"closed","template":"","meta":{"advanced_seo_description":"","spay_email":""},"jetpack_sharing_enabled":true,"jetpack_shortlink":"https:\/\/wp.me\/P9KryZ-5VK","jetpack_likes_enabled":true,"jetpack-related-posts":[{"id":22624,"url":"http:\/\/rezerwa126p.pl\/?page_id=22624","url_meta":{"origin":22800,"position":0},"title":"Fiat 126p ST &#8211; opis modelu","date":"5 listopada 2017","format":false,"excerpt":"[vc_row row_type=\"row\" use_row_as_full_screen_section=\"no\" type=\"full_width\" text_align=\"left\" css_animation=\"\"][vc_column][vc_column_text]Fiat nowy model 126 oficjalnie zaprezentowa\u0142 9 listopada 1972 roku na salonie samochodowym w Turynie. Kilka dni, po tym wydarzeniu nowego Fiata 126 pokazano w Warszawie na Placu Defilad. 6 czerwca 1973 zmontowano w fabryce FSM w Bielsku Bia\u0142ej pierwszego Polskiego Fiata 126p z w\u0142oskich\u2026","rel":"","context":"Similar post","img":{"alt_text":"","src":"","width":0,"height":0},"classes":[]},{"id":22685,"url":"http:\/\/rezerwa126p.pl\/?page_id=22685","url_meta":{"origin":22800,"position":1},"title":"Opis modelu","date":"5 listopada 2017","format":false,"excerpt":"[vc_row row_type=\"row\" use_row_as_full_screen_section=\"no\" type=\"full_width\" text_align=\"left\" css_animation=\"\"][vc_column][vc_column_text]W 1992 roku fabryka FSM przej\u0119ta zosta\u0142a przez Fiat Auto Poland, i od tego czasu to pod takim szyldem sprzedawano maluchy. W 1994 roku nast\u0105pi\u0142 kolejny wi\u0119kszy pakiet zmian w ma\u0142ym fiacie, produkowanym od tego roku pod nazw\u0105 el. Najwa\u017cniejsze z nich, to: zmiana karoserii\u2026","rel":"","context":"Similar post","img":{"alt_text":"","src":"","width":0,"height":0},"classes":[]},{"id":22503,"url":"http:\/\/rezerwa126p.pl\/?page_id=22503","url_meta":{"origin":22800,"position":2},"title":"Kalendarium","date":"4 listopada 2017","format":false,"excerpt":"[vc_row row_type=\"row\" use_row_as_full_screen_section=\"no\" type=\"full_width\" text_align=\"left\" css_animation=\"\"][vc_column][vc_column_text]We\u00a0wrze\u015bniu 1972 roku\u00a0wyprodukowano we w\u0142oskim Cassino pierwsz\u0105 seri\u0119 pr\u00f3bn\u0105 w ilo\u015bci 100 egzemplarzy. \u00a0 Oficjalna premiera Fiata 126 odby\u0142a si\u0119\u00a09 wrze\u015bnia roku 1972,\u00a0jednocze\u015bnie we W\u0142oszech \u2013 w salonie samochodowym w Turynie i w Polsce - na Placu Defilad. Historia Polskiego Fiata 126p rozpocz\u0119\u0142a si\u0119 od\u2026","rel":"","context":"Similar post","img":{"alt_text":"","src":"","width":0,"height":0},"classes":[]},{"id":22587,"url":"http:\/\/rezerwa126p.pl\/?page_id=22587","url_meta":{"origin":22800,"position":3},"title":"Fiat 126p model przej\u015bciowy","date":"4 listopada 2017","format":false,"excerpt":"[vc_row row_type=\"row\" use_row_as_full_screen_section=\"no\" type=\"full_width\" text_align=\"left\"][vc_column][vc_column_text]Po wprowadzeniu nowego modelu FL w grudniu 1984, r\u00f3wnolegle powstawa\u0142y wersje mieszane, wy\u0142\u0105cznie na rynek krajowy. Wi\u0119kszo\u015b\u0107 nowych FLi wyje\u017cd\u017ca\u0142o na eksport do sieci dealerskiej Fiata, a Polscy odbiorcy czekali na samochody, niekoniecznie w najnowszej wersji. W czasach gospodarki centralnie planowanej, produkcja nadwozi pod wyposa\u017cenie ST\u2026","rel":"","context":"Similar post","img":{"alt_text":"","src":"","width":0,"height":0},"classes":[]},{"id":22817,"url":"http:\/\/rezerwa126p.pl\/?page_id=22817","url_meta":{"origin":22800,"position":4},"title":"Fiat 126p COMBI","date":"6 listopada 2017","format":false,"excerpt":"[vc_row row_type=\"row\" use_row_as_full_screen_section=\"no\" type=\"full_width\" text_align=\"left\" css_animation=\"\"][vc_column][vc_column_text]Ju\u017c w trzy lata po rozpocz\u0119ciu produkcji Fiata 126p, w 1976 roku podj\u0119to prace nad budow\u0105 Polskiego Fiata 126p Combi. Wybudowane prototypy znacz\u0105co r\u00f3\u017cni\u0142y si\u0119 od pierwotnej wersji Malucha.[\/vc_column_text][vc_empty_space][vc_row_inner row_type=\"row\" type=\"full_width\" use_row_as_full_screen_section_slide=\"no\" text_align=\"left\" css_animation=\"\"][vc_column_inner][vc_single_image image=\"22821\" img_size=\"medium\" add_caption=\"yes\" alignment=\"center\" onclick=\"link_image\" qode_css_animation=\"\"][\/vc_column_inner][\/vc_row_inner][vc_empty_space][\/vc_column][\/vc_row][vc_row row_type=\"row\" use_row_as_full_screen_section=\"no\" type=\"full_width\" text_align=\"left\" css_animation=\"\"][vc_column][vc_column_text]Do\u2026","rel":"","context":"Similar post","img":{"alt_text":"","src":"","width":0,"height":0},"classes":[]},{"id":22710,"url":"http:\/\/rezerwa126p.pl\/?page_id=22710","url_meta":{"origin":22800,"position":5},"title":"Opis modelu","date":"5 listopada 2017","format":false,"excerpt":"[vc_row row_type=\"row\" use_row_as_full_screen_section=\"no\" type=\"full_width\" text_align=\"left\" css_animation=\"\"][vc_column][vc_column_text]Pod koniec lat 80. popyt na malucha na rynkach zagranicznych spad\u0142, co by\u0142o powodem do rozwa\u017ca\u0144 na temat gruntownej przebudowy 126p. W ten spos\u00f3b powsta\u0142 Fiat 126 BIS, zaprezentowany po raz pierwszy jesieni\u0105 1987 roku na targach we Frankfurcie. \u00a0 Najbardziej widoczna na pierwszy rzut\u2026","rel":"","context":"Similar post","img":{"alt_text":"","src":"","width":0,"height":0},"classes":[]}],"_links":{"self":[{"href":"http:\/\/rezerwa126p.pl\/index.php?rest_route=\/wp\/v2\/pages\/22800"}],"collection":[{"href":"http:\/\/rezerwa126p.pl\/index.php?rest_route=\/wp\/v2\/pages"}],"about":[{"href":"http:\/\/rezerwa126p.pl\/index.php?rest_route=\/wp\/v2\/types\/page"}],"author":[{"embeddable":true,"href":"http:\/\/rezerwa126p.pl\/index.php?rest_route=\/wp\/v2\/users\/2"}],"replies":[{"embeddable":true,"href":"http:\/\/rezerwa126p.pl\/index.php?rest_route=%2Fwp%2Fv2%2Fcomments&post=22800"}],"version-history":[{"count":1,"href":"http:\/\/rezerwa126p.pl\/index.php?rest_route=\/wp\/v2\/pages\/22800\/revisions"}],"predecessor-version":[{"id":22813,"href":"http:\/\/rezerwa126p.pl\/index.php?rest_route=\/wp\/v2\/pages\/22800\/revisions\/22813"}],"up":[{"embeddable":true,"href":"http:\/\/rezerwa126p.pl\/index.php?rest_route=\/wp\/v2\/pages\/22798"}],"wp:attachment":[{"href":"http:\/\/rezerwa126p.pl\/index.php?rest_route=%2Fwp%2Fv2%2Fmedia&parent=22800"}],"curies":[{"name":"wp","href":"https:\/\/api.w.org\/{rel}","templated":true}]}}