{"id":22594,"date":"2017-11-04T21:18:28","date_gmt":"2017-11-04T20:18:28","guid":{"rendered":"http:\/\/rezerwa126p.pl\/web\/?page_id=22594"},"modified":"2021-10-25T22:09:40","modified_gmt":"2021-10-25T20:09:40","slug":"wersje-specjalne-i-limitowane","status":"publish","type":"page","link":"http:\/\/rezerwa126p.pl\/?page_id=22594","title":{"rendered":"Wersje specjalne i limitowane"},"content":{"rendered":"","protected":false},"excerpt":{"rendered":"","protected":false},"author":2,"featured_media":0,"parent":22578,"menu_order":0,"comment_status":"closed","ping_status":"closed","template":"","meta":{"advanced_seo_description":"","spay_email":""},"jetpack_sharing_enabled":true,"jetpack_shortlink":"https:\/\/wp.me\/P9KryZ-5Sq","jetpack_likes_enabled":true,"jetpack-related-posts":[{"id":22736,"url":"http:\/\/rezerwa126p.pl\/?page_id=22736","url_meta":{"origin":22594,"position":0},"title":"Prospekt &#8211; Fiat 126 Red | Brown","date":"5 listopada 2017","format":false,"excerpt":"[vc_row row_type=\"row\" use_row_as_full_screen_section=\"no\" type=\"full_width\" text_align=\"left\" css_animation=\"\"][vc_column][vc_single_image image=\"22737\" img_size=\"medium\" add_caption=\"yes\" alignment=\"center\" onclick=\"link_image\" qode_css_animation=\"\"][vc_empty_space][vc_single_image image=\"22738\" img_size=\"medium\" add_caption=\"yes\" alignment=\"center\" onclick=\"link_image\" qode_css_animation=\"\"][vc_empty_space][vc_single_image image=\"22739\" img_size=\"medium\" add_caption=\"yes\" alignment=\"center\" onclick=\"link_image\" qode_css_animation=\"\"][vc_empty_space][vc_single_image image=\"22740\" img_size=\"medium\" add_caption=\"yes\" alignment=\"center\" onclick=\"link_image\" qode_css_animation=\"\"][\/vc_column][\/vc_row]","rel":"","context":"Similar post","img":{"alt_text":"","src":"","width":0,"height":0},"classes":[]},{"id":22730,"url":"http:\/\/rezerwa126p.pl\/?page_id=22730","url_meta":{"origin":22594,"position":1},"title":"Prospekt &#8211; Fiat 126 Sonderserie Black&#038;Silver","date":"5 listopada 2017","format":false,"excerpt":"[vc_row row_type=\"row\" use_row_as_full_screen_section=\"no\" type=\"full_width\" text_align=\"left\" css_animation=\"\"][vc_column][vc_single_image image=\"22731\" img_size=\"medium\" add_caption=\"yes\" alignment=\"center\" onclick=\"link_image\" qode_css_animation=\"\"][vc_empty_space][vc_single_image image=\"22732\" img_size=\"medium\" add_caption=\"yes\" alignment=\"center\" onclick=\"link_image\" qode_css_animation=\"\"][vc_empty_space][vc_single_image image=\"22733\" img_size=\"medium\" add_caption=\"yes\" alignment=\"center\" onclick=\"link_image\" qode_css_animation=\"\"][vc_empty_space][vc_single_image image=\"22733\" img_size=\"medium\" add_caption=\"yes\" alignment=\"center\" onclick=\"link_image\" qode_css_animation=\"\"][vc_empty_space][vc_single_image image=\"22734\" img_size=\"medium\" add_caption=\"yes\" alignment=\"center\" onclick=\"link_image\" qode_css_animation=\"\"][\/vc_column][\/vc_row]","rel":"","context":"Similar post","img":{"alt_text":"","src":"","width":0,"height":0},"classes":[]},{"id":22742,"url":"http:\/\/rezerwa126p.pl\/?page_id=22742","url_meta":{"origin":22594,"position":2},"title":"Prospekt &#8211; Fiat 126 650 DeVille Silver | Black","date":"5 listopada 2017","format":false,"excerpt":"[vc_row row_type=\"row\" use_row_as_full_screen_section=\"no\" type=\"full_width\" text_align=\"left\" css_animation=\"\"][vc_column][vc_single_image image=\"22743\" img_size=\"medium\" add_caption=\"yes\" alignment=\"center\" onclick=\"link_image\" qode_css_animation=\"\"][vc_empty_space][vc_single_image image=\"22744\" img_size=\"medium\" add_caption=\"yes\" alignment=\"center\" onclick=\"link_image\" qode_css_animation=\"\"][vc_empty_space][vc_single_image image=\"22745\" img_size=\"medium\" add_caption=\"yes\" alignment=\"center\" onclick=\"link_image\" qode_css_animation=\"\"][vc_empty_space][vc_single_image image=\"22746\" img_size=\"medium\" add_caption=\"yes\" alignment=\"center\" onclick=\"link_image\" qode_css_animation=\"\"][\/vc_column][\/vc_row]","rel":"","context":"Similar post","img":{"alt_text":"","src":"","width":0,"height":0},"classes":[]},{"id":22780,"url":"http:\/\/rezerwa126p.pl\/?page_id=22780","url_meta":{"origin":22594,"position":3},"title":"Niki","date":"5 listopada 2017","format":false,"excerpt":"[vc_row row_type=\"row\" use_row_as_full_screen_section=\"no\" type=\"full_width\" text_align=\"left\" css_animation=\"\"][vc_column][vc_column_text]FSM 650 Niki\u00a0- montowany w latach 1989 - 1991 z przeznaczeniem na rynek Australii. Mia\u0142 on kierownic\u0119 zamontowan\u0105 po prawej stronie, przystosowany by\u0142 do wysokich temperatur, dostosowano go do australijskich przepis\u00f3w ekologicznych, oraz posiada\u0142 kotwiczenia do zamontowania fotelik\u00f3w dla dzieci.[\/vc_column_text][vc_empty_space][vc_row_inner row_type=\"row\" type=\"full_width\" use_row_as_full_screen_section_slide=\"no\" text_align=\"left\" css_animation=\"\"][vc_column_inner][vc_single_image\u2026","rel":"","context":"Similar post","img":{"alt_text":"","src":"","width":0,"height":0},"classes":[]},{"id":22783,"url":"http:\/\/rezerwa126p.pl\/?page_id=22783","url_meta":{"origin":22594,"position":4},"title":"Bambino 650","date":"5 listopada 2017","format":false,"excerpt":"[vc_row row_type=\"row\" use_row_as_full_screen_section=\"no\" type=\"full_width\" text_align=\"left\" css_animation=\"\"][vc_column][vc_column_text]Fiat 126 Bambino 650\u00a0- produkowany w latach 1980 - 1984, by\u0142a to wersja eksportowa g\u0142\u00f3wnie na rynek zachodni (Niemcy). Posiada\u0142 on silnik o mocy 26KM. Wyposa\u017cony by\u0142 w bia\u0142e kierunkowskazy i wypuk\u0142e, kwadratowe tylne lampy ze \u015bwiat\u0142em cofania. Fotele by\u0142y pokryte materia\u0142em.[\/vc_column_text][vc_empty_space][vc_row_inner row_type=\"row\" type=\"full_width\" use_row_as_full_screen_section_slide=\"no\"\u2026","rel":"","context":"Similar post","img":{"alt_text":"","src":"","width":0,"height":0},"classes":[]},{"id":22795,"url":"http:\/\/rezerwa126p.pl\/?page_id=22795","url_meta":{"origin":22594,"position":5},"title":"Personal 2","date":"5 listopada 2017","format":false,"excerpt":"[vc_row row_type=\"row\" use_row_as_full_screen_section=\"no\" type=\"full_width\" text_align=\"left\" css_animation=\"\"][vc_column][vc_column_text]Fiat 126 Personal 2\u00a0\u2013 produkowany w latach 1976 \u2013 1980 \u2013 wersja pozbawiona tylnej kanapy, aczkolwiek bogato wyposa\u017cona, mi\u0119dzy innymi w pasy bezpiecze\u0144stwa ze zwijaczem, wykonane z tworzywa sztucznego zderzaki, oraz boczne listwy ochronne, d\u017awigni\u0119 zmiany bieg\u00f3w z oznaczeniem po\u0142o\u017cenia bieg\u00f3w, wsteczne lusterko zewn\u0119trzne i\u2026","rel":"","context":"Similar post","img":{"alt_text":"","src":"","width":0,"height":0},"classes":[]}],"_links":{"self":[{"href":"http:\/\/rezerwa126p.pl\/index.php?rest_route=\/wp\/v2\/pages\/22594"}],"collection":[{"href":"http:\/\/rezerwa126p.pl\/index.php?rest_route=\/wp\/v2\/pages"}],"about":[{"href":"http:\/\/rezerwa126p.pl\/index.php?rest_route=\/wp\/v2\/types\/page"}],"author":[{"embeddable":true,"href":"http:\/\/rezerwa126p.pl\/index.php?rest_route=\/wp\/v2\/users\/2"}],"replies":[{"embeddable":true,"href":"http:\/\/rezerwa126p.pl\/index.php?rest_route=%2Fwp%2Fv2%2Fcomments&post=22594"}],"version-history":[{"count":1,"href":"http:\/\/rezerwa126p.pl\/index.php?rest_route=\/wp\/v2\/pages\/22594\/revisions"}],"predecessor-version":[{"id":22595,"href":"http:\/\/rezerwa126p.pl\/index.php?rest_route=\/wp\/v2\/pages\/22594\/revisions\/22595"}],"up":[{"embeddable":true,"href":"http:\/\/rezerwa126p.pl\/index.php?rest_route=\/wp\/v2\/pages\/22578"}],"wp:attachment":[{"href":"http:\/\/rezerwa126p.pl\/index.php?rest_route=%2Fwp%2Fv2%2Fmedia&parent=22594"}],"curies":[{"name":"wp","href":"https:\/\/api.w.org\/{rel}","templated":true}]}}