{"id":22592,"date":"2017-11-04T21:18:19","date_gmt":"2017-11-04T20:18:19","guid":{"rendered":"http:\/\/rezerwa126p.pl\/web\/?page_id=22592"},"modified":"2021-10-25T22:09:39","modified_gmt":"2021-10-25T20:09:39","slug":"bosmal-126-cabrio","status":"publish","type":"page","link":"http:\/\/rezerwa126p.pl\/?page_id=22592","title":{"rendered":"Bosmal 126 Cabrio"},"content":{"rendered":"","protected":false},"excerpt":{"rendered":"","protected":false},"author":2,"featured_media":0,"parent":22578,"menu_order":0,"comment_status":"closed","ping_status":"closed","template":"","meta":{"advanced_seo_description":"","spay_email":""},"jetpack_sharing_enabled":true,"jetpack_shortlink":"https:\/\/wp.me\/P9KryZ-5So","jetpack_likes_enabled":true,"jetpack-related-posts":[{"id":22728,"url":"http:\/\/rezerwa126p.pl\/?page_id=22728","url_meta":{"origin":22592,"position":0},"title":"Ciekawostki","date":"5 listopada 2017","format":false,"excerpt":"[vc_row row_type=\"row\" use_row_as_full_screen_section=\"no\" type=\"full_width\" text_align=\"left\" css_animation=\"\"][vc_column][vc_column_text]Czerwony Bosmal wyst\u0105pi\u0142 w odcinku \"Na ryby\" serialu \"Miodowe lata\". \u00a0 Pierwsze Cabrio mia\u0142y numery nadwozia takie same, jak seryjne maluchy produkowane na rynek polski, czyli zaczynaj\u0105ce si\u0119 od SUF, za\u015b p\u00f3\u017aniejsze zaczyna\u0142y si\u0119 od SUE. Pierwsze tabliczki znamionowe firmowane by\u0142y logiem FSM, a p\u00f3\u017aniejsze\u2026","rel":"","context":"Similar post","img":{"alt_text":"","src":"","width":0,"height":0},"classes":[]},{"id":22723,"url":"http:\/\/rezerwa126p.pl\/?page_id=22723","url_meta":{"origin":22592,"position":1},"title":"Opis modelu","date":"5 listopada 2017","format":false,"excerpt":"[vc_row row_type=\"row\" use_row_as_full_screen_section=\"no\" type=\"full_width\" text_align=\"left\" css_animation=\"\"][vc_column][vc_row_inner row_type=\"row\" type=\"full_width\" use_row_as_full_screen_section_slide=\"no\" text_align=\"left\" css_animation=\"\"][vc_column_inner][vc_column_text]Przy bielskiej fabryce dzia\u0142a\u0142 O\u015brodek Badawczo-Rozwojowy Samochod\u00f3w Ma\u0142olitra\u017cowych BOSMAL, w kt\u00f3rym prowadzone by\u0142y badania nad usprawnieniami produkowanych w FSM samochod\u00f3w, oraz prototypami nowych. Wszystkie nowe konstrukcje pozosta\u0142y w fazie prototyp\u00f3w. Wyj\u0105tkiem\u00a0by\u0142 Bosmal 126 Cabrio \u2013 Maluch w wersji kabriolet, kt\u00f3ry\u2026","rel":"","context":"Similar post","img":{"alt_text":"","src":"","width":0,"height":0},"classes":[]},{"id":22503,"url":"http:\/\/rezerwa126p.pl\/?page_id=22503","url_meta":{"origin":22592,"position":2},"title":"Kalendarium","date":"4 listopada 2017","format":false,"excerpt":"[vc_row row_type=\"row\" use_row_as_full_screen_section=\"no\" type=\"full_width\" text_align=\"left\" css_animation=\"\"][vc_column][vc_column_text]We\u00a0wrze\u015bniu 1972 roku\u00a0wyprodukowano we w\u0142oskim Cassino pierwsz\u0105 seri\u0119 pr\u00f3bn\u0105 w ilo\u015bci 100 egzemplarzy. \u00a0 Oficjalna premiera Fiata 126 odby\u0142a si\u0119\u00a09 wrze\u015bnia roku 1972,\u00a0jednocze\u015bnie we W\u0142oszech \u2013 w salonie samochodowym w Turynie i w Polsce - na Placu Defilad. Historia Polskiego Fiata 126p rozpocz\u0119\u0142a si\u0119 od\u2026","rel":"","context":"Similar post","img":{"alt_text":"","src":"","width":0,"height":0},"classes":[]},{"id":22293,"url":"http:\/\/rezerwa126p.pl\/?page_id=22293","url_meta":{"origin":22592,"position":3},"title":"Schemat instalacji Fiat 126 elx","date":"4 listopada 2017","format":false,"excerpt":"[vc_row row_type=\"row\" use_row_as_full_screen_section=\"no\" type=\"full_width\" text_align=\"left\" css_animation=\"\"][vc_column][vc_column_text]Pobierz schemat - Fiat 126 elx [\/vc_column_text][\/vc_column][\/vc_row]","rel":"","context":"Similar post","img":{"alt_text":"","src":"","width":0,"height":0},"classes":[]},{"id":22296,"url":"http:\/\/rezerwa126p.pl\/?page_id=22296","url_meta":{"origin":22592,"position":4},"title":"Schemat instalacji Fiat 126 el","date":"4 listopada 2017","format":false,"excerpt":"[vc_row row_type=\"row\" use_row_as_full_screen_section=\"no\" type=\"full_width\" text_align=\"left\" css_animation=\"\"][vc_column][vc_column_text]Pobierz schemat - Fiat 126 el[\/vc_column_text][\/vc_column][\/vc_row]","rel":"","context":"Similar post","img":{"alt_text":"","src":"","width":0,"height":0},"classes":[]},{"id":23046,"url":"http:\/\/rezerwa126p.pl\/?page_id=23046","url_meta":{"origin":22592,"position":5},"title":"Fiat 126 Abarth","date":"5 marca 2018","format":false,"excerpt":"[vc_row row_type=\"row\" use_row_as_full_screen_section=\"no\" type=\"full_width\" text_align=\"left\" css_animation=\"\"][vc_column][vc_single_image image=\"23049\" img_size=\"medium\" alignment=\"center\" onclick=\"link_image\" qode_css_animation=\"\"][vc_empty_space][\/vc_column][\/vc_row][vc_row row_type=\"row\" use_row_as_full_screen_section=\"no\" type=\"full_width\" text_align=\"left\" css_animation=\"\"][vc_column][vc_single_image image=\"23048\" img_size=\"medium\" alignment=\"center\" onclick=\"link_image\" qode_css_animation=\"\"][vc_empty_space][\/vc_column][\/vc_row][vc_row row_type=\"row\" use_row_as_full_screen_section=\"no\" type=\"full_width\" text_align=\"left\" css_animation=\"\"][vc_column][vc_single_image image=\"23047\" img_size=\"medium\" alignment=\"center\" onclick=\"link_image\" qode_css_animation=\"\"][vc_empty_space][\/vc_column][\/vc_row]","rel":"","context":"Similar post","img":{"alt_text":"","src":"","width":0,"height":0},"classes":[]}],"_links":{"self":[{"href":"http:\/\/rezerwa126p.pl\/index.php?rest_route=\/wp\/v2\/pages\/22592"}],"collection":[{"href":"http:\/\/rezerwa126p.pl\/index.php?rest_route=\/wp\/v2\/pages"}],"about":[{"href":"http:\/\/rezerwa126p.pl\/index.php?rest_route=\/wp\/v2\/types\/page"}],"author":[{"embeddable":true,"href":"http:\/\/rezerwa126p.pl\/index.php?rest_route=\/wp\/v2\/users\/2"}],"replies":[{"embeddable":true,"href":"http:\/\/rezerwa126p.pl\/index.php?rest_route=%2Fwp%2Fv2%2Fcomments&post=22592"}],"version-history":[{"count":1,"href":"http:\/\/rezerwa126p.pl\/index.php?rest_route=\/wp\/v2\/pages\/22592\/revisions"}],"predecessor-version":[{"id":22593,"href":"http:\/\/rezerwa126p.pl\/index.php?rest_route=\/wp\/v2\/pages\/22592\/revisions\/22593"}],"up":[{"embeddable":true,"href":"http:\/\/rezerwa126p.pl\/index.php?rest_route=\/wp\/v2\/pages\/22578"}],"wp:attachment":[{"href":"http:\/\/rezerwa126p.pl\/index.php?rest_route=%2Fwp%2Fv2%2Fmedia&parent=22592"}],"curies":[{"name":"wp","href":"https:\/\/api.w.org\/{rel}","templated":true}]}}