{"id":22590,"date":"2017-11-04T21:18:04","date_gmt":"2017-11-04T20:18:04","guid":{"rendered":"http:\/\/rezerwa126p.pl\/web\/?page_id=22590"},"modified":"2023-01-28T12:53:52","modified_gmt":"2023-01-28T11:53:52","slug":"st","status":"publish","type":"page","link":"http:\/\/rezerwa126p.pl\/?page_id=22590","title":{"rendered":"ST"},"content":{"rendered":"<p>Pierwowz\u00f3r, najbardziej klasyczna wersja Malucha. Pozbawiony wszelkich ulepsze\u0144 spotykanych w p\u00f3\u017aniejszych modelach. Charakterystyczn\u0105 cech\u0105 typow\u0105 dla odmiany ST, s\u0105 ko\u0142a o szerokim rozstawie \u015brub (4&#215;190), tak zwane Cytrynki. Oraz wiadomo, zderzaki chromowane.<\/p>\n<p>ST produkowany by\u0142 w dw\u00f3ch generacjach &#8211; I seria (1973 &#8211; 07.1977), oraz II seria (07.1977 &#8211; 12.1984)<br \/>\n<a href=\"http:\/\/rezerwa126p.pl\/?attachment_id=23860\"><img data-attachment-id=\"23860\" data-permalink=\"http:\/\/rezerwa126p.pl\/?attachment_id=23860\" data-orig-file=\"https:\/\/i0.wp.com\/rezerwa126p.pl\/web\/wp-content\/uploads\/2021\/12\/020.jpeg?fit=867%2C603\" data-orig-size=\"867,603\" data-comments-opened=\"0\" data-image-meta=\"{&quot;aperture&quot;:&quot;0&quot;,&quot;credit&quot;:&quot;&quot;,&quot;camera&quot;:&quot;&quot;,&quot;caption&quot;:&quot;&quot;,&quot;created_timestamp&quot;:&quot;0&quot;,&quot;copyright&quot;:&quot;&quot;,&quot;focal_length&quot;:&quot;0&quot;,&quot;iso&quot;:&quot;0&quot;,&quot;shutter_speed&quot;:&quot;0&quot;,&quot;title&quot;:&quot;&quot;,&quot;orientation&quot;:&quot;1&quot;}\" data-image-title=\"020\" data-image-description=\"\" data-image-caption=\"\" data-medium-file=\"https:\/\/i0.wp.com\/rezerwa126p.pl\/web\/wp-content\/uploads\/2021\/12\/020.jpeg?fit=300%2C209\" data-large-file=\"https:\/\/i0.wp.com\/rezerwa126p.pl\/web\/wp-content\/uploads\/2021\/12\/020.jpeg?fit=867%2C603\" loading=\"lazy\" class=\"wp-image-23860 size-medium aligncenter\" src=\"https:\/\/i0.wp.com\/rezerwa126p.pl\/web\/wp-content\/uploads\/2021\/12\/020.jpeg?resize=300%2C209\" alt=\"\" width=\"300\" height=\"209\" srcset=\"https:\/\/i0.wp.com\/rezerwa126p.pl\/web\/wp-content\/uploads\/2021\/12\/020.jpeg?resize=300%2C209 300w, https:\/\/i0.wp.com\/rezerwa126p.pl\/web\/wp-content\/uploads\/2021\/12\/020.jpeg?resize=768%2C534 768w, https:\/\/i0.wp.com\/rezerwa126p.pl\/web\/wp-content\/uploads\/2021\/12\/020.jpeg?resize=700%2C487 700w, https:\/\/i0.wp.com\/rezerwa126p.pl\/web\/wp-content\/uploads\/2021\/12\/020.jpeg?resize=600%2C417 600w, https:\/\/i0.wp.com\/rezerwa126p.pl\/web\/wp-content\/uploads\/2021\/12\/020.jpeg?w=867 867w\" sizes=\"(max-width: 300px) 100vw, 300px\" data-recalc-dims=\"1\" \/><\/a><\/p>\n<p>Cechy charakterystyczne dla I serii to:<\/p>\n<ul>\n<li>chromowany znaczek, trumienka na pasie przednim z logotypem &#8222;Polski Fiat&#8221;<\/li>\n<li>ko\u0142a &#8222;Cytrynki&#8221; z wyt\u0142oczonym znakiem Fiata &#8211; do 1974 otwory na \u015bruby by\u0142y p\u0142askie<\/li>\n<li>klapa silnika z dodatkow\u0105 ilo\u015bci\u0105 przet\u0142ocze\u0144 po obu stronach oraz bez wewn\u0119trznych wzmocnie\u0144<\/li>\n<li>zbiorniczek p\u0142ynu hamulcowego o kr\u0105g\u0142ym kszta\u0142cie<\/li>\n<li>mocowanie zamk\u00f3w szyb uchylnych z ty\u0142u umieszczone najni\u017cej na s\u0142upku C<\/li>\n<li><\/li>\n<li><img data-attachment-id=\"24001\" data-permalink=\"http:\/\/rezerwa126p.pl\/?attachment_id=24001\" data-orig-file=\"https:\/\/i0.wp.com\/rezerwa126p.pl\/web\/wp-content\/uploads\/2023\/01\/fiat-126-2.jpg?fit=1200%2C900\" data-orig-size=\"1200,900\" data-comments-opened=\"0\" data-image-meta=\"{&quot;aperture&quot;:&quot;0&quot;,&quot;credit&quot;:&quot;&quot;,&quot;camera&quot;:&quot;&quot;,&quot;caption&quot;:&quot;&quot;,&quot;created_timestamp&quot;:&quot;0&quot;,&quot;copyright&quot;:&quot;&quot;,&quot;focal_length&quot;:&quot;0&quot;,&quot;iso&quot;:&quot;0&quot;,&quot;shutter_speed&quot;:&quot;0&quot;,&quot;title&quot;:&quot;&quot;,&quot;orientation&quot;:&quot;0&quot;}\" data-image-title=\"fiat-126-2\" data-image-description=\"\" data-image-caption=\"\" data-medium-file=\"https:\/\/i0.wp.com\/rezerwa126p.pl\/web\/wp-content\/uploads\/2023\/01\/fiat-126-2.jpg?fit=300%2C225\" data-large-file=\"https:\/\/i0.wp.com\/rezerwa126p.pl\/web\/wp-content\/uploads\/2023\/01\/fiat-126-2.jpg?fit=1024%2C768\" loading=\"lazy\" class=\"alignnone size-medium wp-image-24001\" src=\"https:\/\/i0.wp.com\/rezerwa126p.pl\/web\/wp-content\/uploads\/2023\/01\/fiat-126-2.jpg?resize=300%2C225\" alt=\"\" width=\"300\" height=\"225\" srcset=\"https:\/\/i0.wp.com\/rezerwa126p.pl\/web\/wp-content\/uploads\/2023\/01\/fiat-126-2.jpg?resize=300%2C225 300w, https:\/\/i0.wp.com\/rezerwa126p.pl\/web\/wp-content\/uploads\/2023\/01\/fiat-126-2.jpg?resize=1024%2C768 1024w, https:\/\/i0.wp.com\/rezerwa126p.pl\/web\/wp-content\/uploads\/2023\/01\/fiat-126-2.jpg?resize=768%2C576 768w, https:\/\/i0.wp.com\/rezerwa126p.pl\/web\/wp-content\/uploads\/2023\/01\/fiat-126-2.jpg?resize=800%2C600 800w, https:\/\/i0.wp.com\/rezerwa126p.pl\/web\/wp-content\/uploads\/2023\/01\/fiat-126-2.jpg?resize=700%2C525 700w, https:\/\/i0.wp.com\/rezerwa126p.pl\/web\/wp-content\/uploads\/2023\/01\/fiat-126-2.jpg?resize=1100%2C825 1100w, https:\/\/i0.wp.com\/rezerwa126p.pl\/web\/wp-content\/uploads\/2023\/01\/fiat-126-2.jpg?resize=600%2C450 600w, https:\/\/i0.wp.com\/rezerwa126p.pl\/web\/wp-content\/uploads\/2023\/01\/fiat-126-2.jpg?w=1200 1200w\" sizes=\"(max-width: 300px) 100vw, 300px\" data-recalc-dims=\"1\" \/><\/li>\n<li>licznik kilometr\u00f3w wyskalowany do 130 km\/h<\/li>\n<li>na desce rozdzielczej brak miejsca na radio. Jest tylko przycisk pompki spryskiwacza oraz pstryczek \u015bwiate\u0142 drogowych<\/li>\n<li>kierownica cienka, \u015bliska z napisem Fiat<\/li>\n<li>metalowa r\u0105czka otwierania baga\u017cnika (do ko\u0144ca 1973)<\/li>\n<li>wloty powietrza na dole s\u0142upk\u00f3w B (do 1974)<\/li>\n<\/ul>\n<p>na prze\u0142omie 1976 i 1977 pojawi\u0142a si\u0119 inna wersja klasycznej klapy silnika, ze szkieletem z nowej wersji wprowadzonej w 1977<\/p>\n<h3 style=\"text-align: center;\"><strong><img data-attachment-id=\"23983\" data-permalink=\"http:\/\/rezerwa126p.pl\/?attachment_id=23983\" data-orig-file=\"https:\/\/i0.wp.com\/rezerwa126p.pl\/web\/wp-content\/uploads\/2022\/12\/tyyl.webp?fit=1024%2C768\" data-orig-size=\"1024,768\" data-comments-opened=\"0\" data-image-meta=\"{&quot;aperture&quot;:&quot;0&quot;,&quot;credit&quot;:&quot;&quot;,&quot;camera&quot;:&quot;&quot;,&quot;caption&quot;:&quot;&quot;,&quot;created_timestamp&quot;:&quot;0&quot;,&quot;copyright&quot;:&quot;&quot;,&quot;focal_length&quot;:&quot;0&quot;,&quot;iso&quot;:&quot;0&quot;,&quot;shutter_speed&quot;:&quot;0&quot;,&quot;title&quot;:&quot;&quot;,&quot;orientation&quot;:&quot;0&quot;}\" data-image-title=\"tyyl\" data-image-description=\"\" data-image-caption=\"\" data-medium-file=\"https:\/\/i0.wp.com\/rezerwa126p.pl\/web\/wp-content\/uploads\/2022\/12\/tyyl.webp?fit=300%2C225\" data-large-file=\"https:\/\/i0.wp.com\/rezerwa126p.pl\/web\/wp-content\/uploads\/2022\/12\/tyyl.webp?fit=1024%2C768\" loading=\"lazy\" class=\"size-medium wp-image-23983 aligncenter\" src=\"https:\/\/i0.wp.com\/rezerwa126p.pl\/web\/wp-content\/uploads\/2022\/12\/tyyl.webp?resize=300%2C225\" alt=\"\" width=\"300\" height=\"225\" srcset=\"https:\/\/i0.wp.com\/rezerwa126p.pl\/web\/wp-content\/uploads\/2022\/12\/tyyl.webp?resize=300%2C225 300w, https:\/\/i0.wp.com\/rezerwa126p.pl\/web\/wp-content\/uploads\/2022\/12\/tyyl.webp?resize=768%2C576 768w, https:\/\/i0.wp.com\/rezerwa126p.pl\/web\/wp-content\/uploads\/2022\/12\/tyyl.webp?resize=800%2C600 800w, https:\/\/i0.wp.com\/rezerwa126p.pl\/web\/wp-content\/uploads\/2022\/12\/tyyl.webp?resize=700%2C525 700w, https:\/\/i0.wp.com\/rezerwa126p.pl\/web\/wp-content\/uploads\/2022\/12\/tyyl.webp?resize=600%2C450 600w, https:\/\/i0.wp.com\/rezerwa126p.pl\/web\/wp-content\/uploads\/2022\/12\/tyyl.webp?w=1024 1024w\" sizes=\"(max-width: 300px) 100vw, 300px\" data-recalc-dims=\"1\" \/>II seria<\/strong><strong>\u00a0<\/strong><\/h3>\n<p>W lipcu 1977 zaprezentowano now\u0105 generacj\u0119 Malucha, tzw II seri\u0119. Samoch\u00f3d zosta\u0142 od\u015bwie\u017cony kosmetycznie, zmiany obj\u0119\u0142y jednak wersje wyposa\u017cenia oraz pojawi\u0142 si\u0119 silnik 650. Najwa\u017cniejsze zmiany w II serii ST to:<\/p>\n<p><a href=\"https:\/\/i0.wp.com\/rezerwa126p.pl\/web\/wp-content\/uploads\/2021\/12\/408.jpeg\"><img data-attachment-id=\"23812\" data-permalink=\"http:\/\/rezerwa126p.pl\/?attachment_id=23812\" data-orig-file=\"https:\/\/i0.wp.com\/rezerwa126p.pl\/web\/wp-content\/uploads\/2021\/12\/408.jpeg?fit=960%2C719\" data-orig-size=\"960,719\" data-comments-opened=\"0\" data-image-meta=\"{&quot;aperture&quot;:&quot;0&quot;,&quot;credit&quot;:&quot;&quot;,&quot;camera&quot;:&quot;&quot;,&quot;caption&quot;:&quot;&quot;,&quot;created_timestamp&quot;:&quot;0&quot;,&quot;copyright&quot;:&quot;&quot;,&quot;focal_length&quot;:&quot;0&quot;,&quot;iso&quot;:&quot;0&quot;,&quot;shutter_speed&quot;:&quot;0&quot;,&quot;title&quot;:&quot;&quot;,&quot;orientation&quot;:&quot;0&quot;}\" data-image-title=\"408\" data-image-description=\"\" data-image-caption=\"\" data-medium-file=\"https:\/\/i0.wp.com\/rezerwa126p.pl\/web\/wp-content\/uploads\/2021\/12\/408.jpeg?fit=300%2C225\" data-large-file=\"https:\/\/i0.wp.com\/rezerwa126p.pl\/web\/wp-content\/uploads\/2021\/12\/408.jpeg?fit=960%2C719\" loading=\"lazy\" class=\"alignleft wp-image-23812 size-medium\" src=\"https:\/\/i0.wp.com\/rezerwa126p.pl\/web\/wp-content\/uploads\/2021\/12\/408.jpeg?resize=300%2C225\" alt=\"\" width=\"300\" height=\"225\" srcset=\"https:\/\/i0.wp.com\/rezerwa126p.pl\/web\/wp-content\/uploads\/2021\/12\/408.jpeg?resize=300%2C225 300w, https:\/\/i0.wp.com\/rezerwa126p.pl\/web\/wp-content\/uploads\/2021\/12\/408.jpeg?resize=768%2C575 768w, https:\/\/i0.wp.com\/rezerwa126p.pl\/web\/wp-content\/uploads\/2021\/12\/408.jpeg?resize=800%2C600 800w, https:\/\/i0.wp.com\/rezerwa126p.pl\/web\/wp-content\/uploads\/2021\/12\/408.jpeg?resize=700%2C524 700w, https:\/\/i0.wp.com\/rezerwa126p.pl\/web\/wp-content\/uploads\/2021\/12\/408.jpeg?resize=600%2C449 600w, https:\/\/i0.wp.com\/rezerwa126p.pl\/web\/wp-content\/uploads\/2021\/12\/408.jpeg?w=960 960w\" sizes=\"(max-width: 300px) 100vw, 300px\" data-recalc-dims=\"1\" \/><\/a><\/p>\n<p>&nbsp;<\/p>\n<ul>\n<li>Nowy logotyp Polski Fiat w kszta\u0142cie rombu na \u015brodku pasa przedniego<\/li>\n<li>Oznaczenie modelu oraz wersji na dolnej cz\u0119\u015bci pokrywy silnika nowy typ klapy z mniejsz\u0105 ilo\u015bci\u0105 \u017ceberek oraz dolnym przet\u0142oczeniem w kszta\u0142cie s\u0142uchawki telefonu nad tablic\u0105 rejestracyjn\u0105<\/li>\n<li>Na s\u0142upku C nowe przet\u0142oczenie na zamek szyby uchylnej oraz miejsce na monta\u017c tylnych statycznych pas\u00f3w bezpiecze\u0144stwa<\/li>\n<li>We wn\u0119trzu nowa konsola na desce rozdzielczej z miejscem na dodatkowe prze\u0142\u0105czniki z praktyczn\u0105 kieszeni\u0105, z mo\u017cliwo\u015bci\u0105 wykorzystania pod radio<\/li>\n<li>Instalacja elektryczna wzbogacona o dodatkowe opcje typu ogrzewanie\u00a0tylnej szyby czy \u015bwiat\u0142a awaryjne<a href=\"https:\/\/i0.wp.com\/rezerwa126p.pl\/web\/wp-content\/uploads\/2022\/12\/tyl.jpg\"><img data-attachment-id=\"23982\" data-permalink=\"http:\/\/rezerwa126p.pl\/?attachment_id=23982\" data-orig-file=\"https:\/\/i0.wp.com\/rezerwa126p.pl\/web\/wp-content\/uploads\/2022\/12\/tyl.jpg?fit=800%2C532\" data-orig-size=\"800,532\" data-comments-opened=\"0\" data-image-meta=\"{&quot;aperture&quot;:&quot;0&quot;,&quot;credit&quot;:&quot;&quot;,&quot;camera&quot;:&quot;&quot;,&quot;caption&quot;:&quot;&quot;,&quot;created_timestamp&quot;:&quot;0&quot;,&quot;copyright&quot;:&quot;&quot;,&quot;focal_length&quot;:&quot;0&quot;,&quot;iso&quot;:&quot;0&quot;,&quot;shutter_speed&quot;:&quot;0&quot;,&quot;title&quot;:&quot;&quot;,&quot;orientation&quot;:&quot;0&quot;}\" data-image-title=\"tyl\" data-image-description=\"\" data-image-caption=\"\" data-medium-file=\"https:\/\/i0.wp.com\/rezerwa126p.pl\/web\/wp-content\/uploads\/2022\/12\/tyl.jpg?fit=300%2C200\" data-large-file=\"https:\/\/i0.wp.com\/rezerwa126p.pl\/web\/wp-content\/uploads\/2022\/12\/tyl.jpg?fit=800%2C532\" loading=\"lazy\" class=\"wp-image-23982 size-medium alignnone\" src=\"https:\/\/i0.wp.com\/rezerwa126p.pl\/web\/wp-content\/uploads\/2022\/12\/tyl.jpg?resize=300%2C200\" alt=\"\" width=\"300\" height=\"200\" srcset=\"https:\/\/i0.wp.com\/rezerwa126p.pl\/web\/wp-content\/uploads\/2022\/12\/tyl.jpg?resize=300%2C200 300w, https:\/\/i0.wp.com\/rezerwa126p.pl\/web\/wp-content\/uploads\/2022\/12\/tyl.jpg?resize=768%2C511 768w, https:\/\/i0.wp.com\/rezerwa126p.pl\/web\/wp-content\/uploads\/2022\/12\/tyl.jpg?resize=700%2C466 700w, https:\/\/i0.wp.com\/rezerwa126p.pl\/web\/wp-content\/uploads\/2022\/12\/tyl.jpg?resize=600%2C399 600w, https:\/\/i0.wp.com\/rezerwa126p.pl\/web\/wp-content\/uploads\/2022\/12\/tyl.jpg?w=800 800w\" sizes=\"(max-width: 300px) 100vw, 300px\" data-recalc-dims=\"1\" \/><\/a><\/li>\n<\/ul>\n<p>Pojawi\u0142o si\u0119 te\u017c du\u017co wersji wyposa\u017cenia. Od teraz one oznaczone na tylnej klapie silnika<\/p>\n<p>600 &#8211; podstawowa wersja, z silnikiem 594 cm\u00b3<br \/>\n650 &#8211; podstawowa wersja z silnikiem 650<br \/>\n650S &#8211; silnik 650, sk\u0142adane oparcia przednich foteli, ogrzewanie tylnej szyby, blokada kierownicy, niebieski pasek przeciws\u0142oneczny na szybie przedniej (w innych wersjach niedost\u0119pny)<br \/>\n650L &#8211; jak wy\u017cej, plus ko\u0142o kierownicy z grubym wie\u0144cem, \u015bwiat\u0142a awaryjne, sygnalizacja niskiego poziomu p\u0142ynu hamulcowego, wzmocniony uk\u0142ad hamulcowy z nowym typem obr\u0119czy 4&#215;98, tapicerka materia\u0142owa<br \/>\n650K &#8211; jak wy\u017cej, plus listwy ochronne drzwi, szyby tylne uchylne, tapicerka materia\u0142owa &#8211; bywa\u0142o \u017ce z zag\u0142\u00f3wkami dla pasa\u017cer\u00f3w z przodu, pasy przednie bezw\u0142adno\u015bciowe<\/p>\n<ul>\n<li>\n<div id=\"attachment_24003\" style=\"width: 310px\" class=\"wp-caption alignnone\"><img aria-describedby=\"caption-attachment-24003\" data-attachment-id=\"24003\" data-permalink=\"http:\/\/rezerwa126p.pl\/?attachment_id=24003\" data-orig-file=\"https:\/\/i0.wp.com\/rezerwa126p.pl\/web\/wp-content\/uploads\/2023\/01\/IIseria8.jpg?fit=1024%2C612\" data-orig-size=\"1024,612\" data-comments-opened=\"0\" data-image-meta=\"{&quot;aperture&quot;:&quot;0&quot;,&quot;credit&quot;:&quot;&quot;,&quot;camera&quot;:&quot;HTC Desire HD A9191&quot;,&quot;caption&quot;:&quot;&quot;,&quot;created_timestamp&quot;:&quot;1379344799&quot;,&quot;copyright&quot;:&quot;&quot;,&quot;focal_length&quot;:&quot;4.57&quot;,&quot;iso&quot;:&quot;150&quot;,&quot;shutter_speed&quot;:&quot;0&quot;,&quot;title&quot;:&quot;&quot;,&quot;orientation&quot;:&quot;0&quot;}\" data-image-title=\"IIseria8\" data-image-description=\"\" data-image-caption=\"&lt;p&gt;Deska rozdzielcza ST w wersji 650K (Komfort)&lt;\/p&gt;\n\" data-medium-file=\"https:\/\/i0.wp.com\/rezerwa126p.pl\/web\/wp-content\/uploads\/2023\/01\/IIseria8.jpg?fit=300%2C179\" data-large-file=\"https:\/\/i0.wp.com\/rezerwa126p.pl\/web\/wp-content\/uploads\/2023\/01\/IIseria8.jpg?fit=1024%2C612\" loading=\"lazy\" class=\"size-medium wp-image-24003\" src=\"https:\/\/i0.wp.com\/rezerwa126p.pl\/web\/wp-content\/uploads\/2023\/01\/IIseria8.jpg?resize=300%2C179\" alt=\"\" width=\"300\" height=\"179\" srcset=\"https:\/\/i0.wp.com\/rezerwa126p.pl\/web\/wp-content\/uploads\/2023\/01\/IIseria8.jpg?resize=300%2C179 300w, https:\/\/i0.wp.com\/rezerwa126p.pl\/web\/wp-content\/uploads\/2023\/01\/IIseria8.jpg?resize=768%2C459 768w, https:\/\/i0.wp.com\/rezerwa126p.pl\/web\/wp-content\/uploads\/2023\/01\/IIseria8.jpg?resize=700%2C418 700w, https:\/\/i0.wp.com\/rezerwa126p.pl\/web\/wp-content\/uploads\/2023\/01\/IIseria8.jpg?resize=600%2C359 600w, https:\/\/i0.wp.com\/rezerwa126p.pl\/web\/wp-content\/uploads\/2023\/01\/IIseria8.jpg?w=1024 1024w\" sizes=\"(max-width: 300px) 100vw, 300px\" data-recalc-dims=\"1\" \/><p id=\"caption-attachment-24003\" class=\"wp-caption-text\">Deska rozdzielcza ST w wersji 650K (Komfort)<\/p><\/div>\n<p>1980 &#8211; znika znaczek &#8222;Licencja Fiat&#8221; z tylnego b\u0142otnika<\/li>\n<li>1982 &#8211; silnik 600 oraz felgi cytrynki wycofano z produkcji, w zamian pojawi\u0142a si\u0119 zmodernizowana wersja 650, tzw &#8222;ekonomiczny&#8221;. St\u0105d oznaczenie 650E na samochodach po roku 1983.<\/li>\n<\/ul>\n<p>Produkcj\u0119 modelu ST zako\u0144czono w grudniu 1984 zast\u0119puj\u0105c go nowym o nazwie FL<\/p>\n<p>&nbsp;<\/p>\n<div class=\"yj6qo\"><\/div>\n","protected":false},"excerpt":{"rendered":"<p>Pierwowz\u00f3r, najbardziej klasyczna wersja Malucha. Pozbawiony wszelkich ulepsze\u0144 spotykanych w p\u00f3\u017aniejszych modelach. Charakterystyczn\u0105 cech\u0105 typow\u0105 dla odmiany ST, s\u0105 ko\u0142a o szerokim rozstawie \u015brub (4&#215;190), tak zwane Cytrynki. Oraz wiadomo, zderzaki chromowane. ST produkowany by\u0142 w dw\u00f3ch generacjach &#8211; I seria (1973 &#8211; 07.1977), oraz&#8230;<\/p>\n","protected":false},"author":2,"featured_media":0,"parent":22578,"menu_order":0,"comment_status":"closed","ping_status":"closed","template":"","meta":{"advanced_seo_description":"","spay_email":""},"jetpack_sharing_enabled":true,"jetpack_shortlink":"https:\/\/wp.me\/P9KryZ-5Sm","jetpack_likes_enabled":true,"jetpack-related-posts":[{"id":22624,"url":"http:\/\/rezerwa126p.pl\/?page_id=22624","url_meta":{"origin":22590,"position":0},"title":"Fiat 126p ST &#8211; opis modelu","date":"5 listopada 2017","format":false,"excerpt":"[vc_row row_type=\"row\" use_row_as_full_screen_section=\"no\" type=\"full_width\" text_align=\"left\" css_animation=\"\"][vc_column][vc_column_text]Fiat nowy model 126 oficjalnie zaprezentowa\u0142 9 listopada 1972 roku na salonie samochodowym w Turynie. Kilka dni, po tym wydarzeniu nowego Fiata 126 pokazano w Warszawie na Placu Defilad. 6 czerwca 1973 zmontowano w fabryce FSM w Bielsku Bia\u0142ej pierwszego Polskiego Fiata 126p z w\u0142oskich\u2026","rel":"","context":"Similar post","img":{"alt_text":"","src":"","width":0,"height":0},"classes":[]},{"id":22273,"url":"http:\/\/rezerwa126p.pl\/?page_id=22273","url_meta":{"origin":22590,"position":1},"title":"Opis elektronicznego uk\u0142adu zap\u0142onowego i jego monta\u017c w wersji ST \/ FL","date":"4 listopada 2017","format":false,"excerpt":"[vc_row row_type=\"row\" use_row_as_full_screen_section=\"no\" type=\"full_width\" text_align=\"left\" css_animation=\"\"][vc_column][vc_column_text]W uk\u0142adzie zap\u0142onowym Fiata 126 el wyeliminowano jeden z najbardziej zawodnych element\u00f3w samochodu \u2013 nap\u0119dzany wa\u0142kiem rozrz\u0105du aparat zap\u0142onowy z przerywaczem. Klasyczny uk\u0142ad zap\u0142onowy z zawodnymi elementami ruchomymi zast\u0105piono nowoczesnym, ca\u0142kowicie elektronicznym uk\u0142adem, sterowanym modu\u0142em zap\u0142onowym Nanoplex. \u00a0 Na uk\u0142ad zap\u0142onowy w wersji el sk\u0142adaj\u0105\u2026","rel":"","context":"Similar post","img":{"alt_text":"","src":"","width":0,"height":0},"classes":[]},{"id":21879,"url":"http:\/\/rezerwa126p.pl\/?page_id=21879","url_meta":{"origin":22590,"position":2},"title":"Sk\u0142adanie silnika od podstaw","date":"1 listopada 2017","format":false,"excerpt":"[vc_row row_type=\"row\" use_row_as_full_screen_section=\"no\" type=\"full_width\" text_align=\"left\" css_animation=\"\"][vc_column][vc_column_text]Potrzebne narz\u0119dzia: klucz dynamometryczny nasadki lub klucze p\u0142askie i oczkowe: 10, 11, 13, 17, 32 \u015brubokr\u0119ty p\u0142aski i krzy\u017cak klucz do \u015bwiec m\u0142otek Prac\u0119 nad z\u0142o\u017ceniem silnika zaczynamy od przygotowania bloku, kt\u00f3ry powinien zosta\u0107 wcze\u015bniej umyty. \u00a0 Wsadzamy wa\u0142 do bloku otworem na \u015brub\u0119 mocuj\u0105c\u0105\u2026","rel":"","context":"Similar post","img":{"alt_text":"","src":"","width":0,"height":0},"classes":[]},{"id":22962,"url":"http:\/\/rezerwa126p.pl\/?page_id=22962","url_meta":{"origin":22590,"position":3},"title":"Literatura","date":"22 listopada 2017","format":false,"excerpt":"[vc_row row_type=\"row\" use_row_as_full_screen_section=\"no\" type=\"full_width\" text_align=\"left\" css_animation=\"\"][vc_column][vc_column_text]W obliczu wielu ksi\u0105\u017cek, jakie wydano na przestrzeni lat, a s\u0105 w r\u00f3\u017cny spos\u00f3b po\u015bwi\u0119cone Fiatowi 126p, pozwolili\u015bmy sobie na sporz\u0105dzenie ma\u0142ego wykazu. W wiele z ni\u017cej wymienionych pozycji z powodzeniem mo\u017cemy zaopatrzy\u0107 si\u0119 na rynku wt\u00f3rnym. Znalezienie na p\u00f3\u0142kach nowych egzemplarzy jest niestety nierealne.\u2026","rel":"","context":"Similar post","img":{"alt_text":"","src":"","width":0,"height":0},"classes":[]},{"id":22710,"url":"http:\/\/rezerwa126p.pl\/?page_id=22710","url_meta":{"origin":22590,"position":4},"title":"Opis modelu","date":"5 listopada 2017","format":false,"excerpt":"[vc_row row_type=\"row\" use_row_as_full_screen_section=\"no\" type=\"full_width\" text_align=\"left\" css_animation=\"\"][vc_column][vc_column_text]Pod koniec lat 80. popyt na malucha na rynkach zagranicznych spad\u0142, co by\u0142o powodem do rozwa\u017ca\u0144 na temat gruntownej przebudowy 126p. W ten spos\u00f3b powsta\u0142 Fiat 126 BIS, zaprezentowany po raz pierwszy jesieni\u0105 1987 roku na targach we Frankfurcie. \u00a0 Najbardziej widoczna na pierwszy rzut\u2026","rel":"","context":"Similar post","img":{"alt_text":"","src":"","width":0,"height":0},"classes":[]},{"id":22582,"url":"http:\/\/rezerwa126p.pl\/?page_id=22582","url_meta":{"origin":22590,"position":5},"title":"EL","date":"4 listopada 2017","format":false,"excerpt":"[vc_row][vc_column][vc_column_text]Popularny \"elegant\" produkowany by\u0142 w dw\u00f3ch generacjach : EL oraz ELX\/Town\/Happy End 126el Fiat 126el pojawi\u0142 si\u0119 5 wrze\u015bnia 1994 i by\u0142 odpowiedzi\u0105 na nies\u0142abn\u0105ce zapotrzebowanie na Ma\u0142ego fiata. Nowa odmiana diametralnie r\u00f3\u017cni\u0142a si\u0119 od wycofanego FLa. Pierwsza rzucaj\u0105ca si\u0119 w oczy zmiana, to zaokr\u0105glona sylwetka ca\u0142ego nadwozia pozbawiona wi\u0119kszo\u015bci\u2026","rel":"","context":"Similar post","img":{"alt_text":"","src":"","width":0,"height":0},"classes":[]}],"_links":{"self":[{"href":"http:\/\/rezerwa126p.pl\/index.php?rest_route=\/wp\/v2\/pages\/22590"}],"collection":[{"href":"http:\/\/rezerwa126p.pl\/index.php?rest_route=\/wp\/v2\/pages"}],"about":[{"href":"http:\/\/rezerwa126p.pl\/index.php?rest_route=\/wp\/v2\/types\/page"}],"author":[{"embeddable":true,"href":"http:\/\/rezerwa126p.pl\/index.php?rest_route=\/wp\/v2\/users\/2"}],"replies":[{"embeddable":true,"href":"http:\/\/rezerwa126p.pl\/index.php?rest_route=%2Fwp%2Fv2%2Fcomments&post=22590"}],"version-history":[{"count":5,"href":"http:\/\/rezerwa126p.pl\/index.php?rest_route=\/wp\/v2\/pages\/22590\/revisions"}],"predecessor-version":[{"id":24004,"href":"http:\/\/rezerwa126p.pl\/index.php?rest_route=\/wp\/v2\/pages\/22590\/revisions\/24004"}],"up":[{"embeddable":true,"href":"http:\/\/rezerwa126p.pl\/index.php?rest_route=\/wp\/v2\/pages\/22578"}],"wp:attachment":[{"href":"http:\/\/rezerwa126p.pl\/index.php?rest_route=%2Fwp%2Fv2%2Fmedia&parent=22590"}],"curies":[{"name":"wp","href":"https:\/\/api.w.org\/{rel}","templated":true}]}}