{"id":22587,"date":"2017-11-04T21:17:52","date_gmt":"2017-11-04T20:17:52","guid":{"rendered":"http:\/\/rezerwa126p.pl\/web\/?page_id=22587"},"modified":"2023-07-25T20:48:24","modified_gmt":"2023-07-25T18:48:24","slug":"model-przejsciowy","status":"publish","type":"page","link":"http:\/\/rezerwa126p.pl\/?page_id=22587","title":{"rendered":"Fiat 126p model przej\u015bciowy"},"content":{"rendered":"[vc_row row_type=&#8221;row&#8221; use_row_as_full_screen_section=&#8221;no&#8221; type=&#8221;full_width&#8221; text_align=&#8221;left&#8221;][vc_column][vc_column_text]Po wprowadzeniu nowego modelu FL w grudniu 1984, r\u00f3wnolegle powstawa\u0142y wersje mieszane, wy\u0142\u0105cznie na rynek krajowy. Wi\u0119kszo\u015b\u0107 nowych FLi wyje\u017cd\u017ca\u0142o na eksport do sieci dealerskiej Fiata, a Polscy odbiorcy czekali na samochody, niekoniecznie w najnowszej wersji. W czasach gospodarki centralnie planowanej, produkcja nadwozi pod wyposa\u017cenie ST by\u0142a ta\u0144sza i pozwala\u0142a zaspokoi\u0107 potrzeby krajowej klienteli. Wobec tego, FSM przysy\u0142a\u0142a do Polmozbyt\u00f3w auta w r\u00f3\u017cnorakich konfiguracjach mieszanych ST\/FL. Mo\u017cna by\u0142o trafi\u0107 np: na model ST z kapliczk\u0105 i listwami, zderzakami FL, lub na odwr\u00f3t i by\u0142 to celowy zabieg fabryki. Stopniowo zwi\u0119ksza\u0142a si\u0119 produkcja cz\u0119\u015bci do nowego modelu, \u017ceby w 1987 roku zako\u0144czy\u0107 produkcj\u0119 miesza\u0144c\u00f3w i wypuszcza\u0107 ju\u017c tylko FL-e. W tym samym roku wszed\u0142 te\u017c BIS (nowy hit eksportowy), wi\u0119c na nasz rynek FL zacz\u0105\u0142 by\u0107 oferowany w normalnych ilo\u015bciach.<br \/>\nPowszechnie przyj\u0119ta teoria \u017ce &#8222;wk\u0142adali to co znale\u017ali na magazynie&#8221;, jest mitem. Czasy schy\u0142ku PRLu to by\u0142 nie\u0142atwy okres dla kraju, jak i FSM. Eksport = dewizy, a krajowy klient i tak zadowoli\u0142 si\u0119 tym co by\u0142o.<br \/>\nNiemniej jednak ka\u017cdy w\u0142a\u015bciciel tego modelu m\u00f3g\u0142 powiedzie\u0107, \u017ce ma jedynego w swoim rodzaju Fiata 126p. Nie by\u0142o regu\u0142y na temat wyposa\u017cenia wn\u0119trza auta, a zmiany dotyczy\u0142y:<\/p>\n<ul>\n<li>rozrusznika (na link\u0119 lub z elektromagnesem)<\/li>\n<li>uk\u0142ad \u0142adowania (pr\u0105dnica lub alternator)<\/li>\n<li>deska rozdzielcza(ST z kapliczk\u0105 lub poliftingowa)<\/li>\n<li>zderzaki: chromowane lub w\u0142oskie P4 (oba typy wycofano w 1986), polskie P4 z lampami p-mgielnymi i cofania, pe\u0142ne FL.<\/li>\n<li>warianty tapicerki: materia\u0142owa lub skajowa(by\u0142o kilka rodzaj\u00f3w obu typ\u00f3w)<\/li>\n<\/ul>\n<p>Po 1987 produkowano wy\u0142\u0105cznie nadwozia pod szeroki licznik, jednak nadal by\u0142y dost\u0119pne wersje zubo\u017cone z rozrusznikiem na link\u0119, czy zderzakami P4 b\u0105d\u017a bez listew bocznych. Powodem by\u0142a oczywi\u015bcie cena i klienci kt\u00f3rzy czekali na zrealizowanie przedp\u0142at&#8230;<\/p>\n<p>Na zdj\u0119ciu widzimy miesza\u0144ca ST\/FL z 1985 kt\u00f3ry w takiej konfiguracji opu\u015bci\u0142 fabryk\u0119: Nadwozie ST z licznikiem kapliczk\u0105 i metalowymi dekielkami k\u00f3\u0142 uzbrojone w listwy boczne FL, plus chromowane zderzaki i wycieraczki. Mo\u017cna zauwa\u017cy\u0107 na do\u0142ach b\u0142otnik\u00f3w miejsca pod \u015blizgi monta\u017cowe pe\u0142nego plastikowego zderzaka. Od grudnia 1984 mia\u0142y to wszystkie egzemplarze bez wyj\u0105tku.[\/vc_column_text][vc_empty_space][vc_single_image image=&#8221;24014&#8243; img_size=&#8221;medium&#8221; onclick=&#8221;img_link_large&#8221;][vc_single_image image=&#8221;22660&#8243; qode_css_animation=&#8221;&#8221;][\/vc_column][\/vc_row]\n","protected":false},"excerpt":{"rendered":"<p>[vc_row row_type=&#8221;row&#8221; use_row_as_full_screen_section=&#8221;no&#8221; type=&#8221;full_width&#8221; text_align=&#8221;left&#8221;][vc_column][vc_column_text]Po wprowadzeniu nowego modelu FL w grudniu 1984, r\u00f3wnolegle powstawa\u0142y wersje mieszane, wy\u0142\u0105cznie na rynek krajowy. Wi\u0119kszo\u015b\u0107 nowych FLi wyje\u017cd\u017ca\u0142o na eksport do sieci dealerskiej Fiata, a Polscy odbiorcy czekali na samochody, niekoniecznie w najnowszej wersji. W czasach gospodarki centralnie planowanej,&#8230;<\/p>\n","protected":false},"author":2,"featured_media":0,"parent":22578,"menu_order":0,"comment_status":"closed","ping_status":"closed","template":"","meta":{"advanced_seo_description":"","spay_email":""},"jetpack_sharing_enabled":true,"jetpack_shortlink":"https:\/\/wp.me\/P9KryZ-5Sj","jetpack_likes_enabled":true,"jetpack-related-posts":[{"id":22624,"url":"http:\/\/rezerwa126p.pl\/?page_id=22624","url_meta":{"origin":22587,"position":0},"title":"Fiat 126p ST &#8211; opis modelu","date":"5 listopada 2017","format":false,"excerpt":"[vc_row row_type=\"row\" use_row_as_full_screen_section=\"no\" type=\"full_width\" text_align=\"left\" css_animation=\"\"][vc_column][vc_column_text]Fiat nowy model 126 oficjalnie zaprezentowa\u0142 9 listopada 1972 roku na salonie samochodowym w Turynie. Kilka dni, po tym wydarzeniu nowego Fiata 126 pokazano w Warszawie na Placu Defilad. 6 czerwca 1973 zmontowano w fabryce FSM w Bielsku Bia\u0142ej pierwszego Polskiego Fiata 126p z w\u0142oskich\u2026","rel":"","context":"Similar post","img":{"alt_text":"","src":"","width":0,"height":0},"classes":[]},{"id":22723,"url":"http:\/\/rezerwa126p.pl\/?page_id=22723","url_meta":{"origin":22587,"position":1},"title":"Opis modelu","date":"5 listopada 2017","format":false,"excerpt":"[vc_row row_type=\"row\" use_row_as_full_screen_section=\"no\" type=\"full_width\" text_align=\"left\" css_animation=\"\"][vc_column][vc_row_inner row_type=\"row\" type=\"full_width\" use_row_as_full_screen_section_slide=\"no\" text_align=\"left\" css_animation=\"\"][vc_column_inner][vc_column_text]Przy bielskiej fabryce dzia\u0142a\u0142 O\u015brodek Badawczo-Rozwojowy Samochod\u00f3w Ma\u0142olitra\u017cowych BOSMAL, w kt\u00f3rym prowadzone by\u0142y badania nad usprawnieniami produkowanych w FSM samochod\u00f3w, oraz prototypami nowych. Wszystkie nowe konstrukcje pozosta\u0142y w fazie prototyp\u00f3w. Wyj\u0105tkiem\u00a0by\u0142 Bosmal 126 Cabrio \u2013 Maluch w wersji kabriolet, kt\u00f3ry\u2026","rel":"","context":"Similar post","img":{"alt_text":"","src":"","width":0,"height":0},"classes":[]},{"id":22580,"url":"http:\/\/rezerwa126p.pl\/?page_id=22580","url_meta":{"origin":22587,"position":2},"title":"FL","date":"4 listopada 2017","format":false,"excerpt":"W grudniu 1984 roku wprowadzono do sprzeda\u017cy wersj\u0119 FL (Face Lifting). Zmiany zosta\u0142y podyktowane konieczno\u015bci\u0105 dostosowania samochodu do wymog\u00f3w europejskich (w pierwszej kolejno\u015bci usuni\u0119cie wszelkich ostrych kraw\u0119dzi). Tak wi\u0119c, zmieniono kszta\u0142t zderzak\u00f3w na d\u0142u\u017csze i bardziej przylegaj\u0105ce do nadwozia, a w tylny zderzak wkomponowano wymagane ju\u017c w\u00f3wczas \u015bwiat\u0142a przeciwmg\u0142owe tylne\u2026","rel":"","context":"Similar post","img":{"alt_text":"","src":"https:\/\/i0.wp.com\/rezerwa126p.pl\/web\/wp-content\/uploads\/2022\/03\/6_f-1-1024x768.jpg?resize=350%2C200","width":350,"height":200},"classes":[]},{"id":22582,"url":"http:\/\/rezerwa126p.pl\/?page_id=22582","url_meta":{"origin":22587,"position":3},"title":"EL","date":"4 listopada 2017","format":false,"excerpt":"[vc_row][vc_column][vc_column_text]Popularny \"elegant\" produkowany by\u0142 w dw\u00f3ch generacjach : EL oraz ELX\/Town\/Happy End 126el Fiat 126el pojawi\u0142 si\u0119 5 wrze\u015bnia 1994 i by\u0142 odpowiedzi\u0105 na nies\u0142abn\u0105ce zapotrzebowanie na Ma\u0142ego fiata. Nowa odmiana diametralnie r\u00f3\u017cni\u0142a si\u0119 od wycofanego FLa. Pierwsza rzucaj\u0105ca si\u0119 w oczy zmiana, to zaokr\u0105glona sylwetka ca\u0142ego nadwozia pozbawiona wi\u0119kszo\u015bci\u2026","rel":"","context":"Similar post","img":{"alt_text":"","src":"","width":0,"height":0},"classes":[]},{"id":22662,"url":"http:\/\/rezerwa126p.pl\/?page_id=22662","url_meta":{"origin":22587,"position":4},"title":"Opis modelu","date":"5 listopada 2017","format":false,"excerpt":"[vc_row row_type=\"row\" use_row_as_full_screen_section=\"no\" type=\"full_width\" text_align=\"left\" css_animation=\"\"][vc_column][vc_column_text]W grudniu 1984 roku wprowadzono do sprzeda\u017cy wersj\u0119 FL (Face Lifting). Zmiany zosta\u0142y podyktowane konieczno\u015bci\u0105 dostosowania samochodu do wymog\u00f3w europejskich (g\u0142\u00f3wnie usuni\u0119cie wszelkich ostrych kraw\u0119dzi). Tak wi\u0119c zmieniono kszta\u0142t zderzak\u00f3w na d\u0142u\u017csze i bardziej przylegaj\u0105ce do nadwozia, a w tylny zderzak wkomponowano wymagane ju\u017c w\u00f3wczas\u2026","rel":"","context":"Similar post","img":{"alt_text":"","src":"","width":0,"height":0},"classes":[]},{"id":22590,"url":"http:\/\/rezerwa126p.pl\/?page_id=22590","url_meta":{"origin":22587,"position":5},"title":"ST","date":"4 listopada 2017","format":false,"excerpt":"Pierwowz\u00f3r, najbardziej klasyczna wersja Malucha. Pozbawiony wszelkich ulepsze\u0144 spotykanych w p\u00f3\u017aniejszych modelach. Charakterystyczn\u0105 cech\u0105 typow\u0105 dla odmiany ST, s\u0105 ko\u0142a o szerokim rozstawie \u015brub (4x190), tak zwane Cytrynki. Oraz wiadomo, zderzaki chromowane. ST produkowany by\u0142 w dw\u00f3ch generacjach - I seria (1973 - 07.1977), oraz II seria (07.1977 - 12.1984)\u2026","rel":"","context":"Similar post","img":{"alt_text":"","src":"https:\/\/i0.wp.com\/rezerwa126p.pl\/web\/wp-content\/uploads\/2021\/12\/020-300x209.jpeg?resize=350%2C200","width":350,"height":200},"classes":[]}],"_links":{"self":[{"href":"http:\/\/rezerwa126p.pl\/index.php?rest_route=\/wp\/v2\/pages\/22587"}],"collection":[{"href":"http:\/\/rezerwa126p.pl\/index.php?rest_route=\/wp\/v2\/pages"}],"about":[{"href":"http:\/\/rezerwa126p.pl\/index.php?rest_route=\/wp\/v2\/types\/page"}],"author":[{"embeddable":true,"href":"http:\/\/rezerwa126p.pl\/index.php?rest_route=\/wp\/v2\/users\/2"}],"replies":[{"embeddable":true,"href":"http:\/\/rezerwa126p.pl\/index.php?rest_route=%2Fwp%2Fv2%2Fcomments&post=22587"}],"version-history":[{"count":6,"href":"http:\/\/rezerwa126p.pl\/index.php?rest_route=\/wp\/v2\/pages\/22587\/revisions"}],"predecessor-version":[{"id":24015,"href":"http:\/\/rezerwa126p.pl\/index.php?rest_route=\/wp\/v2\/pages\/22587\/revisions\/24015"}],"up":[{"embeddable":true,"href":"http:\/\/rezerwa126p.pl\/index.php?rest_route=\/wp\/v2\/pages\/22578"}],"wp:attachment":[{"href":"http:\/\/rezerwa126p.pl\/index.php?rest_route=%2Fwp%2Fv2%2Fmedia&parent=22587"}],"curies":[{"name":"wp","href":"https:\/\/api.w.org\/{rel}","templated":true}]}}