{"id":22585,"date":"2017-11-04T21:17:36","date_gmt":"2017-11-04T20:17:36","guid":{"rendered":"http:\/\/rezerwa126p.pl\/web\/?page_id=22585"},"modified":"2021-10-25T22:09:39","modified_gmt":"2021-10-25T20:09:39","slug":"bis","status":"publish","type":"page","link":"http:\/\/rezerwa126p.pl\/?page_id=22585","title":{"rendered":"BIS"},"content":{"rendered":"","protected":false},"excerpt":{"rendered":"","protected":false},"author":2,"featured_media":0,"parent":22578,"menu_order":0,"comment_status":"closed","ping_status":"closed","template":"","meta":{"advanced_seo_description":"","spay_email":""},"jetpack_sharing_enabled":true,"jetpack_shortlink":"https:\/\/wp.me\/P9KryZ-5Sh","jetpack_likes_enabled":true,"jetpack-related-posts":[{"id":22909,"url":"http:\/\/rezerwa126p.pl\/?page_id=22909","url_meta":{"origin":22585,"position":0},"title":"BIS","date":"14 listopada 2017","format":false,"excerpt":"[vc_row row_type=\"row\" use_row_as_full_screen_section=\"no\" type=\"full_width\" text_align=\"left\" css_animation=\"\"][vc_column][vc_column_text]Kolory lakier\u00f3w stosowane w wersji BIS \u00a0 205 Meteor Avorio[\/vc_column_text][vc_empty_space][vc_row_inner row_type=\"row\" type=\"full_width\" use_row_as_full_screen_section_slide=\"no\" text_align=\"left\" css_animation=\"\"][vc_column_inner][vc_single_image image=\"22911\" img_size=\"medium\" add_caption=\"yes\" alignment=\"center\" onclick=\"link_image\" qode_css_animation=\"\"][vc_empty_space][\/vc_column_inner][\/vc_row_inner][\/vc_column][\/vc_row][vc_row row_type=\"row\" use_row_as_full_screen_section=\"no\" type=\"full_width\" text_align=\"left\" css_animation=\"\"][vc_column][vc_column_text]224 Bianco Corfu[\/vc_column_text][vc_empty_space][vc_row_inner row_type=\"row\" type=\"full_width\" use_row_as_full_screen_section_slide=\"no\" text_align=\"left\" css_animation=\"\"][vc_column_inner][vc_single_image image=\"22912\" img_size=\"medium\" add_caption=\"yes\" alignment=\"center\" onclick=\"link_image\" qode_css_animation=\"\"][vc_empty_space][vc_single_image image=\"22913\" img_size=\"medium\" add_caption=\"yes\" alignment=\"center\" onclick=\"link_image\" qode_css_animation=\"\"][vc_empty_space][\/vc_column_inner][\/vc_row_inner][\/vc_column][\/vc_row][vc_row\u2026","rel":"","context":"Similar post","img":{"alt_text":"","src":"","width":0,"height":0},"classes":[]},{"id":23032,"url":"http:\/\/rezerwa126p.pl\/?page_id=23032","url_meta":{"origin":22585,"position":1},"title":"Sportowy BIS","date":"5 marca 2018","format":false,"excerpt":"[vc_row row_type=\"row\" use_row_as_full_screen_section=\"no\" type=\"full_width\" text_align=\"left\" css_animation=\"\"][vc_column][vc_single_image image=\"23033\" img_size=\"medium\" alignment=\"center\" onclick=\"link_image\" qode_css_animation=\"\"][\/vc_column][\/vc_row]","rel":"","context":"Similar post","img":{"alt_text":"","src":"","width":0,"height":0},"classes":[]},{"id":22719,"url":"http:\/\/rezerwa126p.pl\/?page_id=22719","url_meta":{"origin":22585,"position":2},"title":"Niemiecki prospekt reklamowy","date":"5 listopada 2017","format":false,"excerpt":"[vc_row row_type=\"row\" use_row_as_full_screen_section=\"no\" type=\"full_width\" text_align=\"left\" css_animation=\"\"][vc_column][vc_single_image image=\"22720\" img_size=\"medium\" add_caption=\"yes\" alignment=\"center\" onclick=\"link_image\" qode_css_animation=\"\"][vc_empty_space][vc_single_image image=\"22721\" img_size=\"medium\" add_caption=\"yes\" alignment=\"center\" onclick=\"link_image\" qode_css_animation=\"\"][\/vc_column][\/vc_row]","rel":"","context":"Similar post","img":{"alt_text":"","src":"","width":0,"height":0},"classes":[]},{"id":22717,"url":"http:\/\/rezerwa126p.pl\/?page_id=22717","url_meta":{"origin":22585,"position":3},"title":"Instrukcja obs\u0142ugi","date":"5 listopada 2017","format":false,"excerpt":"[vc_row row_type=\"row\" use_row_as_full_screen_section=\"no\" type=\"full_width\" text_align=\"left\" css_animation=\"\"][vc_column][vc_column_text]Poni\u017cej zamieszczamy link do instrukcji obs\u0142ugi pojazdu, do\u0142\u0105czanej do ka\u017cdego nowego Fiata 126 BIS.[\/vc_column_text][vc_empty_space][vc_single_image image=\"22715\" img_size=\"medium\" add_caption=\"yes\" alignment=\"center\" onclick=\"link_image\" qode_css_animation=\"\"][vc_empty_space][vc_column_text]Pobierz instrukcj\u0119[\/vc_column_text][\/vc_column][\/vc_row]","rel":"","context":"Similar post","img":{"alt_text":"","src":"","width":0,"height":0},"classes":[]},{"id":22710,"url":"http:\/\/rezerwa126p.pl\/?page_id=22710","url_meta":{"origin":22585,"position":4},"title":"Opis modelu","date":"5 listopada 2017","format":false,"excerpt":"[vc_row row_type=\"row\" use_row_as_full_screen_section=\"no\" type=\"full_width\" text_align=\"left\" css_animation=\"\"][vc_column][vc_column_text]Pod koniec lat 80. popyt na malucha na rynkach zagranicznych spad\u0142, co by\u0142o powodem do rozwa\u017ca\u0144 na temat gruntownej przebudowy 126p. W ten spos\u00f3b powsta\u0142 Fiat 126 BIS, zaprezentowany po raz pierwszy jesieni\u0105 1987 roku na targach we Frankfurcie. \u00a0 Najbardziej widoczna na pierwszy rzut\u2026","rel":"","context":"Similar post","img":{"alt_text":"","src":"","width":0,"height":0},"classes":[]},{"id":22331,"url":"http:\/\/rezerwa126p.pl\/?page_id=22331","url_meta":{"origin":22585,"position":5},"title":"R\u00f3\u017cnice pomi\u0119dzy cz\u0119\u015bciami blacharskimi w poszczeg\u00f3lnych modelach","date":"4 listopada 2017","format":false,"excerpt":"[vc_row row_type=\"row\" use_row_as_full_screen_section=\"no\" type=\"full_width\" text_align=\"left\" css_animation=\"\"][vc_column][vc_column_text]B\u0142otniki przednie 72 - 84\u00a0- b\u0142otnik w\u0105ski i w\u0105skie nadkole zewn\u0119trzne. Brak przet\u0142ocze\u0144 na boczne mocowanie zderzaka. [\/vc_column_text][vc_empty_space][vc_row_inner row_type=\"row\" type=\"full_width\" use_row_as_full_screen_section_slide=\"no\" text_align=\"left\" css_animation=\"\"][vc_column_inner width=\"1\/2\"][vc_single_image image=\"22332\" img_size=\"400x300\" add_caption=\"yes\" alignment=\"center\" onclick=\"link_image\" qode_css_animation=\"\"][vc_empty_space][vc_single_image image=\"22334\" img_size=\"400x300\" add_caption=\"yes\" alignment=\"center\" onclick=\"link_image\" qode_css_animation=\"\"][vc_empty_space][\/vc_column_inner][vc_column_inner width=\"1\/2\"][vc_single_image image=\"22333\" img_size=\"400x300\" add_caption=\"yes\" alignment=\"center\" onclick=\"link_image\" qode_css_animation=\"\"][vc_empty_space][vc_single_image image=\"22335\" img_size=\"400x300\"\u2026","rel":"","context":"Similar post","img":{"alt_text":"","src":"","width":0,"height":0},"classes":[]}],"_links":{"self":[{"href":"http:\/\/rezerwa126p.pl\/index.php?rest_route=\/wp\/v2\/pages\/22585"}],"collection":[{"href":"http:\/\/rezerwa126p.pl\/index.php?rest_route=\/wp\/v2\/pages"}],"about":[{"href":"http:\/\/rezerwa126p.pl\/index.php?rest_route=\/wp\/v2\/types\/page"}],"author":[{"embeddable":true,"href":"http:\/\/rezerwa126p.pl\/index.php?rest_route=\/wp\/v2\/users\/2"}],"replies":[{"embeddable":true,"href":"http:\/\/rezerwa126p.pl\/index.php?rest_route=%2Fwp%2Fv2%2Fcomments&post=22585"}],"version-history":[{"count":1,"href":"http:\/\/rezerwa126p.pl\/index.php?rest_route=\/wp\/v2\/pages\/22585\/revisions"}],"predecessor-version":[{"id":22586,"href":"http:\/\/rezerwa126p.pl\/index.php?rest_route=\/wp\/v2\/pages\/22585\/revisions\/22586"}],"up":[{"embeddable":true,"href":"http:\/\/rezerwa126p.pl\/index.php?rest_route=\/wp\/v2\/pages\/22578"}],"wp:attachment":[{"href":"http:\/\/rezerwa126p.pl\/index.php?rest_route=%2Fwp%2Fv2%2Fmedia&parent=22585"}],"curies":[{"name":"wp","href":"https:\/\/api.w.org\/{rel}","templated":true}]}}