{"id":22582,"date":"2017-11-04T21:17:23","date_gmt":"2017-11-04T20:17:23","guid":{"rendered":"http:\/\/rezerwa126p.pl\/web\/?page_id=22582"},"modified":"2022-03-08T18:21:24","modified_gmt":"2022-03-08T17:21:24","slug":"el","status":"publish","type":"page","link":"http:\/\/rezerwa126p.pl\/?page_id=22582","title":{"rendered":"EL"},"content":{"rendered":"[vc_row][vc_column][vc_column_text]Popularny &#8222;elegant&#8221; produkowany by\u0142 w dw\u00f3ch generacjach : EL oraz ELX\/Town\/Happy End<\/p>\n<p><strong>126el<\/strong><\/p>\n<p style=\"text-align: left;\">Fiat 126el pojawi\u0142 si\u0119 5 wrze\u015bnia 1994 i by\u0142 odpowiedzi\u0105 na nies\u0142abn\u0105ce zapotrzebowanie na Ma\u0142ego fiata. Nowa odmiana diametralnie r\u00f3\u017cni\u0142a si\u0119 od wycofanego FLa. Pierwsza rzucaj\u0105ca si\u0119 w oczy zmiana, to zaokr\u0105glona sylwetka ca\u0142ego nadwozia pozbawiona wi\u0119kszo\u015bci przet\u0142ocze\u0144. Pozbyto si\u0119 kanciastych kraw\u0119dzi b\u0142otnik\u00f3w i maski a z drzwi wylecia\u0142y flenterki. Pojawi\u0142y si\u0119 te\u017c lusterka regulowane od wewn\u0105trz i boczne lampki kierunkowskaz\u00f3w pochodz\u0105ce z Fiata Cinquecento. Korek wlewu paliwa z modelu 126bis. Pe\u0142ne ko\u0142paki k\u00f3\u0142 i listwy boczne na wyposa\u017ceniu we wszystkich odmianach.<\/p>\n[\/vc_column_text][vc_single_image image=&#8221;23928&#8243; img_size=&#8221;medium&#8221; alignment=&#8221;center&#8221; onclick=&#8221;link_image&#8221;][vc_single_image image=&#8221;23931&#8243; img_size=&#8221;medium&#8221; alignment=&#8221;center&#8221; onclick=&#8221;link_image&#8221;][\/vc_column][\/vc_row][vc_row][vc_column][vc_column_text]<span style=\"font-size: small;\">Powr\u00f3cono do ma\u0142ych wlot\u00f3w powietrza. Zlikwidowane przet\u0142oczenie w kszta\u0142cie s\u0142uchawki w klapie silnika. Widoczny nowy znak firmowy oraz oznaczenie modelu \u201c126el\u201d<\/span>[\/vc_column_text][vc_single_image image=&#8221;23932&#8243; img_size=&#8221;full&#8221; alignment=&#8221;center&#8221; onclick=&#8221;link_image&#8221;][\/vc_column][\/vc_row][vc_row][vc_column][vc_single_image image=&#8221;23933&#8243; img_size=&#8221;medium&#8221; alignment=&#8221;center&#8221; onclick=&#8221;link_image&#8221;][vc_column_text]Ca\u0142kowicie nowa deska rozdzielcza w kt\u00f3r\u0105 wkomponowano kierownic\u0119, zegary oraz wiele element\u00f3w z Fiata Cinquecento. Kolor wyko\u0144czenia w kolorze szarym, ale ciemniejszym ni\u017c w ostatnich FL. Odmieniono palet\u0119 obi\u0107 tapicerskich (3 rodzaje standardowych I jeden Inter Groclin), oraz dok\u0142adniej wyciszono przedzia\u0142 pasa\u017cerski. Od teraz zag\u0142\u00f3wki dost\u0119pne by\u0142y w niemal ka\u017cdym wariancie cenowym.[\/vc_column_text][\/vc_column][\/vc_row][vc_row][vc_column][vc_column_text]W silniku r\u00f3wnie\u017c zmiany. Zawita\u0142 nowy osprz\u0119t kt\u00f3ry znacznie poprawi\u0142 prac\u0119 i niezawodno\u015b\u0107 jednostki. Zastosowano ca\u0142kowicie elektroniczny uk\u0142ad zap\u0142onowy Nanoplex, co pozwoli\u0142o wyeliminowa\u0107 tradycyjny aparat zap\u0142onowy z dosy\u0107 awaryjnym przerywaczem. Od teraz iskr\u0105 steruje komputer. Nazwa 126el, to nie \u201eelegant\u201d, jak potocznie si\u0119 przyj\u0119\u0142o. EL to po prostu \u201eelectronic\u201d, co mia\u0142o informowa\u0107 o obecno\u015bci nowego uk\u0142adu zap\u0142onowego. Zmodyfikowano r\u00f3wnie\u017c t\u0142umik wylotu spalin oraz instalacj\u0119 elektryczn\u0105, wraz z now\u0105 skrzynk\u0105 bezpiecznik\u00f3w, stosowan\u0105 ju\u017c wcze\u015bniej w modelu 126bis.[\/vc_column_text][\/vc_column][\/vc_row][vc_row][vc_column][vc_single_image image=&#8221;23945&#8243; img_size=&#8221;medium&#8221; alignment=&#8221;center&#8221; onclick=&#8221;link_image&#8221;][vc_column_text]<span style=\"font-size: small;\">Nowy osprz\u0119t silnika. Widoczny nowy modu\u0142 zap\u0142onowy nanoplex w niebieskim pude\u0142ku.<\/span>[\/vc_column_text][\/vc_column][\/vc_row][vc_row][vc_column][vc_column_text]<strong>ELX\/Town\/Happy End<\/strong><\/p>\n<p>W grudniu 1996 pojawi\u0142 si\u0119 model elx, kt\u00f3ry posiada\u0142 katalizator o rdzeniu metalowym, poch\u0142aniacz opar\u00f3w paliwa oraz nowy ga\u017anik z przystosowanym do niego modu\u0142em \u201cCut Off\u201d. Umo\u017cliwia\u0142 on odci\u0119cie paliwa przy hamowaniu silnikiem. Do zmian zmusi\u0142y nowe europejskie przepisy dot. Emisji spalin.[\/vc_column_text][\/vc_column][\/vc_row][vc_row][vc_column][vc_single_image image=&#8221;23946&#8243; img_size=&#8221;medium&#8221; alignment=&#8221;center&#8221; onclick=&#8221;link_image&#8221;][vc_column_text]<span style=\"font-size: small;\">Widoczny nowy poch\u0142aniacz opar\u00f3w benzyny w czarnej puszce, oraz modu\u0142 \u201cCut Off\u201d<\/span>[\/vc_column_text][\/vc_column][\/vc_row][vc_row][vc_column][vc_column_text]<span style=\"font-size: medium;\">Przy okazji zmieniono palet\u0119 kolor\u00f3w oraz obi\u0107 tapicerskich. Od teraz w ofercie s\u0105 tylko dwa rodzaje tapicerki \u2013 skajowa oraz jeden wz\u00f3r materia\u0142owej. Fotele Inter Groclin wycofano. Okrojono wyposa\u017cenie dodatkowe \u2013 wersja podstawowa pozbawiona by\u0142a listew, ko\u0142pak\u00f3w oraz zamka korka wlewu paliwa. Model po zmianach oficjalnie w ofercie nazywa\u0142 si\u0119 Maluch.<\/span><\/p>\n<p><span style=\"font-size: medium;\">Od 1998 wprowadzono zag\u0142\u00f3wki dla pasa\u017cer\u00f3w tylnej kanapy oraz felgi bezd\u0119tkowe.<\/span>[\/vc_column_text][\/vc_column][\/vc_row][vc_row][vc_column][vc_single_image image=&#8221;23948&#8243; img_size=&#8221;medium&#8221; alignment=&#8221;center&#8221; onclick=&#8221;link_image&#8221;][vc_column_text]<span style=\"font-size: small;\">Nowe, jedyne \u201cwypasione\u201d obicie foteli dost\u0119pne po lifcie z 1997.<\/span>[\/vc_column_text][\/vc_column][\/vc_row][vc_row][vc_column][vc_single_image image=&#8221;23947&#8243; img_size=&#8221;medium&#8221; alignment=&#8221;center&#8221; onclick=&#8221;link_image&#8221;][\/vc_column][\/vc_row][vc_row][vc_column][vc_column_text]<span style=\"font-size: medium;\">W trakcie produkcji oszcz\u0119dzano na wielu rzeczach, co odbi\u0142o si\u0119 na jako\u015bci \u201celeganta\u201d. Najwi\u0119ksz\u0105 bol\u0105czk\u0105 modelu okaza\u0142o si\u0119 bardzo s\u0142abe zabezpieczenie antykorozyjne. Win\u0105 za to obarcza si\u0119 now\u0105 technologi\u0119 lakierowania, a mianowicie stosowanie nowych lakier\u00f3w na bazie wody. Na r\u00f3wnolegle produkowanym Cinquecento, kt\u00f3re w przeciwie\u0144stwie do Malucha, mia\u0142o ocynkowane nadwozie nie robi\u0142o to r\u00f3\u017cnicy. Za to na nieocynkowanych blachach eleganta, niestety rdza bardzo szybko si\u0119 rozwija\u0142a.<\/span>[\/vc_column_text][\/vc_column][\/vc_row][vc_row][vc_column][vc_single_image image=&#8221;23950&#8243; img_size=&#8221;medium&#8221; alignment=&#8221;center&#8221; onclick=&#8221;link_image&#8221;][\/vc_column][\/vc_row][vc_row][vc_column][vc_column_text]Produkcj\u0119 tej odmiany zako\u0144czono we wrze\u015bniu 2000 ko\u0144cz\u0105c jednocze\u015bnie karier\u0119 Malucha. Z tej okazji powsta\u0142a limitowana seria 1000 sztuk odmiany Happy End w lakierach \u017c\u00f3\u0142tym (258) i czerwonym (113), po 500 sztuk ka\u017cdego koloru.[\/vc_column_text][vc_single_image image=&#8221;23957&#8243; img_size=&#8221;medium&#8221; alignment=&#8221;center&#8221; onclick=&#8221;link_image&#8221;][\/vc_column][\/vc_row]\n","protected":false},"excerpt":{"rendered":"<p>[vc_row][vc_column][vc_column_text]Popularny &#8222;elegant&#8221; produkowany by\u0142 w dw\u00f3ch generacjach : EL oraz ELX\/Town\/Happy End 126el Fiat 126el pojawi\u0142 si\u0119 5 wrze\u015bnia 1994 i by\u0142 odpowiedzi\u0105 na nies\u0142abn\u0105ce zapotrzebowanie na Ma\u0142ego fiata. Nowa odmiana diametralnie r\u00f3\u017cni\u0142a si\u0119 od wycofanego FLa. Pierwsza rzucaj\u0105ca si\u0119 w oczy zmiana, to zaokr\u0105glona&#8230;<\/p>\n","protected":false},"author":2,"featured_media":0,"parent":22578,"menu_order":0,"comment_status":"closed","ping_status":"closed","template":"","meta":{"advanced_seo_description":"","spay_email":""},"jetpack_sharing_enabled":true,"jetpack_shortlink":"https:\/\/wp.me\/P9KryZ-5Se","jetpack_likes_enabled":true,"jetpack-related-posts":[{"id":22748,"url":"http:\/\/rezerwa126p.pl\/?page_id=22748","url_meta":{"origin":22582,"position":0},"title":"Red, Brown, Silver, Black","date":"5 listopada 2017","format":false,"excerpt":"[vc_row row_type=\"row\" use_row_as_full_screen_section=\"no\" type=\"full_width\" text_align=\"left\" css_animation=\"\"][vc_column][vc_column_text]Wszyscy zapewne znamy Polskiego Fiata 126p, lecz niewiele os\u00f3b wie, \u017ce powsta\u0142y wersje limitowane, dzi\u015b ju\u017c unikatowe, tych\u017ce Fiacik\u00f3w. Jak wiemy, kolebk\u0105 maluszka s\u0105 W\u0142ochy -\u00a0 tam w\u0142a\u015bnie powsta\u0142y wersje: \u201eBlack \u201e i \u201eSilver\u201d. W Polsce produkowano wersje: \u201eRed\u201d i \u201eBrown\u201d. Wersje produkowane w Polsce\u2026","rel":"","context":"Similar post","img":{"alt_text":"","src":"","width":0,"height":0},"classes":[]},{"id":22624,"url":"http:\/\/rezerwa126p.pl\/?page_id=22624","url_meta":{"origin":22582,"position":1},"title":"Fiat 126p ST &#8211; opis modelu","date":"5 listopada 2017","format":false,"excerpt":"[vc_row row_type=\"row\" use_row_as_full_screen_section=\"no\" type=\"full_width\" text_align=\"left\" css_animation=\"\"][vc_column][vc_column_text]Fiat nowy model 126 oficjalnie zaprezentowa\u0142 9 listopada 1972 roku na salonie samochodowym w Turynie. Kilka dni, po tym wydarzeniu nowego Fiata 126 pokazano w Warszawie na Placu Defilad. 6 czerwca 1973 zmontowano w fabryce FSM w Bielsku Bia\u0142ej pierwszego Polskiego Fiata 126p z w\u0142oskich\u2026","rel":"","context":"Similar post","img":{"alt_text":"","src":"","width":0,"height":0},"classes":[]},{"id":22587,"url":"http:\/\/rezerwa126p.pl\/?page_id=22587","url_meta":{"origin":22582,"position":2},"title":"Fiat 126p model przej\u015bciowy","date":"4 listopada 2017","format":false,"excerpt":"[vc_row row_type=\"row\" use_row_as_full_screen_section=\"no\" type=\"full_width\" text_align=\"left\"][vc_column][vc_column_text]Po wprowadzeniu nowego modelu FL w grudniu 1984, r\u00f3wnolegle powstawa\u0142y wersje mieszane, wy\u0142\u0105cznie na rynek krajowy. Wi\u0119kszo\u015b\u0107 nowych FLi wyje\u017cd\u017ca\u0142o na eksport do sieci dealerskiej Fiata, a Polscy odbiorcy czekali na samochody, niekoniecznie w najnowszej wersji. W czasach gospodarki centralnie planowanej, produkcja nadwozi pod wyposa\u017cenie ST\u2026","rel":"","context":"Similar post","img":{"alt_text":"","src":"","width":0,"height":0},"classes":[]},{"id":22501,"url":"http:\/\/rezerwa126p.pl\/?page_id=22501","url_meta":{"origin":22582,"position":3},"title":"Historia","date":"4 listopada 2017","format":false,"excerpt":"[vc_row row_type=\"row\" use_row_as_full_screen_section=\"no\" type=\"full_width\" text_align=\"left\" css_animation=\"\"][vc_column][vc_column_text]Wszystko zacz\u0119\u0142o si\u0119 prawie sto lat temu, bo w latach dwudziestych zesz\u0142ego wieku. Wtedy to w fabryce Fiata w Turynie zrodzi\u0142 si\u0119 pomys\u0142 zbudowania taniego, ma\u0142olitra\u017cowego samochodu dla ludu. Powsta\u0142 wtedy Fiat 500 Topolino, dziadek naszego Malucha. Wyposa\u017cony by\u0142 w czterocylindrowy silnik o pojemno\u015bci 500\u2026","rel":"","context":"Similar post","img":{"alt_text":"","src":"","width":0,"height":0},"classes":[]},{"id":22331,"url":"http:\/\/rezerwa126p.pl\/?page_id=22331","url_meta":{"origin":22582,"position":4},"title":"R\u00f3\u017cnice pomi\u0119dzy cz\u0119\u015bciami blacharskimi w poszczeg\u00f3lnych modelach","date":"4 listopada 2017","format":false,"excerpt":"[vc_row row_type=\"row\" use_row_as_full_screen_section=\"no\" type=\"full_width\" text_align=\"left\" css_animation=\"\"][vc_column][vc_column_text]B\u0142otniki przednie 72 - 84\u00a0- b\u0142otnik w\u0105ski i w\u0105skie nadkole zewn\u0119trzne. Brak przet\u0142ocze\u0144 na boczne mocowanie zderzaka. [\/vc_column_text][vc_empty_space][vc_row_inner row_type=\"row\" type=\"full_width\" use_row_as_full_screen_section_slide=\"no\" text_align=\"left\" css_animation=\"\"][vc_column_inner width=\"1\/2\"][vc_single_image image=\"22332\" img_size=\"400x300\" add_caption=\"yes\" alignment=\"center\" onclick=\"link_image\" qode_css_animation=\"\"][vc_empty_space][vc_single_image image=\"22334\" img_size=\"400x300\" add_caption=\"yes\" alignment=\"center\" onclick=\"link_image\" qode_css_animation=\"\"][vc_empty_space][\/vc_column_inner][vc_column_inner width=\"1\/2\"][vc_single_image image=\"22333\" img_size=\"400x300\" add_caption=\"yes\" alignment=\"center\" onclick=\"link_image\" qode_css_animation=\"\"][vc_empty_space][vc_single_image image=\"22335\" img_size=\"400x300\"\u2026","rel":"","context":"Similar post","img":{"alt_text":"","src":"","width":0,"height":0},"classes":[]},{"id":22503,"url":"http:\/\/rezerwa126p.pl\/?page_id=22503","url_meta":{"origin":22582,"position":5},"title":"Kalendarium","date":"4 listopada 2017","format":false,"excerpt":"[vc_row row_type=\"row\" use_row_as_full_screen_section=\"no\" type=\"full_width\" text_align=\"left\" css_animation=\"\"][vc_column][vc_column_text]We\u00a0wrze\u015bniu 1972 roku\u00a0wyprodukowano we w\u0142oskim Cassino pierwsz\u0105 seri\u0119 pr\u00f3bn\u0105 w ilo\u015bci 100 egzemplarzy. \u00a0 Oficjalna premiera Fiata 126 odby\u0142a si\u0119\u00a09 wrze\u015bnia roku 1972,\u00a0jednocze\u015bnie we W\u0142oszech \u2013 w salonie samochodowym w Turynie i w Polsce - na Placu Defilad. Historia Polskiego Fiata 126p rozpocz\u0119\u0142a si\u0119 od\u2026","rel":"","context":"Similar post","img":{"alt_text":"","src":"","width":0,"height":0},"classes":[]}],"_links":{"self":[{"href":"http:\/\/rezerwa126p.pl\/index.php?rest_route=\/wp\/v2\/pages\/22582"}],"collection":[{"href":"http:\/\/rezerwa126p.pl\/index.php?rest_route=\/wp\/v2\/pages"}],"about":[{"href":"http:\/\/rezerwa126p.pl\/index.php?rest_route=\/wp\/v2\/types\/page"}],"author":[{"embeddable":true,"href":"http:\/\/rezerwa126p.pl\/index.php?rest_route=\/wp\/v2\/users\/2"}],"replies":[{"embeddable":true,"href":"http:\/\/rezerwa126p.pl\/index.php?rest_route=%2Fwp%2Fv2%2Fcomments&post=22582"}],"version-history":[{"count":7,"href":"http:\/\/rezerwa126p.pl\/index.php?rest_route=\/wp\/v2\/pages\/22582\/revisions"}],"predecessor-version":[{"id":23958,"href":"http:\/\/rezerwa126p.pl\/index.php?rest_route=\/wp\/v2\/pages\/22582\/revisions\/23958"}],"up":[{"embeddable":true,"href":"http:\/\/rezerwa126p.pl\/index.php?rest_route=\/wp\/v2\/pages\/22578"}],"wp:attachment":[{"href":"http:\/\/rezerwa126p.pl\/index.php?rest_route=%2Fwp%2Fv2%2Fmedia&parent=22582"}],"curies":[{"name":"wp","href":"https:\/\/api.w.org\/{rel}","templated":true}]}}