{"id":22580,"date":"2017-11-04T21:17:11","date_gmt":"2017-11-04T20:17:11","guid":{"rendered":"http:\/\/rezerwa126p.pl\/web\/?page_id=22580"},"modified":"2023-01-25T19:47:53","modified_gmt":"2023-01-25T18:47:53","slug":"fl","status":"publish","type":"page","link":"http:\/\/rezerwa126p.pl\/?page_id=22580","title":{"rendered":"FL"},"content":{"rendered":"<p><span style=\"color: #333333;\"><span style=\"font-family: Lucida Grande, Helvetica, Verdana, sans-serif;\"><span style=\"font-size: small;\">W grudniu 1984 roku wprowadzono do sprzeda\u017cy wersj\u0119 FL (Face Lifting). Zmiany zosta\u0142y podyktowane konie<\/span><\/span><\/span><img data-attachment-id=\"23960\" data-permalink=\"http:\/\/rezerwa126p.pl\/?attachment_id=23960\" data-orig-file=\"https:\/\/i0.wp.com\/rezerwa126p.pl\/web\/wp-content\/uploads\/2022\/03\/6_f-1.jpg?fit=2023%2C1517\" data-orig-size=\"2023,1517\" data-comments-opened=\"0\" data-image-meta=\"{&quot;aperture&quot;:&quot;0&quot;,&quot;credit&quot;:&quot;&quot;,&quot;camera&quot;:&quot;&quot;,&quot;caption&quot;:&quot;&quot;,&quot;created_timestamp&quot;:&quot;0&quot;,&quot;copyright&quot;:&quot;&quot;,&quot;focal_length&quot;:&quot;0&quot;,&quot;iso&quot;:&quot;0&quot;,&quot;shutter_speed&quot;:&quot;0&quot;,&quot;title&quot;:&quot;&quot;,&quot;orientation&quot;:&quot;1&quot;}\" data-image-title=\"6_f-1\" data-image-description=\"\" data-image-caption=\"\" data-medium-file=\"https:\/\/i0.wp.com\/rezerwa126p.pl\/web\/wp-content\/uploads\/2022\/03\/6_f-1.jpg?fit=300%2C225\" data-large-file=\"https:\/\/i0.wp.com\/rezerwa126p.pl\/web\/wp-content\/uploads\/2022\/03\/6_f-1.jpg?fit=1024%2C768\" loading=\"lazy\" class=\"alignleft wp-image-23960\" style=\"color: #333333; font-family: 'Lucida Grande', Helvetica, Verdana, sans-serif; font-size: small;\" src=\"https:\/\/i0.wp.com\/rezerwa126p.pl\/web\/wp-content\/uploads\/2022\/03\/6_f-1.jpg?resize=600%2C450\" alt=\"\" width=\"600\" height=\"450\" srcset=\"https:\/\/i0.wp.com\/rezerwa126p.pl\/web\/wp-content\/uploads\/2022\/03\/6_f-1.jpg?resize=1024%2C768 1024w, https:\/\/i0.wp.com\/rezerwa126p.pl\/web\/wp-content\/uploads\/2022\/03\/6_f-1.jpg?resize=300%2C225 300w, https:\/\/i0.wp.com\/rezerwa126p.pl\/web\/wp-content\/uploads\/2022\/03\/6_f-1.jpg?resize=768%2C576 768w, https:\/\/i0.wp.com\/rezerwa126p.pl\/web\/wp-content\/uploads\/2022\/03\/6_f-1.jpg?resize=1536%2C1152 1536w, https:\/\/i0.wp.com\/rezerwa126p.pl\/web\/wp-content\/uploads\/2022\/03\/6_f-1.jpg?resize=800%2C600 800w, https:\/\/i0.wp.com\/rezerwa126p.pl\/web\/wp-content\/uploads\/2022\/03\/6_f-1.jpg?resize=700%2C525 700w, https:\/\/i0.wp.com\/rezerwa126p.pl\/web\/wp-content\/uploads\/2022\/03\/6_f-1.jpg?resize=1100%2C825 1100w, https:\/\/i0.wp.com\/rezerwa126p.pl\/web\/wp-content\/uploads\/2022\/03\/6_f-1.jpg?resize=600%2C450 600w, https:\/\/i0.wp.com\/rezerwa126p.pl\/web\/wp-content\/uploads\/2022\/03\/6_f-1.jpg?w=2023 2023w\" sizes=\"(max-width: 600px) 100vw, 600px\" data-recalc-dims=\"1\" \/><span style=\"font-size: small; font-family: 'Lucida Grande', Helvetica, Verdana, sans-serif; color: #333333;\">czno\u015bci\u0105 dostosowania samochodu do wymog\u00f3w europejskich (w pierwszej kolejno\u015bci usuni\u0119cie wszelkich ostrych kraw\u0119dzi). Tak wi\u0119c, zmieniono kszta\u0142t zderzak\u00f3w na d\u0142u\u017csze i bardziej przylegaj\u0105ce do nadwozia, a w tylny zderzak wkomponowano wymagane ju\u017c w\u00f3wczas \u015bwiat\u0142a przeciwmg\u0142owe tylne i cofania. Na ca\u0142ej d\u0142ugo\u015bci boku samochodu zamontowano plastikowe listwy, oraz zmodyfikowano wloty powietrza. Kszta\u0142t b\u0142otnik\u00f3w zosta\u0142 nieznacznie zmieniony w celu dostosowania pod \u015blizgi monta\u017cowe zderzaka nowego typu.<\/span><\/p>\r\n<p><img data-attachment-id=\"23961\" data-permalink=\"http:\/\/rezerwa126p.pl\/?attachment_id=23961\" data-orig-file=\"https:\/\/i0.wp.com\/rezerwa126p.pl\/web\/wp-content\/uploads\/2022\/03\/5a.jpg?fit=2023%2C1517\" data-orig-size=\"2023,1517\" data-comments-opened=\"0\" data-image-meta=\"{&quot;aperture&quot;:&quot;0&quot;,&quot;credit&quot;:&quot;&quot;,&quot;camera&quot;:&quot;&quot;,&quot;caption&quot;:&quot;&quot;,&quot;created_timestamp&quot;:&quot;0&quot;,&quot;copyright&quot;:&quot;&quot;,&quot;focal_length&quot;:&quot;0&quot;,&quot;iso&quot;:&quot;0&quot;,&quot;shutter_speed&quot;:&quot;0&quot;,&quot;title&quot;:&quot;&quot;,&quot;orientation&quot;:&quot;0&quot;}\" data-image-title=\"5a\" data-image-description=\"\" data-image-caption=\"\" data-medium-file=\"https:\/\/i0.wp.com\/rezerwa126p.pl\/web\/wp-content\/uploads\/2022\/03\/5a.jpg?fit=300%2C225\" data-large-file=\"https:\/\/i0.wp.com\/rezerwa126p.pl\/web\/wp-content\/uploads\/2022\/03\/5a.jpg?fit=1024%2C768\" loading=\"lazy\" class=\"alignnone wp-image-23961\" src=\"https:\/\/i0.wp.com\/rezerwa126p.pl\/web\/wp-content\/uploads\/2022\/03\/5a.jpg?resize=600%2C450\" alt=\"\" width=\"600\" height=\"450\" srcset=\"https:\/\/i0.wp.com\/rezerwa126p.pl\/web\/wp-content\/uploads\/2022\/03\/5a.jpg?resize=300%2C225 300w, https:\/\/i0.wp.com\/rezerwa126p.pl\/web\/wp-content\/uploads\/2022\/03\/5a.jpg?resize=1024%2C768 1024w, https:\/\/i0.wp.com\/rezerwa126p.pl\/web\/wp-content\/uploads\/2022\/03\/5a.jpg?resize=768%2C576 768w, https:\/\/i0.wp.com\/rezerwa126p.pl\/web\/wp-content\/uploads\/2022\/03\/5a.jpg?resize=1536%2C1152 1536w, https:\/\/i0.wp.com\/rezerwa126p.pl\/web\/wp-content\/uploads\/2022\/03\/5a.jpg?resize=800%2C600 800w, https:\/\/i0.wp.com\/rezerwa126p.pl\/web\/wp-content\/uploads\/2022\/03\/5a.jpg?resize=700%2C525 700w, https:\/\/i0.wp.com\/rezerwa126p.pl\/web\/wp-content\/uploads\/2022\/03\/5a.jpg?resize=1100%2C825 1100w, https:\/\/i0.wp.com\/rezerwa126p.pl\/web\/wp-content\/uploads\/2022\/03\/5a.jpg?resize=600%2C450 600w, https:\/\/i0.wp.com\/rezerwa126p.pl\/web\/wp-content\/uploads\/2022\/03\/5a.jpg?w=2023 2023w\" sizes=\"(max-width: 600px) 100vw, 600px\" data-recalc-dims=\"1\" \/><\/p>\r\n<p><span style=\"color: #333333;\">Oznaczenia producenta oraz wersji przeniesiono na tylnej klapie z przet\u0142oczenia w kszta\u0142cie s\u0142uchawki, nieco wy\u017cej nad za\u0142amanie klapy. Z przodu za\u015b, ze \u015brodka pasa przedniego na praw\u0105 stron\u0119,oraz delikatnie obni\u017cono.<\/span><\/p>\r\n<p><img data-attachment-id=\"23962\" data-permalink=\"http:\/\/rezerwa126p.pl\/?attachment_id=23962\" data-orig-file=\"https:\/\/i0.wp.com\/rezerwa126p.pl\/web\/wp-content\/uploads\/2022\/03\/2a.jpg?fit=2023%2C1517\" data-orig-size=\"2023,1517\" data-comments-opened=\"0\" data-image-meta=\"{&quot;aperture&quot;:&quot;0&quot;,&quot;credit&quot;:&quot;&quot;,&quot;camera&quot;:&quot;&quot;,&quot;caption&quot;:&quot;&quot;,&quot;created_timestamp&quot;:&quot;0&quot;,&quot;copyright&quot;:&quot;&quot;,&quot;focal_length&quot;:&quot;0&quot;,&quot;iso&quot;:&quot;0&quot;,&quot;shutter_speed&quot;:&quot;0&quot;,&quot;title&quot;:&quot;&quot;,&quot;orientation&quot;:&quot;1&quot;}\" data-image-title=\"2a\" data-image-description=\"\" data-image-caption=\"\" data-medium-file=\"https:\/\/i0.wp.com\/rezerwa126p.pl\/web\/wp-content\/uploads\/2022\/03\/2a.jpg?fit=300%2C225\" data-large-file=\"https:\/\/i0.wp.com\/rezerwa126p.pl\/web\/wp-content\/uploads\/2022\/03\/2a.jpg?fit=1024%2C768\" loading=\"lazy\" class=\"alignnone wp-image-23962\" src=\"https:\/\/i0.wp.com\/rezerwa126p.pl\/web\/wp-content\/uploads\/2022\/03\/2a.jpg?resize=600%2C450\" alt=\"\" width=\"600\" height=\"450\" srcset=\"https:\/\/i0.wp.com\/rezerwa126p.pl\/web\/wp-content\/uploads\/2022\/03\/2a.jpg?resize=300%2C225 300w, https:\/\/i0.wp.com\/rezerwa126p.pl\/web\/wp-content\/uploads\/2022\/03\/2a.jpg?resize=1024%2C768 1024w, https:\/\/i0.wp.com\/rezerwa126p.pl\/web\/wp-content\/uploads\/2022\/03\/2a.jpg?resize=768%2C576 768w, https:\/\/i0.wp.com\/rezerwa126p.pl\/web\/wp-content\/uploads\/2022\/03\/2a.jpg?resize=1536%2C1152 1536w, https:\/\/i0.wp.com\/rezerwa126p.pl\/web\/wp-content\/uploads\/2022\/03\/2a.jpg?resize=800%2C600 800w, https:\/\/i0.wp.com\/rezerwa126p.pl\/web\/wp-content\/uploads\/2022\/03\/2a.jpg?resize=700%2C525 700w, https:\/\/i0.wp.com\/rezerwa126p.pl\/web\/wp-content\/uploads\/2022\/03\/2a.jpg?resize=1100%2C825 1100w, https:\/\/i0.wp.com\/rezerwa126p.pl\/web\/wp-content\/uploads\/2022\/03\/2a.jpg?resize=600%2C450 600w, https:\/\/i0.wp.com\/rezerwa126p.pl\/web\/wp-content\/uploads\/2022\/03\/2a.jpg?w=2023 2023w\" sizes=\"(max-width: 600px) 100vw, 600px\" data-recalc-dims=\"1\" \/><\/p>\r\n<p><span style=\"color: #333333;\"><span style=\"font-family: Lucida Grande, Helvetica, Verdana, sans-serif;\"><span style=\"font-size: small;\">Najwi\u0119ksze zmiany zasz\u0142y jednak wewn\u0105trz samochodu. Ca\u0142kowicie przebudowano desk\u0119 rozdzielcz\u0105 : Zawita\u0142o zmienione obicie deski rozdzielczej, pojawi\u0142 si\u0119 nowy, szeroki licznik z dodatkowymi klawiszami funkcyjnymi. Zastosowano mi\u0119kk\u0105 kierownic\u0119, kt\u00f3ra pojawi\u0142a si\u0119 ju\u017c wcze\u015bniej w dro\u017cszych wersjach, za\u015b kratki nawiewu znalaz\u0142y si\u0119 teraz na wysoko\u015bci licznika. Poni\u017cej, na miejscu, gdzie dotychczas si\u0119 znajdowa\u0142y, umieszczono konsol\u0119 \u015brodkow\u0105 z popielniczk\u0105, miejscem na zapalniczk\u0119 i kieszeni\u0105 na radio. Obok po stronie pasa\u017cera przewidziano praktyczn\u0105 wn\u0119k\u0119 na drobne prezdmioty wraz z miejscem na g\u0142o\u015bnik. R\u0119czn\u0105 pompk\u0119 spryskiwaczy zast\u0105piono elektryczn\u0105 (umieszczon\u0105 w worku spryskiwaczy), uruchamian\u0105 poprzez poci\u0105gni\u0119cie do siebie w\u0142\u0105cznika wycieraczek. Rozrusznik z uruchamianiem mechanicznym zast\u0105piono rozrusznikiem za\u0142\u0105czanym przez przekr\u0119cenie kluczyka. Pojawi\u0142a si\u0119 r\u00f3wnie\u017c (w dro\u017cszych wersjach) dmuchawa zimnego powietrza, zapobiegaj\u0105ca parowaniu przedniej szyby, przydatna zw\u0142aszcza w zimie. Nieznacznym zmianom uleg\u0142y korbki do otwierania okien i klamki wewn\u0119trzne<\/span><\/span><\/span><\/p>\r\n<p><img data-attachment-id=\"23963\" data-permalink=\"http:\/\/rezerwa126p.pl\/?attachment_id=23963\" data-orig-file=\"https:\/\/i0.wp.com\/rezerwa126p.pl\/web\/wp-content\/uploads\/2022\/03\/full_fiat-126p-650e-1606141301476.jpg?fit=1020%2C680\" data-orig-size=\"1020,680\" data-comments-opened=\"0\" data-image-meta=\"{&quot;aperture&quot;:&quot;0&quot;,&quot;credit&quot;:&quot;&quot;,&quot;camera&quot;:&quot;&quot;,&quot;caption&quot;:&quot;&quot;,&quot;created_timestamp&quot;:&quot;0&quot;,&quot;copyright&quot;:&quot;&quot;,&quot;focal_length&quot;:&quot;0&quot;,&quot;iso&quot;:&quot;0&quot;,&quot;shutter_speed&quot;:&quot;0&quot;,&quot;title&quot;:&quot;&quot;,&quot;orientation&quot;:&quot;0&quot;}\" data-image-title=\"full_fiat-126p-650e-1606141301476\" data-image-description=\"\" data-image-caption=\"\" data-medium-file=\"https:\/\/i0.wp.com\/rezerwa126p.pl\/web\/wp-content\/uploads\/2022\/03\/full_fiat-126p-650e-1606141301476.jpg?fit=300%2C200\" data-large-file=\"https:\/\/i0.wp.com\/rezerwa126p.pl\/web\/wp-content\/uploads\/2022\/03\/full_fiat-126p-650e-1606141301476.jpg?fit=1020%2C680\" loading=\"lazy\" class=\"alignnone wp-image-23963\" src=\"https:\/\/i0.wp.com\/rezerwa126p.pl\/web\/wp-content\/uploads\/2022\/03\/full_fiat-126p-650e-1606141301476.jpg?resize=600%2C400\" alt=\"\" width=\"600\" height=\"400\" srcset=\"https:\/\/i0.wp.com\/rezerwa126p.pl\/web\/wp-content\/uploads\/2022\/03\/full_fiat-126p-650e-1606141301476.jpg?resize=300%2C200 300w, https:\/\/i0.wp.com\/rezerwa126p.pl\/web\/wp-content\/uploads\/2022\/03\/full_fiat-126p-650e-1606141301476.jpg?resize=768%2C512 768w, https:\/\/i0.wp.com\/rezerwa126p.pl\/web\/wp-content\/uploads\/2022\/03\/full_fiat-126p-650e-1606141301476.jpg?resize=700%2C467 700w, https:\/\/i0.wp.com\/rezerwa126p.pl\/web\/wp-content\/uploads\/2022\/03\/full_fiat-126p-650e-1606141301476.jpg?resize=600%2C400 600w, https:\/\/i0.wp.com\/rezerwa126p.pl\/web\/wp-content\/uploads\/2022\/03\/full_fiat-126p-650e-1606141301476.jpg?w=1020 1020w\" sizes=\"(max-width: 600px) 100vw, 600px\" data-recalc-dims=\"1\" \/><\/p>\r\n<p>w 1988 pojawi\u0142 si\u0119 wi\u0119kszy wlot powietrza wzorowany na 126bis (ale nie taki sam!)<\/p>\r\n<p><img data-attachment-id=\"23994\" data-permalink=\"http:\/\/rezerwa126p.pl\/?attachment_id=23994\" data-orig-file=\"https:\/\/i0.wp.com\/rezerwa126p.pl\/web\/wp-content\/uploads\/2023\/01\/20200218_132244.jpg?fit=457%2C278\" data-orig-size=\"457,278\" data-comments-opened=\"0\" data-image-meta=\"{&quot;aperture&quot;:&quot;1.9&quot;,&quot;credit&quot;:&quot;&quot;,&quot;camera&quot;:&quot;SM-G390F&quot;,&quot;caption&quot;:&quot;&quot;,&quot;created_timestamp&quot;:&quot;1582032164&quot;,&quot;copyright&quot;:&quot;&quot;,&quot;focal_length&quot;:&quot;3.7&quot;,&quot;iso&quot;:&quot;40&quot;,&quot;shutter_speed&quot;:&quot;0.0010649627263046&quot;,&quot;title&quot;:&quot;&quot;,&quot;orientation&quot;:&quot;1&quot;}\" data-image-title=\"20200218_132244\" data-image-description=\"\" data-image-caption=\"\" data-medium-file=\"https:\/\/i0.wp.com\/rezerwa126p.pl\/web\/wp-content\/uploads\/2023\/01\/20200218_132244.jpg?fit=300%2C182\" data-large-file=\"https:\/\/i0.wp.com\/rezerwa126p.pl\/web\/wp-content\/uploads\/2023\/01\/20200218_132244.jpg?fit=457%2C278\" loading=\"lazy\" class=\"size-medium wp-image-23994 alignleft\" src=\"https:\/\/i0.wp.com\/rezerwa126p.pl\/web\/wp-content\/uploads\/2023\/01\/20200218_132244.jpg?resize=300%2C182\" alt=\"\" width=\"300\" height=\"182\" srcset=\"https:\/\/i0.wp.com\/rezerwa126p.pl\/web\/wp-content\/uploads\/2023\/01\/20200218_132244.jpg?resize=300%2C182 300w, https:\/\/i0.wp.com\/rezerwa126p.pl\/web\/wp-content\/uploads\/2023\/01\/20200218_132244.jpg?w=457 457w\" sizes=\"(max-width: 300px) 100vw, 300px\" data-recalc-dims=\"1\" \/><\/p>\r\n\r\n<p>&nbsp;<\/p>\r\n\r\n\r\n\r\n<p>&nbsp;<\/p>\r\n\r\n\r\n\r\n<p>&nbsp;<\/p>\r\n\r\n\r\n\r\n<p>&nbsp;<\/p>\r\n\r\n\r\n\r\n<p>&nbsp;<\/p>\r\n\r\n\r\n\r\n<p>&nbsp;<\/p>\r\n\r\n\r\n\r\n<p>W sierpniu 1993 FL-a dopad\u0142 kolejny lifting. W owym okresie przedsi\u0119biorstwo FSM w ca\u0142o\u015bci przej\u0105\u0142 Fiat. Zasz\u0142a wi\u0119c potrzeba ujednolicenia gamy modelowej, konkretnie zmiany stylistycznej Cinquecento i 126. Zmieniono wi\u0119c kolory lakier\u00f3w oraz wystr\u00f3j wn\u0119trza. Owy lifting obu modeli nazwano &#8222;Maquillage&#8221;.<\/p>\r\n<p>W \u015brodku pojazdu g\u0142\u00f3wnym kolorem wyko\u0144czenia jest szary popielaty. Nowy model zosta\u0142 pozbawiony znaku firmowego FSM z ko\u0142pak\u00f3w, kierownicy i chlapaczy. Znika te\u017c emblemat 650E z pokrywy silnika.<\/p>\r\n\r\n\r\n\r\n<div id=\"attachment_23999\" style=\"width: 310px\" class=\"wp-caption alignleft\"><img aria-describedby=\"caption-attachment-23999\" data-attachment-id=\"23999\" data-permalink=\"http:\/\/rezerwa126p.pl\/?attachment_id=23999\" data-orig-file=\"https:\/\/i0.wp.com\/rezerwa126p.pl\/web\/wp-content\/uploads\/2023\/01\/fotell.jpg?fit=957%2C657\" data-orig-size=\"957,657\" data-comments-opened=\"0\" data-image-meta=\"{&quot;aperture&quot;:&quot;0&quot;,&quot;credit&quot;:&quot;&quot;,&quot;camera&quot;:&quot;&quot;,&quot;caption&quot;:&quot;&quot;,&quot;created_timestamp&quot;:&quot;0&quot;,&quot;copyright&quot;:&quot;&quot;,&quot;focal_length&quot;:&quot;0&quot;,&quot;iso&quot;:&quot;0&quot;,&quot;shutter_speed&quot;:&quot;0&quot;,&quot;title&quot;:&quot;&quot;,&quot;orientation&quot;:&quot;1&quot;}\" data-image-title=\"fotell\" data-image-description=\"\" data-image-caption=\"\" data-medium-file=\"https:\/\/i0.wp.com\/rezerwa126p.pl\/web\/wp-content\/uploads\/2023\/01\/fotell.jpg?fit=300%2C206\" data-large-file=\"https:\/\/i0.wp.com\/rezerwa126p.pl\/web\/wp-content\/uploads\/2023\/01\/fotell.jpg?fit=957%2C657\" loading=\"lazy\" class=\"wp-image-23999 size-medium\" src=\"https:\/\/i0.wp.com\/rezerwa126p.pl\/web\/wp-content\/uploads\/2023\/01\/fotell.jpg?resize=300%2C206\" alt=\"\" width=\"300\" height=\"206\" srcset=\"https:\/\/i0.wp.com\/rezerwa126p.pl\/web\/wp-content\/uploads\/2023\/01\/fotell.jpg?resize=300%2C206 300w, https:\/\/i0.wp.com\/rezerwa126p.pl\/web\/wp-content\/uploads\/2023\/01\/fotell.jpg?resize=768%2C527 768w, https:\/\/i0.wp.com\/rezerwa126p.pl\/web\/wp-content\/uploads\/2023\/01\/fotell.jpg?resize=700%2C481 700w, https:\/\/i0.wp.com\/rezerwa126p.pl\/web\/wp-content\/uploads\/2023\/01\/fotell.jpg?resize=600%2C412 600w, https:\/\/i0.wp.com\/rezerwa126p.pl\/web\/wp-content\/uploads\/2023\/01\/fotell.jpg?w=957 957w\" sizes=\"(max-width: 300px) 100vw, 300px\" data-recalc-dims=\"1\" \/><p id=\"caption-attachment-23999\" class=\"wp-caption-text\">Wn\u0119trze modelu Maquillage w wersji podstawowej. Szary skaj oraz widoczny brak oznacze\u0144 FSM na kierownicy<\/p><\/div>\r\n<p>Produkcj\u0119 modelu FL zako\u0144czono we wrze\u015bniu 1994, zastepuj\u0105c go gruntownie zmodernizowanym 126el<\/p>\r\n","protected":false},"excerpt":{"rendered":"<p>W grudniu 1984 roku wprowadzono do sprzeda\u017cy wersj\u0119 FL (Face Lifting). Zmiany zosta\u0142y podyktowane konieczno\u015bci\u0105 dostosowania samochodu do wymog\u00f3w europejskich (w pierwszej kolejno\u015bci usuni\u0119cie wszelkich ostrych kraw\u0119dzi). Tak wi\u0119c, zmieniono kszta\u0142t zderzak\u00f3w na d\u0142u\u017csze i bardziej przylegaj\u0105ce do nadwozia, a w tylny zderzak wkomponowano wymagane&#8230;<\/p>\n","protected":false},"author":2,"featured_media":0,"parent":22578,"menu_order":0,"comment_status":"closed","ping_status":"closed","template":"","meta":{"advanced_seo_description":"","spay_email":""},"jetpack_sharing_enabled":true,"jetpack_shortlink":"https:\/\/wp.me\/P9KryZ-5Sc","jetpack_likes_enabled":true,"jetpack-related-posts":[{"id":22662,"url":"http:\/\/rezerwa126p.pl\/?page_id=22662","url_meta":{"origin":22580,"position":0},"title":"Opis modelu","date":"5 listopada 2017","format":false,"excerpt":"[vc_row row_type=\"row\" use_row_as_full_screen_section=\"no\" type=\"full_width\" text_align=\"left\" css_animation=\"\"][vc_column][vc_column_text]W grudniu 1984 roku wprowadzono do sprzeda\u017cy wersj\u0119 FL (Face Lifting). Zmiany zosta\u0142y podyktowane konieczno\u015bci\u0105 dostosowania samochodu do wymog\u00f3w europejskich (g\u0142\u00f3wnie usuni\u0119cie wszelkich ostrych kraw\u0119dzi). Tak wi\u0119c zmieniono kszta\u0142t zderzak\u00f3w na d\u0142u\u017csze i bardziej przylegaj\u0105ce do nadwozia, a w tylny zderzak wkomponowano wymagane ju\u017c w\u00f3wczas\u2026","rel":"","context":"Similar post","img":{"alt_text":"","src":"","width":0,"height":0},"classes":[]},{"id":22685,"url":"http:\/\/rezerwa126p.pl\/?page_id=22685","url_meta":{"origin":22580,"position":1},"title":"Opis modelu","date":"5 listopada 2017","format":false,"excerpt":"[vc_row row_type=\"row\" use_row_as_full_screen_section=\"no\" type=\"full_width\" text_align=\"left\" css_animation=\"\"][vc_column][vc_column_text]W 1992 roku fabryka FSM przej\u0119ta zosta\u0142a przez Fiat Auto Poland, i od tego czasu to pod takim szyldem sprzedawano maluchy. W 1994 roku nast\u0105pi\u0142 kolejny wi\u0119kszy pakiet zmian w ma\u0142ym fiacie, produkowanym od tego roku pod nazw\u0105 el. Najwa\u017cniejsze z nich, to: zmiana karoserii\u2026","rel":"","context":"Similar post","img":{"alt_text":"","src":"","width":0,"height":0},"classes":[]},{"id":22927,"url":"http:\/\/rezerwa126p.pl\/?page_id=22927","url_meta":{"origin":22580,"position":2},"title":"Rejestracja pojazdu na &#8222;\u017c\u00f3\u0142te tablice&#8221;","date":"15 listopada 2017","format":false,"excerpt":"[vc_row row_type=\"row\" use_row_as_full_screen_section=\"no\" type=\"full_width\" text_align=\"left\" css_animation=\"\"][vc_column][vc_column_text]Przychodzi taki moment, \u017ce postanawiamy, aby nasz Polski FIAT 126p pozyska\u0142 \u201e\u017b\u00f3\u0142te\u201d tablice rejestracyjne. Temat nie jest skomplikowany, ale mo\u017ce komu\u015b przyda si\u0119 kilka praktycznych informacji, jak przechodzimy t\u0119 \u015bcie\u017ck\u0119. Na pocz\u0105tek definicja: Pojazd zabytkowy\u00a0\u2013 wedle ustawy \u201ePrawo o ruchu drogowym\u201d jest to pojazd, kt\u00f3ry\u2026","rel":"","context":"Similar post","img":{"alt_text":"","src":"","width":0,"height":0},"classes":[]},{"id":22800,"url":"http:\/\/rezerwa126p.pl\/?page_id=22800","url_meta":{"origin":22580,"position":3},"title":"Fiat 126p NP","date":"6 listopada 2017","format":false,"excerpt":"[vc_row row_type=\"row\" use_row_as_full_screen_section=\"no\" type=\"full_width\" text_align=\"left\" css_animation=\"\"][vc_column][vc_column_text]Po tym jak Fiat 126p zdominowa\u0142 polski rynek, FSM chcia\u0142 stworzy\u0107 wi\u0119cej pojazd\u00f3w opartych na tym modelu. Najwi\u0119ksz\u0105 przeszkod\u0105 w dalszym rozwijaniu samochodu by\u0142 umieszczony z ty\u0142u silnik, w zwi\u0105zku z czym zbudowano prototyp z silnikiem umieszczonym z przodu \u2013 Fiat 126p NP (Nap\u0119d Przedni).\u2026","rel":"","context":"Similar post","img":{"alt_text":"","src":"","width":0,"height":0},"classes":[]},{"id":22029,"url":"http:\/\/rezerwa126p.pl\/?page_id=22029","url_meta":{"origin":22580,"position":4},"title":"Wymiana szczotek w rozruszniku","date":"2 listopada 2017","format":false,"excerpt":"[vc_row row_type=\"row\" use_row_as_full_screen_section=\"no\" type=\"full_width\" text_align=\"left\" css_animation=\"\"][vc_column][vc_column_text]Je\u015bli zdarza si\u0119 co jaki\u015b czas, \u017ce po przekr\u0119ceniu kluczyka s\u0142yszymy tylko cykni\u0119cie, to prawdopodobnie powinni\u015bmy wymieni\u0107 szczotki w rozruszniku. W tym celu musimy wykr\u0119ci\u0107 rozrusznik z samochodu. Przydatny przy tym jest kana\u0142, ale mo\u017cna sobie bez niego poradzi\u0107 je\u015bli podniesiemy praw\u0105 stron\u0119 samochodu i\u2026","rel":"","context":"Similar post","img":{"alt_text":"","src":"","width":0,"height":0},"classes":[]},{"id":22298,"url":"http:\/\/rezerwa126p.pl\/?page_id=22298","url_meta":{"origin":22580,"position":5},"title":"Przer\u00f3bka ogrzewania","date":"4 listopada 2017","format":false,"excerpt":"[vc_row row_type=\"row\" use_row_as_full_screen_section=\"no\" type=\"full_width\" text_align=\"left\" css_animation=\"\"][vc_column][vc_column_text]Regularnie co roku, gdy przychodzi zima, bra\u0107 maluchowska zaczyna marudzi\u0107, \u017ce paruj\u0105 szyby, a we wn\u0119trzu jest zimno, i kombinuje z r\u00f3\u017cnymi wiatraczkami, przer\u00f3bkami, kolankami wodnymi i innymi. Wszystko to jest na dobr\u0105 spraw\u0119 niezbyt skuteczne,i obarczone ograniczeniami. Ja tutaj przedstawi\u0119 najskuteczniejszy patent na przer\u00f3bk\u0119\u2026","rel":"","context":"Similar post","img":{"alt_text":"","src":"","width":0,"height":0},"classes":[]}],"_links":{"self":[{"href":"http:\/\/rezerwa126p.pl\/index.php?rest_route=\/wp\/v2\/pages\/22580"}],"collection":[{"href":"http:\/\/rezerwa126p.pl\/index.php?rest_route=\/wp\/v2\/pages"}],"about":[{"href":"http:\/\/rezerwa126p.pl\/index.php?rest_route=\/wp\/v2\/types\/page"}],"author":[{"embeddable":true,"href":"http:\/\/rezerwa126p.pl\/index.php?rest_route=\/wp\/v2\/users\/2"}],"replies":[{"embeddable":true,"href":"http:\/\/rezerwa126p.pl\/index.php?rest_route=%2Fwp%2Fv2%2Fcomments&post=22580"}],"version-history":[{"count":10,"href":"http:\/\/rezerwa126p.pl\/index.php?rest_route=\/wp\/v2\/pages\/22580\/revisions"}],"predecessor-version":[{"id":24000,"href":"http:\/\/rezerwa126p.pl\/index.php?rest_route=\/wp\/v2\/pages\/22580\/revisions\/24000"}],"up":[{"embeddable":true,"href":"http:\/\/rezerwa126p.pl\/index.php?rest_route=\/wp\/v2\/pages\/22578"}],"wp:attachment":[{"href":"http:\/\/rezerwa126p.pl\/index.php?rest_route=%2Fwp%2Fv2%2Fmedia&parent=22580"}],"curies":[{"name":"wp","href":"https:\/\/api.w.org\/{rel}","templated":true}]}}