{"id":22429,"date":"2017-11-04T20:08:28","date_gmt":"2017-11-04T19:08:28","guid":{"rendered":"http:\/\/rezerwa126p.pl\/web\/?page_id=22429"},"modified":"2021-10-25T22:09:40","modified_gmt":"2021-10-25T20:09:40","slug":"zolte-reflektory-malowanie-odblysnika-lampy","status":"publish","type":"page","link":"http:\/\/rezerwa126p.pl\/?page_id=22429","title":{"rendered":"\u017b\u00f3\u0142te reflektory &#8211; malowanie odb\u0142y\u015bnika lampy"},"content":{"rendered":"[vc_row row_type=&#8221;row&#8221; use_row_as_full_screen_section=&#8221;no&#8221; type=&#8221;full_width&#8221; text_align=&#8221;left&#8221; css_animation=&#8221;&#8221;][vc_column][vc_column_text]Lampy malowa\u0142em farb\u0105 do szk\u0142a Vitrail 199 Yellow za pomoc\u0105 aerografu, daje cienk\u0105 i r\u00f3wn\u0105 warstw\u0119 farby.<\/p>\n<p>&nbsp;<\/p>\n<p>Czas: oko\u0142o p\u00f3\u0142torej godziny na klosz.<\/p>\n<p>&nbsp;<\/p>\n<p><span style=\"text-decoration: underline;\">Potrzebne materia\u0142y i narz\u0119dzia:<\/span><\/p>\n<ul>\n<li>N\u00f3\u017c z \u0142amanym ostrzem,<\/li>\n<\/ul>\n<ul>\n<li>Cienki \u015brubokr\u0119t p\u0142aski, b\u0105d\u017a ma\u0142e d\u0142utko,<\/li>\n<li>Farba transparentna do szk\u0142a np. Vitrail,<\/li>\n<\/ul>\n<ul>\n<li>P\u0119dzel z mi\u0119kkim w\u0142osiem, aerograf &#8211; to ju\u017c zale\u017cy od was,<\/li>\n<li>Silikon &#8211; mo\u017ce by\u0107 zwyk\u0142y sanitarny, ja wykorzysta\u0142em silikon akwarystyczny do szyb<\/li>\n<li>Mi\u0119kka szmatka z p\u0142ynem do mycia szyb.<\/li>\n<\/ul>\n<p>&nbsp;<\/p>\n<div>Bierzemy nasz\u0105 lamp\u0119 i nacinamy ostro\u017cnie no\u017cem przy samym kloszu jak i przy obudowie odb\u0142y\u015bnika na ca\u0142ym obwodzie lampy.<\/div>\n<div>Zaznaczona linia ci\u0119cia na czerwono:<\/div>\n[\/vc_column_text][vc_row_inner row_type=&#8221;row&#8221; type=&#8221;full_width&#8221; use_row_as_full_screen_section_slide=&#8221;no&#8221; text_align=&#8221;left&#8221; css_animation=&#8221;&#8221;][vc_column_inner][vc_empty_space][vc_single_image image=&#8221;22430&#8243; qode_css_animation=&#8221;&#8221;][vc_empty_space][\/vc_column_inner][\/vc_row_inner][\/vc_column][\/vc_row][vc_row row_type=&#8221;row&#8221; use_row_as_full_screen_section=&#8221;no&#8221; type=&#8221;full_width&#8221; text_align=&#8221;left&#8221; css_animation=&#8221;&#8221;][vc_column][vc_column_text]Nast\u0119pnie nacinamy klej tak, aby da\u0142o si\u0119 za pomoc\u0105 \u015brubokr\u0119ta b\u0105d\u017a d\u0142utka usun\u0105\u0107 ca\u0142y klej jak na zdj\u0119ciu:[\/vc_column_text][vc_row_inner row_type=&#8221;row&#8221; type=&#8221;full_width&#8221; use_row_as_full_screen_section_slide=&#8221;no&#8221; text_align=&#8221;left&#8221; css_animation=&#8221;&#8221;][vc_column_inner][vc_empty_space][vc_single_image image=&#8221;22431&#8243; qode_css_animation=&#8221;&#8221;][vc_empty_space][\/vc_column_inner][\/vc_row_inner][\/vc_column][\/vc_row][vc_row row_type=&#8221;row&#8221; use_row_as_full_screen_section=&#8221;no&#8221; type=&#8221;full_width&#8221; text_align=&#8221;left&#8221; css_animation=&#8221;&#8221;][vc_column][vc_column_text]\n<div>No\u017cykiem d\u0142ubiemy pozosta\u0142y klej, kt\u00f3ry znajduj\u0119 si\u0119 w rowku pomi\u0119dzy kloszem, a obudow\u0105 lampy.<\/div>\n<div>Zaznaczone strza\u0142kami:<\/div>\n[\/vc_column_text][vc_row_inner row_type=&#8221;row&#8221; type=&#8221;full_width&#8221; use_row_as_full_screen_section_slide=&#8221;no&#8221; text_align=&#8221;left&#8221; css_animation=&#8221;&#8221;][vc_column_inner][vc_empty_space][vc_single_image image=&#8221;22432&#8243; qode_css_animation=&#8221;&#8221;][vc_empty_space][\/vc_column_inner][\/vc_row_inner][\/vc_column][\/vc_row][vc_row row_type=&#8221;row&#8221; use_row_as_full_screen_section=&#8221;no&#8221; type=&#8221;full_width&#8221; text_align=&#8221;left&#8221; css_animation=&#8221;&#8221;][vc_column][vc_column_text]\n<div>Po tym zabiegu klosz lampy bez u\u017cycia si\u0142y mo\u017cna oddzieli\u0107 od obudowy.<\/div>\n<div>Po rozklejeniu odb\u0142y\u015bnik lampy wygl\u0105da tak:<\/div>\n[\/vc_column_text][vc_row_inner row_type=&#8221;row&#8221; type=&#8221;full_width&#8221; use_row_as_full_screen_section_slide=&#8221;no&#8221; text_align=&#8221;left&#8221; css_animation=&#8221;&#8221;][vc_column_inner][vc_empty_space][vc_single_image image=&#8221;22433&#8243; qode_css_animation=&#8221;&#8221;][vc_empty_space][\/vc_column_inner][\/vc_row_inner][\/vc_column][\/vc_row][vc_row row_type=&#8221;row&#8221; use_row_as_full_screen_section=&#8221;no&#8221; type=&#8221;full_width&#8221; text_align=&#8221;left&#8221; css_animation=&#8221;&#8221;][vc_column][vc_column_text]Przygotowujemy si\u0119 do mycia odb\u0142y\u015bnika i przygotowania go do malowania.\u00a0Nale\u017cy wyj\u0105\u0107 element zaznaczony na \u017c\u00f3\u0142to:[\/vc_column_text][vc_row_inner row_type=&#8221;row&#8221; type=&#8221;full_width&#8221; use_row_as_full_screen_section_slide=&#8221;no&#8221; text_align=&#8221;left&#8221; css_animation=&#8221;&#8221;][vc_column_inner][vc_empty_space][vc_single_image image=&#8221;22434&#8243; qode_css_animation=&#8221;&#8221;][vc_empty_space][\/vc_column_inner][\/vc_row_inner][\/vc_column][\/vc_row][vc_row row_type=&#8221;row&#8221; use_row_as_full_screen_section=&#8221;no&#8221; type=&#8221;full_width&#8221; text_align=&#8221;left&#8221; css_animation=&#8221;&#8221;][vc_column][vc_column_text]I ju\u017c mo\u017cemy umy\u0107 odb\u0142y\u015bnik. Uwaga! Odb\u0142y\u015bnik jest delikatny i przy myciu trzeba uwa\u017ca\u0107 aby go nie uszkodzi\u0107!<\/p>\n<p>Ja w tym celu przep\u0142uka\u0142em go wod\u0105 destylowan\u0105 (nie pozostawia smug) i przedmucha\u0142em dok\u0142adnie spr\u0119\u017conym powietrzem z kompresora<\/p>\n<p>&nbsp;<\/p>\n<p>Malowanie:<\/p>\n<p>Jak kto\u015b chce to mo\u017ce pomalowa\u0107 tylko t\u0105 cz\u0119\u015b\u0107, kt\u00f3ra jest zaznaczona na \u017c\u00f3\u0142to. Daje to lekki efekt zabarwienia odb\u0142y\u015bnika na \u017c\u0105dany kolor.[\/vc_column_text][vc_row_inner row_type=&#8221;row&#8221; type=&#8221;full_width&#8221; use_row_as_full_screen_section_slide=&#8221;no&#8221; text_align=&#8221;left&#8221; css_animation=&#8221;&#8221;][vc_column_inner][vc_empty_space][vc_single_image image=&#8221;22435&#8243; qode_css_animation=&#8221;&#8221;][vc_empty_space][\/vc_column_inner][\/vc_row_inner][\/vc_column][\/vc_row][vc_row row_type=&#8221;row&#8221; use_row_as_full_screen_section=&#8221;no&#8221; type=&#8221;full_width&#8221; text_align=&#8221;left&#8221; css_animation=&#8221;&#8221;][vc_column][vc_column_text]\n<div>Ja pomalowa\u0142em ca\u0142y odb\u0142y\u015bnik jak i element wspomniany wcze\u015bniej.<\/div>\n<div>Malujemy cienk\u0105 warstw\u0105, mo\u017cna malowa\u0107 wi\u0119cej warstw w celu uzyskania porz\u0105dnego koloru.<\/div>\n<div>Ja malowa\u0142em 2 cienkie warstwy aerografem, dobrze maluje si\u0119 te\u017c p\u0119dzlem z mi\u0119kkim w\u0142osem.<\/div>\n<div>U mnie na pr\u00f3bce wysz\u0142o, \u017ce 1 warstwa z p\u0119dzla = 2 warstwy aerografem.<\/div>\n<div><\/div>\n<div>Mycie klosza:<\/div>\n<div>Klosz myjemy w gor\u0105cej wodzie, a nast\u0119pnie p\u0142ynem do mycia szyb.<\/div>\n<div>Wa\u017cne aby wewn\u0119trzn\u0105 cz\u0119\u015b\u0107 klosza &#8222;wypolerowa\u0107&#8221; mi\u0119kk\u0105 szmatk\u0105 w celu usuni\u0119cia ewentualnych smug.<\/div>\n<div>Warto przy okazji spolerowa\u0107 past\u0105 polersk\u0105 zewn\u0119trzn\u0105 cz\u0119\u015b\u0107 klosza.<\/div>\n<div><\/div>\n<div>Sk\u0142adanie:<\/div>\n<div>Zak\u0142adamy z powrotem wyj\u0119ty wcze\u015bniej element na odb\u0142y\u015bnik.\u00a0U mnie w lampie ta cz\u0119\u015b\u0107 by\u0142a zamontowana tak, \u017ce otw\u00f3r (ten z boku) jest lewej strony lampy patrz\u0105c od przodu.<\/div>\n<div><\/div>\n<div>Klejenie:<\/div>\n<div>\n<p>Potrzebny nam b\u0119dzie silikon, nie polecam kleju do szyb, poniewa\u017c nie umo\u017cliwi nam ponownego rozklejenia lampy.<\/p>\n<div>Silikon w ma\u0142ej ilo\u015bci dajemy w miejsca zaznaczone \u017c\u00f3\u0142tymi kropkami:<\/div>\n<\/div>\n[\/vc_column_text][vc_row_inner row_type=&#8221;row&#8221; type=&#8221;full_width&#8221; use_row_as_full_screen_section_slide=&#8221;no&#8221; text_align=&#8221;left&#8221; css_animation=&#8221;&#8221;][vc_column_inner][vc_empty_space][vc_single_image image=&#8221;22436&#8243; qode_css_animation=&#8221;&#8221;][vc_empty_space][\/vc_column_inner][\/vc_row_inner][\/vc_column][\/vc_row][vc_row row_type=&#8221;row&#8221; use_row_as_full_screen_section=&#8221;no&#8221; type=&#8221;full_width&#8221; text_align=&#8221;left&#8221; css_animation=&#8221;&#8221;][vc_column][vc_column_text]\n<div>Nast\u0119pnie k\u0142adziemy klosz na odb\u0142y\u015bnik.<\/div>\n[\/vc_column_text][vc_row_inner row_type=&#8221;row&#8221; type=&#8221;full_width&#8221; use_row_as_full_screen_section_slide=&#8221;no&#8221; text_align=&#8221;left&#8221; css_animation=&#8221;&#8221;][vc_column_inner][vc_empty_space][vc_single_image image=&#8221;22437&#8243; qode_css_animation=&#8221;&#8221;][vc_empty_space][\/vc_column_inner][\/vc_row_inner][\/vc_column][\/vc_row][vc_row row_type=&#8221;row&#8221; use_row_as_full_screen_section=&#8221;no&#8221; type=&#8221;full_width&#8221; text_align=&#8221;left&#8221; css_animation=&#8221;&#8221;][vc_column][vc_column_text]Nale\u017cy pami\u0119ta\u0107, \u017ce klosz musi by\u0107 zamontowany tak jak by\u0142 poprzednio, tzn. patrz\u0105c wed\u0142ug oznacze\u0144 na kloszu, otw\u00f3r na \u017car\u00f3wk\u0119 od pozycji wychodzi z do\u0142u odb\u0142y\u015bnika.<\/p>\n<p>&nbsp;<\/p>\n<p>Gdy klosz mamy ju\u017c na miejscu, uzupe\u0142niamy silikonem ca\u0142\u0105 powierzchni\u0119 mi\u0119dzy kloszem a obudow\u0105 tak jak to by\u0142o oryginalnie.<\/p>\n<p>&nbsp;<\/p>\n<p>Efekt:[\/vc_column_text][vc_row_inner row_type=&#8221;row&#8221; type=&#8221;full_width&#8221; use_row_as_full_screen_section_slide=&#8221;no&#8221; text_align=&#8221;left&#8221; css_animation=&#8221;&#8221;][vc_column_inner width=&#8221;1\/2&#8243;][vc_empty_space][vc_single_image image=&#8221;22438&#8243; qode_css_animation=&#8221;&#8221;][vc_empty_space][\/vc_column_inner][vc_column_inner width=&#8221;1\/2&#8243;][vc_empty_space][vc_single_image image=&#8221;22439&#8243; qode_css_animation=&#8221;&#8221;][vc_empty_space][\/vc_column_inner][\/vc_row_inner][vc_column_text]<a href=\"http:\/\/forum.rezerwa126p.pl\/profile.php?mode=viewprofile&amp;u=951\">ATi95<\/a>[\/vc_column_text][\/vc_column][\/vc_row]\n","protected":false},"excerpt":{"rendered":"<p>[vc_row row_type=&#8221;row&#8221; use_row_as_full_screen_section=&#8221;no&#8221; type=&#8221;full_width&#8221; text_align=&#8221;left&#8221; css_animation=&#8221;&#8221;][vc_column][vc_column_text]Lampy malowa\u0142em farb\u0105 do szk\u0142a Vitrail 199 Yellow za pomoc\u0105 aerografu, daje cienk\u0105 i r\u00f3wn\u0105 warstw\u0119 farby. &nbsp; Czas: oko\u0142o p\u00f3\u0142torej godziny na klosz. &nbsp; Potrzebne materia\u0142y i narz\u0119dzia: N\u00f3\u017c z \u0142amanym ostrzem, Cienki \u015brubokr\u0119t p\u0142aski, b\u0105d\u017a ma\u0142e d\u0142utko, Farba&#8230;<\/p>\n","protected":false},"author":2,"featured_media":0,"parent":21708,"menu_order":0,"comment_status":"closed","ping_status":"closed","template":"","meta":{"advanced_seo_description":"","spay_email":""},"jetpack_sharing_enabled":true,"jetpack_shortlink":"https:\/\/wp.me\/P9KryZ-5PL","jetpack_likes_enabled":true,"jetpack-related-posts":[{"id":22690,"url":"http:\/\/rezerwa126p.pl\/?page_id=22690","url_meta":{"origin":22429,"position":0},"title":"Wyposa\u017cenie w zale\u017cno\u015bci od pakietu","date":"5 listopada 2017","format":false,"excerpt":"[vc_row row_type=\"row\" use_row_as_full_screen_section=\"no\" type=\"full_width\" text_align=\"left\" css_animation=\"\"][vc_column][vc_column_text]Fiat 126 EL sprzedawany by\u0142 w trzech wersjach wyposa\u017cenia: \u00a0 I pakiet podstawowy brak dmuchawy brak tylnej szyby ogrzewanej brak prawego lusterka brak bocznych tylnych szyb uchylnych tapicerka skajowa \u00a0 II pakiet dmuchawa szyba tylna ogrzewana tapicerka skajowa brak tylnych bocznych szyb uchylnych III pakiet\u2026","rel":"","context":"Similar post","img":{"alt_text":"","src":"","width":0,"height":0},"classes":[]},{"id":22800,"url":"http:\/\/rezerwa126p.pl\/?page_id=22800","url_meta":{"origin":22429,"position":1},"title":"Fiat 126p NP","date":"6 listopada 2017","format":false,"excerpt":"[vc_row row_type=\"row\" use_row_as_full_screen_section=\"no\" type=\"full_width\" text_align=\"left\" css_animation=\"\"][vc_column][vc_column_text]Po tym jak Fiat 126p zdominowa\u0142 polski rynek, FSM chcia\u0142 stworzy\u0107 wi\u0119cej pojazd\u00f3w opartych na tym modelu. Najwi\u0119ksz\u0105 przeszkod\u0105 w dalszym rozwijaniu samochodu by\u0142 umieszczony z ty\u0142u silnik, w zwi\u0105zku z czym zbudowano prototyp z silnikiem umieszczonym z przodu \u2013 Fiat 126p NP (Nap\u0119d Przedni).\u2026","rel":"","context":"Similar post","img":{"alt_text":"","src":"","width":0,"height":0},"classes":[]},{"id":22748,"url":"http:\/\/rezerwa126p.pl\/?page_id=22748","url_meta":{"origin":22429,"position":2},"title":"Red, Brown, Silver, Black","date":"5 listopada 2017","format":false,"excerpt":"[vc_row row_type=\"row\" use_row_as_full_screen_section=\"no\" type=\"full_width\" text_align=\"left\" css_animation=\"\"][vc_column][vc_column_text]Wszyscy zapewne znamy Polskiego Fiata 126p, lecz niewiele os\u00f3b wie, \u017ce powsta\u0142y wersje limitowane, dzi\u015b ju\u017c unikatowe, tych\u017ce Fiacik\u00f3w. Jak wiemy, kolebk\u0105 maluszka s\u0105 W\u0142ochy -\u00a0 tam w\u0142a\u015bnie powsta\u0142y wersje: \u201eBlack \u201e i \u201eSilver\u201d. W Polsce produkowano wersje: \u201eRed\u201d i \u201eBrown\u201d. Wersje produkowane w Polsce\u2026","rel":"","context":"Similar post","img":{"alt_text":"","src":"","width":0,"height":0},"classes":[]},{"id":22783,"url":"http:\/\/rezerwa126p.pl\/?page_id=22783","url_meta":{"origin":22429,"position":3},"title":"Bambino 650","date":"5 listopada 2017","format":false,"excerpt":"[vc_row row_type=\"row\" use_row_as_full_screen_section=\"no\" type=\"full_width\" text_align=\"left\" css_animation=\"\"][vc_column][vc_column_text]Fiat 126 Bambino 650\u00a0- produkowany w latach 1980 - 1984, by\u0142a to wersja eksportowa g\u0142\u00f3wnie na rynek zachodni (Niemcy). Posiada\u0142 on silnik o mocy 26KM. Wyposa\u017cony by\u0142 w bia\u0142e kierunkowskazy i wypuk\u0142e, kwadratowe tylne lampy ze \u015bwiat\u0142em cofania. Fotele by\u0142y pokryte materia\u0142em.[\/vc_column_text][vc_empty_space][vc_row_inner row_type=\"row\" type=\"full_width\" use_row_as_full_screen_section_slide=\"no\"\u2026","rel":"","context":"Similar post","img":{"alt_text":"","src":"","width":0,"height":0},"classes":[]},{"id":22442,"url":"http:\/\/rezerwa126p.pl\/?page_id=22442","url_meta":{"origin":22429,"position":4},"title":"Skracanie os\u0142on popychaczy","date":"4 listopada 2017","format":false,"excerpt":"[vc_row row_type=\"row\" use_row_as_full_screen_section=\"no\" type=\"full_width\" text_align=\"left\" css_animation=\"\"][vc_column][vc_column_text]Przy planowaniu g\u0142owicy powy\u017cej 3 mm niezb\u0119dne staje si\u0119 skr\u00f3cenie os\u0142on popychaczy. Zastosowanie standardowych mo\u017ce skutkowa\u0107 szybszym p\u0119kaniem uszczelek, a co za tym idzie wyciekami oleju. Dodatkowo mo\u017ce by\u0107 problem z w\u0142a\u015bciwym i szczelnym dokr\u0119ceniem g\u0142owicy. \u00a0 Mo\u017cna oczywi\u015bcie skr\u00f3cone os\u0142ony zakupi\u0107.\u00a0 Mo\u017cna wykona\u0107 samemu.\u2026","rel":"","context":"Similar post","img":{"alt_text":"","src":"","width":0,"height":0},"classes":[]},{"id":22590,"url":"http:\/\/rezerwa126p.pl\/?page_id=22590","url_meta":{"origin":22429,"position":5},"title":"ST","date":"4 listopada 2017","format":false,"excerpt":"Pierwowz\u00f3r, najbardziej klasyczna wersja Malucha. Pozbawiony wszelkich ulepsze\u0144 spotykanych w p\u00f3\u017aniejszych modelach. Charakterystyczn\u0105 cech\u0105 typow\u0105 dla odmiany ST, s\u0105 ko\u0142a o szerokim rozstawie \u015brub (4x190), tak zwane Cytrynki. Oraz wiadomo, zderzaki chromowane. ST produkowany by\u0142 w dw\u00f3ch generacjach - I seria (1973 - 07.1977), oraz II seria (07.1977 - 12.1984)\u2026","rel":"","context":"Similar post","img":{"alt_text":"","src":"https:\/\/i0.wp.com\/rezerwa126p.pl\/web\/wp-content\/uploads\/2021\/12\/020-300x209.jpeg?resize=350%2C200","width":350,"height":200},"classes":[]}],"_links":{"self":[{"href":"http:\/\/rezerwa126p.pl\/index.php?rest_route=\/wp\/v2\/pages\/22429"}],"collection":[{"href":"http:\/\/rezerwa126p.pl\/index.php?rest_route=\/wp\/v2\/pages"}],"about":[{"href":"http:\/\/rezerwa126p.pl\/index.php?rest_route=\/wp\/v2\/types\/page"}],"author":[{"embeddable":true,"href":"http:\/\/rezerwa126p.pl\/index.php?rest_route=\/wp\/v2\/users\/2"}],"replies":[{"embeddable":true,"href":"http:\/\/rezerwa126p.pl\/index.php?rest_route=%2Fwp%2Fv2%2Fcomments&post=22429"}],"version-history":[{"count":1,"href":"http:\/\/rezerwa126p.pl\/index.php?rest_route=\/wp\/v2\/pages\/22429\/revisions"}],"predecessor-version":[{"id":22440,"href":"http:\/\/rezerwa126p.pl\/index.php?rest_route=\/wp\/v2\/pages\/22429\/revisions\/22440"}],"up":[{"embeddable":true,"href":"http:\/\/rezerwa126p.pl\/index.php?rest_route=\/wp\/v2\/pages\/21708"}],"wp:attachment":[{"href":"http:\/\/rezerwa126p.pl\/index.php?rest_route=%2Fwp%2Fv2%2Fmedia&parent=22429"}],"curies":[{"name":"wp","href":"https:\/\/api.w.org\/{rel}","templated":true}]}}