{"id":22418,"date":"2017-11-04T20:00:15","date_gmt":"2017-11-04T19:00:15","guid":{"rendered":"http:\/\/rezerwa126p.pl\/web\/?page_id=22418"},"modified":"2021-10-25T22:09:40","modified_gmt":"2021-10-25T20:09:40","slug":"skracanie-popychaczy","status":"publish","type":"page","link":"http:\/\/rezerwa126p.pl\/?page_id=22418","title":{"rendered":"Skracanie popychaczy"},"content":{"rendered":"[vc_row row_type=&#8221;row&#8221; use_row_as_full_screen_section=&#8221;no&#8221; type=&#8221;full_width&#8221; text_align=&#8221;left&#8221; css_animation=&#8221;&#8221;][vc_column][vc_column_text]Ci\u0105g dalszy domowego sposobu na skracanie. Tym razem do obr\u00f3bki posz\u0142y popychacze. Je\u015bli splanowali\u015bmy g\u0142owic\u0119, zaopatrzyli\u015bmy si\u0119 w skracane os\u0142ony popychaczy warto jeszcze pomy\u015ble\u0107 nad skr\u00f3ceniem samych popychaczy. Pozwoli nam to na mi\u0119dzy innymi na zwi\u0119kszenie mo\u017cliwo\u015bci regulacji luzu zaworowego. Oczywi\u015bcie nie bez znaczenia jest r\u00f3wnie\u017c jak to w \u2018\u2019tjuningu\u2019\u2019 odchudzenie popychacza o kilka (kilo)gram\u00f3w zb\u0119dnego materia\u0142u.<\/p>\n<p>&nbsp;<\/p>\n<p><span style=\"text-decoration: underline;\">Potrzebne b\u0119d\u0105:<\/span><\/p>\n<ul>\n<li>porz\u0105dny m\u0142otek<\/li>\n<li>pi\u0142ka do metalu<\/li>\n<li>pilniczki iglaczki<\/li>\n<li>suwmiarka<\/li>\n<\/ul>\n<p>Mocujemy czysty popychacz w imadle tak aby go nie uszkodzi\u0107 (mo\u017cna przez szmat\u0119), jednak w taki spos\u00f3b aby si\u0119 nie przemieszcza\u0142. Nast\u0119pnie pi\u0142ujemy dooko\u0142a utwardzonego gniazdka. Pi\u0142ujemy do momentu a\u017c odejmuj\u0105c materia\u0142u z jakiego jest zrobiona rurka (jaki\u015b stop aluminium) dotrzemy do trzpienia mocuj\u0105cego gniazdko, kt\u00f3ry jest utwardzony.[\/vc_column_text][vc_row_inner row_type=&#8221;row&#8221; type=&#8221;full_width&#8221; use_row_as_full_screen_section_slide=&#8221;no&#8221; text_align=&#8221;left&#8221; css_animation=&#8221;&#8221;][vc_column_inner][vc_single_image image=&#8221;22419&#8243; img_size=&#8221;400&#215;300&#8243; add_caption=&#8221;yes&#8221; alignment=&#8221;center&#8221; onclick=&#8221;link_image&#8221; qode_css_animation=&#8221;&#8221;][vc_empty_space][\/vc_column_inner][\/vc_row_inner][\/vc_column][\/vc_row][vc_row row_type=&#8221;row&#8221; use_row_as_full_screen_section=&#8221;no&#8221; type=&#8221;full_width&#8221; text_align=&#8221;left&#8221; css_animation=&#8221;&#8221;][vc_column][vc_column_text]Nast\u0119pnie czynno\u015b\u0107 powtarzamy pilniczkiem wyr\u00f3wnuj\u0105c i usuwaj\u0105c materia\u0142 o tyle o ile chcemy skr\u00f3ci\u0107 popychacz. T\u0105 czynno\u015b\u0107 nale\u017cy wykona\u0107 ostro\u017cnie, gdy\u017c powierzchnia styku rurki i gniazdka musi by\u0107 r\u00f3wna. Dzi\u0119ki temu, \u017ce najpierw zrobili\u015bmy naci\u0119cie pi\u0142\u0105, teraz b\u0119dzie \u0142atwiej pracowa\u0107 pilniczkiem.[\/vc_column_text][vc_row_inner row_type=&#8221;row&#8221; type=&#8221;full_width&#8221; use_row_as_full_screen_section_slide=&#8221;no&#8221; text_align=&#8221;left&#8221; css_animation=&#8221;&#8221;][vc_column_inner][vc_single_image image=&#8221;22420&#8243; img_size=&#8221;400&#215;300&#8243; add_caption=&#8221;yes&#8221; alignment=&#8221;center&#8221; onclick=&#8221;link_image&#8221; qode_css_animation=&#8221;&#8221;][vc_empty_space][\/vc_column_inner][\/vc_row_inner][\/vc_column][\/vc_row][vc_row row_type=&#8221;row&#8221; use_row_as_full_screen_section=&#8221;no&#8221; type=&#8221;full_width&#8221; text_align=&#8221;left&#8221; css_animation=&#8221;&#8221;][vc_column][vc_column_text]Efekt pracy powinien by\u0107 nast\u0119puj\u0105cy.[\/vc_column_text][vc_row_inner row_type=&#8221;row&#8221; type=&#8221;full_width&#8221; use_row_as_full_screen_section_slide=&#8221;no&#8221; text_align=&#8221;left&#8221; css_animation=&#8221;&#8221;][vc_column_inner][vc_single_image image=&#8221;22421&#8243; img_size=&#8221;400&#215;300&#8243; add_caption=&#8221;yes&#8221; alignment=&#8221;center&#8221; onclick=&#8221;link_image&#8221; qode_css_animation=&#8221;&#8221;][vc_empty_space][\/vc_column_inner][\/vc_row_inner][\/vc_column][\/vc_row][vc_row row_type=&#8221;row&#8221; use_row_as_full_screen_section=&#8221;no&#8221; type=&#8221;full_width&#8221; text_align=&#8221;left&#8221; css_animation=&#8221;&#8221;][vc_column][vc_column_text]Oczywi\u015bcie musimy kontrolowa\u0107 prac\u0119 za pomoc\u0105 suwmiarki.[\/vc_column_text][vc_row_inner row_type=&#8221;row&#8221; type=&#8221;full_width&#8221; use_row_as_full_screen_section_slide=&#8221;no&#8221; text_align=&#8221;left&#8221; css_animation=&#8221;&#8221;][vc_column_inner][vc_single_image image=&#8221;22422&#8243; img_size=&#8221;400&#215;300&#8243; add_caption=&#8221;yes&#8221; alignment=&#8221;center&#8221; onclick=&#8221;link_image&#8221; qode_css_animation=&#8221;&#8221;][vc_empty_space][\/vc_column_inner][\/vc_row_inner][\/vc_column][\/vc_row][vc_row row_type=&#8221;row&#8221; use_row_as_full_screen_section=&#8221;no&#8221; type=&#8221;full_width&#8221; text_align=&#8221;left&#8221; css_animation=&#8221;&#8221;][vc_column][vc_column_text]Nast\u0119pnie si\u0119gamy za odpowiedni m\u0142oteczek i wbijamy gniazdko g\u0142\u0119biej.[\/vc_column_text][vc_row_inner row_type=&#8221;row&#8221; type=&#8221;full_width&#8221; use_row_as_full_screen_section_slide=&#8221;no&#8221; text_align=&#8221;left&#8221; css_animation=&#8221;&#8221;][vc_column_inner][vc_single_image image=&#8221;22423&#8243; img_size=&#8221;400&#215;300&#8243; add_caption=&#8221;yes&#8221; alignment=&#8221;center&#8221; onclick=&#8221;link_image&#8221; qode_css_animation=&#8221;&#8221;][vc_empty_space][\/vc_column_inner][\/vc_row_inner][\/vc_column][\/vc_row][vc_row row_type=&#8221;row&#8221; use_row_as_full_screen_section=&#8221;no&#8221; type=&#8221;full_width&#8221; text_align=&#8221;left&#8221; css_animation=&#8221;&#8221;][vc_column][vc_column_text]Sprawdzamy czy miejsce styku faktycznie wysz\u0142o prosto i w\u0142a\u015bciwie gotowe.[\/vc_column_text][vc_row_inner row_type=&#8221;row&#8221; type=&#8221;full_width&#8221; use_row_as_full_screen_section_slide=&#8221;no&#8221; text_align=&#8221;left&#8221; css_animation=&#8221;&#8221;][vc_column_inner width=&#8221;1\/2&#8243;][vc_single_image image=&#8221;22424&#8243; img_size=&#8221;400&#215;300&#8243; add_caption=&#8221;yes&#8221; alignment=&#8221;center&#8221; onclick=&#8221;link_image&#8221; qode_css_animation=&#8221;&#8221;][vc_empty_space][vc_single_image image=&#8221;22426&#8243; img_size=&#8221;400&#215;300&#8243; add_caption=&#8221;yes&#8221; alignment=&#8221;center&#8221; onclick=&#8221;link_image&#8221; qode_css_animation=&#8221;&#8221;][vc_empty_space][\/vc_column_inner][vc_column_inner width=&#8221;1\/2&#8243;][vc_single_image image=&#8221;22425&#8243; img_size=&#8221;400&#215;300&#8243; add_caption=&#8221;yes&#8221; alignment=&#8221;center&#8221; onclick=&#8221;link_image&#8221; qode_css_animation=&#8221;&#8221;][vc_empty_space][\/vc_column_inner][\/vc_row_inner][\/vc_column][\/vc_row][vc_row row_type=&#8221;row&#8221; use_row_as_full_screen_section=&#8221;no&#8221; type=&#8221;full_width&#8221; text_align=&#8221;left&#8221; css_animation=&#8221;&#8221;][vc_column][vc_column_text]Na zako\u0144czenie dodam \u017ce nie polecam wyd\u0142ubywania gniazdek z rurki popychacza. W moim przypadku za ka\u017cdym razem gdy pr\u00f3bowa\u0142em dochodzi\u0142o do u\u0142amania gniazdka.[\/vc_column_text][vc_row_inner row_type=&#8221;row&#8221; type=&#8221;full_width&#8221; use_row_as_full_screen_section_slide=&#8221;no&#8221; text_align=&#8221;left&#8221; css_animation=&#8221;&#8221;][vc_column_inner][vc_single_image image=&#8221;22427&#8243; img_size=&#8221;400&#215;300&#8243; add_caption=&#8221;yes&#8221; alignment=&#8221;center&#8221; onclick=&#8221;link_image&#8221; qode_css_animation=&#8221;&#8221;][vc_empty_space][\/vc_column_inner][\/vc_row_inner][vc_column_text]Powi\u0105zany artyku\u0142: Skracanie os\u0142on popychaczy<\/p>\n<p>&nbsp;<\/p>\n<p><a href=\"http:\/\/forum.rezerwa126p.pl\/profile.php?mode=viewprofile&amp;u=501\">Fleczer<\/a>[\/vc_column_text][\/vc_column][\/vc_row]\n","protected":false},"excerpt":{"rendered":"<p>[vc_row row_type=&#8221;row&#8221; use_row_as_full_screen_section=&#8221;no&#8221; type=&#8221;full_width&#8221; text_align=&#8221;left&#8221; css_animation=&#8221;&#8221;][vc_column][vc_column_text]Ci\u0105g dalszy domowego sposobu na skracanie. Tym razem do obr\u00f3bki posz\u0142y popychacze. Je\u015bli splanowali\u015bmy g\u0142owic\u0119, zaopatrzyli\u015bmy si\u0119 w skracane os\u0142ony popychaczy warto jeszcze pomy\u015ble\u0107 nad skr\u00f3ceniem samych popychaczy. Pozwoli nam to na mi\u0119dzy innymi na zwi\u0119kszenie mo\u017cliwo\u015bci regulacji luzu zaworowego&#8230;.<\/p>\n","protected":false},"author":2,"featured_media":0,"parent":21708,"menu_order":0,"comment_status":"closed","ping_status":"closed","template":"","meta":{"advanced_seo_description":"","spay_email":""},"jetpack_sharing_enabled":true,"jetpack_shortlink":"https:\/\/wp.me\/P9KryZ-5PA","jetpack_likes_enabled":true,"jetpack-related-posts":[{"id":22474,"url":"http:\/\/rezerwa126p.pl\/?page_id=22474","url_meta":{"origin":22418,"position":0},"title":"Czyszczenie tapicerki skajowej","date":"4 listopada 2017","format":false,"excerpt":"[vc_row row_type=\"row\" use_row_as_full_screen_section=\"no\" type=\"full_width\" text_align=\"left\" css_animation=\"\"][vc_column][vc_column_text]Jaki\u015b czas temu par\u0119 os\u00f3b mia\u0142o dylemat jak wyczy\u015bci\u0107 skajow\u0105 tapicerk\u0119. Postanowi\u0142em wi\u0119c podzieli\u0107 si\u0119 sposobem, w jaki zwykle czyszcz\u0119 moje tapicerki. Na warsztat posz\u0142a be\u017cowa kanapa z oparciem, kt\u00f3r\u0105 przywioz\u0142em od Wolfa jesieni\u0105:[\/vc_column_text][vc_empty_space][vc_row_inner row_type=\"row\" type=\"full_width\" use_row_as_full_screen_section_slide=\"no\" text_align=\"left\" css_animation=\"\"][vc_column_inner][vc_single_image image=\"22475\" img_size=\"400x300\" add_caption=\"yes\" alignment=\"center\" onclick=\"link_image\" qode_css_animation=\"\"][vc_empty_space][\/vc_column_inner][\/vc_row_inner][\/vc_column][\/vc_row][vc_row\u2026","rel":"","context":"Similar post","img":{"alt_text":"","src":"","width":0,"height":0},"classes":[]},{"id":22442,"url":"http:\/\/rezerwa126p.pl\/?page_id=22442","url_meta":{"origin":22418,"position":1},"title":"Skracanie os\u0142on popychaczy","date":"4 listopada 2017","format":false,"excerpt":"[vc_row row_type=\"row\" use_row_as_full_screen_section=\"no\" type=\"full_width\" text_align=\"left\" css_animation=\"\"][vc_column][vc_column_text]Przy planowaniu g\u0142owicy powy\u017cej 3 mm niezb\u0119dne staje si\u0119 skr\u00f3cenie os\u0142on popychaczy. Zastosowanie standardowych mo\u017ce skutkowa\u0107 szybszym p\u0119kaniem uszczelek, a co za tym idzie wyciekami oleju. Dodatkowo mo\u017ce by\u0107 problem z w\u0142a\u015bciwym i szczelnym dokr\u0119ceniem g\u0142owicy. \u00a0 Mo\u017cna oczywi\u015bcie skr\u00f3cone os\u0142ony zakupi\u0107.\u00a0 Mo\u017cna wykona\u0107 samemu.\u2026","rel":"","context":"Similar post","img":{"alt_text":"","src":"","width":0,"height":0},"classes":[]},{"id":21759,"url":"http:\/\/rezerwa126p.pl\/?page_id=21759","url_meta":{"origin":22418,"position":2},"title":"Mycie i regulacja ga\u017anika","date":"1 listopada 2017","format":false,"excerpt":"[vc_row row_type=\"row\" use_row_as_full_screen_section=\"no\" type=\"full_width\" text_align=\"left\" css_animation=\"\"][vc_column][vc_column_text]Kiedy mamy problem z poprawn\u0105 prac\u0105 silnika na wolnych obrotach, przygasaniem, du\u017cym spalaniem, nieprawid\u0142owym wkr\u0119caniem si\u0119 na obroty lub w wyciekami paliwa, powinni\u015bmy wzi\u0105\u0107 si\u0119 za wymycie i regulacj\u0119 ga\u017anika. \u00a0 Do wszystkich operacji b\u0119d\u0105 nam potrzebne: klucze: 8, 13, 17 \u015brubokr\u0119t p\u0142aski (mniejszy i\u2026","rel":"","context":"Similar post","img":{"alt_text":"","src":"","width":0,"height":0},"classes":[]},{"id":22298,"url":"http:\/\/rezerwa126p.pl\/?page_id=22298","url_meta":{"origin":22418,"position":3},"title":"Przer\u00f3bka ogrzewania","date":"4 listopada 2017","format":false,"excerpt":"[vc_row row_type=\"row\" use_row_as_full_screen_section=\"no\" type=\"full_width\" text_align=\"left\" css_animation=\"\"][vc_column][vc_column_text]Regularnie co roku, gdy przychodzi zima, bra\u0107 maluchowska zaczyna marudzi\u0107, \u017ce paruj\u0105 szyby, a we wn\u0119trzu jest zimno, i kombinuje z r\u00f3\u017cnymi wiatraczkami, przer\u00f3bkami, kolankami wodnymi i innymi. Wszystko to jest na dobr\u0105 spraw\u0119 niezbyt skuteczne,i obarczone ograniczeniami. Ja tutaj przedstawi\u0119 najskuteczniejszy patent na przer\u00f3bk\u0119\u2026","rel":"","context":"Similar post","img":{"alt_text":"","src":"","width":0,"height":0},"classes":[]},{"id":22196,"url":"http:\/\/rezerwa126p.pl\/?page_id=22196","url_meta":{"origin":22418,"position":4},"title":"Ocena stanu akumulatora","date":"4 listopada 2017","format":false,"excerpt":"[vc_row row_type=\"row\" use_row_as_full_screen_section=\"no\" type=\"full_width\" text_align=\"left\" css_animation=\"\"][vc_column][vc_column_text]W tym odcinku zajmiemy si\u0119 profesjonaln\u0105 ocen\u0105 stanu akumulatora samochodowego, je\u015bli takowy posiada dost\u0119p do poszczeg\u00f3lnych cel, lub w przypadku nowych, bezobs\u0142ugowych posiada chocia\u017c magiczne oczko daj\u0105ce dost\u0119p do przynajmniej jednej z cel. Do sprawdzenia naszego akumulatora potrzebowa\u0107 b\u0119dziemy miernika uniwersalnego, areometru do mierzenia g\u0119sto\u015bci,\u2026","rel":"","context":"Similar post","img":{"alt_text":"","src":"","width":0,"height":0},"classes":[]},{"id":22429,"url":"http:\/\/rezerwa126p.pl\/?page_id=22429","url_meta":{"origin":22418,"position":5},"title":"\u017b\u00f3\u0142te reflektory &#8211; malowanie odb\u0142y\u015bnika lampy","date":"4 listopada 2017","format":false,"excerpt":"[vc_row row_type=\"row\" use_row_as_full_screen_section=\"no\" type=\"full_width\" text_align=\"left\" css_animation=\"\"][vc_column][vc_column_text]Lampy malowa\u0142em farb\u0105 do szk\u0142a Vitrail 199 Yellow za pomoc\u0105 aerografu, daje cienk\u0105 i r\u00f3wn\u0105 warstw\u0119 farby. \u00a0 Czas: oko\u0142o p\u00f3\u0142torej godziny na klosz. \u00a0 Potrzebne materia\u0142y i narz\u0119dzia: N\u00f3\u017c z \u0142amanym ostrzem, Cienki \u015brubokr\u0119t p\u0142aski, b\u0105d\u017a ma\u0142e d\u0142utko, Farba transparentna do szk\u0142a np. Vitrail,\u2026","rel":"","context":"Similar post","img":{"alt_text":"","src":"","width":0,"height":0},"classes":[]}],"_links":{"self":[{"href":"http:\/\/rezerwa126p.pl\/index.php?rest_route=\/wp\/v2\/pages\/22418"}],"collection":[{"href":"http:\/\/rezerwa126p.pl\/index.php?rest_route=\/wp\/v2\/pages"}],"about":[{"href":"http:\/\/rezerwa126p.pl\/index.php?rest_route=\/wp\/v2\/types\/page"}],"author":[{"embeddable":true,"href":"http:\/\/rezerwa126p.pl\/index.php?rest_route=\/wp\/v2\/users\/2"}],"replies":[{"embeddable":true,"href":"http:\/\/rezerwa126p.pl\/index.php?rest_route=%2Fwp%2Fv2%2Fcomments&post=22418"}],"version-history":[{"count":1,"href":"http:\/\/rezerwa126p.pl\/index.php?rest_route=\/wp\/v2\/pages\/22418\/revisions"}],"predecessor-version":[{"id":22428,"href":"http:\/\/rezerwa126p.pl\/index.php?rest_route=\/wp\/v2\/pages\/22418\/revisions\/22428"}],"up":[{"embeddable":true,"href":"http:\/\/rezerwa126p.pl\/index.php?rest_route=\/wp\/v2\/pages\/21708"}],"wp:attachment":[{"href":"http:\/\/rezerwa126p.pl\/index.php?rest_route=%2Fwp%2Fv2%2Fmedia&parent=22418"}],"curies":[{"name":"wp","href":"https:\/\/api.w.org\/{rel}","templated":true}]}}