{"id":22179,"date":"2017-11-03T21:36:46","date_gmt":"2017-11-03T20:36:46","guid":{"rendered":"http:\/\/rezerwa126p.pl\/web\/?page_id=22179"},"modified":"2021-10-25T22:09:41","modified_gmt":"2021-10-25T20:09:41","slug":"schemat-instalacji-fiat-126-st","status":"publish","type":"page","link":"http:\/\/rezerwa126p.pl\/?page_id=22179","title":{"rendered":"Schemat instalacji Fiat 126 ST"},"content":{"rendered":"[vc_row row_type=&#8221;row&#8221; use_row_as_full_screen_section=&#8221;no&#8221; type=&#8221;full_width&#8221; text_align=&#8221;left&#8221; css_animation=&#8221;&#8221;][vc_column][vc_column_text]\n<p><a href=\"wp-content\/uploads\/2017\/11\/schemat_st.JPG\">Schemat<\/a><\/p>\n<p><a href=\"images\/stories\/articles\/schematy\/schemat_st_opis.JPG\">Opis schematu<\/a><\/p>\n[\/vc_column_text][\/vc_column][\/vc_row]\n","protected":false},"excerpt":{"rendered":"<p>[vc_row row_type=&#8221;row&#8221; use_row_as_full_screen_section=&#8221;no&#8221; type=&#8221;full_width&#8221; text_align=&#8221;left&#8221; css_animation=&#8221;&#8221;][vc_column][vc_column_text] Schemat Opis schematu [\/vc_column_text][\/vc_column][\/vc_row]<\/p>\n","protected":false},"author":2,"featured_media":0,"parent":21704,"menu_order":0,"comment_status":"closed","ping_status":"closed","template":"","meta":{"advanced_seo_description":"","spay_email":""},"jetpack_sharing_enabled":true,"jetpack_shortlink":"https:\/\/wp.me\/P9KryZ-5LJ","jetpack_likes_enabled":true,"jetpack-related-posts":[{"id":22293,"url":"http:\/\/rezerwa126p.pl\/?page_id=22293","url_meta":{"origin":22179,"position":0},"title":"Schemat instalacji Fiat 126 elx","date":"4 listopada 2017","format":false,"excerpt":"[vc_row row_type=\"row\" use_row_as_full_screen_section=\"no\" type=\"full_width\" text_align=\"left\" css_animation=\"\"][vc_column][vc_column_text]Pobierz schemat - Fiat 126 elx [\/vc_column_text][\/vc_column][\/vc_row]","rel":"","context":"Similar post","img":{"alt_text":"","src":"","width":0,"height":0},"classes":[]},{"id":22296,"url":"http:\/\/rezerwa126p.pl\/?page_id=22296","url_meta":{"origin":22179,"position":1},"title":"Schemat instalacji Fiat 126 el","date":"4 listopada 2017","format":false,"excerpt":"[vc_row row_type=\"row\" use_row_as_full_screen_section=\"no\" type=\"full_width\" text_align=\"left\" css_animation=\"\"][vc_column][vc_column_text]Pobierz schemat - Fiat 126 el[\/vc_column_text][\/vc_column][\/vc_row]","rel":"","context":"Similar post","img":{"alt_text":"","src":"","width":0,"height":0},"classes":[]},{"id":22315,"url":"http:\/\/rezerwa126p.pl\/?page_id=22315","url_meta":{"origin":22179,"position":2},"title":"Schemat instalacji Fiat 126p FL","date":"4 listopada 2017","format":false,"excerpt":"[vc_row row_type=\"row\" use_row_as_full_screen_section=\"no\" type=\"full_width\" text_align=\"left\" css_animation=\"\"][vc_column][vc_column_text]Pobierz schemat - Fiat 126p FL[\/vc_column_text][\/vc_column][\/vc_row]","rel":"","context":"Similar post","img":{"alt_text":"","src":"","width":0,"height":0},"classes":[]},{"id":22317,"url":"http:\/\/rezerwa126p.pl\/?page_id=22317","url_meta":{"origin":22179,"position":3},"title":"Schemat bezpiecznik\u00f3w Fiat 126p FL","date":"4 listopada 2017","format":false,"excerpt":"[vc_row row_type=\"row\" use_row_as_full_screen_section=\"no\" type=\"full_width\" text_align=\"left\" css_animation=\"\"][vc_column][vc_single_image image=\"22318\" img_size=\"1000x900\" alignment=\"center\" onclick=\"img_link_large\" qode_css_animation=\"\"][\/vc_column][\/vc_row]","rel":"","context":"Similar post","img":{"alt_text":"","src":"","width":0,"height":0},"classes":[]},{"id":22255,"url":"http:\/\/rezerwa126p.pl\/?page_id=22255","url_meta":{"origin":22179,"position":4},"title":"Budowa bagnetu ze wska\u017anikiem temperatury","date":"4 listopada 2017","format":false,"excerpt":"[vc_row row_type=\"row\" use_row_as_full_screen_section=\"no\" type=\"full_width\" text_align=\"left\" css_animation=\"\"][vc_column][vc_column_text]Witam. \u00a0 My\u015bl\u0119, \u017ce wielu z was spotka\u0142o si\u0119 z aukcjami na allegro, gdzie za przyzwoite pieni\u0105dze mo\u017cna zakupi\u0107 wska\u017anik temperatury oleju\/napi\u0119cia \u0142adowania akumulatora mera-lumel.[\/vc_column_text][vc_row_inner row_type=\"row\" type=\"full_width\" use_row_as_full_screen_section_slide=\"no\" text_align=\"left\" css_animation=\"\"][vc_column_inner][vc_single_image image=\"22271\" img_size=\"400x300\" add_caption=\"yes\" alignment=\"center\" onclick=\"link_image\" qode_css_animation=\"\"][vc_empty_space][\/vc_column_inner][\/vc_row_inner][\/vc_column][\/vc_row][vc_row row_type=\"row\" use_row_as_full_screen_section=\"no\" type=\"full_width\" text_align=\"left\" css_animation=\"\"][vc_column][vc_column_text]Najcz\u0119\u015bciej bardzo istotny element mierniczy\u2026","rel":"","context":"Similar post","img":{"alt_text":"","src":"","width":0,"height":0},"classes":[]},{"id":22962,"url":"http:\/\/rezerwa126p.pl\/?page_id=22962","url_meta":{"origin":22179,"position":5},"title":"Literatura","date":"22 listopada 2017","format":false,"excerpt":"[vc_row row_type=\"row\" use_row_as_full_screen_section=\"no\" type=\"full_width\" text_align=\"left\" css_animation=\"\"][vc_column][vc_column_text]W obliczu wielu ksi\u0105\u017cek, jakie wydano na przestrzeni lat, a s\u0105 w r\u00f3\u017cny spos\u00f3b po\u015bwi\u0119cone Fiatowi 126p, pozwolili\u015bmy sobie na sporz\u0105dzenie ma\u0142ego wykazu. W wiele z ni\u017cej wymienionych pozycji z powodzeniem mo\u017cemy zaopatrzy\u0107 si\u0119 na rynku wt\u00f3rnym. Znalezienie na p\u00f3\u0142kach nowych egzemplarzy jest niestety nierealne.\u2026","rel":"","context":"Similar post","img":{"alt_text":"","src":"","width":0,"height":0},"classes":[]}],"_links":{"self":[{"href":"http:\/\/rezerwa126p.pl\/index.php?rest_route=\/wp\/v2\/pages\/22179"}],"collection":[{"href":"http:\/\/rezerwa126p.pl\/index.php?rest_route=\/wp\/v2\/pages"}],"about":[{"href":"http:\/\/rezerwa126p.pl\/index.php?rest_route=\/wp\/v2\/types\/page"}],"author":[{"embeddable":true,"href":"http:\/\/rezerwa126p.pl\/index.php?rest_route=\/wp\/v2\/users\/2"}],"replies":[{"embeddable":true,"href":"http:\/\/rezerwa126p.pl\/index.php?rest_route=%2Fwp%2Fv2%2Fcomments&post=22179"}],"version-history":[{"count":3,"href":"http:\/\/rezerwa126p.pl\/index.php?rest_route=\/wp\/v2\/pages\/22179\/revisions"}],"predecessor-version":[{"id":22183,"href":"http:\/\/rezerwa126p.pl\/index.php?rest_route=\/wp\/v2\/pages\/22179\/revisions\/22183"}],"up":[{"embeddable":true,"href":"http:\/\/rezerwa126p.pl\/index.php?rest_route=\/wp\/v2\/pages\/21704"}],"wp:attachment":[{"href":"http:\/\/rezerwa126p.pl\/index.php?rest_route=%2Fwp%2Fv2%2Fmedia&parent=22179"}],"curies":[{"name":"wp","href":"https:\/\/api.w.org\/{rel}","templated":true}]}}