{"id":22167,"date":"2017-11-03T21:28:19","date_gmt":"2017-11-03T20:28:19","guid":{"rendered":"http:\/\/rezerwa126p.pl\/web\/?page_id=22167"},"modified":"2021-10-25T22:09:40","modified_gmt":"2021-10-25T20:09:40","slug":"diodowe-podswietlenie-licznika","status":"publish","type":"page","link":"http:\/\/rezerwa126p.pl\/?page_id=22167","title":{"rendered":"Diodowe pod\u015bwietlenie licznika"},"content":{"rendered":"[vc_row row_type=&#8221;row&#8221; use_row_as_full_screen_section=&#8221;no&#8221; type=&#8221;full_width&#8221; text_align=&#8221;left&#8221; css_animation=&#8221;&#8221;][vc_column][vc_column_text]Jako\u015b\u0107 pod\u015bwietlenia licznika w Ma\u0142ym Fiacie powszechnie uwa\u017cana jest za niewystarczaj\u0105c\u0105. \u017bar\u00f3wki pod\u015bwietlenia rozmieszczone s\u0105<br \/>\nw spos\u00f3b ma\u0142o efektywny, co powoduje nier\u00f3wnomierne pod\u015bwietlanie wska\u017anik\u00f3w. Na przyk\u0142adzie licznika pochodz\u0105cego z Cinquecento Sporting zamontowanego w moim Maluchu poka\u017c\u0119 jak w prosty i szybki spos\u00f3b w znacz\u0105cy spos\u00f3b poprawi\u0107 komfort jazdy dzi\u0119ki zastosowaniu di\u00f3d LED jako r\u00f3wnomierne o\u015bwietlenie licznika. Monta\u017c diod w zwyk\u0142ym FL-owym liczniku czy kapliczce jest jeszcze prostszy i mo\u017ce go wykona\u0107 ka\u017cdy posiadaj\u0105cy minimalne zdolno\u015bci manualne.<\/p>\n<p>&nbsp;<\/p>\n<p><span style=\"text-decoration: underline;\">Potrzebne narz\u0119dzia:<\/span><\/p>\n<ul>\n<li>\u015brubokr\u0119ty, p\u0142aski i krzy\u017cak<\/li>\n<li>lutownica z akcesoriami<\/li>\n<li>dwa cienkie przewody o d\u0142ugo\u015bci ok. 10cm<\/li>\n<li>ta\u015bma LED 12v o d\u0142ugo\u015bci od 30cm (kapliczka) do 60cm (du\u017cy licznik) &#8211; najlepiej mocna o bia\u0142ej barwie<\/li>\n<li>p\u0142askoszczypce, ewentualnie no\u017cyk<\/li>\n<\/ul>\n<p>&nbsp;<\/p>\n<p>Przyst\u0119pujemy do pracy:<\/p>\n<p>Demontujemy licznik z pojazdu (4 \u015bruby), odpinamy kostki prze\u0142\u0105cznik\u00f3w oraz link\u0119 nap\u0119du pr\u0119dko\u015bciomierza. Nast\u0119pnie wypinamy trzy kostki zasilaj\u0105ce licznik (bia\u0142a, czerwona i dolna bia\u0142a). Demontuj\u0105c ca\u0142o\u015b\u0107 mamy dost\u0119p do dw\u00f3ch wkr\u0119t\u00f3w mocuj\u0105cych wk\u0142ad licznika do obudowy (FL\/EL).[\/vc_column_text][vc_row_inner row_type=&#8221;row&#8221; type=&#8221;full_width&#8221; use_row_as_full_screen_section_slide=&#8221;no&#8221; text_align=&#8221;left&#8221; css_animation=&#8221;&#8221;][vc_column_inner][vc_single_image image=&#8221;22175&#8243; img_size=&#8221;400&#215;300&#8243; add_caption=&#8221;yes&#8221; alignment=&#8221;center&#8221; onclick=&#8221;link_image&#8221; qode_css_animation=&#8221;&#8221;][vc_empty_space][\/vc_column_inner][\/vc_row_inner][\/vc_column][\/vc_row][vc_row row_type=&#8221;row&#8221; use_row_as_full_screen_section=&#8221;no&#8221; type=&#8221;full_width&#8221; text_align=&#8221;left&#8221; css_animation=&#8221;&#8221;][vc_column][vc_column_text]Odpinamy delikatnie zatrzaski przedniej szybki i demontujemy j\u0105 wraz z czarnymi elementami wewn\u0105trz. W przypadku zwyk\u0142ego FL-owego licznika usuwamy plastikowe nadlewy z tylnej cz\u0119\u015bci obudowy, kt\u00f3re mocuj\u0105 p\u0142ytk\u0119 drukowan\u0105 do obudowy licznika.[\/vc_column_text][vc_row_inner row_type=&#8221;row&#8221; type=&#8221;full_width&#8221; use_row_as_full_screen_section_slide=&#8221;no&#8221; text_align=&#8221;left&#8221; css_animation=&#8221;&#8221;][vc_column_inner width=&#8221;1\/2&#8243;][vc_single_image image=&#8221;22168&#8243; img_size=&#8221;400&#215;300&#8243; add_caption=&#8221;yes&#8221; alignment=&#8221;center&#8221; onclick=&#8221;link_image&#8221; qode_css_animation=&#8221;&#8221;][vc_empty_space][\/vc_column_inner][vc_column_inner width=&#8221;1\/2&#8243;][vc_single_image image=&#8221;22170&#8243; img_size=&#8221;400&#215;300&#8243; add_caption=&#8221;yes&#8221; alignment=&#8221;center&#8221; onclick=&#8221;link_image&#8221; qode_css_animation=&#8221;&#8221;][vc_empty_space][\/vc_column_inner][\/vc_row_inner][\/vc_column][\/vc_row][vc_row row_type=&#8221;row&#8221; use_row_as_full_screen_section=&#8221;no&#8221; type=&#8221;full_width&#8221; text_align=&#8221;left&#8221; css_animation=&#8221;&#8221;][vc_column][vc_column_text]Mo\u017cemy sobie pom\u00f3c odkr\u0119caj\u0105c pr\u0119dko\u015bciomierz (dwie \u015bruby p\u0142askie).[\/vc_column_text][vc_row_inner row_type=&#8221;row&#8221; type=&#8221;full_width&#8221; use_row_as_full_screen_section_slide=&#8221;no&#8221; text_align=&#8221;left&#8221; css_animation=&#8221;&#8221;][vc_column_inner][vc_single_image image=&#8221;22169&#8243; img_size=&#8221;400&#215;300&#8243; add_caption=&#8221;yes&#8221; alignment=&#8221;center&#8221; onclick=&#8221;link_image&#8221; qode_css_animation=&#8221;&#8221;][vc_empty_space][\/vc_column_inner][\/vc_row_inner][\/vc_column][\/vc_row][vc_row row_type=&#8221;row&#8221; use_row_as_full_screen_section=&#8221;no&#8221; type=&#8221;full_width&#8221; text_align=&#8221;left&#8221; css_animation=&#8221;&#8221;][vc_column][vc_column_text]Maj\u0105c ju\u017c dobry dost\u0119p do wn\u0119trza licznika dopasowujemy odpowiadaj\u0105c\u0105 nam d\u0142ugo\u015b\u0107 ta\u015bmy LED. W zale\u017cno\u015bci od jej u\u0142o\u017cenia uzyskamy odpowiadaj\u0105cy nam efekt. W przypadku mojego licznika ta\u015bm\u0119 u\u0142o\u017cy\u0142em po ca\u0142ym obwodzie obudowy zapewniaj\u0105c r\u00f3wnomierne pod\u015bwietlenie wszystkich dodatkowych wska\u017anik\u00f3w.[\/vc_column_text][vc_row_inner row_type=&#8221;row&#8221; type=&#8221;full_width&#8221; use_row_as_full_screen_section_slide=&#8221;no&#8221; text_align=&#8221;left&#8221; css_animation=&#8221;&#8221;][vc_column_inner][vc_single_image image=&#8221;22171&#8243; img_size=&#8221;400&#215;300&#8243; add_caption=&#8221;yes&#8221; alignment=&#8221;center&#8221; onclick=&#8221;link_image&#8221; qode_css_animation=&#8221;&#8221;][vc_empty_space][\/vc_column_inner][\/vc_row_inner][\/vc_column][\/vc_row][vc_row row_type=&#8221;row&#8221; use_row_as_full_screen_section=&#8221;no&#8221; type=&#8221;full_width&#8221; text_align=&#8221;left&#8221; css_animation=&#8221;&#8221;][vc_column][vc_column_text]Do ko\u0144c\u00f3wki paska LED lutujemy dwa kabelki (+ oraz &#8211; ) i wyprowadzamy je gniazdkiem \u017car\u00f3wki pod\u015bwietlenia do ty\u0142u licznika.[\/vc_column_text][vc_row_inner row_type=&#8221;row&#8221; type=&#8221;full_width&#8221; use_row_as_full_screen_section_slide=&#8221;no&#8221; text_align=&#8221;left&#8221; css_animation=&#8221;&#8221;][vc_column_inner][vc_single_image image=&#8221;22172&#8243; img_size=&#8221;400&#215;300&#8243; add_caption=&#8221;yes&#8221; alignment=&#8221;center&#8221; onclick=&#8221;link_image&#8221; qode_css_animation=&#8221;&#8221;][vc_empty_space][\/vc_column_inner][\/vc_row_inner][\/vc_column][\/vc_row][vc_row row_type=&#8221;row&#8221; use_row_as_full_screen_section=&#8221;no&#8221; type=&#8221;full_width&#8221; text_align=&#8221;left&#8221; css_animation=&#8221;&#8221;][vc_column][vc_column_text]Lutujemy kabelki do \u015bcie\u017cek w liczniku, najlepiej w miejscu gdzie mocowana jest oprawka z \u017car\u00f3wk\u0105. UWAGA! Przed zalutowaniem nale\u017cy upewni\u0107 si\u0119, czy bieguny s\u0105 prawid\u0142owe. W przeciwnym razie ta\u015bma nie b\u0119dzie \u015bwieci\u0107.[\/vc_column_text][vc_row_inner row_type=&#8221;row&#8221; type=&#8221;full_width&#8221; use_row_as_full_screen_section_slide=&#8221;no&#8221; text_align=&#8221;left&#8221; css_animation=&#8221;&#8221;][vc_column_inner width=&#8221;1\/2&#8243;][vc_single_image image=&#8221;22173&#8243; img_size=&#8221;400&#215;300&#8243; add_caption=&#8221;yes&#8221; alignment=&#8221;center&#8221; onclick=&#8221;link_image&#8221; qode_css_animation=&#8221;&#8221;][vc_empty_space][\/vc_column_inner][vc_column_inner width=&#8221;1\/2&#8243;][vc_single_image image=&#8221;22174&#8243; img_size=&#8221;400&#215;300&#8243; add_caption=&#8221;yes&#8221; alignment=&#8221;center&#8221; onclick=&#8221;link_image&#8221; qode_css_animation=&#8221;&#8221;][vc_empty_space][\/vc_column_inner][\/vc_row_inner][\/vc_column][\/vc_row][vc_row row_type=&#8221;row&#8221; use_row_as_full_screen_section=&#8221;no&#8221; type=&#8221;full_width&#8221; text_align=&#8221;left&#8221; css_animation=&#8221;&#8221;][vc_column][vc_column_text]Przed finalnym monta\u017cem dobrze jest wpi\u0105\u0107 si\u0119 do wi\u0105zki samochodowej lub zwyczajnego akumulatora i sprawdzi\u0107, czy pod\u015bwietlenie dzia\u0142a prawid\u0142owo. Je\u015bli tak to mo\u017cemy przyst\u0105pi\u0107 do ponownego sk\u0142adania obud\u00f3w licznika oraz monta\u017cu ca\u0142o\u015bci w samochodzie.<\/p>\n<p>&nbsp;<\/p>\n<p>Por\u00f3wnanie, przed i po monta\u017cu diodowego o\u015bwietlenia.[\/vc_column_text][vc_row_inner row_type=&#8221;row&#8221; type=&#8221;full_width&#8221; use_row_as_full_screen_section_slide=&#8221;no&#8221; text_align=&#8221;left&#8221; css_animation=&#8221;&#8221;][vc_column_inner width=&#8221;1\/2&#8243;][vc_single_image image=&#8221;22177&#8243; img_size=&#8221;400&#215;300&#8243; add_caption=&#8221;yes&#8221; alignment=&#8221;center&#8221; onclick=&#8221;link_image&#8221; qode_css_animation=&#8221;&#8221;][vc_empty_space][\/vc_column_inner][vc_column_inner width=&#8221;1\/2&#8243;][vc_single_image image=&#8221;22174&#8243; img_size=&#8221;400&#215;300&#8243; add_caption=&#8221;yes&#8221; alignment=&#8221;center&#8221; onclick=&#8221;link_image&#8221; qode_css_animation=&#8221;&#8221;][vc_empty_space][\/vc_column_inner][\/vc_row_inner][vc_column_text]<a href=\"http:\/\/forum.rezerwa126p.pl\/profile.php?mode=viewprofile&amp;u=1490\">Anzel<\/a>[\/vc_column_text][\/vc_column][\/vc_row]\n","protected":false},"excerpt":{"rendered":"<p>[vc_row row_type=&#8221;row&#8221; use_row_as_full_screen_section=&#8221;no&#8221; type=&#8221;full_width&#8221; text_align=&#8221;left&#8221; css_animation=&#8221;&#8221;][vc_column][vc_column_text]Jako\u015b\u0107 pod\u015bwietlenia licznika w Ma\u0142ym Fiacie powszechnie uwa\u017cana jest za niewystarczaj\u0105c\u0105. \u017bar\u00f3wki pod\u015bwietlenia rozmieszczone s\u0105 w spos\u00f3b ma\u0142o efektywny, co powoduje nier\u00f3wnomierne pod\u015bwietlanie wska\u017anik\u00f3w. Na przyk\u0142adzie licznika pochodz\u0105cego z Cinquecento Sporting zamontowanego w moim Maluchu poka\u017c\u0119 jak w prosty i&#8230;<\/p>\n","protected":false},"author":2,"featured_media":0,"parent":21704,"menu_order":0,"comment_status":"closed","ping_status":"closed","template":"","meta":{"advanced_seo_description":"","spay_email":""},"jetpack_sharing_enabled":true,"jetpack_shortlink":"https:\/\/wp.me\/P9KryZ-5Lx","jetpack_likes_enabled":true,"jetpack-related-posts":[{"id":22962,"url":"http:\/\/rezerwa126p.pl\/?page_id=22962","url_meta":{"origin":22167,"position":0},"title":"Literatura","date":"22 listopada 2017","format":false,"excerpt":"[vc_row row_type=\"row\" use_row_as_full_screen_section=\"no\" type=\"full_width\" text_align=\"left\" css_animation=\"\"][vc_column][vc_column_text]W obliczu wielu ksi\u0105\u017cek, jakie wydano na przestrzeni lat, a s\u0105 w r\u00f3\u017cny spos\u00f3b po\u015bwi\u0119cone Fiatowi 126p, pozwolili\u015bmy sobie na sporz\u0105dzenie ma\u0142ego wykazu. W wiele z ni\u017cej wymienionych pozycji z powodzeniem mo\u017cemy zaopatrzy\u0107 si\u0119 na rynku wt\u00f3rnym. Znalezienie na p\u00f3\u0142kach nowych egzemplarzy jest niestety nierealne.\u2026","rel":"","context":"Similar post","img":{"alt_text":"","src":"","width":0,"height":0},"classes":[]},{"id":22184,"url":"http:\/\/rezerwa126p.pl\/?page_id=22184","url_meta":{"origin":22167,"position":1},"title":"Regeneracja zasiarczanionego akumulatora","date":"3 listopada 2017","format":false,"excerpt":"[vc_row row_type=\"row\" use_row_as_full_screen_section=\"no\" type=\"full_width\" text_align=\"left\" css_animation=\"\"][vc_column][vc_column_text]Ten poradnik jest rozwini\u0119ciem artyku\u0142u o ocenie stanu akumulatora. Dzi\u015b przedstawi\u0119 spos\u00f3b na reanimacj\u0119 zasiarczanionych akumulator\u00f3w samochodowych. Jest to powszechna usterka, kt\u00f3ra powoduje obni\u017cenie pojemno\u015bci oraz zdolno\u015bci rozruchowej akumulatora, co w efekcie daje problem z odpaleniem samochodu. Zasiarczaniony akumulator samochodowy w normalny spos\u00f3b nie oczy\u015bci\u2026","rel":"","context":"Similar post","img":{"alt_text":"","src":"","width":0,"height":0},"classes":[]},{"id":22298,"url":"http:\/\/rezerwa126p.pl\/?page_id=22298","url_meta":{"origin":22167,"position":2},"title":"Przer\u00f3bka ogrzewania","date":"4 listopada 2017","format":false,"excerpt":"[vc_row row_type=\"row\" use_row_as_full_screen_section=\"no\" type=\"full_width\" text_align=\"left\" css_animation=\"\"][vc_column][vc_column_text]Regularnie co roku, gdy przychodzi zima, bra\u0107 maluchowska zaczyna marudzi\u0107, \u017ce paruj\u0105 szyby, a we wn\u0119trzu jest zimno, i kombinuje z r\u00f3\u017cnymi wiatraczkami, przer\u00f3bkami, kolankami wodnymi i innymi. Wszystko to jest na dobr\u0105 spraw\u0119 niezbyt skuteczne,i obarczone ograniczeniami. Ja tutaj przedstawi\u0119 najskuteczniejszy patent na przer\u00f3bk\u0119\u2026","rel":"","context":"Similar post","img":{"alt_text":"","src":"","width":0,"height":0},"classes":[]},{"id":22405,"url":"http:\/\/rezerwa126p.pl\/?page_id=22405","url_meta":{"origin":22167,"position":3},"title":"Konserwacja podwozia","date":"4 listopada 2017","format":false,"excerpt":"[vc_row row_type=\"row\" use_row_as_full_screen_section=\"no\" type=\"full_width\" text_align=\"left\" css_animation=\"\"][vc_column][vc_column_text]Spos\u00f3b na domow\u0105 konserwacj\u0119 podwozia. \u00a0 Co nam b\u0119dzie potrzebne: wiertarka lub szlifierka kilka szczotek drucianych na wiertark\u0119 \/ szlifierk\u0119 (ja zu\u017cy\u0142em ok 6) rozpuszczalnik nitro brunox na p\u0119dzel masa uszczelniaj\u0105ca na spawy podk\u0142ad reaktywny bitgum 3 p\u0119dzle: 1 ma\u0142y do brunoxu, 2gi do podk\u0142adu,\u2026","rel":"","context":"Similar post","img":{"alt_text":"","src":"","width":0,"height":0},"classes":[]},{"id":22418,"url":"http:\/\/rezerwa126p.pl\/?page_id=22418","url_meta":{"origin":22167,"position":4},"title":"Skracanie popychaczy","date":"4 listopada 2017","format":false,"excerpt":"[vc_row row_type=\"row\" use_row_as_full_screen_section=\"no\" type=\"full_width\" text_align=\"left\" css_animation=\"\"][vc_column][vc_column_text]Ci\u0105g dalszy domowego sposobu na skracanie. Tym razem do obr\u00f3bki posz\u0142y popychacze. Je\u015bli splanowali\u015bmy g\u0142owic\u0119, zaopatrzyli\u015bmy si\u0119 w skracane os\u0142ony popychaczy warto jeszcze pomy\u015ble\u0107 nad skr\u00f3ceniem samych popychaczy. Pozwoli nam to na mi\u0119dzy innymi na zwi\u0119kszenie mo\u017cliwo\u015bci regulacji luzu zaworowego. Oczywi\u015bcie nie bez znaczenia jest\u2026","rel":"","context":"Similar post","img":{"alt_text":"","src":"","width":0,"height":0},"classes":[]},{"id":21848,"url":"http:\/\/rezerwa126p.pl\/?page_id=21848","url_meta":{"origin":22167,"position":5},"title":"Regulacja luzu zawor\u00f3w","date":"1 listopada 2017","format":false,"excerpt":"[vc_row row_type=\"row\" use_row_as_full_screen_section=\"no\" type=\"full_width\" text_align=\"left\" css_animation=\"\"][vc_column][vc_column_text]Regulacja zawor\u00f3w jest bardzo wa\u017cna dla prawid\u0142owej pracy silnika i powinna by\u0107 okresowo przeprowadzana. Rozregulowane zawory mog\u0105 by\u0107 przyczyn\u0105 wielu problem\u00f3w - g\u0142o\u015bnej pracy silnika, problemem z prac\u0105 rozgrzanego silnika, brak mocy itp. Regulacj\u0119 nale\u017cy przeprowadza\u0107 na zimnym silniku przy temperaturze otoczenia ok. 20 stopni.\u2026","rel":"","context":"Similar post","img":{"alt_text":"","src":"","width":0,"height":0},"classes":[]}],"_links":{"self":[{"href":"http:\/\/rezerwa126p.pl\/index.php?rest_route=\/wp\/v2\/pages\/22167"}],"collection":[{"href":"http:\/\/rezerwa126p.pl\/index.php?rest_route=\/wp\/v2\/pages"}],"about":[{"href":"http:\/\/rezerwa126p.pl\/index.php?rest_route=\/wp\/v2\/types\/page"}],"author":[{"embeddable":true,"href":"http:\/\/rezerwa126p.pl\/index.php?rest_route=\/wp\/v2\/users\/2"}],"replies":[{"embeddable":true,"href":"http:\/\/rezerwa126p.pl\/index.php?rest_route=%2Fwp%2Fv2%2Fcomments&post=22167"}],"version-history":[{"count":1,"href":"http:\/\/rezerwa126p.pl\/index.php?rest_route=\/wp\/v2\/pages\/22167\/revisions"}],"predecessor-version":[{"id":22178,"href":"http:\/\/rezerwa126p.pl\/index.php?rest_route=\/wp\/v2\/pages\/22167\/revisions\/22178"}],"up":[{"embeddable":true,"href":"http:\/\/rezerwa126p.pl\/index.php?rest_route=\/wp\/v2\/pages\/21704"}],"wp:attachment":[{"href":"http:\/\/rezerwa126p.pl\/index.php?rest_route=%2Fwp%2Fv2%2Fmedia&parent=22167"}],"curies":[{"name":"wp","href":"https:\/\/api.w.org\/{rel}","templated":true}]}}