{"id":22159,"date":"2017-11-03T20:34:59","date_gmt":"2017-11-03T19:34:59","guid":{"rendered":"http:\/\/rezerwa126p.pl\/web\/?page_id=22159"},"modified":"2021-10-25T22:09:40","modified_gmt":"2021-10-25T20:09:40","slug":"czyszczenie-i-konserwacja-dmuchawy","status":"publish","type":"page","link":"http:\/\/rezerwa126p.pl\/?page_id=22159","title":{"rendered":"Czyszczenie i konserwacja dmuchawy"},"content":{"rendered":"[vc_row row_type=&#8221;row&#8221; use_row_as_full_screen_section=&#8221;no&#8221; type=&#8221;full_width&#8221; text_align=&#8221;left&#8221; css_animation=&#8221;&#8221;][vc_column][vc_column_text]Gdy odnotujemy fakt, \u017ce dmuchawa w naszym bolidzie dzia\u0142a coraz s\u0142abiej, wolniej i nie przynosi oczekiwanych efekt\u00f3w, najwy\u017cszy czas aby zabra\u0107 si\u0119 za jej czyszczenie i konserwacj\u0119.<\/p>\n<p>&nbsp;<\/p>\n<p>Potrzebne b\u0119d\u0105: \u015brubokr\u0119t p\u0142aski i krzy\u017cowy, szczypce, r\u0119cznik papierowy, ciep\u0142a woda z detergentem<\/p>\n<p>&nbsp;<\/p>\n<p>Zaczynamy od wyj\u0119cia dmuchawy z pojazdu. Nast\u0119pnie odkr\u0119camy 3 \u015bruby zaznaczone na zdj\u0119ciu:[\/vc_column_text][vc_row_inner row_type=&#8221;row&#8221; type=&#8221;full_width&#8221; use_row_as_full_screen_section_slide=&#8221;no&#8221; text_align=&#8221;left&#8221; css_animation=&#8221;&#8221;][vc_column_inner][vc_single_image image=&#8221;22160&#8243; img_size=&#8221;400&#215;300&#8243; add_caption=&#8221;yes&#8221; alignment=&#8221;center&#8221; onclick=&#8221;link_image&#8221; qode_css_animation=&#8221;&#8221;][vc_empty_space][\/vc_column_inner][\/vc_row_inner][\/vc_column][\/vc_row][vc_row row_type=&#8221;row&#8221; use_row_as_full_screen_section=&#8221;no&#8221; type=&#8221;full_width&#8221; text_align=&#8221;left&#8221; css_animation=&#8221;&#8221;][vc_column][vc_column_text]Oddzielamy obudow\u0119 wirnika, tak zwany &#8222;\u015blimak&#8221; od wirnika, silnika i jednej ze \u015bcianek.<br \/>\nZdejmujemy wirnik z wa\u0142u. Szczypcami \u015bci\u0105gamy metalow\u0105 opask\u0119 i zssuwamy wirnik z o\u015bki.[\/vc_column_text][vc_row_inner row_type=&#8221;row&#8221; type=&#8221;full_width&#8221; use_row_as_full_screen_section_slide=&#8221;no&#8221; text_align=&#8221;left&#8221; css_animation=&#8221;&#8221;][vc_column_inner][vc_single_image image=&#8221;22161&#8243; img_size=&#8221;400&#215;300&#8243; add_caption=&#8221;yes&#8221; alignment=&#8221;center&#8221; onclick=&#8221;link_image&#8221; qode_css_animation=&#8221;&#8221;][vc_empty_space][\/vc_column_inner][\/vc_row_inner][\/vc_column][\/vc_row][vc_row row_type=&#8221;row&#8221; use_row_as_full_screen_section=&#8221;no&#8221; type=&#8221;full_width&#8221; text_align=&#8221;left&#8221; css_animation=&#8221;&#8221;][vc_column][vc_column_text]Odkr\u0119camy tyln\u0105 obudow\u0119 silnika, w kt\u00f3rej znajduje si\u0119 sczotkotrzymacz i zdecydowanym ruchem \u015bci\u0105gamy j\u0105:[\/vc_column_text][vc_row_inner row_type=&#8221;row&#8221; type=&#8221;full_width&#8221; use_row_as_full_screen_section_slide=&#8221;no&#8221; text_align=&#8221;left&#8221; css_animation=&#8221;&#8221;][vc_column_inner][vc_single_image image=&#8221;22162&#8243; img_size=&#8221;400&#215;300&#8243; add_caption=&#8221;yes&#8221; alignment=&#8221;center&#8221; onclick=&#8221;link_image&#8221; qode_css_animation=&#8221;&#8221;][vc_empty_space][\/vc_column_inner][\/vc_row_inner][\/vc_column][\/vc_row][vc_row row_type=&#8221;row&#8221; use_row_as_full_screen_section=&#8221;no&#8221; type=&#8221;full_width&#8221; text_align=&#8221;left&#8221; css_animation=&#8221;&#8221;][vc_column][vc_column_text]W tym miejscu warto si\u0119 zatrzyma\u0107 i oceni\u0107 stan lut\u00f3w, szczotek i przewod\u00f3w elektrycznych:[\/vc_column_text][vc_row_inner row_type=&#8221;row&#8221; type=&#8221;full_width&#8221; use_row_as_full_screen_section_slide=&#8221;no&#8221; text_align=&#8221;left&#8221; css_animation=&#8221;&#8221;][vc_column_inner][vc_single_image image=&#8221;22163&#8243; img_size=&#8221;400&#215;300&#8243; add_caption=&#8221;yes&#8221; alignment=&#8221;center&#8221; onclick=&#8221;link_image&#8221; qode_css_animation=&#8221;&#8221;][vc_empty_space][\/vc_column_inner][\/vc_row_inner][\/vc_column][\/vc_row][vc_row row_type=&#8221;row&#8221; use_row_as_full_screen_section=&#8221;no&#8221; type=&#8221;full_width&#8221; text_align=&#8221;left&#8221; css_animation=&#8221;&#8221;][vc_column][vc_column_text]Wyci\u0105gamy wa\u0142ek (trzeba u\u017cy\u0107 troch\u0119 si\u0142y, magnesy do\u015b\u0107 znacznie przeszkadzaj\u0105 w wyj\u0119ciu) i zarazem oceniamy stan powierzchni po kt\u00f3re\u015b \u015blizgaj\u0105 si\u0119 szczotki. Dora\u017anie mo\u017cemy wyczy\u015bci\u0107 j\u0105 papierem 1200:[\/vc_column_text][vc_row_inner row_type=&#8221;row&#8221; type=&#8221;full_width&#8221; use_row_as_full_screen_section_slide=&#8221;no&#8221; text_align=&#8221;left&#8221; css_animation=&#8221;&#8221;][vc_column_inner][vc_single_image image=&#8221;22164&#8243; img_size=&#8221;400&#215;300&#8243; add_caption=&#8221;yes&#8221; alignment=&#8221;center&#8221; onclick=&#8221;link_image&#8221; qode_css_animation=&#8221;&#8221;][vc_empty_space][\/vc_column_inner][\/vc_row_inner][\/vc_column][\/vc_row][vc_row row_type=&#8221;row&#8221; use_row_as_full_screen_section=&#8221;no&#8221; type=&#8221;full_width&#8221; text_align=&#8221;left&#8221; css_animation=&#8221;&#8221;][vc_column][vc_column_text]Magnesy w obudowie czy\u015bcimy dok\u0142adnie r\u0119cznikiem papierowym ze wszystkich zanieczyszcze\u0144. Je\u017celi tulejki mosi\u0119\u017cne\/br\u0105zowe maj\u0105 luz, nale\u017cy je wymieni\u0107 na nowe.<\/p>\n<p>&nbsp;<\/p>\n<p>Elementy takie jak &#8222;\u015blimak&#8221; czy wirnik myjemy w ciep\u0142ej wodzie z dodatkiem detergentu, np. p\u0142ynu do naczy\u0144.<\/p>\n<p>&nbsp;<\/p>\n<p>Przyst\u0119puj\u0105c do zak\u0142adania pokrywy silnika z szczotkotrzymaczem nale\u017cy mie\u0107 na uwadze blaszki, w kt\u00f3rych znajduje si\u0119 gwint.<br \/>\nNie s\u0105 one sp\u00f3jnym elementem kad\u0142uba silnika i potrafi\u0105 wpa\u015b\u0107 do \u015brodka:[\/vc_column_text][vc_row_inner row_type=&#8221;row&#8221; type=&#8221;full_width&#8221; use_row_as_full_screen_section_slide=&#8221;no&#8221; text_align=&#8221;left&#8221; css_animation=&#8221;&#8221;][vc_column_inner][vc_single_image image=&#8221;22165&#8243; img_size=&#8221;400&#215;300&#8243; add_caption=&#8221;yes&#8221; alignment=&#8221;center&#8221; onclick=&#8221;link_image&#8221; qode_css_animation=&#8221;&#8221;][vc_empty_space][\/vc_column_inner][\/vc_row_inner][\/vc_column][\/vc_row][vc_row row_type=&#8221;row&#8221; use_row_as_full_screen_section=&#8221;no&#8221; type=&#8221;full_width&#8221; text_align=&#8221;left&#8221; css_animation=&#8221;&#8221;][vc_column][vc_column_text]Blaszk\u0119 lekko wsuwamy i staramy za\u0142apa\u0107 \u015brub\u0105. Robimy tak z dw\u00f3ch stron i skr\u0119camy &#8222;na gotowo&#8221;.<\/p>\n<p>Sk\u0142adamy ca\u0142o\u015b\u0107 w kolejno\u015bci odwrotnej ni\u017c przy demonta\u017cu i sprawdzamy lekko\u015b\u0107 z jak\u0105 obraca si\u0119 wirnik. Pod\u0142\u0105czamy do pojazdu i sprawdzamy efekty.<\/p>\n<p>&nbsp;<\/p>\n<p><a href=\"http:\/\/forum.rezerwa126p.pl\/profile.php?mode=viewprofile&amp;u=2843\">Ada\u015b<\/a>[\/vc_column_text][vc_row_inner row_type=&#8221;row&#8221; type=&#8221;full_width&#8221; use_row_as_full_screen_section_slide=&#8221;no&#8221; text_align=&#8221;left&#8221; css_animation=&#8221;&#8221;][vc_column_inner][\/vc_column_inner][\/vc_row_inner][\/vc_column][\/vc_row]\n","protected":false},"excerpt":{"rendered":"<p>[vc_row row_type=&#8221;row&#8221; use_row_as_full_screen_section=&#8221;no&#8221; type=&#8221;full_width&#8221; text_align=&#8221;left&#8221; css_animation=&#8221;&#8221;][vc_column][vc_column_text]Gdy odnotujemy fakt, \u017ce dmuchawa w naszym bolidzie dzia\u0142a coraz s\u0142abiej, wolniej i nie przynosi oczekiwanych efekt\u00f3w, najwy\u017cszy czas aby zabra\u0107 si\u0119 za jej czyszczenie i konserwacj\u0119. &nbsp; Potrzebne b\u0119d\u0105: \u015brubokr\u0119t p\u0142aski i krzy\u017cowy, szczypce, r\u0119cznik papierowy, ciep\u0142a woda z&#8230;<\/p>\n","protected":false},"author":2,"featured_media":0,"parent":21704,"menu_order":0,"comment_status":"closed","ping_status":"closed","template":"","meta":{"advanced_seo_description":"","spay_email":""},"jetpack_sharing_enabled":true,"jetpack_shortlink":"https:\/\/wp.me\/P9KryZ-5Lp","jetpack_likes_enabled":true,"jetpack-related-posts":[{"id":22474,"url":"http:\/\/rezerwa126p.pl\/?page_id=22474","url_meta":{"origin":22159,"position":0},"title":"Czyszczenie tapicerki skajowej","date":"4 listopada 2017","format":false,"excerpt":"[vc_row row_type=\"row\" use_row_as_full_screen_section=\"no\" type=\"full_width\" text_align=\"left\" css_animation=\"\"][vc_column][vc_column_text]Jaki\u015b czas temu par\u0119 os\u00f3b mia\u0142o dylemat jak wyczy\u015bci\u0107 skajow\u0105 tapicerk\u0119. Postanowi\u0142em wi\u0119c podzieli\u0107 si\u0119 sposobem, w jaki zwykle czyszcz\u0119 moje tapicerki. Na warsztat posz\u0142a be\u017cowa kanapa z oparciem, kt\u00f3r\u0105 przywioz\u0142em od Wolfa jesieni\u0105:[\/vc_column_text][vc_empty_space][vc_row_inner row_type=\"row\" type=\"full_width\" use_row_as_full_screen_section_slide=\"no\" text_align=\"left\" css_animation=\"\"][vc_column_inner][vc_single_image image=\"22475\" img_size=\"400x300\" add_caption=\"yes\" alignment=\"center\" onclick=\"link_image\" qode_css_animation=\"\"][vc_empty_space][\/vc_column_inner][\/vc_row_inner][\/vc_column][\/vc_row][vc_row\u2026","rel":"","context":"Similar post","img":{"alt_text":"","src":"","width":0,"height":0},"classes":[]},{"id":22800,"url":"http:\/\/rezerwa126p.pl\/?page_id=22800","url_meta":{"origin":22159,"position":1},"title":"Fiat 126p NP","date":"6 listopada 2017","format":false,"excerpt":"[vc_row row_type=\"row\" use_row_as_full_screen_section=\"no\" type=\"full_width\" text_align=\"left\" css_animation=\"\"][vc_column][vc_column_text]Po tym jak Fiat 126p zdominowa\u0142 polski rynek, FSM chcia\u0142 stworzy\u0107 wi\u0119cej pojazd\u00f3w opartych na tym modelu. Najwi\u0119ksz\u0105 przeszkod\u0105 w dalszym rozwijaniu samochodu by\u0142 umieszczony z ty\u0142u silnik, w zwi\u0105zku z czym zbudowano prototyp z silnikiem umieszczonym z przodu \u2013 Fiat 126p NP (Nap\u0119d Przedni).\u2026","rel":"","context":"Similar post","img":{"alt_text":"","src":"","width":0,"height":0},"classes":[]},{"id":22590,"url":"http:\/\/rezerwa126p.pl\/?page_id=22590","url_meta":{"origin":22159,"position":2},"title":"ST","date":"4 listopada 2017","format":false,"excerpt":"Pierwowz\u00f3r, najbardziej klasyczna wersja Malucha. Pozbawiony wszelkich ulepsze\u0144 spotykanych w p\u00f3\u017aniejszych modelach. Charakterystyczn\u0105 cech\u0105 typow\u0105 dla odmiany ST, s\u0105 ko\u0142a o szerokim rozstawie \u015brub (4x190), tak zwane Cytrynki. Oraz wiadomo, zderzaki chromowane. ST produkowany by\u0142 w dw\u00f3ch generacjach - I seria (1973 - 07.1977), oraz II seria (07.1977 - 12.1984)\u2026","rel":"","context":"Similar post","img":{"alt_text":"","src":"https:\/\/i0.wp.com\/rezerwa126p.pl\/web\/wp-content\/uploads\/2021\/12\/020-300x209.jpeg?resize=350%2C200","width":350,"height":200},"classes":[]},{"id":22624,"url":"http:\/\/rezerwa126p.pl\/?page_id=22624","url_meta":{"origin":22159,"position":3},"title":"Fiat 126p ST &#8211; opis modelu","date":"5 listopada 2017","format":false,"excerpt":"[vc_row row_type=\"row\" use_row_as_full_screen_section=\"no\" type=\"full_width\" text_align=\"left\" css_animation=\"\"][vc_column][vc_column_text]Fiat nowy model 126 oficjalnie zaprezentowa\u0142 9 listopada 1972 roku na salonie samochodowym w Turynie. Kilka dni, po tym wydarzeniu nowego Fiata 126 pokazano w Warszawie na Placu Defilad. 6 czerwca 1973 zmontowano w fabryce FSM w Bielsku Bia\u0142ej pierwszego Polskiego Fiata 126p z w\u0142oskich\u2026","rel":"","context":"Similar post","img":{"alt_text":"","src":"","width":0,"height":0},"classes":[]},{"id":22298,"url":"http:\/\/rezerwa126p.pl\/?page_id=22298","url_meta":{"origin":22159,"position":4},"title":"Przer\u00f3bka ogrzewania","date":"4 listopada 2017","format":false,"excerpt":"[vc_row row_type=\"row\" use_row_as_full_screen_section=\"no\" type=\"full_width\" text_align=\"left\" css_animation=\"\"][vc_column][vc_column_text]Regularnie co roku, gdy przychodzi zima, bra\u0107 maluchowska zaczyna marudzi\u0107, \u017ce paruj\u0105 szyby, a we wn\u0119trzu jest zimno, i kombinuje z r\u00f3\u017cnymi wiatraczkami, przer\u00f3bkami, kolankami wodnymi i innymi. Wszystko to jest na dobr\u0105 spraw\u0119 niezbyt skuteczne,i obarczone ograniczeniami. Ja tutaj przedstawi\u0119 najskuteczniejszy patent na przer\u00f3bk\u0119\u2026","rel":"","context":"Similar post","img":{"alt_text":"","src":"","width":0,"height":0},"classes":[]},{"id":22273,"url":"http:\/\/rezerwa126p.pl\/?page_id=22273","url_meta":{"origin":22159,"position":5},"title":"Opis elektronicznego uk\u0142adu zap\u0142onowego i jego monta\u017c w wersji ST \/ FL","date":"4 listopada 2017","format":false,"excerpt":"[vc_row row_type=\"row\" use_row_as_full_screen_section=\"no\" type=\"full_width\" text_align=\"left\" css_animation=\"\"][vc_column][vc_column_text]W uk\u0142adzie zap\u0142onowym Fiata 126 el wyeliminowano jeden z najbardziej zawodnych element\u00f3w samochodu \u2013 nap\u0119dzany wa\u0142kiem rozrz\u0105du aparat zap\u0142onowy z przerywaczem. Klasyczny uk\u0142ad zap\u0142onowy z zawodnymi elementami ruchomymi zast\u0105piono nowoczesnym, ca\u0142kowicie elektronicznym uk\u0142adem, sterowanym modu\u0142em zap\u0142onowym Nanoplex. \u00a0 Na uk\u0142ad zap\u0142onowy w wersji el sk\u0142adaj\u0105\u2026","rel":"","context":"Similar post","img":{"alt_text":"","src":"","width":0,"height":0},"classes":[]}],"_links":{"self":[{"href":"http:\/\/rezerwa126p.pl\/index.php?rest_route=\/wp\/v2\/pages\/22159"}],"collection":[{"href":"http:\/\/rezerwa126p.pl\/index.php?rest_route=\/wp\/v2\/pages"}],"about":[{"href":"http:\/\/rezerwa126p.pl\/index.php?rest_route=\/wp\/v2\/types\/page"}],"author":[{"embeddable":true,"href":"http:\/\/rezerwa126p.pl\/index.php?rest_route=\/wp\/v2\/users\/2"}],"replies":[{"embeddable":true,"href":"http:\/\/rezerwa126p.pl\/index.php?rest_route=%2Fwp%2Fv2%2Fcomments&post=22159"}],"version-history":[{"count":1,"href":"http:\/\/rezerwa126p.pl\/index.php?rest_route=\/wp\/v2\/pages\/22159\/revisions"}],"predecessor-version":[{"id":22166,"href":"http:\/\/rezerwa126p.pl\/index.php?rest_route=\/wp\/v2\/pages\/22159\/revisions\/22166"}],"up":[{"embeddable":true,"href":"http:\/\/rezerwa126p.pl\/index.php?rest_route=\/wp\/v2\/pages\/21704"}],"wp:attachment":[{"href":"http:\/\/rezerwa126p.pl\/index.php?rest_route=%2Fwp%2Fv2%2Fmedia&parent=22159"}],"curies":[{"name":"wp","href":"https:\/\/api.w.org\/{rel}","templated":true}]}}