{"id":22147,"date":"2017-11-03T20:21:15","date_gmt":"2017-11-03T19:21:15","guid":{"rendered":"http:\/\/rezerwa126p.pl\/web\/?page_id=22147"},"modified":"2021-10-25T22:09:40","modified_gmt":"2021-10-25T20:09:40","slug":"instalacja-przekaznikow-swiatel","status":"publish","type":"page","link":"http:\/\/rezerwa126p.pl\/?page_id=22147","title":{"rendered":"Instalacja przeka\u017anik\u00f3w \u015bwiate\u0142"},"content":{"rendered":"[vc_row row_type=&#8221;row&#8221; use_row_as_full_screen_section=&#8221;no&#8221; type=&#8221;full_width&#8221; text_align=&#8221;left&#8221; css_animation=&#8221;&#8221;][vc_column][vc_column_text]Je\u017celi chcemy, aby nasz maluszek mia\u0142 du\u017co lepsze \u015bwiat\u0142a, a przy okazji nie chcemy mie\u0107 problem\u00f3w z paj\u0105kiem pod kierownic\u0105, musimy zainstalowa\u0107 przeka\u017aniki \u015bwiate\u0142. Przy \u017car\u00f3wkach H4 nale\u017cy zamontowa\u0107 przeka\u017aniki, gdy\u017c maj\u0105 one wi\u0119ksz\u0105 moc i bardzo szybko wypalaj\u0105 si\u0119 styki prze\u0142\u0105cznik\u00f3w.<br \/>\nMo\u017cemy to zrobi\u0107 na dwa sposoby: pierwszy, naj\u0142atwiejszy, to kupno gotowego zestawu. Taki zestaw wystarczy wpi\u0105\u0107 w jedn\u0105 z kostek prze\u0142\u0105cznika pod kierownic\u0105, pod\u0142\u0105czy\u0107 + z akumulatora i mas\u0119.Drugi spos\u00f3b, polega na pod\u0142\u0105czeniu samemu przeka\u017anik\u00f3w, wpinaj\u0105c si\u0119 w puszk\u0119 bezpiecznik\u00f3w.<\/p>\n<p>&nbsp;<\/p>\n<p><span style=\"text-decoration: underline;\">Potrzebne nam b\u0119d\u0105:<\/span><\/p>\n<ul>\n<li>konektory (m\u0119skie, \u017ce\u0144skie i okr\u0105g\u0142e)<\/li>\n<li>zarabiarka do konektor\u00f3w, albo kombinerki<\/li>\n<li>klucz 10<\/li>\n<li>ta\u015bma izolacyjna<\/li>\n<li>kabel (im wi\u0119kszy przekr\u00f3j tym lepszy, oczywi\u015bcie bez przesady), najlepiej kilka kolor\u00f3w<\/li>\n<li>2 przeka\u017aniki, zwierne lub prze\u0142\u0105czane (wytrzyma\u0142o\u015b\u0107 wi\u0119ksza jak 15a, czyli wi\u0119kszo\u015b\u0107 si\u0119 nada)<\/li>\n<li>bezpieczniki<\/li>\n<li>koszulka termokurczliwa<\/li>\n<\/ul>\n<p><span style=\"text-decoration: underline;\">Opcjonalnie mo\u017cna u\u017cy\u0107, ale nie jest to konieczne:<\/span><\/p>\n<ul>\n<li>gniazda przeka\u017anik\u00f3w<\/li>\n<li>gniazda bezpiecznik\u00f3w<\/li>\n<\/ul>\n<p>Zaczynamy od odkr\u0119cenia puszki bezpiecznik\u00f3w. Wyszukujemy pod\u0142\u0105czone do niej kable, zielony i zielono-czarny (\u015bwiat\u0142a drogowe), oraz szary i szaro-czarny (\u015bwiat\u0142a mijania). S\u0105 dwa kable zielono-czarne, jeden z nich odpowiada za kontrolk\u0119 \u015bwiate\u0142 drogowych. Odepnij jeden i w\u0142\u0105cz \u015bwiat\u0142e drogowe, je\u017celi za\u015bwieci si\u0119 kontrolka, to znaczy, \u017ce wypi\u0105\u0142e\u015b dobry, jak si\u0119 nie za\u015bwieci, to odepnij ten drugi, a tamten w\u0142\u00f3\u017c powrotem.[\/vc_column_text][vc_row_inner row_type=&#8221;row&#8221; type=&#8221;full_width&#8221; use_row_as_full_screen_section_slide=&#8221;no&#8221; text_align=&#8221;left&#8221; css_animation=&#8221;&#8221;][vc_column_inner][vc_single_image image=&#8221;22148&#8243; img_size=&#8221;400&#215;300&#8243; add_caption=&#8221;yes&#8221; alignment=&#8221;center&#8221; onclick=&#8221;link_image&#8221; qode_css_animation=&#8221;&#8221;][vc_empty_space][\/vc_column_inner][\/vc_row_inner][\/vc_column][\/vc_row][vc_row row_type=&#8221;row&#8221; use_row_as_full_screen_section=&#8221;no&#8221; type=&#8221;full_width&#8221; text_align=&#8221;left&#8221; css_animation=&#8221;&#8221;][vc_column][vc_column_text]Nast\u0119pnie \u0142\u0105czymy styki 85 przeka\u017anik\u00f3w ze stykami w puszce bezpiecznik\u00f3w, do kt\u00f3rych by\u0142y pod\u0142\u0105czone kable, z t\u0105 r\u00f3\u017cnic\u0105, \u017ce od\u0142\u0105czyli\u015bmy 4 kable, a pod\u0142\u0105czamy 2. Oczywi\u015bcie jeden kabel pod bezpiecznik \u015bwiate\u0142 mijania, a drugi pod bezpiecznik \u015bwiate\u0142 drogowych.[\/vc_column_text][vc_row_inner row_type=&#8221;row&#8221; type=&#8221;full_width&#8221; use_row_as_full_screen_section_slide=&#8221;no&#8221; text_align=&#8221;left&#8221; css_animation=&#8221;&#8221;][vc_column_inner width=&#8221;1\/2&#8243;][vc_single_image image=&#8221;22149&#8243; img_size=&#8221;400&#215;300&#8243; add_caption=&#8221;yes&#8221; alignment=&#8221;center&#8221; onclick=&#8221;link_image&#8221; qode_css_animation=&#8221;&#8221;][vc_empty_space][\/vc_column_inner][vc_column_inner width=&#8221;1\/2&#8243;][vc_single_image image=&#8221;22150&#8243; img_size=&#8221;400&#215;300&#8243; add_caption=&#8221;yes&#8221; alignment=&#8221;center&#8221; onclick=&#8221;link_image&#8221; qode_css_animation=&#8221;&#8221;][vc_empty_space][\/vc_column_inner][\/vc_row_inner][\/vc_column][\/vc_row][vc_row row_type=&#8221;row&#8221; use_row_as_full_screen_section=&#8221;no&#8221; type=&#8221;full_width&#8221; text_align=&#8221;left&#8221; css_animation=&#8221;&#8221;][vc_column][vc_column_text]Teraz pod styki 87 przeka\u017anik\u00f3w pod\u0142\u0105czamy kable, kt\u00f3re od\u0142\u0105czyli\u015bmy od puszki bezpiecznik\u00f3w. Kable od \u015bwiate\u0142 mijania pod\u0142\u0105czamy pod przeka\u017anik, kt\u00f3ry jest pod\u0142\u0105czony w\u0142a\u015bnie pod ten bezpiecznik. Je\u017celi mamy przeka\u017aniki zwierne ze stykami 87 i 87a, mo\u017cemy wykorzysta\u0107 r\u00f3wnie\u017c styk 87a. Je\u017celi mamy przeka\u017anik prze\u0142\u0105czny, wtedy wykorzystujemy tylko styk 87. Ja zrobi\u0142em taki rozga\u0142\u0119\u017anik.[\/vc_column_text][vc_row_inner row_type=&#8221;row&#8221; type=&#8221;full_width&#8221; use_row_as_full_screen_section_slide=&#8221;no&#8221; text_align=&#8221;left&#8221; css_animation=&#8221;&#8221;][vc_column_inner width=&#8221;1\/2&#8243;][vc_single_image image=&#8221;22151&#8243; img_size=&#8221;400&#215;300&#8243; add_caption=&#8221;yes&#8221; alignment=&#8221;center&#8221; onclick=&#8221;link_image&#8221; qode_css_animation=&#8221;&#8221;][vc_empty_space][vc_single_image image=&#8221;22153&#8243; img_size=&#8221;400&#215;300&#8243; add_caption=&#8221;yes&#8221; alignment=&#8221;center&#8221; onclick=&#8221;link_image&#8221; qode_css_animation=&#8221;&#8221;][vc_empty_space][\/vc_column_inner][vc_column_inner width=&#8221;1\/2&#8243;][vc_single_image image=&#8221;22152&#8243; img_size=&#8221;400&#215;300&#8243; add_caption=&#8221;yes&#8221; alignment=&#8221;center&#8221; onclick=&#8221;link_image&#8221; qode_css_animation=&#8221;&#8221;][vc_empty_space][\/vc_column_inner][\/vc_row_inner][\/vc_column][\/vc_row][vc_row row_type=&#8221;row&#8221; use_row_as_full_screen_section=&#8221;no&#8221; type=&#8221;full_width&#8221; text_align=&#8221;left&#8221; css_animation=&#8221;&#8221;][vc_column][vc_column_text]Teraz do styk\u00f3w 86 w przeka\u017anikach pod\u0142\u0105czamy mas\u0119.[\/vc_column_text][vc_row_inner row_type=&#8221;row&#8221; type=&#8221;full_width&#8221; use_row_as_full_screen_section_slide=&#8221;no&#8221; text_align=&#8221;left&#8221; css_animation=&#8221;&#8221;][vc_column_inner width=&#8221;1\/2&#8243;][vc_single_image image=&#8221;22154&#8243; img_size=&#8221;400&#215;300&#8243; add_caption=&#8221;yes&#8221; alignment=&#8221;center&#8221; onclick=&#8221;link_image&#8221; qode_css_animation=&#8221;&#8221;][vc_empty_space][\/vc_column_inner][vc_column_inner width=&#8221;1\/2&#8243;][\/vc_column_inner][\/vc_row_inner][\/vc_column][\/vc_row][vc_row row_type=&#8221;row&#8221; use_row_as_full_screen_section=&#8221;no&#8221; type=&#8221;full_width&#8221; text_align=&#8221;left&#8221; css_animation=&#8221;&#8221;][vc_column][vc_column_text]Nast\u0119pnie musimy przeci\u0105gn\u0105\u0107 plus z akumulatora. Zarabiamy kabel konektorem oczkowym i ci\u0105gniemy przez baga\u017cnik, pod wyk\u0142adzin\u0105.[\/vc_column_text][vc_row_inner row_type=&#8221;row&#8221; type=&#8221;full_width&#8221; use_row_as_full_screen_section_slide=&#8221;no&#8221; text_align=&#8221;left&#8221; css_animation=&#8221;&#8221;][vc_column_inner width=&#8221;1\/2&#8243;][vc_single_image image=&#8221;22155&#8243; img_size=&#8221;400&#215;300&#8243; add_caption=&#8221;yes&#8221; alignment=&#8221;center&#8221; onclick=&#8221;link_image&#8221; qode_css_animation=&#8221;&#8221;][vc_empty_space][\/vc_column_inner][vc_column_inner width=&#8221;1\/2&#8243;][\/vc_column_inner][\/vc_row_inner][\/vc_column][\/vc_row][vc_row row_type=&#8221;row&#8221; use_row_as_full_screen_section=&#8221;no&#8221; type=&#8221;full_width&#8221; text_align=&#8221;left&#8221; css_animation=&#8221;&#8221;][vc_column][vc_column_text]Bezpieczniki montujemy na przewodzie +. Z jednego konektora tego gniazda robimy rozga\u0142\u0119zienie (przed bezpiecznikiem) na drugi bezpiecznik. Nast\u0119pnie prowadzimy te kable do styk\u00f3w 30 w przeka\u017anikach.[\/vc_column_text][vc_row_inner row_type=&#8221;row&#8221; type=&#8221;full_width&#8221; use_row_as_full_screen_section_slide=&#8221;no&#8221; text_align=&#8221;left&#8221; css_animation=&#8221;&#8221;][vc_column_inner width=&#8221;1\/2&#8243;][vc_single_image image=&#8221;22156&#8243; img_size=&#8221;400&#215;300&#8243; add_caption=&#8221;yes&#8221; alignment=&#8221;center&#8221; onclick=&#8221;link_image&#8221; qode_css_animation=&#8221;&#8221;][vc_empty_space][\/vc_column_inner][vc_column_inner width=&#8221;1\/2&#8243;][\/vc_column_inner][\/vc_row_inner][\/vc_column][\/vc_row][vc_row row_type=&#8221;row&#8221; use_row_as_full_screen_section=&#8221;no&#8221; type=&#8221;full_width&#8221; text_align=&#8221;left&#8221; css_animation=&#8221;&#8221;][vc_column][vc_column_text]Teraz izolujemy po\u0142\u0105czenie ze star\u0105 instalacj\u0105. Je\u017celi nie stosowali\u015bmy gniazd bezpiecznik\u00f3w, na ka\u017cdy konektor, dla bezpiecze\u0144stwa, nak\u0142adamy koszulk\u0119 termokurczliw\u0105 i j\u0105 na nim zgrzewamy, tylko tak, \u017ceby ten konektor mo\u017cna by\u0142o p\u00f3\u017aniej na\u0142o\u017cy\u0107 na styk przeka\u017anika. Wszystkie kable kt\u00f3re id\u0105 w okolice skrzynki bezpiecznik\u00f3w, mo\u017cemy spi\u0105\u0107 razem ta\u015bm\u0105 izolacyjn\u0105.[\/vc_column_text][vc_row_inner row_type=&#8221;row&#8221; type=&#8221;full_width&#8221; use_row_as_full_screen_section_slide=&#8221;no&#8221; text_align=&#8221;left&#8221; css_animation=&#8221;&#8221;][vc_column_inner width=&#8221;1\/2&#8243;][vc_single_image image=&#8221;22157&#8243; img_size=&#8221;400&#215;300&#8243; add_caption=&#8221;yes&#8221; alignment=&#8221;center&#8221; onclick=&#8221;link_image&#8221; qode_css_animation=&#8221;&#8221;][vc_empty_space][\/vc_column_inner][vc_column_inner width=&#8221;1\/2&#8243;][\/vc_column_inner][\/vc_row_inner][vc_column_text]Po tych czynno\u015bciach przykr\u0119camy puszk\u0119 bezpiecznik\u00f3w i robimy porz\u0105dek w baga\u017cniku.<\/p>\n<p>Sprawdzamy czy wszystko dzia\u0142a. Je\u017celi tak, to mo\u017cemy si\u0119 cieszy\u0107 lepszymi \u015bwiat\u0142ami.<\/p>\n<p>\u015awiat\u0142a mo\u017cna jeszcze polepszy\u0107 ci\u0105gn\u0105c nowe grubsze przewody do \u017car\u00f3wek. Ale ja chcia\u0142em przedstawi\u0107 spos\u00f3b najmniej inwazyjny je\u015bli chodzi o instalacj\u0119 elektryczn\u0105.<\/p>\n<p><a href=\"http:\/\/forum.rezerwa126p.pl\/profile.php?mode=viewprofile&amp;u=2136\">adi<\/a>[\/vc_column_text][\/vc_column][\/vc_row]\n","protected":false},"excerpt":{"rendered":"<p>[vc_row row_type=&#8221;row&#8221; use_row_as_full_screen_section=&#8221;no&#8221; type=&#8221;full_width&#8221; text_align=&#8221;left&#8221; css_animation=&#8221;&#8221;][vc_column][vc_column_text]Je\u017celi chcemy, aby nasz maluszek mia\u0142 du\u017co lepsze \u015bwiat\u0142a, a przy okazji nie chcemy mie\u0107 problem\u00f3w z paj\u0105kiem pod kierownic\u0105, musimy zainstalowa\u0107 przeka\u017aniki \u015bwiate\u0142. Przy \u017car\u00f3wkach H4 nale\u017cy zamontowa\u0107 przeka\u017aniki, gdy\u017c maj\u0105 one wi\u0119ksz\u0105 moc i bardzo szybko wypalaj\u0105 si\u0119&#8230;<\/p>\n","protected":false},"author":2,"featured_media":0,"parent":21704,"menu_order":0,"comment_status":"closed","ping_status":"closed","template":"","meta":{"advanced_seo_description":"","spay_email":""},"jetpack_sharing_enabled":true,"jetpack_shortlink":"https:\/\/wp.me\/P9KryZ-5Ld","jetpack_likes_enabled":true,"jetpack-related-posts":[{"id":22624,"url":"http:\/\/rezerwa126p.pl\/?page_id=22624","url_meta":{"origin":22147,"position":0},"title":"Fiat 126p ST &#8211; opis modelu","date":"5 listopada 2017","format":false,"excerpt":"[vc_row row_type=\"row\" use_row_as_full_screen_section=\"no\" type=\"full_width\" text_align=\"left\" css_animation=\"\"][vc_column][vc_column_text]Fiat nowy model 126 oficjalnie zaprezentowa\u0142 9 listopada 1972 roku na salonie samochodowym w Turynie. Kilka dni, po tym wydarzeniu nowego Fiata 126 pokazano w Warszawie na Placu Defilad. 6 czerwca 1973 zmontowano w fabryce FSM w Bielsku Bia\u0142ej pierwszego Polskiego Fiata 126p z w\u0142oskich\u2026","rel":"","context":"Similar post","img":{"alt_text":"","src":"","width":0,"height":0},"classes":[]},{"id":22590,"url":"http:\/\/rezerwa126p.pl\/?page_id=22590","url_meta":{"origin":22147,"position":1},"title":"ST","date":"4 listopada 2017","format":false,"excerpt":"Pierwowz\u00f3r, najbardziej klasyczna wersja Malucha. Pozbawiony wszelkich ulepsze\u0144 spotykanych w p\u00f3\u017aniejszych modelach. Charakterystyczn\u0105 cech\u0105 typow\u0105 dla odmiany ST, s\u0105 ko\u0142a o szerokim rozstawie \u015brub (4x190), tak zwane Cytrynki. Oraz wiadomo, zderzaki chromowane. ST produkowany by\u0142 w dw\u00f3ch generacjach - I seria (1973 - 07.1977), oraz II seria (07.1977 - 12.1984)\u2026","rel":"","context":"Similar post","img":{"alt_text":"","src":"https:\/\/i0.wp.com\/rezerwa126p.pl\/web\/wp-content\/uploads\/2021\/12\/020-300x209.jpeg?resize=350%2C200","width":350,"height":200},"classes":[]},{"id":22960,"url":"http:\/\/rezerwa126p.pl\/?page_id=22960","url_meta":{"origin":22147,"position":2},"title":"\u017b\u00f3\u0142te \u017car\u00f3wki przednich \u015bwiate\u0142","date":"20 listopada 2017","format":false,"excerpt":"[vc_row row_type=\"row\" use_row_as_full_screen_section=\"no\" type=\"full_width\" text_align=\"left\" css_animation=\"\"][vc_column][vc_column_text]Z dniem pierwszego stycznia 2010 roku wszed\u0142 w \u017cycie zakaz u\u017cywania \u017c\u00f3\u0142tych \u015bwiate\u0142 pozycyjnych, mijania i drogowych. Przepis ten szczeg\u00f3lnie da\u0142 si\u0119 we znaki w\u0142a\u015bcicielom klasycznych aut, kt\u00f3rzy ch\u0119tnie montowali w swoich pojazdach klasyczne \u017c\u00f3\u0142te \u017car\u00f3wki czy klosze. Zgodnie z obowi\u0105zuj\u0105c\u0105 ustaw\u0105 zakazem nie musz\u0105\u2026","rel":"","context":"Similar post","img":{"alt_text":"","src":"","width":0,"height":0},"classes":[]},{"id":21937,"url":"http:\/\/rezerwa126p.pl\/?page_id=21937","url_meta":{"origin":22147,"position":3},"title":"Wymiana cylinderk\u00f3w hamulcowych","date":"2 listopada 2017","format":false,"excerpt":"[vc_row row_type=\"row\" use_row_as_full_screen_section=\"no\" type=\"full_width\" text_align=\"left\" css_animation=\"\"][vc_column][vc_column_text]Do operacji wymiany cylinderka b\u0119dziemy potrzebowali nast\u0119puj\u0105ce narz\u0119dzia: klucze: 8, 10, 12 i 14 (przy wymianie tylnego 14 b\u0119dzie zb\u0119dna) klucz typu mors \u015brubokr\u0119t kawa\u0142ek cienkiego w\u0119\u017cyka p\u0142yn hamulcowy Podnosimy samoch\u00f3d i zdejmujemy ko\u0142o Odkr\u0119camy dwie \u015brubki na klucz 12 i zdejmujemy b\u0119ben. Kombinerkami zdejmujemy\u2026","rel":"","context":"Similar post","img":{"alt_text":"","src":"","width":0,"height":0},"classes":[]},{"id":22331,"url":"http:\/\/rezerwa126p.pl\/?page_id=22331","url_meta":{"origin":22147,"position":4},"title":"R\u00f3\u017cnice pomi\u0119dzy cz\u0119\u015bciami blacharskimi w poszczeg\u00f3lnych modelach","date":"4 listopada 2017","format":false,"excerpt":"[vc_row row_type=\"row\" use_row_as_full_screen_section=\"no\" type=\"full_width\" text_align=\"left\" css_animation=\"\"][vc_column][vc_column_text]B\u0142otniki przednie 72 - 84\u00a0- b\u0142otnik w\u0105ski i w\u0105skie nadkole zewn\u0119trzne. Brak przet\u0142ocze\u0144 na boczne mocowanie zderzaka. [\/vc_column_text][vc_empty_space][vc_row_inner row_type=\"row\" type=\"full_width\" use_row_as_full_screen_section_slide=\"no\" text_align=\"left\" css_animation=\"\"][vc_column_inner width=\"1\/2\"][vc_single_image image=\"22332\" img_size=\"400x300\" add_caption=\"yes\" alignment=\"center\" onclick=\"link_image\" qode_css_animation=\"\"][vc_empty_space][vc_single_image image=\"22334\" img_size=\"400x300\" add_caption=\"yes\" alignment=\"center\" onclick=\"link_image\" qode_css_animation=\"\"][vc_empty_space][\/vc_column_inner][vc_column_inner width=\"1\/2\"][vc_single_image image=\"22333\" img_size=\"400x300\" add_caption=\"yes\" alignment=\"center\" onclick=\"link_image\" qode_css_animation=\"\"][vc_empty_space][vc_single_image image=\"22335\" img_size=\"400x300\"\u2026","rel":"","context":"Similar post","img":{"alt_text":"","src":"","width":0,"height":0},"classes":[]},{"id":22015,"url":"http:\/\/rezerwa126p.pl\/?page_id=22015","url_meta":{"origin":22147,"position":5},"title":"Wymiana rozrz\u0105du","date":"2 listopada 2017","format":false,"excerpt":"[vc_row row_type=\"row\" use_row_as_full_screen_section=\"no\" type=\"full_width\" text_align=\"left\" css_animation=\"\"][vc_column][vc_column_text]Potrzebne narz\u0119dzia: klucze 10, 13, 17 i 32 mm przyrz\u0105d w\u0142asnej roboty (niekonieczny, ale przydatny) \u00a0 Zdejmujemy tyln\u0105 klap\u0119 Podwieszamy silnik lub podk\u0142adamy co\u015b pod misk\u0119 np. drewniany ko\u0142ek albo podno\u015bnik, i odkr\u0119camy kluczem 17 \u015brub\u0119 mocuj\u0105c\u0105 zawieszenie silnika do belki tylnej. Kluczem 13 mm\u2026","rel":"","context":"Similar post","img":{"alt_text":"","src":"","width":0,"height":0},"classes":[]}],"_links":{"self":[{"href":"http:\/\/rezerwa126p.pl\/index.php?rest_route=\/wp\/v2\/pages\/22147"}],"collection":[{"href":"http:\/\/rezerwa126p.pl\/index.php?rest_route=\/wp\/v2\/pages"}],"about":[{"href":"http:\/\/rezerwa126p.pl\/index.php?rest_route=\/wp\/v2\/types\/page"}],"author":[{"embeddable":true,"href":"http:\/\/rezerwa126p.pl\/index.php?rest_route=\/wp\/v2\/users\/2"}],"replies":[{"embeddable":true,"href":"http:\/\/rezerwa126p.pl\/index.php?rest_route=%2Fwp%2Fv2%2Fcomments&post=22147"}],"version-history":[{"count":1,"href":"http:\/\/rezerwa126p.pl\/index.php?rest_route=\/wp\/v2\/pages\/22147\/revisions"}],"predecessor-version":[{"id":22158,"href":"http:\/\/rezerwa126p.pl\/index.php?rest_route=\/wp\/v2\/pages\/22147\/revisions\/22158"}],"up":[{"embeddable":true,"href":"http:\/\/rezerwa126p.pl\/index.php?rest_route=\/wp\/v2\/pages\/21704"}],"wp:attachment":[{"href":"http:\/\/rezerwa126p.pl\/index.php?rest_route=%2Fwp%2Fv2%2Fmedia&parent=22147"}],"curies":[{"name":"wp","href":"https:\/\/api.w.org\/{rel}","templated":true}]}}