{"id":22063,"date":"2017-11-02T21:32:42","date_gmt":"2017-11-02T20:32:42","guid":{"rendered":"http:\/\/rezerwa126p.pl\/web\/?page_id=22063"},"modified":"2021-10-25T22:09:42","modified_gmt":"2021-10-25T20:09:42","slug":"wymiana-zabierakow","status":"publish","type":"page","link":"http:\/\/rezerwa126p.pl\/?page_id=22063","title":{"rendered":"Wymiana zabierak\u00f3w"},"content":{"rendered":"[vc_row row_type=&#8221;row&#8221; use_row_as_full_screen_section=&#8221;no&#8221; type=&#8221;full_width&#8221; text_align=&#8221;left&#8221; css_animation=&#8221;&#8221;][vc_column][vc_column_text]\n<ol>\n<li>Odkr\u0119camy kluczem 13 mm cztery \u015bruby mocuj\u0105ce zabierak do przegubu metalowo &#8211; gumowego<\/li>\n<\/ol>\n[\/vc_column_text][vc_empty_space][vc_row_inner row_type=&#8221;row&#8221; type=&#8221;full_width&#8221; use_row_as_full_screen_section_slide=&#8221;no&#8221; text_align=&#8221;left&#8221; css_animation=&#8221;&#8221;][vc_column_inner][vc_single_image image=&#8221;22064&#8243; img_size=&#8221;400&#215;300&#8243; add_caption=&#8221;yes&#8221; alignment=&#8221;center&#8221; onclick=&#8221;link_image&#8221; qode_css_animation=&#8221;&#8221;][vc_empty_space][\/vc_column_inner][\/vc_row_inner][\/vc_column][\/vc_row][vc_row row_type=&#8221;row&#8221; use_row_as_full_screen_section=&#8221;no&#8221; type=&#8221;full_width&#8221; text_align=&#8221;left&#8221; css_animation=&#8221;&#8221;][vc_column][vc_column_text]2.\u00a0Wyjmujemy spr\u0119\u017cynk\u0119 spomi\u0119dzy p\u00f3\u0142osi a przegubu, oraz zdejmujemy pier\u015bcie\u0144 zabezpieczaj\u0105cy zabierak przed zsuni\u0119ciem si\u0119 z p\u00f3\u0142osi.[\/vc_column_text][vc_empty_space][vc_row_inner row_type=&#8221;row&#8221; type=&#8221;full_width&#8221; use_row_as_full_screen_section_slide=&#8221;no&#8221; text_align=&#8221;left&#8221; css_animation=&#8221;&#8221;][vc_column_inner][vc_single_image image=&#8221;22065&#8243; img_size=&#8221;400&#215;300&#8243; add_caption=&#8221;yes&#8221; alignment=&#8221;center&#8221; onclick=&#8221;link_image&#8221; qode_css_animation=&#8221;&#8221;][vc_empty_space][\/vc_column_inner][\/vc_row_inner][\/vc_column][\/vc_row][vc_row row_type=&#8221;row&#8221; use_row_as_full_screen_section=&#8221;no&#8221; type=&#8221;full_width&#8221; text_align=&#8221;left&#8221; css_animation=&#8221;&#8221;][vc_column][vc_column_text]3.\u00a0Zdejmujemy stary zabierak, i na jego miejsce nak\u0142adamy nowy, smaruj\u0105c wieloklin smarem.<\/p>\n<p>4.\u00a0Zak\u0142adamy zabezpieczenie na p\u00f3\u0142o\u015b, wk\u0142adamy spr\u0119\u017cynk\u0119 i przykr\u0119camy zabierak do przegubu.[\/vc_column_text][vc_empty_space][vc_row_inner row_type=&#8221;row&#8221; type=&#8221;full_width&#8221; use_row_as_full_screen_section_slide=&#8221;no&#8221; text_align=&#8221;left&#8221; css_animation=&#8221;&#8221;][vc_column_inner][vc_single_image image=&#8221;22066&#8243; img_size=&#8221;400&#215;300&#8243; add_caption=&#8221;yes&#8221; alignment=&#8221;center&#8221; onclick=&#8221;link_image&#8221; qode_css_animation=&#8221;&#8221;][vc_empty_space][\/vc_column_inner][\/vc_row_inner][vc_column_text]Autor:\u00a0<a href=\"http:\/\/forum.rezerwa126p.pl\/profile.php?mode=viewprofile&amp;u=2\">Pumex<\/a>[\/vc_column_text][\/vc_column][\/vc_row]\n","protected":false},"excerpt":{"rendered":"<p>[vc_row row_type=&#8221;row&#8221; use_row_as_full_screen_section=&#8221;no&#8221; type=&#8221;full_width&#8221; text_align=&#8221;left&#8221; css_animation=&#8221;&#8221;][vc_column][vc_column_text] Odkr\u0119camy kluczem 13 mm cztery \u015bruby mocuj\u0105ce zabierak do przegubu metalowo &#8211; gumowego [\/vc_column_text][vc_empty_space][vc_row_inner row_type=&#8221;row&#8221; type=&#8221;full_width&#8221; use_row_as_full_screen_section_slide=&#8221;no&#8221; text_align=&#8221;left&#8221; css_animation=&#8221;&#8221;][vc_column_inner][vc_single_image image=&#8221;22064&#8243; img_size=&#8221;400&#215;300&#8243; add_caption=&#8221;yes&#8221; alignment=&#8221;center&#8221; onclick=&#8221;link_image&#8221; qode_css_animation=&#8221;&#8221;][vc_empty_space][\/vc_column_inner][\/vc_row_inner][\/vc_column][\/vc_row][vc_row row_type=&#8221;row&#8221; use_row_as_full_screen_section=&#8221;no&#8221; type=&#8221;full_width&#8221; text_align=&#8221;left&#8221; css_animation=&#8221;&#8221;][vc_column][vc_column_text]2.\u00a0Wyjmujemy spr\u0119\u017cynk\u0119 spomi\u0119dzy p\u00f3\u0142osi a przegubu, oraz zdejmujemy pier\u015bcie\u0144 zabezpieczaj\u0105cy&#8230;<\/p>\n","protected":false},"author":2,"featured_media":0,"parent":21702,"menu_order":0,"comment_status":"closed","ping_status":"closed","template":"","meta":{"advanced_seo_description":"","spay_email":""},"jetpack_sharing_enabled":true,"jetpack_shortlink":"https:\/\/wp.me\/P9KryZ-5JR","jetpack_likes_enabled":true,"jetpack-related-posts":[{"id":22048,"url":"http:\/\/rezerwa126p.pl\/?page_id=22048","url_meta":{"origin":22063,"position":0},"title":"Wymiana uszczelniaczy p\u00f3\u0142osi i oleju w skrzyni bieg\u00f3w","date":"2 listopada 2017","format":false,"excerpt":"[vc_row row_type=\"row\" use_row_as_full_screen_section=\"no\" type=\"full_width\" text_align=\"left\" css_animation=\"\"][vc_column][vc_column_text]Potrzebne narz\u0119dzia klucze 10 i 13 mm imbus 12 p\u0142aski \u015brubokr\u0119t troch\u0119 pomys\u0142\u00f3w Podnosimy samoch\u00f3d (albo wje\u017cd\u017camy na kana\u0142, je\u015bli mamy tak\u0105 mo\u017cliwo\u015b\u0107.) Imbusem 12 odkr\u0119camy korek spustowy skrzyni bieg\u00f3w i zlewamy stary olej ze skrzyni. [\/vc_column_text][vc_empty_space][vc_row_inner row_type=\"row\" type=\"full_width\" use_row_as_full_screen_section_slide=\"no\" text_align=\"left\" css_animation=\"\"][vc_column_inner width=\"1\/2\"][vc_single_image image=\"22049\" img_size=\"400x300\"\u2026","rel":"","context":"Similar post","img":{"alt_text":"","src":"","width":0,"height":0},"classes":[]},{"id":21991,"url":"http:\/\/rezerwa126p.pl\/?page_id=21991","url_meta":{"origin":22063,"position":1},"title":"Wymiana przegub\u00f3w","date":"2 listopada 2017","format":false,"excerpt":"[vc_row row_type=\"row\" use_row_as_full_screen_section=\"no\" type=\"full_width\" text_align=\"left\" css_animation=\"\"][vc_column][vc_single_image image=\"21992\" img_size=\"400x300\" add_caption=\"yes\" alignment=\"center\" onclick=\"link_image\" qode_css_animation=\"\"][vc_empty_space][vc_row_inner row_type=\"row\" type=\"full_width\" use_row_as_full_screen_section_slide=\"no\" text_align=\"left\" css_animation=\"\"][vc_column_inner][vc_column_text] Odkr\u0119camy 4 \u015bruby 13mm na zabieraku. Po odkr\u0119ceniu zsuwamy zabierak i wyci\u0105gamy spr\u0119\u017cynk\u0119 z p\u00f3\u0142osi. [\/vc_column_text][vc_empty_space][\/vc_column_inner][\/vc_row_inner][\/vc_column][\/vc_row][vc_row row_type=\"row\" use_row_as_full_screen_section=\"no\" type=\"full_width\" text_align=\"left\" css_animation=\"\"][vc_column][vc_single_image image=\"21993\" img_size=\"400x300\" add_caption=\"yes\" alignment=\"center\" onclick=\"link_image\" qode_css_animation=\"\"][vc_empty_space][vc_row_inner row_type=\"row\" type=\"full_width\" use_row_as_full_screen_section_slide=\"no\" text_align=\"left\" css_animation=\"\"][vc_column_inner][vc_column_text]3.\u00a0Ukazuje si\u0119\u2026","rel":"","context":"Similar post","img":{"alt_text":"","src":"","width":0,"height":0},"classes":[]},{"id":22087,"url":"http:\/\/rezerwa126p.pl\/?page_id=22087","url_meta":{"origin":22063,"position":2},"title":"Wymiana \u0142o\u017cysk k\u00f3\u0142 tylnych","date":"2 listopada 2017","format":false,"excerpt":"[vc_row row_type=\"row\" use_row_as_full_screen_section=\"no\" type=\"full_width\" text_align=\"left\" css_animation=\"\"][vc_column][vc_column_text]Stan \u0142o\u017cysk k\u00f3\u0142 w ka\u017cdym poje\u017adzie ma niebagatelny wp\u0142yw na bezpiecze\u0144stwo oraz ekonomi\u0119 jazdy. Du\u017cy luz b\u0119dzie powodowa\u0142 problemy z geometri\u0105, niepewne prowadzenie oraz przyczyni si\u0119 do b\u0142yskawicznego zu\u017cycia element\u00f3w zawieszenia. \u00a0 Wymiana \u0142o\u017cysk k\u00f3\u0142 tylnych w Ma\u0142ym Fiacie nie nale\u017cy do czynno\u015bci skomplikowanych i\u2026","rel":"","context":"Similar post","img":{"alt_text":"","src":"","width":0,"height":0},"classes":[]},{"id":23084,"url":"http:\/\/rezerwa126p.pl\/?page_id=23084","url_meta":{"origin":22063,"position":3},"title":"Zloty i spoty","date":"12 marca 2018","format":false,"excerpt":"[vc_row row_type=\"row\" use_row_as_full_screen_section=\"no\" type=\"full_width\" text_align=\"left\" css_animation=\"\"][vc_column][\/vc_column][\/vc_row]","rel":"","context":"Similar post","img":{"alt_text":"","src":"","width":0,"height":0},"classes":[]}],"_links":{"self":[{"href":"http:\/\/rezerwa126p.pl\/index.php?rest_route=\/wp\/v2\/pages\/22063"}],"collection":[{"href":"http:\/\/rezerwa126p.pl\/index.php?rest_route=\/wp\/v2\/pages"}],"about":[{"href":"http:\/\/rezerwa126p.pl\/index.php?rest_route=\/wp\/v2\/types\/page"}],"author":[{"embeddable":true,"href":"http:\/\/rezerwa126p.pl\/index.php?rest_route=\/wp\/v2\/users\/2"}],"replies":[{"embeddable":true,"href":"http:\/\/rezerwa126p.pl\/index.php?rest_route=%2Fwp%2Fv2%2Fcomments&post=22063"}],"version-history":[{"count":1,"href":"http:\/\/rezerwa126p.pl\/index.php?rest_route=\/wp\/v2\/pages\/22063\/revisions"}],"predecessor-version":[{"id":22067,"href":"http:\/\/rezerwa126p.pl\/index.php?rest_route=\/wp\/v2\/pages\/22063\/revisions\/22067"}],"up":[{"embeddable":true,"href":"http:\/\/rezerwa126p.pl\/index.php?rest_route=\/wp\/v2\/pages\/21702"}],"wp:attachment":[{"href":"http:\/\/rezerwa126p.pl\/index.php?rest_route=%2Fwp%2Fv2%2Fmedia&parent=22063"}],"curies":[{"name":"wp","href":"https:\/\/api.w.org\/{rel}","templated":true}]}}