{"id":21780,"date":"2017-11-01T16:46:10","date_gmt":"2017-11-01T15:46:10","guid":{"rendered":"http:\/\/rezerwa126p.pl\/web\/?page_id=21780"},"modified":"2021-10-25T22:09:41","modified_gmt":"2021-10-25T20:09:41","slug":"naprawa-ukladu-hamulcowego","status":"publish","type":"page","link":"http:\/\/rezerwa126p.pl\/?page_id=21780","title":{"rendered":"Naprawa uk\u0142adu hamulcowego"},"content":{"rendered":"[vc_row row_type=&#8221;row&#8221; use_row_as_full_screen_section=&#8221;no&#8221; type=&#8221;full_width&#8221; text_align=&#8221;left&#8221; css_animation=&#8221;&#8221;][vc_column][vc_column_text]Je\u015bli kto\u015b chce robi\u0107 remont swojego uk\u0142adu hamulcowego, to my\u015bl\u0119 \u017ce znajdzie tutaj du\u017co cennych informacji. Nie ma si\u0119 czego obawia\u0107, wymiana jest bardzo prosta.[\/vc_column_text][vc_empty_space][vc_row_inner row_type=&#8221;row&#8221; type=&#8221;full_width&#8221; use_row_as_full_screen_section_slide=&#8221;no&#8221; text_align=&#8221;left&#8221; css_animation=&#8221;&#8221;][vc_column_inner][vc_single_image image=&#8221;21781&#8243; img_size=&#8221;400&#215;300&#8243; add_caption=&#8221;yes&#8221; alignment=&#8221;center&#8221; onclick=&#8221;link_image&#8221; qode_css_animation=&#8221;&#8221;][vc_empty_space][\/vc_column_inner][\/vc_row_inner][\/vc_column][\/vc_row][vc_row row_type=&#8221;row&#8221; use_row_as_full_screen_section=&#8221;no&#8221; type=&#8221;full_width&#8221; text_align=&#8221;left&#8221; css_animation=&#8221;&#8221;][vc_column][vc_column_text]<span style=\"text-decoration: underline;\">Potrzebne narz\u0119dzia:<\/span><\/p>\n<ul>\n<li>kombinerki<\/li>\n<li>klucze nasadowe: 13, 17, 24, 30<\/li>\n<li>klucze p\u0142askie \/ oczkowe: 10, 12, 14<\/li>\n<li>\u015brubokr\u0119t p\u0142aski<\/li>\n<li>m\u0142otek<\/li>\n<li>smar miedziowy<\/li>\n<li>p\u0142yn hamulcowy<\/li>\n<li>WD40<\/li>\n<\/ul>\n<p><span style=\"text-decoration: underline;\">Przednie ko\u0142a<\/span><\/p>\n<p>Najpierw zabieramy si\u0119 za przednie ko\u0142a. Po \u015bci\u0105gni\u0119ciu k\u00f3\u0142 odkr\u0119camy dwie \u015brubki na klucz 12 mm mocuj\u0105ce b\u0119ben:[\/vc_column_text][vc_empty_space][vc_row_inner row_type=&#8221;row&#8221; type=&#8221;full_width&#8221; use_row_as_full_screen_section_slide=&#8221;no&#8221; text_align=&#8221;left&#8221; css_animation=&#8221;&#8221;][vc_column_inner][vc_single_image image=&#8221;21782&#8243; img_size=&#8221;400&#215;300&#8243; add_caption=&#8221;yes&#8221; alignment=&#8221;center&#8221; onclick=&#8221;link_image&#8221; qode_css_animation=&#8221;&#8221;][vc_empty_space][\/vc_column_inner][\/vc_row_inner][\/vc_column][\/vc_row][vc_row row_type=&#8221;row&#8221; use_row_as_full_screen_section=&#8221;no&#8221; type=&#8221;full_width&#8221; text_align=&#8221;left&#8221; css_animation=&#8221;&#8221;][vc_column][vc_column_text]\u015aci\u0105gamy b\u0119ben \u2013 prawdopodobnie trzeba b\u0119dzie si\u0119 z tym posi\u0142owa\u0107 i u\u017cy\u0107 m\u0142otka. Za pomoc\u0105 \u015brubokr\u0119ta \u015bci\u0105gamy os\u0142one na pia\u015bcie, i kluczem nasadowym 24 odkr\u0119camy nakr\u0119tk\u0119:[\/vc_column_text][vc_empty_space][vc_row_inner row_type=&#8221;row&#8221; type=&#8221;full_width&#8221; use_row_as_full_screen_section_slide=&#8221;no&#8221; text_align=&#8221;left&#8221; css_animation=&#8221;&#8221;][vc_column_inner][vc_single_image image=&#8221;21783&#8243; img_size=&#8221;400&#215;300&#8243; add_caption=&#8221;yes&#8221; alignment=&#8221;center&#8221; onclick=&#8221;link_image&#8221; qode_css_animation=&#8221;&#8221;][vc_empty_space][\/vc_column_inner][\/vc_row_inner][\/vc_column][\/vc_row][vc_row row_type=&#8221;row&#8221; use_row_as_full_screen_section=&#8221;no&#8221; type=&#8221;full_width&#8221; text_align=&#8221;left&#8221; css_animation=&#8221;&#8221;][vc_column][vc_column_text]Dzi\u0119ki czemu \u015bci\u0105gamy piast\u0119:[\/vc_column_text][vc_empty_space][vc_row_inner row_type=&#8221;row&#8221; type=&#8221;full_width&#8221; use_row_as_full_screen_section_slide=&#8221;no&#8221; text_align=&#8221;left&#8221; css_animation=&#8221;&#8221;][vc_column_inner][vc_single_image image=&#8221;21784&#8243; img_size=&#8221;400&#215;300&#8243; add_caption=&#8221;yes&#8221; alignment=&#8221;center&#8221; onclick=&#8221;link_image&#8221; qode_css_animation=&#8221;&#8221;][vc_empty_space][\/vc_column_inner][\/vc_row_inner][\/vc_column][\/vc_row][vc_row row_type=&#8221;row&#8221; use_row_as_full_screen_section=&#8221;no&#8221; type=&#8221;full_width&#8221; text_align=&#8221;left&#8221; css_animation=&#8221;&#8221;][vc_column][vc_column_text]Teraz od drugiej strony odginamy zabezpieczenie i kluczem p\u0142askim 14 odkr\u0119camy przew\u00f3d hamulcowy od cylinderka. Nast\u0119pnie kluczem nasadowym 13 odkr\u0119camy trzy nakr\u0119tki, mocuj\u0105ce tarcz\u0119 kotwiczn\u0105 do zwrotnicy.[\/vc_column_text][vc_empty_space][vc_row_inner row_type=&#8221;row&#8221; type=&#8221;full_width&#8221; use_row_as_full_screen_section_slide=&#8221;no&#8221; text_align=&#8221;left&#8221; css_animation=&#8221;&#8221;][vc_column_inner width=&#8221;1\/2&#8243;][vc_single_image image=&#8221;21785&#8243; img_size=&#8221;400&#215;300&#8243; add_caption=&#8221;yes&#8221; alignment=&#8221;center&#8221; onclick=&#8221;link_image&#8221; qode_css_animation=&#8221;&#8221;][vc_empty_space][\/vc_column_inner][vc_column_inner width=&#8221;1\/2&#8243;][vc_single_image image=&#8221;21786&#8243; img_size=&#8221;400&#215;300&#8243; add_caption=&#8221;yes&#8221; alignment=&#8221;center&#8221; onclick=&#8221;link_image&#8221; qode_css_animation=&#8221;&#8221;][\/vc_column_inner][\/vc_row_inner][\/vc_column][\/vc_row][vc_row row_type=&#8221;row&#8221; use_row_as_full_screen_section=&#8221;no&#8221; type=&#8221;full_width&#8221; text_align=&#8221;left&#8221; css_animation=&#8221;&#8221;][vc_column][vc_column_text]Ze \u015bci\u0105gni\u0119t\u0105 tarcza idziemy do sto\u0142u i wykr\u0119camy cz\u0119\u015bci, potrzebne nam do nowego zestawu:<\/p>\n<ul>\n<li>mocowania szcz\u0119k<\/li>\n<li>zabezpieczenie przewodu (z drugiej strony)<\/li>\n<\/ul>\n[\/vc_column_text][vc_empty_space][vc_row_inner row_type=&#8221;row&#8221; type=&#8221;full_width&#8221; use_row_as_full_screen_section_slide=&#8221;no&#8221; text_align=&#8221;left&#8221; css_animation=&#8221;&#8221;][vc_column_inner][vc_single_image image=&#8221;21787&#8243; img_size=&#8221;400&#215;300&#8243; add_caption=&#8221;yes&#8221; alignment=&#8221;center&#8221; onclick=&#8221;link_image&#8221; qode_css_animation=&#8221;&#8221;][vc_empty_space][\/vc_column_inner][\/vc_row_inner][\/vc_column][\/vc_row][vc_row row_type=&#8221;row&#8221; use_row_as_full_screen_section=&#8221;no&#8221; type=&#8221;full_width&#8221; text_align=&#8221;left&#8221; css_animation=&#8221;&#8221;][vc_column][vc_column_text]Nowe elementy montujemy w nast\u0119puj\u0105cej kolejno\u015bci:<\/p>\n<ul>\n<li>zamocowanie cylinderka na tarczy dwiema \u015brubkami na klucz 10<\/li>\n<li>zamocowanie jednej szcz\u0119ki wraz z jej mocowaniem<\/li>\n<li>na\u0142o\u017cenie spr\u0119\u017cynek, naci\u0105gni\u0119cie drugiej szcz\u0119ki na jej miejsce i za\u0142o\u017cenie mocowania<\/li>\n<\/ul>\n<p>Naci\u0105gni\u0119cie spr\u0119\u017cyn na szcz\u0119ki mo\u017ce nam sprawi\u0107 troch\u0119 trudno\u015bci. Ja zrobi\u0142em to w ten spos\u00f3b:[\/vc_column_text][vc_empty_space][vc_row_inner row_type=&#8221;row&#8221; type=&#8221;full_width&#8221; use_row_as_full_screen_section_slide=&#8221;no&#8221; text_align=&#8221;left&#8221; css_animation=&#8221;&#8221;][vc_column_inner width=&#8221;1\/2&#8243;][vc_single_image image=&#8221;21788&#8243; img_size=&#8221;400&#215;300&#8243; add_caption=&#8221;yes&#8221; alignment=&#8221;center&#8221; onclick=&#8221;link_image&#8221; qode_css_animation=&#8221;&#8221;][vc_empty_space][\/vc_column_inner][vc_column_inner width=&#8221;1\/2&#8243;][vc_single_image image=&#8221;21789&#8243; img_size=&#8221;400&#215;300&#8243; add_caption=&#8221;yes&#8221; alignment=&#8221;center&#8221; qode_css_animation=&#8221;&#8221;][vc_empty_space][\/vc_column_inner][\/vc_row_inner][\/vc_column][\/vc_row][vc_row row_type=&#8221;row&#8221; use_row_as_full_screen_section=&#8221;no&#8221; type=&#8221;full_width&#8221; text_align=&#8221;left&#8221; css_animation=&#8221;&#8221;][vc_column][vc_column_text]Monta\u017c do zwrotnicy nale\u017cy wykona\u0107 w odwrotnej kolejno\u015bci ni\u017c demonta\u017c:[\/vc_column_text][vc_empty_space][vc_row_inner row_type=&#8221;row&#8221; type=&#8221;full_width&#8221; use_row_as_full_screen_section_slide=&#8221;no&#8221; text_align=&#8221;left&#8221; css_animation=&#8221;&#8221;][vc_column_inner width=&#8221;1\/2&#8243;][vc_single_image image=&#8221;21790&#8243; img_size=&#8221;400&#215;300&#8243; add_caption=&#8221;yes&#8221; alignment=&#8221;center&#8221; onclick=&#8221;link_image&#8221; qode_css_animation=&#8221;&#8221;][vc_empty_space][\/vc_column_inner][vc_column_inner width=&#8221;1\/2&#8243;][vc_single_image image=&#8221;21789&#8243; img_size=&#8221;400&#215;300&#8243; add_caption=&#8221;yes&#8221; alignment=&#8221;center&#8221; qode_css_animation=&#8221;&#8221;][vc_empty_space][\/vc_column_inner][\/vc_row_inner][\/vc_column][\/vc_row][vc_row row_type=&#8221;row&#8221; use_row_as_full_screen_section=&#8221;no&#8221; type=&#8221;full_width&#8221; text_align=&#8221;left&#8221; css_animation=&#8221;&#8221;][vc_column][vc_column_text]Trzeba pami\u0119ta\u0107 o zastosowaniu nowych podk\u0142adek miedzianych przy mocowaniu przewodu hamulcowego.<\/p>\n<p>&nbsp;<\/p>\n<p><span style=\"text-decoration: underline;\">Ko\u0142a tylne<\/span><\/p>\n<p>Przy tylnych ko\u0142ach b\u0119dzie du\u017co wi\u0119cej roboty. Zaczynamy od odkr\u0119cenia 4 \u015brub zabieraka, pod kt\u00f3rym zamontowany jest przegub na nakr\u0119tk\u0119 32, mocuje on kr\u00f3tk\u0105 p\u00f3\u0142o\u015b i piast\u0119. Du\u017co na ten temat jest napisane w poradniku\u00a0<em>Wymiana przegub\u00f3w<\/em><\/p>\n[\/vc_column_text][vc_empty_space][vc_row_inner row_type=&#8221;row&#8221; type=&#8221;full_width&#8221; use_row_as_full_screen_section_slide=&#8221;no&#8221; text_align=&#8221;left&#8221; css_animation=&#8221;&#8221;][vc_column_inner width=&#8221;1\/2&#8243;][vc_single_image image=&#8221;21791&#8243; img_size=&#8221;400&#215;300&#8243; add_caption=&#8221;yes&#8221; alignment=&#8221;center&#8221; onclick=&#8221;link_image&#8221; qode_css_animation=&#8221;&#8221;][vc_empty_space][\/vc_column_inner][vc_column_inner width=&#8221;1\/2&#8243;][vc_single_image image=&#8221;21789&#8243; img_size=&#8221;400&#215;300&#8243; add_caption=&#8221;yes&#8221; alignment=&#8221;center&#8221; qode_css_animation=&#8221;&#8221;][vc_empty_space][\/vc_column_inner][\/vc_row_inner][\/vc_column][\/vc_row][vc_row row_type=&#8221;row&#8221; use_row_as_full_screen_section=&#8221;no&#8221; type=&#8221;full_width&#8221; text_align=&#8221;left&#8221; css_animation=&#8221;&#8221;][vc_column][vc_column_text]Teraz na spokojnie mo\u017cemy kluczem p\u0142askim 10 odkr\u0119ci\u0107 przew\u00f3d hamulcowy od cylinderka. Musimy uwa\u017ca\u0107, \u017ceby go nie urwa\u0107, cho\u0107 czasem (jak na zdj\u0119ciu) jest to nieuniknione.[\/vc_column_text][vc_empty_space][vc_row_inner row_type=&#8221;row&#8221; type=&#8221;full_width&#8221; use_row_as_full_screen_section_slide=&#8221;no&#8221; text_align=&#8221;left&#8221; css_animation=&#8221;&#8221;][vc_column_inner][vc_single_image image=&#8221;21792&#8243; img_size=&#8221;400&#215;300&#8243; add_caption=&#8221;yes&#8221; alignment=&#8221;center&#8221; onclick=&#8221;link_image&#8221; qode_css_animation=&#8221;&#8221;][vc_empty_space][\/vc_column_inner][\/vc_row_inner][\/vc_column][\/vc_row][vc_row row_type=&#8221;row&#8221; use_row_as_full_screen_section=&#8221;no&#8221; type=&#8221;full_width&#8221; text_align=&#8221;left&#8221; css_animation=&#8221;&#8221;][vc_column][vc_column_text]\u015aci\u0105gamy b\u0119ben i wyci\u0105gamy piast\u0119, nast\u0119pnie \u015bci\u0105gamy szcz\u0119ki. Ukazuj\u0105 si\u0119 nam 4 nakr\u0119tki mocuj\u0105ce tarcz\u0119 do wahacza. Odkr\u0119camy je, najlepiej nasadk\u0105 17, i \u015bci\u0105gamy tarcz\u0119, z kt\u00f3rej wyci\u0105gamy drug\u0105 cz\u0119\u015b\u0107 piasty z \u0142o\u017cyskiem.[\/vc_column_text][vc_empty_space][vc_row_inner row_type=&#8221;row&#8221; type=&#8221;full_width&#8221; use_row_as_full_screen_section_slide=&#8221;no&#8221; text_align=&#8221;left&#8221; css_animation=&#8221;&#8221;][vc_column_inner][vc_single_image image=&#8221;21793&#8243; img_size=&#8221;400&#215;300&#8243; add_caption=&#8221;yes&#8221; alignment=&#8221;center&#8221; onclick=&#8221;link_image&#8221; qode_css_animation=&#8221;&#8221;][vc_empty_space][\/vc_column_inner][\/vc_row_inner][\/vc_column][\/vc_row][vc_row row_type=&#8221;row&#8221; use_row_as_full_screen_section=&#8221;no&#8221; type=&#8221;full_width&#8221; text_align=&#8221;left&#8221; css_animation=&#8221;&#8221;][vc_column][vc_column_text]Monta\u017c nowych element\u00f3w przeprowadzamy tak jak na przodzie, z jednym wyj\u0105tkiem \u2013 zak\u0142adamy rozpieraki hamulca r\u0119cznego w tym momencie:[\/vc_column_text][vc_empty_space][vc_row_inner row_type=&#8221;row&#8221; type=&#8221;full_width&#8221; use_row_as_full_screen_section_slide=&#8221;no&#8221; text_align=&#8221;left&#8221; css_animation=&#8221;&#8221;][vc_column_inner][vc_single_image image=&#8221;21794&#8243; img_size=&#8221;400&#215;300&#8243; add_caption=&#8221;yes&#8221; alignment=&#8221;center&#8221; onclick=&#8221;link_image&#8221; qode_css_animation=&#8221;&#8221;][vc_empty_space][\/vc_column_inner][\/vc_row_inner][\/vc_column][\/vc_row][vc_row row_type=&#8221;row&#8221; use_row_as_full_screen_section=&#8221;no&#8221; type=&#8221;full_width&#8221; text_align=&#8221;left&#8221; css_animation=&#8221;&#8221;][vc_column][vc_column_text]\u0141\u0105czymy je i skr\u0119camy drucik w ten spos\u00f3b:[\/vc_column_text][vc_empty_space][vc_row_inner row_type=&#8221;row&#8221; type=&#8221;full_width&#8221; use_row_as_full_screen_section_slide=&#8221;no&#8221; text_align=&#8221;left&#8221; css_animation=&#8221;&#8221;][vc_column_inner][vc_single_image image=&#8221;21795&#8243; img_size=&#8221;400&#215;300&#8243; add_caption=&#8221;yes&#8221; alignment=&#8221;center&#8221; onclick=&#8221;link_image&#8221; qode_css_animation=&#8221;&#8221;][vc_empty_space][\/vc_column_inner][\/vc_row_inner][\/vc_column][\/vc_row][vc_row row_type=&#8221;row&#8221; use_row_as_full_screen_section=&#8221;no&#8221; type=&#8221;full_width&#8221; text_align=&#8221;left&#8221; css_animation=&#8221;&#8221;][vc_column][vc_column_text]Nast\u0119pnie naci\u0105gamy drug\u0105 szcz\u0119k\u0119 ze spr\u0119\u017cynkami, wk\u0142adamy kr\u00f3tk\u0105 p\u00f3\u0142o\u015b, i zakr\u0119camy przegub. Po za\u0142o\u017ceniu rozpierak\u00f3w nale\u017cy kilkakrotnie pozaci\u0105ga\u0107 r\u0119czny, \u017ceby rozpieraki i spr\u0119\u017cyny si\u0119 u\u0142o\u017cy\u0142y. W przypadku urwanego przewodu nale\u017cy odkr\u0119ci\u0107 jego reszt\u0119 od przewodu gumowego. Potrzebne nam b\u0119d\u0105 do tego dwa klucze p\u0142askie 10 i 17. Odkr\u0119camy go w nast\u0119puj\u0105cy spos\u00f3b:[\/vc_column_text][vc_empty_space][vc_row_inner row_type=&#8221;row&#8221; type=&#8221;full_width&#8221; use_row_as_full_screen_section_slide=&#8221;no&#8221; text_align=&#8221;left&#8221; css_animation=&#8221;&#8221;][vc_column_inner][vc_single_image image=&#8221;21796&#8243; img_size=&#8221;400&#215;300&#8243; add_caption=&#8221;yes&#8221; alignment=&#8221;center&#8221; onclick=&#8221;link_image&#8221; qode_css_animation=&#8221;&#8221;][vc_empty_space][\/vc_column_inner][\/vc_row_inner][\/vc_column][\/vc_row][vc_row row_type=&#8221;row&#8221; use_row_as_full_screen_section=&#8221;no&#8221; type=&#8221;full_width&#8221; text_align=&#8221;left&#8221; css_animation=&#8221;&#8221;][vc_column][vc_column_text]A na jego miejsce wstawiamy nowy, najlepiej smaruj\u0105c \u0142\u0105czenia smarem miedziowym:[\/vc_column_text][vc_empty_space][vc_row_inner row_type=&#8221;row&#8221; type=&#8221;full_width&#8221; use_row_as_full_screen_section_slide=&#8221;no&#8221; text_align=&#8221;left&#8221; css_animation=&#8221;&#8221;][vc_column_inner][vc_single_image image=&#8221;21797&#8243; img_size=&#8221;400&#215;300&#8243; add_caption=&#8221;yes&#8221; alignment=&#8221;center&#8221; onclick=&#8221;link_image&#8221; qode_css_animation=&#8221;&#8221;][vc_empty_space][\/vc_column_inner][\/vc_row_inner][vc_column_text]Na koniec, po skr\u0119ceniu wszystkiego do kupy odpowietrzamy uk\u0142ad, co zosta\u0142o opisane w oddzielnym poradniku.<\/p>\n<p>&nbsp;<\/p>\n<p><a href=\"http:\/\/forum.rezerwa126p.pl\/profile.php?mode=viewprofile&amp;u=329&amp;sid=d09efcff400134c3a3508ca3381b1268\">Freddie<\/a>[\/vc_column_text][\/vc_column][\/vc_row]\n","protected":false},"excerpt":{"rendered":"<p>[vc_row row_type=&#8221;row&#8221; use_row_as_full_screen_section=&#8221;no&#8221; type=&#8221;full_width&#8221; text_align=&#8221;left&#8221; css_animation=&#8221;&#8221;][vc_column][vc_column_text]Je\u015bli kto\u015b chce robi\u0107 remont swojego uk\u0142adu hamulcowego, to my\u015bl\u0119 \u017ce znajdzie tutaj du\u017co cennych informacji. Nie ma si\u0119 czego obawia\u0107, wymiana jest bardzo prosta.[\/vc_column_text][vc_empty_space][vc_row_inner row_type=&#8221;row&#8221; type=&#8221;full_width&#8221; use_row_as_full_screen_section_slide=&#8221;no&#8221; text_align=&#8221;left&#8221; css_animation=&#8221;&#8221;][vc_column_inner][vc_single_image image=&#8221;21781&#8243; img_size=&#8221;400&#215;300&#8243; add_caption=&#8221;yes&#8221; alignment=&#8221;center&#8221; onclick=&#8221;link_image&#8221; qode_css_animation=&#8221;&#8221;][vc_empty_space][\/vc_column_inner][\/vc_row_inner][\/vc_column][\/vc_row][vc_row row_type=&#8221;row&#8221; use_row_as_full_screen_section=&#8221;no&#8221; type=&#8221;full_width&#8221; text_align=&#8221;left&#8221;&#8230;<\/p>\n","protected":false},"author":2,"featured_media":0,"parent":21702,"menu_order":0,"comment_status":"closed","ping_status":"closed","template":"","meta":{"advanced_seo_description":"","spay_email":""},"jetpack_sharing_enabled":true,"jetpack_shortlink":"https:\/\/wp.me\/P9KryZ-5Fi","jetpack_likes_enabled":true,"jetpack-related-posts":[{"id":22590,"url":"http:\/\/rezerwa126p.pl\/?page_id=22590","url_meta":{"origin":21780,"position":0},"title":"ST","date":"4 listopada 2017","format":false,"excerpt":"Pierwowz\u00f3r, najbardziej klasyczna wersja Malucha. Pozbawiony wszelkich ulepsze\u0144 spotykanych w p\u00f3\u017aniejszych modelach. Charakterystyczn\u0105 cech\u0105 typow\u0105 dla odmiany ST, s\u0105 ko\u0142a o szerokim rozstawie \u015brub (4x190), tak zwane Cytrynki. Oraz wiadomo, zderzaki chromowane. ST produkowany by\u0142 w dw\u00f3ch generacjach - I seria (1973 - 07.1977), oraz II seria (07.1977 - 12.1984)\u2026","rel":"","context":"Similar post","img":{"alt_text":"","src":"https:\/\/i0.wp.com\/rezerwa126p.pl\/web\/wp-content\/uploads\/2021\/12\/020-300x209.jpeg?resize=350%2C200","width":350,"height":200},"classes":[]},{"id":22273,"url":"http:\/\/rezerwa126p.pl\/?page_id=22273","url_meta":{"origin":21780,"position":1},"title":"Opis elektronicznego uk\u0142adu zap\u0142onowego i jego monta\u017c w wersji ST \/ FL","date":"4 listopada 2017","format":false,"excerpt":"[vc_row row_type=\"row\" use_row_as_full_screen_section=\"no\" type=\"full_width\" text_align=\"left\" css_animation=\"\"][vc_column][vc_column_text]W uk\u0142adzie zap\u0142onowym Fiata 126 el wyeliminowano jeden z najbardziej zawodnych element\u00f3w samochodu \u2013 nap\u0119dzany wa\u0142kiem rozrz\u0105du aparat zap\u0142onowy z przerywaczem. Klasyczny uk\u0142ad zap\u0142onowy z zawodnymi elementami ruchomymi zast\u0105piono nowoczesnym, ca\u0142kowicie elektronicznym uk\u0142adem, sterowanym modu\u0142em zap\u0142onowym Nanoplex. \u00a0 Na uk\u0142ad zap\u0142onowy w wersji el sk\u0142adaj\u0105\u2026","rel":"","context":"Similar post","img":{"alt_text":"","src":"","width":0,"height":0},"classes":[]},{"id":21733,"url":"http:\/\/rezerwa126p.pl\/?page_id=21733","url_meta":{"origin":21780,"position":2},"title":"Monta\u017c hamulc\u00f3w tarczowych","date":"1 listopada 2017","format":false,"excerpt":"[vc_row row_type=\"row\" use_row_as_full_screen_section=\"no\" type=\"full_width\" text_align=\"left\" css_animation=\"\"][vc_column][vc_column_text]Instrukcja monta\u017cu hamulc\u00f3w tarczowych z Cinquecento \/ Seicento Potrzebne narz\u0119dzia: klucze 12, 13, 14, 17, 19 i 22 mm Podnie\u015b samoch\u00f3d Odkr\u0119\u0107 ko\u0142o (4 \u015bruby na klucz 19 mm) Odkr\u0119\u0107 b\u0119ben (2 \u015bruby na klucz 12 mm). Je\u015bli b\u0119bny nie chc\u0105 zej\u015b\u0107, pom\u00f3c mo\u017ce kilkakrotne\u2026","rel":"","context":"Similar post","img":{"alt_text":"","src":"","width":0,"height":0},"classes":[]},{"id":22624,"url":"http:\/\/rezerwa126p.pl\/?page_id=22624","url_meta":{"origin":21780,"position":3},"title":"Fiat 126p ST &#8211; opis modelu","date":"5 listopada 2017","format":false,"excerpt":"[vc_row row_type=\"row\" use_row_as_full_screen_section=\"no\" type=\"full_width\" text_align=\"left\" css_animation=\"\"][vc_column][vc_column_text]Fiat nowy model 126 oficjalnie zaprezentowa\u0142 9 listopada 1972 roku na salonie samochodowym w Turynie. Kilka dni, po tym wydarzeniu nowego Fiata 126 pokazano w Warszawie na Placu Defilad. 6 czerwca 1973 zmontowano w fabryce FSM w Bielsku Bia\u0142ej pierwszego Polskiego Fiata 126p z w\u0142oskich\u2026","rel":"","context":"Similar post","img":{"alt_text":"","src":"","width":0,"height":0},"classes":[]},{"id":22685,"url":"http:\/\/rezerwa126p.pl\/?page_id=22685","url_meta":{"origin":21780,"position":4},"title":"Opis modelu","date":"5 listopada 2017","format":false,"excerpt":"[vc_row row_type=\"row\" use_row_as_full_screen_section=\"no\" type=\"full_width\" text_align=\"left\" css_animation=\"\"][vc_column][vc_column_text]W 1992 roku fabryka FSM przej\u0119ta zosta\u0142a przez Fiat Auto Poland, i od tego czasu to pod takim szyldem sprzedawano maluchy. W 1994 roku nast\u0105pi\u0142 kolejny wi\u0119kszy pakiet zmian w ma\u0142ym fiacie, produkowanym od tego roku pod nazw\u0105 el. Najwa\u017cniejsze z nich, to: zmiana karoserii\u2026","rel":"","context":"Similar post","img":{"alt_text":"","src":"","width":0,"height":0},"classes":[]},{"id":22255,"url":"http:\/\/rezerwa126p.pl\/?page_id=22255","url_meta":{"origin":21780,"position":5},"title":"Budowa bagnetu ze wska\u017anikiem temperatury","date":"4 listopada 2017","format":false,"excerpt":"[vc_row row_type=\"row\" use_row_as_full_screen_section=\"no\" type=\"full_width\" text_align=\"left\" css_animation=\"\"][vc_column][vc_column_text]Witam. \u00a0 My\u015bl\u0119, \u017ce wielu z was spotka\u0142o si\u0119 z aukcjami na allegro, gdzie za przyzwoite pieni\u0105dze mo\u017cna zakupi\u0107 wska\u017anik temperatury oleju\/napi\u0119cia \u0142adowania akumulatora mera-lumel.[\/vc_column_text][vc_row_inner row_type=\"row\" type=\"full_width\" use_row_as_full_screen_section_slide=\"no\" text_align=\"left\" css_animation=\"\"][vc_column_inner][vc_single_image image=\"22271\" img_size=\"400x300\" add_caption=\"yes\" alignment=\"center\" onclick=\"link_image\" qode_css_animation=\"\"][vc_empty_space][\/vc_column_inner][\/vc_row_inner][\/vc_column][\/vc_row][vc_row row_type=\"row\" use_row_as_full_screen_section=\"no\" type=\"full_width\" text_align=\"left\" css_animation=\"\"][vc_column][vc_column_text]Najcz\u0119\u015bciej bardzo istotny element mierniczy\u2026","rel":"","context":"Similar post","img":{"alt_text":"","src":"","width":0,"height":0},"classes":[]}],"_links":{"self":[{"href":"http:\/\/rezerwa126p.pl\/index.php?rest_route=\/wp\/v2\/pages\/21780"}],"collection":[{"href":"http:\/\/rezerwa126p.pl\/index.php?rest_route=\/wp\/v2\/pages"}],"about":[{"href":"http:\/\/rezerwa126p.pl\/index.php?rest_route=\/wp\/v2\/types\/page"}],"author":[{"embeddable":true,"href":"http:\/\/rezerwa126p.pl\/index.php?rest_route=\/wp\/v2\/users\/2"}],"replies":[{"embeddable":true,"href":"http:\/\/rezerwa126p.pl\/index.php?rest_route=%2Fwp%2Fv2%2Fcomments&post=21780"}],"version-history":[{"count":2,"href":"http:\/\/rezerwa126p.pl\/index.php?rest_route=\/wp\/v2\/pages\/21780\/revisions"}],"predecessor-version":[{"id":21799,"href":"http:\/\/rezerwa126p.pl\/index.php?rest_route=\/wp\/v2\/pages\/21780\/revisions\/21799"}],"up":[{"embeddable":true,"href":"http:\/\/rezerwa126p.pl\/index.php?rest_route=\/wp\/v2\/pages\/21702"}],"wp:attachment":[{"href":"http:\/\/rezerwa126p.pl\/index.php?rest_route=%2Fwp%2Fv2%2Fmedia&parent=21780"}],"curies":[{"name":"wp","href":"https:\/\/api.w.org\/{rel}","templated":true}]}}