{"id":21708,"date":"2017-10-31T17:10:47","date_gmt":"2017-10-31T16:10:47","guid":{"rendered":"http:\/\/rezerwa126p.pl\/web\/?page_id=21708"},"modified":"2021-10-25T22:09:40","modified_gmt":"2021-10-25T20:09:40","slug":"tuning-i-stylistyka","status":"publish","type":"page","link":"http:\/\/rezerwa126p.pl\/?page_id=21708","title":{"rendered":"Tuning i stylistyka"},"content":{"rendered":"[vc_row row_type=&#8221;row&#8221; use_row_as_full_screen_section=&#8221;no&#8221; type=&#8221;full_width&#8221; text_align=&#8221;left&#8221; css_animation=&#8221;&#8221;][vc_column][vc_column_text]<ul class=\"su-subpages\"><li class=\"page_item page-item-22474\"><a href=\"http:\/\/rezerwa126p.pl\/?page_id=22474\">Czyszczenie tapicerki skajowej<\/a><\/li>\n<li class=\"page_item page-item-22442\"><a href=\"http:\/\/rezerwa126p.pl\/?page_id=22442\">Skracanie os\u0142on popychaczy<\/a><\/li>\n<li class=\"page_item page-item-22418\"><a href=\"http:\/\/rezerwa126p.pl\/?page_id=22418\">Skracanie popychaczy<\/a><\/li>\n<li class=\"page_item page-item-22487\"><a href=\"http:\/\/rezerwa126p.pl\/?page_id=22487\">Turbinka Kowalskiego<\/a><\/li>\n<li class=\"page_item page-item-22462\"><a href=\"http:\/\/rezerwa126p.pl\/?page_id=22462\">Zmiana szyfru w &#8222;ruskim korku&#8221;<\/a><\/li>\n<li class=\"page_item page-item-22429\"><a href=\"http:\/\/rezerwa126p.pl\/?page_id=22429\">\u017b\u00f3\u0142te reflektory &#8211; malowanie odb\u0142y\u015bnika lampy<\/a><\/li>\n<\/ul>[\/vc_column_text][\/vc_column][\/vc_row]\n","protected":false},"excerpt":{"rendered":"<p>[vc_row row_type=&#8221;row&#8221; use_row_as_full_screen_section=&#8221;no&#8221; type=&#8221;full_width&#8221; text_align=&#8221;left&#8221; css_animation=&#8221;&#8221;][vc_column][vc_column_text][\/vc_column_text][\/vc_column][\/vc_row]<\/p>\n","protected":false},"author":2,"featured_media":0,"parent":21661,"menu_order":0,"comment_status":"closed","ping_status":"closed","template":"","meta":{"advanced_seo_description":"","spay_email":""},"jetpack_sharing_enabled":true,"jetpack_shortlink":"https:\/\/wp.me\/P9KryZ-5E8","jetpack_likes_enabled":true,"jetpack-related-posts":[],"_links":{"self":[{"href":"http:\/\/rezerwa126p.pl\/index.php?rest_route=\/wp\/v2\/pages\/21708"}],"collection":[{"href":"http:\/\/rezerwa126p.pl\/index.php?rest_route=\/wp\/v2\/pages"}],"about":[{"href":"http:\/\/rezerwa126p.pl\/index.php?rest_route=\/wp\/v2\/types\/page"}],"author":[{"embeddable":true,"href":"http:\/\/rezerwa126p.pl\/index.php?rest_route=\/wp\/v2\/users\/2"}],"replies":[{"embeddable":true,"href":"http:\/\/rezerwa126p.pl\/index.php?rest_route=%2Fwp%2Fv2%2Fcomments&post=21708"}],"version-history":[{"count":2,"href":"http:\/\/rezerwa126p.pl\/index.php?rest_route=\/wp\/v2\/pages\/21708\/revisions"}],"predecessor-version":[{"id":22145,"href":"http:\/\/rezerwa126p.pl\/index.php?rest_route=\/wp\/v2\/pages\/21708\/revisions\/22145"}],"up":[{"embeddable":true,"href":"http:\/\/rezerwa126p.pl\/index.php?rest_route=\/wp\/v2\/pages\/21661"}],"wp:attachment":[{"href":"http:\/\/rezerwa126p.pl\/index.php?rest_route=%2Fwp%2Fv2%2Fmedia&parent=21708"}],"curies":[{"name":"wp","href":"https:\/\/api.w.org\/{rel}","templated":true}]}}