{"id":21704,"date":"2017-10-31T17:10:21","date_gmt":"2017-10-31T16:10:21","guid":{"rendered":"http:\/\/rezerwa126p.pl\/web\/?page_id=21704"},"modified":"2021-10-25T22:09:40","modified_gmt":"2021-10-25T20:09:40","slug":"warsztat-elektryczny","status":"publish","type":"page","link":"http:\/\/rezerwa126p.pl\/?page_id=21704","title":{"rendered":"Warsztat elektryczny"},"content":{"rendered":"[vc_row row_type=&#8221;row&#8221; use_row_as_full_screen_section=&#8221;no&#8221; type=&#8221;full_width&#8221; text_align=&#8221;left&#8221; css_animation=&#8221;&#8221;][vc_column][vc_column_text]<ul class=\"su-subpages\"><li class=\"page_item page-item-22255\"><a href=\"http:\/\/rezerwa126p.pl\/?page_id=22255\">Budowa bagnetu ze wska\u017anikiem temperatury<\/a><\/li>\n<li class=\"page_item page-item-22159\"><a href=\"http:\/\/rezerwa126p.pl\/?page_id=22159\">Czyszczenie i konserwacja dmuchawy<\/a><\/li>\n<li class=\"page_item page-item-22167\"><a href=\"http:\/\/rezerwa126p.pl\/?page_id=22167\">Diodowe pod\u015bwietlenie licznika<\/a><\/li>\n<li class=\"page_item page-item-22147\"><a href=\"http:\/\/rezerwa126p.pl\/?page_id=22147\">Instalacja przeka\u017anik\u00f3w \u015bwiate\u0142<\/a><\/li>\n<li class=\"page_item page-item-22306\"><a href=\"http:\/\/rezerwa126p.pl\/?page_id=22306\">Naprawa elekromagnesu rozrusznika<\/a><\/li>\n<li class=\"page_item page-item-22196\"><a href=\"http:\/\/rezerwa126p.pl\/?page_id=22196\">Ocena stanu akumulatora<\/a><\/li>\n<li class=\"page_item page-item-22273\"><a href=\"http:\/\/rezerwa126p.pl\/?page_id=22273\">Opis elektronicznego uk\u0142adu zap\u0142onowego i jego monta\u017c w wersji ST \/ FL<\/a><\/li>\n<li class=\"page_item page-item-22298\"><a href=\"http:\/\/rezerwa126p.pl\/?page_id=22298\">Przer\u00f3bka ogrzewania<\/a><\/li>\n<li class=\"page_item page-item-22184\"><a href=\"http:\/\/rezerwa126p.pl\/?page_id=22184\">Regeneracja zasiarczanionego akumulatora<\/a><\/li>\n<li class=\"page_item page-item-22317\"><a href=\"http:\/\/rezerwa126p.pl\/?page_id=22317\">Schemat bezpiecznik\u00f3w Fiat 126p FL<\/a><\/li>\n<li class=\"page_item page-item-22296\"><a href=\"http:\/\/rezerwa126p.pl\/?page_id=22296\">Schemat instalacji Fiat 126 el<\/a><\/li>\n<li class=\"page_item page-item-22293\"><a href=\"http:\/\/rezerwa126p.pl\/?page_id=22293\">Schemat instalacji Fiat 126 elx<\/a><\/li>\n<li class=\"page_item page-item-22179\"><a href=\"http:\/\/rezerwa126p.pl\/?page_id=22179\">Schemat instalacji Fiat 126 ST<\/a><\/li>\n<li class=\"page_item page-item-22315\"><a href=\"http:\/\/rezerwa126p.pl\/?page_id=22315\">Schemat instalacji Fiat 126p FL<\/a><\/li>\n<li class=\"page_item page-item-22320\"><a href=\"http:\/\/rezerwa126p.pl\/?page_id=22320\">Wszystko o \u015bwiecach zap\u0142onowych<\/a><\/li>\n<li class=\"page_item page-item-22232\"><a href=\"http:\/\/rezerwa126p.pl\/?page_id=22232\">Wymiana pr\u0105dnicy na alternator<\/a><\/li>\n<\/ul>[\/vc_column_text][\/vc_column][\/vc_row]\n","protected":false},"excerpt":{"rendered":"<p>[vc_row row_type=&#8221;row&#8221; use_row_as_full_screen_section=&#8221;no&#8221; type=&#8221;full_width&#8221; text_align=&#8221;left&#8221; css_animation=&#8221;&#8221;][vc_column][vc_column_text][\/vc_column_text][\/vc_column][\/vc_row]<\/p>\n","protected":false},"author":2,"featured_media":0,"parent":21661,"menu_order":0,"comment_status":"closed","ping_status":"closed","template":"","meta":{"advanced_seo_description":"","spay_email":""},"jetpack_sharing_enabled":true,"jetpack_shortlink":"https:\/\/wp.me\/P9KryZ-5E4","jetpack_likes_enabled":true,"jetpack-related-posts":[],"_links":{"self":[{"href":"http:\/\/rezerwa126p.pl\/index.php?rest_route=\/wp\/v2\/pages\/21704"}],"collection":[{"href":"http:\/\/rezerwa126p.pl\/index.php?rest_route=\/wp\/v2\/pages"}],"about":[{"href":"http:\/\/rezerwa126p.pl\/index.php?rest_route=\/wp\/v2\/types\/page"}],"author":[{"embeddable":true,"href":"http:\/\/rezerwa126p.pl\/index.php?rest_route=\/wp\/v2\/users\/2"}],"replies":[{"embeddable":true,"href":"http:\/\/rezerwa126p.pl\/index.php?rest_route=%2Fwp%2Fv2%2Fcomments&post=21704"}],"version-history":[{"count":4,"href":"http:\/\/rezerwa126p.pl\/index.php?rest_route=\/wp\/v2\/pages\/21704\/revisions"}],"predecessor-version":[{"id":22143,"href":"http:\/\/rezerwa126p.pl\/index.php?rest_route=\/wp\/v2\/pages\/21704\/revisions\/22143"}],"up":[{"embeddable":true,"href":"http:\/\/rezerwa126p.pl\/index.php?rest_route=\/wp\/v2\/pages\/21661"}],"wp:attachment":[{"href":"http:\/\/rezerwa126p.pl\/index.php?rest_route=%2Fwp%2Fv2%2Fmedia&parent=21704"}],"curies":[{"name":"wp","href":"https:\/\/api.w.org\/{rel}","templated":true}]}}