{"id":21702,"date":"2017-10-31T17:10:03","date_gmt":"2017-10-31T16:10:03","guid":{"rendered":"http:\/\/rezerwa126p.pl\/web\/?page_id=21702"},"modified":"2021-10-25T22:09:41","modified_gmt":"2021-10-25T20:09:41","slug":"warsztat-mechaniczny","status":"publish","type":"page","link":"http:\/\/rezerwa126p.pl\/?page_id=21702","title":{"rendered":"Warsztat mechaniczny"},"content":{"rendered":"[vc_row row_type=&#8221;row&#8221; use_row_as_full_screen_section=&#8221;no&#8221; type=&#8221;full_width&#8221; text_align=&#8221;left&#8221; css_animation=&#8221;&#8221;][vc_column][vc_column_text]<ul class=\"su-subpages\"><li class=\"page_item page-item-21710\"><a href=\"http:\/\/rezerwa126p.pl\/?page_id=21710\">Demonta\u017c ga\u017anika<\/a><\/li>\n<li class=\"page_item page-item-21733\"><a href=\"http:\/\/rezerwa126p.pl\/?page_id=21733\">Monta\u017c hamulc\u00f3w tarczowych<\/a><\/li>\n<li class=\"page_item page-item-21747\"><a href=\"http:\/\/rezerwa126p.pl\/?page_id=21747\">Monta\u017c maglownicy<\/a><\/li>\n<li class=\"page_item page-item-21759\"><a href=\"http:\/\/rezerwa126p.pl\/?page_id=21759\">Mycie i regulacja ga\u017anika<\/a><\/li>\n<li class=\"page_item page-item-21780\"><a href=\"http:\/\/rezerwa126p.pl\/?page_id=21780\">Naprawa uk\u0142adu hamulcowego<\/a><\/li>\n<li class=\"page_item page-item-21800\"><a href=\"http:\/\/rezerwa126p.pl\/?page_id=21800\">Obni\u017canie zawieszenia<\/a><\/li>\n<li class=\"page_item page-item-21828\"><a href=\"http:\/\/rezerwa126p.pl\/?page_id=21828\">Przer\u00f3bka dolotu<\/a><\/li>\n<li class=\"page_item page-item-21844\"><a href=\"http:\/\/rezerwa126p.pl\/?page_id=21844\">Przer\u00f3bka p\u0142ywaka w baku<\/a><\/li>\n<li class=\"page_item page-item-21848\"><a href=\"http:\/\/rezerwa126p.pl\/?page_id=21848\">Regulacja luzu zawor\u00f3w<\/a><\/li>\n<li class=\"page_item page-item-21853\"><a href=\"http:\/\/rezerwa126p.pl\/?page_id=21853\">Regulacja przek\u0142adni kierowniczej i wymiana ko\u0144c\u00f3wek dr\u0105\u017ck\u00f3w<\/a><\/li>\n<li class=\"page_item page-item-21870\"><a href=\"http:\/\/rezerwa126p.pl\/?page_id=21870\">Regulacja zap\u0142onu<\/a><\/li>\n<li class=\"page_item page-item-21879\"><a href=\"http:\/\/rezerwa126p.pl\/?page_id=21879\">Sk\u0142adanie silnika od podstaw<\/a><\/li>\n<li class=\"page_item page-item-21923\"><a href=\"http:\/\/rezerwa126p.pl\/?page_id=21923\">Wyci\u0105ganie silnika i skrzyni<\/a><\/li>\n<li class=\"page_item page-item-21937\"><a href=\"http:\/\/rezerwa126p.pl\/?page_id=21937\">Wymiana cylinderk\u00f3w hamulcowych<\/a><\/li>\n<li class=\"page_item page-item-21941\"><a href=\"http:\/\/rezerwa126p.pl\/?page_id=21941\">Wymiana linki hamulca r\u0119cznego<\/a><\/li>\n<li class=\"page_item page-item-21949\"><a href=\"http:\/\/rezerwa126p.pl\/?page_id=21949\">Wymiana linki rozrusznika<\/a><\/li>\n<li class=\"page_item page-item-21960\"><a href=\"http:\/\/rezerwa126p.pl\/?page_id=21960\">Wymiana linki ssania<\/a><\/li>\n<li class=\"page_item page-item-21969\"><a href=\"http:\/\/rezerwa126p.pl\/?page_id=21969\">Wymiana lizaka<\/a><\/li>\n<li class=\"page_item page-item-21976\"><a href=\"http:\/\/rezerwa126p.pl\/?page_id=21976\">Wymiana os\u0142on i smarowanie maglownicy<\/a><\/li>\n<li class=\"page_item page-item-21982\"><a href=\"http:\/\/rezerwa126p.pl\/?page_id=21982\">Wymiana poduszek pod skrzyni\u0105<\/a><\/li>\n<li class=\"page_item page-item-21991\"><a href=\"http:\/\/rezerwa126p.pl\/?page_id=21991\">Wymiana przegub\u00f3w<\/a><\/li>\n<li class=\"page_item page-item-21997\"><a href=\"http:\/\/rezerwa126p.pl\/?page_id=21997\">Wymiana resoru<\/a><\/li>\n<li class=\"page_item page-item-22015\"><a href=\"http:\/\/rezerwa126p.pl\/?page_id=22015\">Wymiana rozrz\u0105du<\/a><\/li>\n<li class=\"page_item page-item-22021\"><a href=\"http:\/\/rezerwa126p.pl\/?page_id=22021\">Wymiana stacyjki i kolumny kierowniczej<\/a><\/li>\n<li class=\"page_item page-item-22029\"><a href=\"http:\/\/rezerwa126p.pl\/?page_id=22029\">Wymiana szczotek w rozruszniku<\/a><\/li>\n<li class=\"page_item page-item-22038\"><a href=\"http:\/\/rezerwa126p.pl\/?page_id=22038\">Wymiana uszczelki pod g\u0142owic\u0105<\/a><\/li>\n<li class=\"page_item page-item-22048\"><a href=\"http:\/\/rezerwa126p.pl\/?page_id=22048\">Wymiana uszczelniaczy p\u00f3\u0142osi i oleju w skrzyni bieg\u00f3w<\/a><\/li>\n<li class=\"page_item page-item-22063\"><a href=\"http:\/\/rezerwa126p.pl\/?page_id=22063\">Wymiana zabierak\u00f3w<\/a><\/li>\n<li class=\"page_item page-item-22068\"><a href=\"http:\/\/rezerwa126p.pl\/?page_id=22068\">Wymiana \u0142o\u017cysk k\u00f3\u0142 przednich<\/a><\/li>\n<li class=\"page_item page-item-22087\"><a href=\"http:\/\/rezerwa126p.pl\/?page_id=22087\">Wymiana \u0142o\u017cysk k\u00f3\u0142 tylnych<\/a><\/li>\n<\/ul>[\/vc_column_text][\/vc_column][\/vc_row]\n","protected":false},"excerpt":{"rendered":"<p>[vc_row row_type=&#8221;row&#8221; use_row_as_full_screen_section=&#8221;no&#8221; type=&#8221;full_width&#8221; text_align=&#8221;left&#8221; css_animation=&#8221;&#8221;][vc_column][vc_column_text][\/vc_column_text][\/vc_column][\/vc_row]<\/p>\n","protected":false},"author":2,"featured_media":0,"parent":21661,"menu_order":0,"comment_status":"closed","ping_status":"closed","template":"","meta":{"advanced_seo_description":"","spay_email":""},"jetpack_sharing_enabled":true,"jetpack_shortlink":"https:\/\/wp.me\/P9KryZ-5E2","jetpack_likes_enabled":true,"jetpack-related-posts":[],"_links":{"self":[{"href":"http:\/\/rezerwa126p.pl\/index.php?rest_route=\/wp\/v2\/pages\/21702"}],"collection":[{"href":"http:\/\/rezerwa126p.pl\/index.php?rest_route=\/wp\/v2\/pages"}],"about":[{"href":"http:\/\/rezerwa126p.pl\/index.php?rest_route=\/wp\/v2\/types\/page"}],"author":[{"embeddable":true,"href":"http:\/\/rezerwa126p.pl\/index.php?rest_route=\/wp\/v2\/users\/2"}],"replies":[{"embeddable":true,"href":"http:\/\/rezerwa126p.pl\/index.php?rest_route=%2Fwp%2Fv2%2Fcomments&post=21702"}],"version-history":[{"count":5,"href":"http:\/\/rezerwa126p.pl\/index.php?rest_route=\/wp\/v2\/pages\/21702\/revisions"}],"predecessor-version":[{"id":22142,"href":"http:\/\/rezerwa126p.pl\/index.php?rest_route=\/wp\/v2\/pages\/21702\/revisions\/22142"}],"up":[{"embeddable":true,"href":"http:\/\/rezerwa126p.pl\/index.php?rest_route=\/wp\/v2\/pages\/21661"}],"wp:attachment":[{"href":"http:\/\/rezerwa126p.pl\/index.php?rest_route=%2Fwp%2Fv2%2Fmedia&parent=21702"}],"curies":[{"name":"wp","href":"https:\/\/api.w.org\/{rel}","templated":true}]}}